{"id":4469,"date":"2014-10-21T16:21:43","date_gmt":"2014-10-21T16:21:43","guid":{"rendered":"http:\/\/www.geobis.com\/es\/?page_id=4469"},"modified":"2017-09-13T15:16:30","modified_gmt":"2017-09-13T20:16:30","slug":"nosotros","status":"publish","type":"page","link":"https:\/\/www.geobis.com\/es\/nosotros\/","title":{"rendered":"Nosotros"},"content":{"rendered":"<div class=\"wpb-content-wrapper\"><p>[vc_row top=\u00bb220px\u00bb bottom=\u00bb160px\u00bb content_fadeout=\u00bbcontent-fadeout\u00bb textalign=\u00bbcenter\u00bb bg_type=\u00bbimage\u00bb speed=\u00bb0.50&#8243; bg_cover=\u00bbcover\u00bb bg_position=\u00bbCenter top\u00bb slope_bottom=\u00bbslope-bottom\u00bb slope_bottom_height=\u00bb60px\u00bb row_seperator=\u00bbno-seperator\u00bb font_color=\u00bb#ffffff\u00bb bg_color=\u00bb#0066cb\u00bb slope_bottom_color=\u00bb#ffffff\u00bb overlay_color=\u00bbrgba(0,0,0,0.4)\u00bb bg_image=\u00bb7135&#8243;][vc_column][vc_heading h_size=\u00bbh-extralarge\u00bb title=\u00bbGEOBIS INTERNATIONAL\u00bb title_tag=\u00bbh1&#8243; title_color=\u00bb#ffffff\u00bb subtitle=\u00bbGeographic Business Intelligence Solutions\u00bb subtitle_color=\u00bb#0066cb\u00bb alignment=\u00bbalign-left\u00bb][\/vc_column][\/vc_row][vc_row top=\u00bb40px\u00bb bottom=\u00bb40px\u00bb columns_placement=\u00bbmiddle\u00bb row_seperator=\u00bbno-seperator\u00bb font_color=\u00bb#696969&#8243;][vc_column width=\u00bb1\/4&#8243;][vc_single_image image=\u00bb6808&#8243; img_size=\u00bbfull\u00bb alignment=\u00bbcenter\u00bb onclick=\u00bblink_image\u00bb css_animation=\u00bbappear\u00bb][\/vc_column][vc_column width=\u00bb3\/4&#8243;][vc_column_text css_animation=\u00bbfadeInRightBig\u00bb]<\/p>\n<p style=\"text-align: justify;\">El liderazgo y la presencia regional, hacen de Geobis International una de las compa\u00f1\u00edas m\u00e1s importantes a nivel mundial en t\u00e9rminos de innovaci\u00f3n. Desde hace 20 a\u00f1os nos preocupamos por ofrecer las mejores y m\u00e1s actualizadas herramientas de inteligencia de negocios orientadas a que tome decisiones eficientes.<\/p>\n<p>[\/vc_column_text][vc_column_text css_animation=\u00bbfadeInRightBig\u00bb]<\/p>\n<p style=\"text-align: justify;\">Geobis ha participado activamente en el crecimiento de la tecnolog\u00eda GIS en las \u00fa8ltimas dos d\u00e9cadas, en una amplia variedad de industrias y regiones. Nuestro CEO, Jair Morales, Presidente &amp; CEO de Geobis International. Egresado de la Universidad de Los Andes, Bogot\u00e1, Colombia en 1991 con grado de Ingenier\u00eda Civil y con especializaci\u00f3n en Soluciones de cartograf\u00eda geogr\u00e1fica para servicios de emergencia. Comenz\u00f3 su carrera profesional trabajando juanto el anterior l\u00edder GIS de la industria de mapeo, conocido como Atlas GIS de Strategic Mapping Inc. en Silicon Valley, California, EE. Luego pas\u00f3 a desarrollar otros proyectos en diferentes pa\u00edses del sur y Centroam\u00e9rica con GIS de Esri en Redlands, California y GIS Mapinfo en Troy, Nueva York. En los siguientes 5 a\u00f1os participa en el negocio de Software SIG y trabaja con Geoscape International como un aliado en Am\u00e9rica del sur, principalmente proporcionando mapas regionales para Am\u00e9rica Central, Sudam\u00e9rica y el Caribe.<\/p>\n<p>[\/vc_column_text][vc_column_text css_animation=\u00bbfadeInRightBig\u00bb]<\/p>\n<p style=\"text-align: justify;\">Geobis MapSimplicity Analytics Market Sizing, se especializa en el arte de las Tecnolog\u00edas de toma de decisiones de GeoMarketing en todo el mundo, basada en los conceptos y desarrollos de la divisi\u00f3n MapFactory, produce y mantiene informaci\u00f3n geogr\u00e1fica estrat\u00e9gica a nivel mundial para alimentar plataformas en la nube. Nuestra tecnolog\u00eda anal\u00edtica e inteligente ser\u00e1 el foco de su estrategia para potenciar el proceso de toma de decisiones.<\/p>\n<p>[\/vc_column_text][\/vc_column][\/vc_row][vc_row top=\u00bb50px\u00bb bottom=\u00bb50px\u00bb row_seperator=\u00bbno-seperator\u00bb font_color=\u00bb#ffffff\u00bb bg_color=\u00bb#0066cb\u00bb][vc_column][vc_column_text]<\/p>\n<h2 style=\"text-align: center;\"><span style=\"font-size: 30px; color: #ffffff;\">Grupo Geobis<\/span><\/h2>\n<p style=\"text-align: center;\">Geobis Internacional est\u00e1 formada por un Equipo de m\u00e1s de 20 consultores profesionales que han adquirido conocimientos valiosos, basados en el desarrollo de importantes proyectos para Empresas de todo nivel con base en los requerimientos en la industria de soluciones de inteligencia empresarial geogr\u00e1fica y GIS.<\/p>\n<p>[\/vc_column_text][\/vc_column][\/vc_row][vc_row top=\u00bb10px\u00bb bottom=\u00bb10px\u00bb columns_placement=\u00bbmiddle\u00bb row_seperator=\u00bbno-seperator\u00bb font_color=\u00bb#696969&#8243;][vc_column width=\u00bb1\/6&#8243;][\/vc_column][vc_column width=\u00bb1\/6&#8243;][vc_team img_url=\u00bb6814&#8243; name=\u00bbMarco Puin\u00bb position=\u00bbComercial Director\u00bb style=\u00bbteam-style-2&#8243; position_color=\u00bb#0066cb\u00bb info_color=\u00bb#36353c\u00bb][\/vc_team][\/vc_column][vc_column width=\u00bb1\/6&#8243;][vc_team img_url=\u00bb6815&#8243; name=\u00bbMauricio Gonzalez\u00bb position=\u00bbProject Manager\u00bb style=\u00bbteam-style-2&#8243; position_color=\u00bb#0066cb\u00bb info_color=\u00bb#36353c\u00bb][\/vc_team][\/vc_column][vc_column width=\u00bb1\/6&#8243;][vc_team img_url=\u00bb6811&#8243; name=\u00bbFlor Rocha\u00bb position=\u00bbEngineering Manager\u00bb style=\u00bbteam-style-2&#8243; position_color=\u00bb#0066cb\u00bb info_color=\u00bb#36353c\u00bb][\/vc_team][\/vc_column][vc_column width=\u00bb1\/6&#8243;][vc_team img_url=\u00bb6809&#8243; name=\u00bbAlexandra Herrera\u00bb position=\u00bbTraining Manager\u00bb style=\u00bbteam-style-2&#8243; position_color=\u00bb#0066cb\u00bb info_color=\u00bb#36353c\u00bb][\/vc_team][\/vc_column][vc_column width=\u00bb1\/6&#8243;][\/vc_column][\/vc_row][vc_row top=\u00bb10px\u00bb bottom=\u00bb10px\u00bb columns_placement=\u00bbmiddle\u00bb row_seperator=\u00bbno-seperator\u00bb font_color=\u00bb#696969&#8243;][vc_column width=\u00bb1\/6&#8243;][\/vc_column][vc_column width=\u00bb1\/6&#8243;][vc_team img_url=\u00bb6810&#8243; name=\u00bbDunnia Rojas\u00bb position=\u00bbData Manager\u00bb style=\u00bbteam-style-2&#8243; position_color=\u00bb#0066cb\u00bb info_color=\u00bb#36353c\u00bb][\/vc_team][\/vc_column][vc_column width=\u00bb1\/6&#8243;][vc_team img_url=\u00bb6813&#8243; name=\u00bbIngrid Morales\u00bb position=\u00bbMapping Manager\u00bb style=\u00bbteam-style-2&#8243; position_color=\u00bb#0066cb\u00bb info_color=\u00bb#36353c\u00bb][\/vc_team][\/vc_column][vc_column width=\u00bb1\/6&#8243;][vc_team img_url=\u00bb6812&#8243; name=\u00bbFred Cuevas\u00bb position=\u00bbComercial Director\u00bb style=\u00bbteam-style-2&#8243; position_color=\u00bb#0066cb\u00bb info_color=\u00bb#36353c\u00bb][\/vc_team][\/vc_column][vc_column width=\u00bb1\/6&#8243;][\/vc_column][vc_column width=\u00bb1\/6&#8243;][\/vc_column][\/vc_row][vc_row top=\u00bb100px\u00bb bottom=\u00bb100px\u00bb bg_color=\u00bb#f2f2f2&#8243;][vc_column][vc_heading h_size=\u00bbh-large\u00bb title=\u00bbALGUNOS DE NUESTROS CLIENTES\u00bb title_color=\u00bb#4e6278&#8243; subtitle_color=\u00bb#8091a3&#8243; divider=\u00bbdiv-below\u00bb divider_type=\u00bbdiv-wide\u00bb divider_color=\u00bb#0066cb\u00bb css_animation=\u00bbtop-to-bottom\u00bb][vc_empty_space height=\u00bb60px\u00bb][vc_carousel images=\u00bb6581,6582,6583,6584,6585,6586,6587,6588,6589,6590,6591,6593,6594,6595,6596,6597,6598,6599,6600,6601,6602,6603,6604,6605,6606,6607,6608,6609,6610,6611,6612,6613,6614,6615,6616,6617,6618,6619,6620,6621,6623,6624,6625,6626,6627,6628,6629,6630,6650,6652&#8243; items_row=\u00bb7&#8243; responsive=\u00bbtrue\u00bb items_tablet=\u00bb3&#8243; items_mobile=\u00bb2&#8243; slide_speed=\u00bb900&#8243; scroll_basis=\u00bb3&#8243; autoplay=\u00bb0300&#8243; pagination=\u00bbtrue\u00bb style=\u00bbcarousel-minimal\u00bb color=\u00bbcarousel-dark\u00bb space=\u00bb20&#8243; image_hover=\u00bbh_scale_up\u00bb][\/vc_column][\/vc_row]<\/p>\n<\/div>","protected":false},"excerpt":{"rendered":"<p>[vc_row top=\u00bb220px\u00bb bottom=\u00bb160px\u00bb content_fadeout=\u00bbcontent-fadeout\u00bb textalign=\u00bbcenter\u00bb bg_type=\u00bbimage\u00bb speed=\u00bb0.50&#8243; bg_cover=\u00bbcover\u00bb bg_position=\u00bbCenter top\u00bb slope_bottom=\u00bbslope-bottom\u00bb slope_bottom_height=\u00bb60px\u00bb row_seperator=\u00bbno-seperator\u00bb font_color=\u00bb#ffffff\u00bb bg_color=\u00bb#0066cb\u00bb slope_bottom_color=\u00bb#ffffff\u00bb overlay_color=\u00bbrgba(0,0,0,0.4)\u00bb bg_image=\u00bb7135&#8243;][vc_column][vc_heading h_size=\u00bbh-extralarge\u00bb title=\u00bbGEOBIS INTERNATIONAL\u00bb title_tag=\u00bbh1&#8243; title_color=\u00bb#ffffff\u00bb subtitle=\u00bbGeographic Business&#8230;  <\/p>\n<div class=\"read-more\"><a class=\"excerpt-read-more\" href=\"https:\/\/www.geobis.com\/es\/nosotros\/\" title=\"Continue reading Nosotros\">Read more<i class=\"fa fa-angle-right\"><\/i><\/a><\/div>\n","protected":false},"author":5,"featured_media":5531,"parent":0,"menu_order":0,"comment_status":"open","ping_status":"open","template":"page-full-width.php","meta":{"footnotes":""},"class_list":["post-4469","page","type-page","status-publish","has-post-thumbnail","hentry"],"_links":{"self":[{"href":"https:\/\/www.geobis.com\/es\/wp-json\/wp\/v2\/pages\/4469","targetHints":{"allow":["GET"]}}],"collection":[{"href":"https:\/\/www.geobis.com\/es\/wp-json\/wp\/v2\/pages"}],"about":[{"href":"https:\/\/www.geobis.com\/es\/wp-json\/wp\/v2\/types\/page"}],"author":[{"embeddable":true,"href":"https:\/\/www.geobis.com\/es\/wp-json\/wp\/v2\/users\/5"}],"replies":[{"embeddable":true,"href":"https:\/\/www.geobis.com\/es\/wp-json\/wp\/v2\/comments?post=4469"}],"version-history":[{"count":4,"href":"https:\/\/www.geobis.com\/es\/wp-json\/wp\/v2\/pages\/4469\/revisions"}],"predecessor-version":[{"id":6867,"href":"https:\/\/www.geobis.com\/es\/wp-json\/wp\/v2\/pages\/4469\/revisions\/6867"}],"wp:featuredmedia":[{"embeddable":true,"href":"https:\/\/www.geobis.com\/es\/wp-json\/wp\/v2\/media\/5531"}],"wp:attachment":[{"href":"https:\/\/www.geobis.com\/es\/wp-json\/wp\/v2\/media?parent=4469"}],"curies":[{"name":"wp","href":"https:\/\/api.w.org\/{rel}","templated":true}]}}