{"id":4735,"date":"2015-07-31T21:27:11","date_gmt":"2015-07-31T21:27:11","guid":{"rendered":"http:\/\/www.geobis.com\/es\/?page_id=4735"},"modified":"2017-09-11T11:54:21","modified_gmt":"2017-09-11T16:54:21","slug":"testimonios-de-clientes","status":"publish","type":"page","link":"https:\/\/www.geobis.com\/es\/testimonios-de-clientes\/","title":{"rendered":"Testimonios de clientes"},"content":{"rendered":"<div class=\"wpb-content-wrapper\"><p>[vc_row full_content_width=\u00bbrow-inner-full\u00bb top=\u00bb150px\u00bb bottom=\u00bb50px\u00bb slope_bottom=\u00bbslope-bottom\u00bb slope_bottom_pos=\u00bbslope-bottom-outside\u00bb slope_bot_order=\u00bbslope-under\u00bb bg_color=\u00bb#3e4058&#8243; slope_bottom_color=\u00bb#3e4058&#8243;][vc_column][vc_heading h_size=\u00bbh-superlarge\u00bb title=\u00bbTESTIMONIOS DE CLIENTES\u00bb title_color=\u00bb#ffffff\u00bb subtitle=\u00bbGEOBIS INTERNATIONAL\u00bb subtitle_color=\u00bb#e5e5e5&#8243; divider=\u00bbdiv-between\u00bb divider_type=\u00bbtilt\u00bb divider_color=\u00bb#ffffff\u00bb][\/vc_column][\/vc_row][vc_row top=\u00bb120px\u00bb bottom=\u00bb20px\u00bb bg_color=\u00bb#0066cb\u00bb][vc_column width=\u00bb1\/4&#8243;][\/vc_column][vc_column width=\u00bb1\/2&#8243;][vc_column_text]<\/p>\n<h3 style=\"text-align: center;\"><span style=\"color: #ffffff;\">Un comentario es m\u00e1s valioso que miles de palabras, lea de como Geobis est\u00e1 ayudando a personas como usted a alcanzar sus objetivos.<\/span><\/h3>\n<p>[\/vc_column_text][\/vc_column][vc_column width=\u00bb1\/4&#8243;][\/vc_column][\/vc_row][vc_row top=\u00bb20px\u00bb bottom=\u00bb80px\u00bb][vc_column width=\u00bb1\/6&#8243;][\/vc_column][vc_column width=\u00bb2\/3&#8243;][vc_testimonial_slider style=\u00bbtestimonials-style-2&#8243;][vc_testimonial name=\u00bbSam Johnson\u00bb author_dec=\u00bbGerente de Marketing\u00bb position=\u00bbDeveloper\u00bb]Se evalu\u00f3 el cambio m\u00e1s r\u00e1pido y sabemos lo que est\u00e1 haciendo la competencia y los datos proporcionados por MapSimplicity nos permite tomar decisiones inteligentes a gran velocidad.[\/vc_testimonial][vc_testimonial name=\u00bbSandra Cifuentes\u00bb author_dec=\u00bbGerente Investigaci\u00f3n de Mercados\u00bb position=\u00bbDesigner\u00bb]Ahora ubicamos nuestros puntos de atenci\u00f3n para nuestros clientes teniendo en cuenta la demanda real de servicios, esto es magnifico porque nuestros planes de expansi\u00f3n est\u00e1n dirigidos y las organizaci\u00f3nes y est\u00e1n obteniendos mejores resultados, y empleando MapSimplicity est\u00e1 ofreciendo una herramienta formidable de enorme poder estrat\u00e9gico.[\/vc_testimonial][vc_testimonial name=\u00bbJohn Gonzales\u00bb author_dec=\u00bbAnalista de Mercados\u00bb title=\u00bbSecci\u00f3n\u00bb]Usando los productos de precisi\u00f3n de Geobis hemos podido recortar eficientemente nuestros tiempos de respuestas a preguntas criticas para facilitar los procesos de toma de decisiones.[\/vc_testimonial][vc_testimonial name=\u00bbJulian Sanabria\u00bb author_dec=\u00bbGerente General\u00bb title=\u00bbSecci\u00f3n\u00bb]Trabajar con la plataforma de Geobis MapSimplicity es realmente asombroso, redujo en un 80% los tiempos en analisis de micromercados para desarrollo de estrategias de Banca Vertical en toda la regi\u00f3n de Central Am\u00e9rica y del Caribe.[\/vc_testimonial][vc_testimonial name=\u00bbMartina Castiblanco\u00bb author_dec=\u00bbGerente de Marketing\u00bb title=\u00bbSecci\u00f3n\u00bb]Toda nuestra operaci\u00f3n en Suramerica se desarrolla basados en el conocimiento de datos de poder de compra y en que invierte la gente su dinero clasificada por estrato social, antes supon\u00edamos demasiadas variables para soportar nuestras decisiones, y ahora simplemente orientamos las estrategias a donde se encuentra el mayor potencial, esto gracias a los datos de Geobis y de su plataforma de negocios y mercados MapSimplicity.[\/vc_testimonial][\/vc_testimonial_slider][\/vc_column][vc_column width=\u00bb1\/6&#8243;][\/vc_column][\/vc_row][vc_row top=\u00bb100px\u00bb bottom=\u00bb100px\u00bb bg_color=\u00bb#f2f2f2&#8243;][vc_column][vc_heading h_size=\u00bbh-large\u00bb title=\u00bbALGUNOS DE NUESTROS CLIENTES\u00bb title_color=\u00bb#4e6278&#8243; subtitle_color=\u00bb#8091a3&#8243; divider=\u00bbdiv-below\u00bb divider_type=\u00bbdiv-wide\u00bb divider_color=\u00bb#0066cb\u00bb css_animation=\u00bbtop-to-bottom\u00bb][vc_empty_space height=\u00bb60px\u00bb][vc_carousel images=\u00bb6581,6582,6583,6584,6585,6586,6587,6588,6589,6590,6591,6593,6594,6595,6596,6597,6598,6599,6600,6601,6602,6603,6604,6605,6606,6607,6608,6609,6610,6611,6612,6613,6614,6615,6616,6617,6618,6619,6620,6621,6623,6624,6625,6626,6627,6628,6629,6630,6650,6652&#8243; items_row=\u00bb7&#8243; responsive=\u00bbtrue\u00bb items_tablet=\u00bb3&#8243; items_mobile=\u00bb2&#8243; slide_speed=\u00bb900&#8243; scroll_basis=\u00bb3&#8243; autoplay=\u00bb0300&#8243; pagination=\u00bbtrue\u00bb style=\u00bbcarousel-minimal\u00bb color=\u00bbcarousel-dark\u00bb space=\u00bb20&#8243; image_hover=\u00bbh_scale_up\u00bb][\/vc_column][\/vc_row]<\/p>\n<\/div>","protected":false},"excerpt":{"rendered":"<p>[vc_row full_content_width=\u00bbrow-inner-full\u00bb top=\u00bb150px\u00bb bottom=\u00bb50px\u00bb slope_bottom=\u00bbslope-bottom\u00bb slope_bottom_pos=\u00bbslope-bottom-outside\u00bb slope_bot_order=\u00bbslope-under\u00bb bg_color=\u00bb#3e4058&#8243; slope_bottom_color=\u00bb#3e4058&#8243;][vc_column][vc_heading h_size=\u00bbh-superlarge\u00bb title=\u00bbTESTIMONIOS DE CLIENTES\u00bb title_color=\u00bb#ffffff\u00bb subtitle=\u00bbGEOBIS INTERNATIONAL\u00bb subtitle_color=\u00bb#e5e5e5&#8243; divider=\u00bbdiv-between\u00bb divider_type=\u00bbtilt\u00bb divider_color=\u00bb#ffffff\u00bb][\/vc_column][\/vc_row][vc_row top=\u00bb120px\u00bb bottom=\u00bb20px\u00bb bg_color=\u00bb#0066cb\u00bb][vc_column width=\u00bb1\/4&#8243;][\/vc_column][vc_column width=\u00bb1\/2&#8243;][vc_column_text]&#8230;  <\/p>\n<div class=\"read-more\"><a class=\"excerpt-read-more\" href=\"https:\/\/www.geobis.com\/es\/testimonios-de-clientes\/\" title=\"Continue reading Testimonios de clientes\">Read more<i class=\"fa fa-angle-right\"><\/i><\/a><\/div>\n","protected":false},"author":5,"featured_media":0,"parent":0,"menu_order":0,"comment_status":"open","ping_status":"open","template":"page-full-width.php","meta":{"footnotes":""},"class_list":["post-4735","page","type-page","status-publish","hentry"],"_links":{"self":[{"href":"https:\/\/www.geobis.com\/es\/wp-json\/wp\/v2\/pages\/4735","targetHints":{"allow":["GET"]}}],"collection":[{"href":"https:\/\/www.geobis.com\/es\/wp-json\/wp\/v2\/pages"}],"about":[{"href":"https:\/\/www.geobis.com\/es\/wp-json\/wp\/v2\/types\/page"}],"author":[{"embeddable":true,"href":"https:\/\/www.geobis.com\/es\/wp-json\/wp\/v2\/users\/5"}],"replies":[{"embeddable":true,"href":"https:\/\/www.geobis.com\/es\/wp-json\/wp\/v2\/comments?post=4735"}],"version-history":[{"count":5,"href":"https:\/\/www.geobis.com\/es\/wp-json\/wp\/v2\/pages\/4735\/revisions"}],"predecessor-version":[{"id":6847,"href":"https:\/\/www.geobis.com\/es\/wp-json\/wp\/v2\/pages\/4735\/revisions\/6847"}],"wp:attachment":[{"href":"https:\/\/www.geobis.com\/es\/wp-json\/wp\/v2\/media?parent=4735"}],"curies":[{"name":"wp","href":"https:\/\/api.w.org\/{rel}","templated":true}]}}