{"id":4920,"date":"2015-10-19T22:05:22","date_gmt":"2015-10-19T22:05:22","guid":{"rendered":"http:\/\/www.geobis.com\/es\/?page_id=4920"},"modified":"2017-10-02T16:25:32","modified_gmt":"2017-10-02T21:25:32","slug":"market-analytics","status":"publish","type":"page","link":"https:\/\/www.geobis.com\/es\/market-analytics\/","title":{"rendered":"Estudios de Mercado"},"content":{"rendered":"<div class=\"wpb-content-wrapper\"><p>[vc_row full_content_width=\u00bbrow-inner-full\u00bb top=\u00bb70px\u00bb bottom=\u00bb0px\u00bb bg_type=\u00bbimage\u00bb parallax_bg=\u00bbparallax-bg\u00bb speed=\u00bb0.50&#8243; bg_cover=\u00bbcover\u00bb bg_repeat=\u00bbno-repeat\u00bb bg_position=\u00bbRight bottom\u00bb row_show_on=\u00bbhide_mobile_landscape,hide_mobile_portrait\u00bb overlay_color=\u00bbrgba(10,10,10,0.3)\u00bb bg_image=\u00bb6693&#8243; bg_color=\u00bb#0066cb\u00bb][vc_column][vc_empty_space height=\u00bb150px\u00bb][vc_custom_heading text=\u00bbMARKET ANALYTICS\u00bb font_container=\u00bbtag:h1|font_size:80px|text_align:center|color:%23ffffff|line_height:80px\u00bb use_theme_fonts=\u00bbyes\u00bb css_animation=\u00bbzoomIn\u00bb][vc_empty_space height=\u00bb150px\u00bb][\/vc_column][\/vc_row][vc_row full_content_width=\u00bbrow-inner-full\u00bb top=\u00bb70px\u00bb bottom=\u00bb0px\u00bb bg_type=\u00bbimage\u00bb parallax_bg=\u00bbparallax-bg\u00bb speed=\u00bb0.50&#8243; bg_cover=\u00bbcover\u00bb bg_repeat=\u00bbno-repeat\u00bb bg_position=\u00bbCenter bottom\u00bb row_show_on=\u00bbhide_on_normal_screen,hide_tablet_landscape,hide_tablet_portrait\u00bb overlay_color=\u00bbrgba(10,10,10,0.3)\u00bb bg_image=\u00bb6693&#8243; bg_color=\u00bb#0066cb\u00bb][vc_column][vc_empty_space height=\u00bb150px\u00bb][vc_custom_heading text=\u00bbMARKET ANALYTICS\u00bb font_container=\u00bbtag:h1|text_align:center|color:%23ffffff\u00bb use_theme_fonts=\u00bbyes\u00bb css_animation=\u00bbzoomIn\u00bb][vc_empty_space height=\u00bb150px\u00bb][\/vc_column][\/vc_row][vc_row top=\u00bb80px\u00bb bottom=\u00bb80px\u00bb columns_placement=\u00bbmiddle\u00bb][vc_column width=\u00bb1\/2&#8243;][vc_column_text]<\/p>\n<h1 class=\"heading_title\" style=\"text-align: center;\">Lo llevamos al primer puesto<\/h1>\n<p style=\"text-align: justify;\">El enfoque Geo Inteligente de los servicios de Geobis le permitir\u00e1n anticiparse a los cambios del entorno donde su negocio se desarrolla y crece. Su empresa tendr\u00e1 acceso ilimitado a informaci\u00f3n, modelos y estructuras anal\u00edticas que respaldar\u00e1n la toma de sus decisiones.<\/p>\n<p style=\"text-align: justify;\">En GeoMarketing sabemos que la distribuci\u00f3n del mercado potencial de un territorio es muy similar a la de un queso suizo: existen \u00e1reas con m\u00e1s densidad de mercado que otras. Nosotros le ayudaremos a evitar esos vac\u00edos del mercado e identificar los sectores con alta concentraci\u00f3n de clientes potenciales. Saber d\u00f3nde est\u00e1 y a d\u00f3nde quiere llegar es imprescindible para cualquier negocio. Geobis Internacional entiende sus necesidades y sabe c\u00f3mo cubrirlas de manera efectiva y eficiente.<\/p>\n<p>[\/vc_column_text][\/vc_column][vc_column width=\u00bb1\/2&#8243;][vc_magic_image image=\u00bb6694&#8243; alignment=\u00bbcenter\u00bb shadow=\u00bbimg_shadow_l\u00bb radius=\u00bb5px\u00bb img_link=\u00bbimage_popup\u00bb zoom=\u00bbtrue\u00bb img_size=\u00bbfull\u00bb][\/vc_column][\/vc_row][vc_row top=\u00bb80px\u00bb bottom=\u00bb80px\u00bb bg_color=\u00bb#0066cb\u00bb][vc_column width=\u00bb1\/6&#8243;][\/vc_column][vc_column width=\u00bb2\/3&#8243; font_color=\u00bb#ffffff\u00bb][vc_column_text css_animation=\u00bbbottom-to-top\u00bb]<\/p>\n<h2 style=\"text-align: center;\"><span style=\"color: #ffffff;\">CON GEOBIS UBICAR\u00c1 SU NEGOCIO EN EL MEJOR LUGAR!<\/span><\/h2>\n<p>[\/vc_column_text][vc_column_text css_animation=\u00bbbounceInUp\u00bb]<\/p>\n<p style=\"text-align: center;\">Para poder entender el mercado Geobis se adapta a los cambios del entorno y el consumidor. All\u00ed donde el acceso a la informaci\u00f3n actualizada y completa har\u00e1 la diferencia.<\/p>\n<p style=\"text-align: center;\">Disponemos de datos anal\u00edticos cualitativos y cuantitativos necesarios para que las empresas puedan definir estrategias adecuadas y encontrar su lugar en el Mercado. Esta informaci\u00f3n permite conocer su entorno, ejecutar planes de expansi\u00f3n, an\u00e1lisis y evaluaci\u00f3n de lugares, planeaci\u00f3n de inversiones, promociones y en general responder cualquier pregunta con enfoque Geo Anal\u00edtico.<\/p>\n<p style=\"text-align: center;\">Nuestro servicio de An\u00e1lisis de Mercados, le permite tener acceso a informaci\u00f3n como:<\/p>\n<p>[\/vc_column_text][\/vc_column][vc_column width=\u00bb1\/6&#8243;][\/vc_column][\/vc_row][vc_row top=\u00bb50px\u00bb bottom=\u00bb25px\u00bb][vc_column width=\u00bb1\/2&#8243; css_animation=\u00bbbottom-to-top\u00bb][vc_single_image image=\u00bb6692&#8243; img_size=\u00bbfull\u00bb alignment=\u00bbcenter\u00bb onclick=\u00bblink_image\u00bb image_size=\u00bbfull\u00bb frame=\u00bbnoframe\u00bb full_width=\u00bbno\u00bb lightbox=\u00bbno\u00bb link_target=\u00bb_self\u00bb width=\u00bb1\/3&#8243; el_position=\u00bbfirst\u00bb][vc_empty_space height=\u00bb15px\u00bb][vc_column_text]<\/p>\n<h3 style=\"text-align: center;\">ESTUDIOS DE TIEMPO DE DESPLAZAMIENTO<\/h3>\n<p style=\"text-align: justify;\">Este estudio se usa para establecer un tiempo determinado al hacer un recorrido por una zona teniendo en cuenta los tipos de movilidad como: auto, bus, caminando, obteniendo como resultado is\u00f3cronas, las cuales muestran la concentraci\u00f3n del 70% de los clientes potenciales y se le considera como la zona estrat\u00e9gica para realizar estudios de mercado.<\/p>\n<p>[\/vc_column_text][\/vc_column][vc_column width=\u00bb1\/2&#8243; css_animation=\u00bbbottom-to-top\u00bb css_animation_delay=\u00bbdelay-200&#8243;][vc_single_image image=\u00bb6695&#8243; img_size=\u00bbfull\u00bb alignment=\u00bbcenter\u00bb onclick=\u00bblink_image\u00bb image_size=\u00bbfull\u00bb frame=\u00bbnoframe\u00bb full_width=\u00bbno\u00bb lightbox=\u00bbno\u00bb link_target=\u00bb_self\u00bb width=\u00bb1\/3&#8243; el_position=\u00bbfirst\u00bb][vc_empty_space height=\u00bb15px\u00bb][vc_column_text]<\/p>\n<h3 style=\"text-align: center;\">MERCADO POTENCIAL<\/h3>\n<p style=\"text-align: justify;\">Es una oportunidad de negocio, puesto que son clientes que no consumen el producto o servicio que se ofrece, pero que tienen o pueden llegar a tener la necesidad de consumirlo. All\u00ed se deben enfocar todos los esfuerzos y acciones de marketing para conseguir fidelizarlo como cliente del producto.<\/p>\n<p>[\/vc_column_text][\/vc_column][\/vc_row][vc_row top=\u00bb25px\u00bb bottom=\u00bb50px\u00bb][vc_column width=\u00bb1\/2&#8243; css_animation=\u00bbbottom-to-top\u00bb][vc_single_image image=\u00bb6690&#8243; img_size=\u00bbfull\u00bb alignment=\u00bbcenter\u00bb onclick=\u00bblink_image\u00bb image_size=\u00bbfull\u00bb frame=\u00bbnoframe\u00bb full_width=\u00bbno\u00bb lightbox=\u00bbno\u00bb link_target=\u00bb_self\u00bb width=\u00bb1\/3&#8243; el_position=\u00bbfirst\u00bb][vc_empty_space height=\u00bb15px\u00bb][vc_column_text]<\/p>\n<h3 style=\"text-align: center;\">AN\u00c1LISIS DE RANKING DE MERCADO<\/h3>\n<p style=\"text-align: justify;\">Logre identificar cu\u00e1l es un sector ideal para ubicarse teniendo en cuenta el potencial comercial a trav\u00e9s de un puntaje determinado que se le asigna a cada pol\u00edgono en base a variables definidas por el cliente. Con el ranking podemos ver cu\u00e1l es el elemento prioritario a concentrar todo el esfuerzo humano y econ\u00f3mico para alcanzar los objetivos del negocio.<\/p>\n<p>[\/vc_column_text][\/vc_column][vc_column width=\u00bb1\/2&#8243; css_animation=\u00bbbottom-to-top\u00bb css_animation_delay=\u00bbdelay-200&#8243;][vc_single_image image=\u00bb6696&#8243; img_size=\u00bbfull\u00bb alignment=\u00bbcenter\u00bb onclick=\u00bblink_image\u00bb image_size=\u00bbfull\u00bb frame=\u00bbnoframe\u00bb full_width=\u00bbno\u00bb lightbox=\u00bbno\u00bb link_target=\u00bb_self\u00bb width=\u00bb1\/3&#8243; el_position=\u00bbfirst\u00bb][vc_empty_space height=\u00bb15px\u00bb][vc_column_text]<\/p>\n<h3 style=\"text-align: center;\">REPORTES Y GR\u00c1FICOS PERSONALIZADOS<\/h3>\n<p style=\"text-align: justify;\">Los reportes y gr\u00e1ficos son presentados de acuerdo a las caracter\u00edsticas que el cliente elige y al an\u00e1lisis estad\u00edstico que se desarrolle, mostrando un resumen ejecutivo de lo que concluye el estudio realizado. Los gr\u00e1ficos usan diferentes modelos matem\u00e1ticos y opciones de representaci\u00f3n disponibles como: Torta, Barras, l\u00edneas, etc.<\/p>\n<p>[\/vc_column_text][\/vc_column][\/vc_row][vc_row top=\u00bb25px\u00bb bottom=\u00bb50px\u00bb][vc_column width=\u00bb1\/2&#8243; css_animation=\u00bbbottom-to-top\u00bb][vc_single_image image=\u00bb6691&#8243; img_size=\u00bbfull\u00bb alignment=\u00bbcenter\u00bb onclick=\u00bblink_image\u00bb image_size=\u00bbfull\u00bb frame=\u00bbnoframe\u00bb full_width=\u00bbno\u00bb lightbox=\u00bbno\u00bb link_target=\u00bb_self\u00bb width=\u00bb1\/3&#8243; el_position=\u00bbfirst\u00bb][vc_empty_space height=\u00bb15px\u00bb][vc_column_text]<\/p>\n<h3 style=\"text-align: center;\">ESTRATEGIAS DE MERCADO<\/h3>\n<p style=\"text-align: justify;\">Las estrategias de mercado son decisiones que se toman para lograr ventajas sobre los competidores, esto se efect\u00faa usando diferentes recursos y aprovechando al m\u00e1ximo el potencial de mercado, con lo cual se alcanza objetivos espec\u00edficos dentro del negocio.<\/p>\n<p>[\/vc_column_text][\/vc_column][vc_column width=\u00bb1\/2&#8243; css_animation=\u00bbbottom-to-top\u00bb css_animation_delay=\u00bbdelay-200&#8243;][vc_single_image image=\u00bb6918&#8243; img_size=\u00bbfull\u00bb alignment=\u00bbcenter\u00bb onclick=\u00bblink_image\u00bb image_size=\u00bbfull\u00bb frame=\u00bbnoframe\u00bb full_width=\u00bbno\u00bb lightbox=\u00bbno\u00bb link_target=\u00bb_self\u00bb width=\u00bb1\/3&#8243; el_position=\u00bbfirst\u00bb][vc_empty_space height=\u00bb15px\u00bb][vc_column_text]<\/p>\n<h3 style=\"text-align: center;\">AN\u00c1LISIS DE LUGAR<\/h3>\n<p style=\"text-align: justify;\">Un an\u00e1lisis de lugar es determinar qu\u00e9 se tiene dentro de un \u00e1rea espec\u00edfica, utilizando todo lo que sea necesario como anillos o is\u00f3cronas, clientes, competencia, sitios de inter\u00e9s, con la finalidad de revisar c\u00f3mo est\u00e1 y c\u00f3mo se puede mejorar el negocio.<\/p>\n<p>[\/vc_column_text][\/vc_column][\/vc_row][vc_row top=\u00bb30px\u00bb bottom=\u00bb30px\u00bb content_fadeout=\u00bbcontent-fadeout\u00bb columns_placement=\u00bbmiddle\u00bb font_color=\u00bb#ffffff\u00bb bg_color=\u00bb#0066cb\u00bb][vc_column width=\u00bb2\/3&#8243;][vc_column_text]<\/p>\n<h3 style=\"text-align: center;\"><span style=\"color: #ffffff;\">OBJETIVOS<\/span><\/h3>\n<p>[\/vc_column_text][vc_row_inner top=\u00bb0px\u00bb bottom=\u00bb0px\u00bb][vc_column_inner width=\u00bb1\/2&#8243;][vc_column_text css_animation=\u00bbslideInUp\u00bb css=\u00bb.vc_custom_1502482948101{padding-right: 10px !important;padding-bottom: 10px !important;padding-left: 10px !important;}\u00bb]<\/p>\n<p style=\"text-align: justify;\">1. Conocer e identificar qu\u00e9 zonas favorecen la expansi\u00f3n de su negocio donde se garantice total cobertura del mercado potencial.<\/p>\n<p style=\"text-align: justify;\">2. Ubicar espacialmente a la competencia, proveedores, clientes y sitios de inter\u00e9s en general como Bancos, centros comerciales, escuelas, empresas, industria y millones de puntos de estrat\u00e9gicos por ciudad y pa\u00eds.<\/p>\n<p>[\/vc_column_text][\/vc_column_inner][vc_column_inner width=\u00bb1\/2&#8243;][vc_column_text css_animation=\u00bbslideInUp\u00bb css=\u00bb.vc_custom_1502482969783{padding-right: 10px !important;padding-bottom: 10px !important;padding-left: 10px !important;}\u00bb]<\/p>\n<p style=\"text-align: justify;\">3. Investigaci\u00f3n para medir efectividad publicitaria con enfoque en posicionamiento.<\/p>\n<p style=\"text-align: justify;\">4. Definir zonas m\u00e1s efectivas para sus vendedores o vitrinas y garantizar presencia de acuerdo a la demanda de sus servicios.<\/p>\n<p style=\"text-align: justify;\">5. Perfilar y segmentar a sus clientes vigentes y potenciales con m\u00e1s de 50 variables sociodemogr\u00e1ficas.<\/p>\n<p>[\/vc_column_text][\/vc_column_inner][\/vc_row_inner][\/vc_column][vc_column width=\u00bb1\/3&#8243; css_animation=\u00bbbottom-to-top\u00bb][vc_column_text]<\/p>\n<h5 style=\"text-align: center;\"><span style=\"color: #ffffff;\">MapSimplicity Analytics DEMO<\/span><\/h5>\n<p><img decoding=\"async\" class=\"aligncenter\" src=\"http:\/\/www.geobis.com\/es\/wp-content\/uploads\/2016\/01\/Caja-en-Espa%C3%B1ol-Cono.png\" alt=\"Brochure\" width=\"110\" \/><\/p>\n<p style=\"text-align: center;\">Obt\u00e9n una prueba gratuita de MapSimplicity y experimenta el impacto que tendr\u00eda en tu negocio el uso de esta herramienta.<\/p>\n<p>[\/vc_column_text][vc_empty_space height=\u00bb20px\u00bb][vc_btn title=\u00bb<strong>DEMO<\/strong>\u00bb style=\u00bboutline\u00bb shape=\u00bbround\u00bb color=\u00bbwhite\u00bb size=\u00bbsm\u00bb align=\u00bbcenter\u00bb link=\u00bburl:http%3A%2F%2Fwww.geobis.com%2Fcont-trial%2F||target:%20_blank|\u00bb][\/vc_column][\/vc_row][vc_row top=\u00bb40px\u00bb bottom=\u00bb20px\u00bb][vc_column width=\u00bb2\/3&#8243;][vc_column_text]<\/p>\n<h2 style=\"text-align: center;\">El servicio\u00a0de An\u00e1lisis y Estudios de Mercado de Geobis le permite ver oportunidades para expandir su negocio\u00a0alrededor del mundo !<\/h2>\n<p>&nbsp;<\/p>\n<p><span style=\"color: #0066cb;\"><b><strong>Oportunidades de Mercado \u2013 Sepa d\u00f3nde ubicarse e invertir<\/strong><\/b><\/span><\/p>\n<p style=\"text-align: justify;\">Saber d\u00f3nde ubicarse o hacia d\u00f3nde expandir su negocio es muy importante. Con la opci\u00f3n de Market Analytics usted podr\u00e1 identificar su mejor opci\u00f3n a la hora de ubicarse por pa\u00eds, ciudad, barrio, localidad o manzana y podr\u00e1 modelar a su futuro cliente con m\u00e1s de 50 variables actualizadas anualmente. La herramienta ideal para cualquier estrategia en Planes de Expansi\u00f3n.<\/p>\n<p style=\"text-align: justify;\"><span style=\"color: #0066cb;\"><b>Evaluaci\u00f3n o An\u00e1lisis de Lugares<\/b><\/span><br \/>\nYa no solo puede georreferenciar su ubicaci\u00f3n; adem\u00e1s podr\u00e1 conocer d\u00f3nde est\u00e1 ubicada su competencia, comprender lo que hay en un lugar espec\u00edfico y conocer los sitios de inter\u00e9s que limitan con su ubicaci\u00f3n.<\/p>\n<p style=\"text-align: justify;\"><span style=\"color: #0066cb;\"><b>Dimensionamiento y Potencial de Mercado<\/b><\/span><br \/>\nPor medio del an\u00e1lisis de Isocronas, KMls o Anillos obtenga datos actualizados sobre la dimensi\u00f3n total del mercado seg\u00fan los Consumidores y poder adquisitivo. Realice an\u00e1lisis de beneficios y rentabilidad m\u00e1s acertados.<\/p>\n<p style=\"text-align: justify;\"><span style=\"color: #0066cb;\"><b>Estimaci\u00f3n de Crecimiento de Mercado<\/b><\/span><br \/>\nInformaci\u00f3n sobre la estimaci\u00f3n de ventas de los Productos principales de su organizaci\u00f3n y productos similares.<\/p>\n<p style=\"text-align: justify;\"><span style=\"color: #0066cb;\"><b>Tendencias del Mercado<\/b><\/span><br \/>\nObtenga caracter\u00edsticas generales o detalladas de los consumidores. Tambi\u00e9n puede encontrar an\u00e1lisis de Competidores y An\u00e1lisis por Productos.<\/p>\n<p style=\"text-align: justify;\"><span style=\"color: #0066cb;\"><b>Plataformas en la nube MapSimplicity 3.0 y GeDots<\/b><\/span><br \/>\nRealice procesos de An\u00e1lisis de Mercado dentro de su compa\u00f1\u00eda. Estos se desarrollan con completas Herramientas inteligentes listas para dar soporte a todos los procesos de toma de decisiones.\u00a0<a style=\"color: #0066cb;\" href=\"http:\/\/www.geobis.com\/es\/mapsimplicity\/\">M\u00e1s informaci\u00f3n sobre Plataformas de An\u00e1lisis de Mercado.<\/a><\/p>\n<p>[\/vc_column_text][vc_empty_space height=\u00bb30px\u00bb][vc_column_text]<\/p>\n<h5>Brochure de An\u00e1lisis de Mercado<\/h5>\n<p><a href=\"http:\/\/geobis.com\/pdf\/brochure-analisis-de-mercado.pdf\" target=\"_blank\" rel=\"noopener\"><img decoding=\"async\" class=\"alignnone\" src=\"http:\/\/geobis.com\/images\/brochures\/brochure-analisis-de-mercado.jpg\" alt=\"Brochure\" width=\"110\" \/><br \/>\n<\/a>Descargue la informaci\u00f3n actualizada en formato PDF.[\/vc_column_text][vc_empty_space height=\u00bb20px\u00bb][vc_button title=\u00bbDescargue Aqu\u00ed\u00bb button_align=\u00bbbtn_fl\u00bb color=\u00bbbtn_blue\u00bb border_radius=\u00bbround\u00bb link=\u00bburl:http%3A%2F%2Fgeobis.com%2Fpdf%2Fbrochure-analisis-de-mercado.pdf||target:%20_blank|\u00bb][\/vc_column][vc_column width=\u00bb1\/3&#8243; css=\u00bb.vc_custom_1467390879648{border-radius: 3px !important;}\u00bb][vc_column_text]<\/p>\n<h4>\u00bfEst\u00e1 interesado en nuestros servicios de Estudios de Mercado?<\/h4>\n<p>Por Favor, Complete el siguiente formulario y env\u00edelo<br \/>\nLos campos marcados con asterisco (*) son requeridos.[\/vc_column_text]<div class=\"wpforms-container \" id=\"wpforms-6686\"><form id=\"wpforms-form-6686\" class=\"wpforms-validate wpforms-form\" data-formid=\"6686\" method=\"post\" enctype=\"multipart\/form-data\" action=\"\/es\/wp-json\/wp\/v2\/pages\/4920\" data-token=\"4575ae81432aa12af9cba480e93b3fff\" data-token-time=\"1776178010\"><noscript class=\"wpforms-error-noscript\">Por favor, activa JavaScript en tu navegador para completar este formulario.<\/noscript><div class=\"wpforms-field-container\"><div id=\"wpforms-6686-field_2-container\" class=\"wpforms-field wpforms-field-name\" data-field-id=\"2\"><label class=\"wpforms-field-label\" for=\"wpforms-6686-field_2\">Nombre <span class=\"wpforms-required-label\">*<\/span><\/label><div class=\"wpforms-field-row wpforms-field-large\"><div class=\"wpforms-field-row-block wpforms-first wpforms-one-half\"><input type=\"text\" id=\"wpforms-6686-field_2\" class=\"wpforms-field-name-first wpforms-field-required\" name=\"wpforms[fields][2][first]\" placeholder=\"Nombre\" required><label for=\"wpforms-6686-field_2\" class=\"wpforms-field-sublabel after wpforms-sublabel-hide\">Nombre<\/label><\/div><div class=\"wpforms-field-row-block wpforms-one-half\"><input type=\"text\" id=\"wpforms-6686-field_2-last\" class=\"wpforms-field-name-last wpforms-field-required\" name=\"wpforms[fields][2][last]\" placeholder=\"Apellido\" required><label for=\"wpforms-6686-field_2-last\" class=\"wpforms-field-sublabel after wpforms-sublabel-hide\">Apellidos<\/label><\/div><\/div><\/div><div id=\"wpforms-6686-field_3-container\" class=\"wpforms-field wpforms-field-email\" data-field-id=\"3\"><label class=\"wpforms-field-label\" for=\"wpforms-6686-field_3\">Email <span class=\"wpforms-required-label\">*<\/span><\/label><input type=\"email\" id=\"wpforms-6686-field_3\" class=\"wpforms-field-large wpforms-field-required\" name=\"wpforms[fields][3]\" spellcheck=\"false\" required><\/div><div id=\"wpforms-6686-field_1-container\" class=\"wpforms-field wpforms-field-text\" data-field-id=\"1\"><label class=\"wpforms-field-label\" for=\"wpforms-6686-field_1\">Pa\u00eds <span class=\"wpforms-required-label\">*<\/span><\/label><input type=\"text\" id=\"wpforms-6686-field_1\" class=\"wpforms-field-large wpforms-field-required\" name=\"wpforms[fields][1]\" required><\/div><div id=\"wpforms-6686-field_4-container\" class=\"wpforms-field wpforms-field-text\" data-field-id=\"4\"><label class=\"wpforms-field-label\" for=\"wpforms-6686-field_4\">Tel\u00e9fono de Contacto <span class=\"wpforms-required-label\">*<\/span><\/label><input type=\"text\" id=\"wpforms-6686-field_4\" class=\"wpforms-field-large wpforms-field-required\" name=\"wpforms[fields][4]\" required><\/div><div id=\"wpforms-6686-field_5-container\" class=\"wpforms-field wpforms-field-text\" data-field-id=\"5\"><label class=\"wpforms-field-label\" for=\"wpforms-6686-field_5\">Asunto <span class=\"wpforms-required-label\">*<\/span><\/label><input type=\"text\" id=\"wpforms-6686-field_5\" class=\"wpforms-field-large wpforms-field-required\" name=\"wpforms[fields][5]\" required><\/div><div id=\"wpforms-6686-field_6-container\" class=\"wpforms-field wpforms-field-textarea\" data-field-id=\"6\"><label class=\"wpforms-field-label\" for=\"wpforms-6686-field_6\">Mensaje<\/label><textarea id=\"wpforms-6686-field_6\" class=\"wpforms-field-small\" name=\"wpforms[fields][6]\" ><\/textarea><\/div><\/div><!-- .wpforms-field-container --><div class=\"wpforms-field wpforms-field-hp\"><label for=\"wpforms-6686-field-hp\" class=\"wpforms-field-label\">Phone<\/label><input type=\"text\" name=\"wpforms[hp]\" id=\"wpforms-6686-field-hp\" class=\"wpforms-field-medium\"><\/div><div class=\"wpforms-recaptcha-container wpforms-is-recaptcha wpforms-is-recaptcha-type-v2\" ><div class=\"g-recaptcha\" data-sitekey=\"6Lc0rx8UAAAAAN-st5jNtyqp90jDnw3AFephYtlU\"><\/div><input type=\"text\" name=\"g-recaptcha-hidden\" class=\"wpforms-recaptcha-hidden\" style=\"position:absolute!important;clip:rect(0,0,0,0)!important;height:1px!important;width:1px!important;border:0!important;overflow:hidden!important;padding:0!important;margin:0!important;\" data-rule-recaptcha=\"1\"><\/div><div class=\"wpforms-submit-container\" ><input type=\"hidden\" name=\"wpforms[id]\" value=\"6686\"><input type=\"hidden\" name=\"page_title\" value=\"\"><input type=\"hidden\" name=\"page_url\" value=\"https:\/\/www.geobis.com\/es\/wp-json\/wp\/v2\/pages\/4920\"><input type=\"hidden\" name=\"url_referer\" value=\"\"><button type=\"submit\" name=\"wpforms[submit]\" id=\"wpforms-submit-6686\" class=\"wpforms-submit\" data-alt-text=\"Enviando...\" data-submit-text=\"Enviar\" aria-live=\"assertive\" value=\"wpforms-submit\">Enviar<\/button><\/div><\/form><\/div>  <!-- .wpforms-container -->[\/vc_column][\/vc_row]<\/p>\n<\/div>","protected":false},"excerpt":{"rendered":"<p>[vc_row full_content_width=\u00bbrow-inner-full\u00bb top=\u00bb70px\u00bb bottom=\u00bb0px\u00bb bg_type=\u00bbimage\u00bb parallax_bg=\u00bbparallax-bg\u00bb speed=\u00bb0.50&#8243; bg_cover=\u00bbcover\u00bb bg_repeat=\u00bbno-repeat\u00bb bg_position=\u00bbRight bottom\u00bb row_show_on=\u00bbhide_mobile_landscape,hide_mobile_portrait\u00bb overlay_color=\u00bbrgba(10,10,10,0.3)\u00bb bg_image=\u00bb6693&#8243; bg_color=\u00bb#0066cb\u00bb][vc_column][vc_empty_space height=\u00bb150px\u00bb][vc_custom_heading text=\u00bbMARKET ANALYTICS\u00bb font_container=\u00bbtag:h1|font_size:80px|text_align:center|color:%23ffffff|line_height:80px\u00bb use_theme_fonts=\u00bbyes\u00bb css_animation=\u00bbzoomIn\u00bb][vc_empty_space height=\u00bb150px\u00bb][\/vc_column][\/vc_row][vc_row full_content_width=\u00bbrow-inner-full\u00bb top=\u00bb70px\u00bb bottom=\u00bb0px\u00bb&#8230;  <\/p>\n<div class=\"read-more\"><a class=\"excerpt-read-more\" href=\"https:\/\/www.geobis.com\/es\/market-analytics\/\" title=\"Continue reading Estudios de Mercado\">Read more<i class=\"fa fa-angle-right\"><\/i><\/a><\/div>\n","protected":false},"author":5,"featured_media":6693,"parent":0,"menu_order":0,"comment_status":"closed","ping_status":"closed","template":"page-full-width.php","meta":{"footnotes":""},"class_list":["post-4920","page","type-page","status-publish","has-post-thumbnail","hentry"],"_links":{"self":[{"href":"https:\/\/www.geobis.com\/es\/wp-json\/wp\/v2\/pages\/4920","targetHints":{"allow":["GET"]}}],"collection":[{"href":"https:\/\/www.geobis.com\/es\/wp-json\/wp\/v2\/pages"}],"about":[{"href":"https:\/\/www.geobis.com\/es\/wp-json\/wp\/v2\/types\/page"}],"author":[{"embeddable":true,"href":"https:\/\/www.geobis.com\/es\/wp-json\/wp\/v2\/users\/5"}],"replies":[{"embeddable":true,"href":"https:\/\/www.geobis.com\/es\/wp-json\/wp\/v2\/comments?post=4920"}],"version-history":[{"count":10,"href":"https:\/\/www.geobis.com\/es\/wp-json\/wp\/v2\/pages\/4920\/revisions"}],"predecessor-version":[{"id":6928,"href":"https:\/\/www.geobis.com\/es\/wp-json\/wp\/v2\/pages\/4920\/revisions\/6928"}],"wp:featuredmedia":[{"embeddable":true,"href":"https:\/\/www.geobis.com\/es\/wp-json\/wp\/v2\/media\/6693"}],"wp:attachment":[{"href":"https:\/\/www.geobis.com\/es\/wp-json\/wp\/v2\/media?parent=4920"}],"curies":[{"name":"wp","href":"https:\/\/api.w.org\/{rel}","templated":true}]}}