{"id":5062,"date":"2015-12-07T22:26:13","date_gmt":"2015-12-07T22:26:13","guid":{"rendered":"http:\/\/www.geobis.com\/es\/?page_id=5062"},"modified":"2026-03-18T19:32:38","modified_gmt":"2026-03-19T00:32:38","slug":"datos-de-mercado","status":"publish","type":"page","link":"https:\/\/www.geobis.com\/es\/datos-de-mercado\/","title":{"rendered":"Datos de Mercado"},"content":{"rendered":"<div class=\"wpb-content-wrapper\"><p>[vc_row full_content_width=\u00bbrow-inner-full\u00bb top=\u00bb70px\u00bb bottom=\u00bb0px\u00bb bg_type=\u00bbimage\u00bb parallax_bg=\u00bbparallax-bg\u00bb speed=\u00bb0.50&#8243; bg_cover=\u00bbcover\u00bb bg_repeat=\u00bbno-repeat\u00bb bg_position=\u00bbCenter center\u00bb row_show_on=\u00bbhide_mobile_landscape,hide_mobile_portrait\u00bb bg_image=\u00bb6845&#8243; overlay_color=\u00bbrgba(10,10,10,0.1)\u00bb bg_color=\u00bb#0066cb\u00bb][vc_column][vc_empty_space height=\u00bb150px\u00bb][vc_custom_heading text=\u00bbDATOS DE MERCADO\u00bb font_container=\u00bbtag:h1|font_size:80px|text_align:center|color:%23ffffff|line_height:80px\u00bb use_theme_fonts=\u00bbyes\u00bb css_animation=\u00bbzoomIn\u00bb][vc_empty_space height=\u00bb150px\u00bb][\/vc_column][\/vc_row][vc_row full_content_width=\u00bbrow-inner-full\u00bb top=\u00bb70px\u00bb bottom=\u00bb0px\u00bb bg_type=\u00bbimage\u00bb parallax_bg=\u00bbparallax-bg\u00bb speed=\u00bb0.50&#8243; bg_cover=\u00bbcover\u00bb bg_repeat=\u00bbno-repeat\u00bb bg_position=\u00bbCenter center\u00bb row_show_on=\u00bbhide_on_normal_screen,hide_tablet_landscape,hide_tablet_portrait\u00bb bg_image=\u00bb6845&#8243; overlay_color=\u00bbrgba(10,10,10,0.2)\u00bb bg_color=\u00bb#0066cb\u00bb][vc_column][vc_empty_space height=\u00bb150px\u00bb][vc_custom_heading text=\u00bbDATOS DE MERCADO\u00bb font_container=\u00bbtag:h1|text_align:center|color:%23ffffff\u00bb use_theme_fonts=\u00bbyes\u00bb css_animation=\u00bbzoomIn\u00bb][vc_empty_space height=\u00bb150px\u00bb][\/vc_column][\/vc_row][vc_row top=\u00bb40px\u00bb bottom=\u00bb40px\u00bb columns_placement=\u00bbmiddle\u00bb][vc_column width=\u00bb1\/2&#8243;][vc_single_image image=\u00bb6712&#8243; img_size=\u00bbfull\u00bb alignment=\u00bbcenter\u00bb style=\u00bbvc_box_rounded\u00bb onclick=\u00bblink_image\u00bb css_animation=\u00bbfadeInLeftBig\u00bb][\/vc_column][vc_column width=\u00bb1\/2&#8243;][vc_column_text css_animation=\u00bbright-to-left\u00bb]<\/p>\n<h2 style=\"text-align: center;\">Datos Socio-demogr\u00e1ficos<\/h2>\n<p style=\"text-align: justify;\">Encuentre informaci\u00f3n detallada sobre Mercado Actual y Potencial adem\u00e1s de Empresas del sector y otros sectores. Toda esta informaci\u00f3n est\u00e1 ubicada geogr\u00e1ficamente, para tener un mejor entendimiento de las condiciones Socio-Econ\u00f3micas de un \u00e1rea geogr\u00e1fica determinada. Su empresa puede acceder a informaci\u00f3n actualizada como: Edad, G\u00e9nero, estrato Socio-econ\u00f3mico, ingresos mensuales, cabezas de hogar y familias, entre mucha otra informaci\u00f3n. <a style=\"font-weight: bold; text-decoration: none;\" href=\"http:\/\/www.geobis.com\/es\/socio-geodemografia\/\">M\u00e1s informaci\u00f3n<\/a>.<br \/>\n<span data-sheets-root=\"1\">Descubre el placer de apostar con estilo y ambici\u00f3n dentro de <a class=\"in-cell-link\" href=\"https:\/\/tropicacasino.app\/\" target=\"_blank\" rel=\"noopener\">https:\/\/tropicacasino.app\/<\/a>. Los bonos especiales impulsan tu estrategia desde el inicio, mientras el prestigio de la sala acompa\u00f1a tu estrategia y t\u00fa apunta al estatus VIP sin dudar. Hoy puede ser el giro decisivo: contin\u00faa jugando y conquista la victoria.<\/span><\/p>\n<p>[\/vc_column_text][\/vc_column][\/vc_row][vc_row top=\u00bb40px\u00bb bottom=\u00bb50px\u00bb bg_color=\u00bb#0066cb\u00bb font_color=\u00bb#ffffff\u00bb][vc_column width=\u00bb1\/3&#8243; css_animation=\u00bbbottom-to-top\u00bb][vc_empty_space height=\u00bb10px\u00bb][vc_magic_image image=\u00bb6716&#8243; alignment=\u00bbcenter\u00bb img_link=\u00bbpage_link\u00bb css_animation=\u00bbbottom-to-top\u00bb img_size=\u00bbfull\u00bb link=\u00bburl:http%3A%2F%2Fwww.geobis.com%2Fes%2Fpoblacion-flotante%2F|||\u00bb][vc_empty_space height=\u00bb15px\u00bb][vc_column_text css_animation=\u00bbnone\u00bb]<\/p>\n<h3><a style=\"color: #ffffff;\" href=\"http:\/\/www.geobis.com\/es\/poblacion-flotante\/\">POBLACI\u00d3N FLOTANTE DIARIA<\/a><\/h3>\n<p style=\"text-align: justify;\">Los censos nacionales, usualmente hacen conteos de poblaci\u00f3n, midiendo el n\u00famero de personas que tienen sus hogares en determinadas zonas, pero no estiman la cantidad de tr\u00e1fico peatonal que hay por esa \u00e1rea al d\u00eda. El dato de Poblaci\u00f3n Flotante de un \u00e1rea determinada est\u00e1 dado por el n\u00famero de personas que transitan diariamente por esa zona y los h\u00e1bitos colectivos de desplazamiento durante un d\u00eda.<\/p>\n<p>[\/vc_column_text][\/vc_column][vc_column width=\u00bb1\/3&#8243; css_animation=\u00bbbottom-to-top\u00bb css_animation_delay=\u00bbdelay-200&#8243;][vc_empty_space height=\u00bb10px\u00bb][vc_magic_image image=\u00bb6714&#8243; alignment=\u00bbcenter\u00bb img_link=\u00bbpage_link\u00bb css_animation=\u00bbbottom-to-top\u00bb img_size=\u00bbfull\u00bb link=\u00bburl:http%3A%2F%2Fwww.geobis.com%2Fes%2Fgastos-consumo%2F|||\u00bb][vc_empty_space height=\u00bb15px\u00bb][vc_column_text css_animation=\u00bbnone\u00bb]<\/p>\n<h3><a style=\"color: #ffffff;\" href=\"http:\/\/www.geobis.com\/es\/gastos-consumo\/\">GASTOS DE CONSUMO<\/a><\/h3>\n<p style=\"text-align: justify;\">Geobis ofrece diferentes alternativas y herramientas para entender de forma r\u00e1pida, toda la informaci\u00f3n relacionada con la ubicaci\u00f3n geogr\u00e1fica de los clientes y relaci\u00f3n que esta informaci\u00f3n guarda con el ambiente socioecon\u00f3mico. Encuentre informaci\u00f3n relevante sobre ingresos por familias y en qu\u00e9 clases de productos prefieren gastar su dinero mensualmente.<\/p>\n<p>[\/vc_column_text][\/vc_column][vc_column width=\u00bb1\/3&#8243; css_animation=\u00bbbottom-to-top\u00bb css_animation_delay=\u00bbdelay-400&#8243;][vc_empty_space height=\u00bb10px\u00bb][vc_magic_image image=\u00bb5267&#8243; alignment=\u00bbcenter\u00bb img_link=\u00bbpage_link\u00bb css_animation=\u00bbbottom-to-top\u00bb img_size=\u00bbfull\u00bb link=\u00bburl:http%3A%2F%2Fwww.geobis.com%2Fes%2Fpoder-de-compra%2F|||\u00bb][vc_empty_space height=\u00bb15px\u00bb][vc_column_text css_animation=\u00bbnone\u00bb]<\/p>\n<h3><a style=\"color: #ffffff;\" href=\"http:\/\/www.geobis.com\/es\/poder-de-compra\/\">PODER\u00a0DE COMPRA<\/a><\/h3>\n<p style=\"text-align: justify;\">El poder de compra de una familia depende de sus ingresos y capacidad de deuda, en Geobis ofrecemos an\u00e1lisis de Poder de Compra por \u00e1reas y completos reportes seg\u00fan el mercado de su inter\u00e9s. Contamos con informaci\u00f3n sobre pa\u00edses en toda Am\u00e9rica y el Caribe. Esta informaci\u00f3n est\u00e1 clasificada en diferentes niveles como: Pa\u00eds, Estado, Municipio, Ciudad, Barrio y Manzana.<\/p>\n<p>[\/vc_column_text][\/vc_column][\/vc_row][vc_row top=\u00bb40px\u00bb bottom=\u00bb40px\u00bb columns_placement=\u00bbmiddle\u00bb][vc_column width=\u00bb1\/2&#8243;][vc_single_image image=\u00bb6717&#8243; img_size=\u00bbfull\u00bb alignment=\u00bbcenter\u00bb style=\u00bbvc_box_rounded\u00bb onclick=\u00bblink_image\u00bb css_animation=\u00bbfadeInLeftBig\u00bb][\/vc_column][vc_column width=\u00bb1\/2&#8243;][vc_column_text css_animation=\u00bbright-to-left\u00bb]<\/p>\n<h2 style=\"text-align: center;\"><a href=\"http:\/\/www.geobis.com\/es\/reportes-mapas\/\">Reportes con Mapas<\/a><\/h2>\n<p style=\"text-align: justify;\">Encuentre Mapas Tem\u00e1ticos con informaci\u00f3n valiosa sobre el mercado de esa zona geogr\u00e1fica, la informaci\u00f3n le servir\u00e1 para identificar clientes potenciales y clasificar los clientes actuales. Transforme esta informaci\u00f3n en coloridos mapas digitales de territorio, para obtener una visi\u00f3n global m\u00e1s clara del \u00e1rea de an\u00e1lisis y as\u00ed entender el progreso de su negocio y las oportunidades futuras.\u00a0<a style=\"font-weight: bold; text-decoration: none;\" href=\"http:\/\/www.geobis.com\/es\/reportes-mapas\/\">M\u00e1s informaci\u00f3n<\/a>.<\/p>\n<p>[\/vc_column_text][\/vc_column][\/vc_row][vc_row columns_placement=\u00bb\u00bb][vc_column width=\u00bb2\/3&#8243;][vc_column_text]<\/p>\n<h2 style=\"text-align: center;\">variables disponibles<\/h2>\n<p>[\/vc_column_text][vc_column_text]<strong><span style=\"color: #0066cb;\">\u00bb<\/span>\u00a0 <\/strong>Estratos Socio Econ\u00f3micos<br \/>\n<strong><span style=\"color: #0066cb;\">\u00bb<\/span> \u00a0<\/strong>Ingreso Familiar por mes en\u00a0d\u00f3lares<br \/>\n<strong><span style=\"color: #0066cb;\">\u00bb<\/span> \u00a0<\/strong>N\u00famero total de Viviendas<br \/>\n<strong><span style=\"color: #0066cb;\">\u00bb<\/span> \u00a0<\/strong>N\u00famero total de cabezas de Hogar<br \/>\n<strong><span style=\"color: #0066cb;\">\u00bb<\/span> \u00a0<\/strong>Poblaci\u00f3n\u00a0Total<br \/>\n<strong><span style=\"color: #0066cb;\">\u00bb<\/span> \u00a0<\/strong>Alimentos<br \/>\n<strong><span style=\"color: #0066cb;\">\u00bb<\/span> \u00a0<\/strong>Implememtos de Limpieza<br \/>\n<strong><span style=\"color: #0066cb;\">\u00bb<\/span> \u00a0<\/strong>Cuidado Personal<br \/>\n<strong><span style=\"color: #0066cb;\">\u00bb<\/span> \u00a0<\/strong>Gastos suntuosos<br \/>\n<strong><span style=\"color: #0066cb;\">\u00bb<\/span> \u00a0<\/strong>Alquiler &#8211; Hipoteca<br \/>\n<strong><span style=\"color: #0066cb;\">\u00bb<\/span> \u00a0<\/strong>Renovaci\u00f3n y Construcci\u00f3n<br \/>\n<strong><span style=\"color: #0066cb;\">\u00bb<\/span> \u00a0<\/strong>Servicios P\u00fablicos<br \/>\n<strong><span style=\"color: #0066cb;\">\u00bb<\/span> \u00a0<\/strong>Salud<br \/>\n<strong><span style=\"color: #0066cb;\">\u00bb<\/span>\u00a0 <\/strong>Educaci\u00f3n[\/vc_column_text][vc_column_text]<strong><span style=\"color: #0066cb;\">\u00bb<\/span>\u00a0 <\/strong>TV por Cable<br \/>\n<strong><span style=\"color: #0066cb;\">\u00bb<\/span>\u00a0 <\/strong>Comunicaciones<br \/>\n<strong><span style=\"color: #0066cb;\">\u00bb<\/span>\u00a0 <\/strong>Equipo de Computo e Internet<br \/>\n<strong><span style=\"color: #0066cb;\">\u00bb<\/span>\u00a0 <\/strong>Bebidas<br \/>\n<strong><span style=\"color: #0066cb;\">\u00bb<\/span>\u00a0 <\/strong>Tarjetas D\u00e9bito<br \/>\n<strong><span style=\"color: #0066cb;\">\u00bb<\/span>\u00a0 <\/strong>Tarjetas de Cr\u00e9didos<br \/>\n<strong><span style=\"color: #0066cb;\">\u00bb<\/span>\u00a0 <\/strong>Vestuario<br \/>\n<strong><span style=\"color: #0066cb;\">\u00bb<\/span>\u00a0 <\/strong>Actividades Culturales<br \/>\n<strong><span style=\"color: #0066cb;\">\u00bb<\/span>\u00a0 <\/strong>Peri\u00f3dicos y Revistas<br \/>\n<strong><span style=\"color: #0066cb;\">\u00bb<\/span>\u00a0 <\/strong>Libros<br \/>\n<strong><span style=\"color: #0066cb;\">\u00bb<\/span>\u00a0 <\/strong>Obligaciones Financieras<br \/>\n<strong><span style=\"color: #0066cb;\">\u00bb<\/span> \u00a0<\/strong>Ahorros e Inversi\u00f3n<br \/>\n<strong><span style=\"color: #0066cb;\">\u00bb<\/span> \u00a0<\/strong>Transporte<br \/>\n<strong><span style=\"color: #0066cb;\">\u00bb<\/span>\u00a0 <\/strong>Entretenimiento[\/vc_column_text][\/vc_column][vc_column width=\u00bb1\/3&#8243; css_animation=\u00bbbottom-to-top\u00bb css_animation_delay=\u00bbdelay-100&#8243;][vc_column_text]<\/p>\n<h4>\u00bfEst\u00e1 interesado en nuestros servicios de Datos de Mercado?<\/h4>\n<p>Por Favor, Complete el siguiente formulario y env\u00edelo<br \/>\nLos campos marcados con asterisco (*) son requeridos.[\/vc_column_text]<div class=\"wpforms-container \" id=\"wpforms-6686\"><form id=\"wpforms-form-6686\" class=\"wpforms-validate wpforms-form\" data-formid=\"6686\" method=\"post\" enctype=\"multipart\/form-data\" action=\"\/es\/wp-json\/wp\/v2\/pages\/5062\" data-token=\"8de09f433dea24451ebcca94e9a7f60d\" data-token-time=\"1776626354\"><noscript class=\"wpforms-error-noscript\">Por favor, activa JavaScript en tu navegador para completar este formulario.<\/noscript><div class=\"wpforms-field-container\"><div id=\"wpforms-6686-field_2-container\" class=\"wpforms-field wpforms-field-name\" data-field-id=\"2\"><label class=\"wpforms-field-label\" for=\"wpforms-6686-field_2\">Nombre <span class=\"wpforms-required-label\">*<\/span><\/label><div class=\"wpforms-field-row wpforms-field-large\"><div class=\"wpforms-field-row-block wpforms-first wpforms-one-half\"><input type=\"text\" id=\"wpforms-6686-field_2\" class=\"wpforms-field-name-first wpforms-field-required\" name=\"wpforms[fields][2][first]\" placeholder=\"Nombre\" required><label for=\"wpforms-6686-field_2\" class=\"wpforms-field-sublabel after wpforms-sublabel-hide\">Nombre<\/label><\/div><div class=\"wpforms-field-row-block wpforms-one-half\"><input type=\"text\" id=\"wpforms-6686-field_2-last\" class=\"wpforms-field-name-last wpforms-field-required\" name=\"wpforms[fields][2][last]\" placeholder=\"Apellido\" required><label for=\"wpforms-6686-field_2-last\" class=\"wpforms-field-sublabel after wpforms-sublabel-hide\">Apellidos<\/label><\/div><\/div><\/div><div id=\"wpforms-6686-field_3-container\" class=\"wpforms-field wpforms-field-email\" data-field-id=\"3\"><label class=\"wpforms-field-label\" for=\"wpforms-6686-field_3\">Email <span class=\"wpforms-required-label\">*<\/span><\/label><input type=\"email\" id=\"wpforms-6686-field_3\" class=\"wpforms-field-large wpforms-field-required\" name=\"wpforms[fields][3]\" spellcheck=\"false\" required><\/div><div id=\"wpforms-6686-field_1-container\" class=\"wpforms-field wpforms-field-text\" data-field-id=\"1\"><label class=\"wpforms-field-label\" for=\"wpforms-6686-field_1\">Pa\u00eds <span class=\"wpforms-required-label\">*<\/span><\/label><input type=\"text\" id=\"wpforms-6686-field_1\" class=\"wpforms-field-large wpforms-field-required\" name=\"wpforms[fields][1]\" required><\/div><div id=\"wpforms-6686-field_4-container\" class=\"wpforms-field wpforms-field-text\" data-field-id=\"4\"><label class=\"wpforms-field-label\" for=\"wpforms-6686-field_4\">Tel\u00e9fono de Contacto <span class=\"wpforms-required-label\">*<\/span><\/label><input type=\"text\" id=\"wpforms-6686-field_4\" class=\"wpforms-field-large wpforms-field-required\" name=\"wpforms[fields][4]\" required><\/div><div id=\"wpforms-6686-field_5-container\" class=\"wpforms-field wpforms-field-text\" data-field-id=\"5\"><label class=\"wpforms-field-label\" for=\"wpforms-6686-field_5\">Asunto <span class=\"wpforms-required-label\">*<\/span><\/label><input type=\"text\" id=\"wpforms-6686-field_5\" class=\"wpforms-field-large wpforms-field-required\" name=\"wpforms[fields][5]\" required><\/div><div id=\"wpforms-6686-field_6-container\" class=\"wpforms-field wpforms-field-textarea\" data-field-id=\"6\"><label class=\"wpforms-field-label\" for=\"wpforms-6686-field_6\">Mensaje<\/label><textarea id=\"wpforms-6686-field_6\" class=\"wpforms-field-small\" name=\"wpforms[fields][6]\" ><\/textarea><\/div><\/div><!-- .wpforms-field-container --><div class=\"wpforms-field wpforms-field-hp\"><label for=\"wpforms-6686-field-hp\" class=\"wpforms-field-label\">Message<\/label><input type=\"text\" name=\"wpforms[hp]\" id=\"wpforms-6686-field-hp\" class=\"wpforms-field-medium\"><\/div><div class=\"wpforms-recaptcha-container wpforms-is-recaptcha wpforms-is-recaptcha-type-v2\" ><div class=\"g-recaptcha\" data-sitekey=\"6Lc0rx8UAAAAAN-st5jNtyqp90jDnw3AFephYtlU\"><\/div><input type=\"text\" name=\"g-recaptcha-hidden\" class=\"wpforms-recaptcha-hidden\" style=\"position:absolute!important;clip:rect(0,0,0,0)!important;height:1px!important;width:1px!important;border:0!important;overflow:hidden!important;padding:0!important;margin:0!important;\" data-rule-recaptcha=\"1\"><\/div><div class=\"wpforms-submit-container\" ><input type=\"hidden\" name=\"wpforms[id]\" value=\"6686\"><input type=\"hidden\" name=\"page_title\" value=\"\"><input type=\"hidden\" name=\"page_url\" value=\"https:\/\/www.geobis.com\/es\/wp-json\/wp\/v2\/pages\/5062\"><input type=\"hidden\" name=\"url_referer\" value=\"\"><button type=\"submit\" name=\"wpforms[submit]\" id=\"wpforms-submit-6686\" class=\"wpforms-submit\" data-alt-text=\"Enviando...\" data-submit-text=\"Enviar\" aria-live=\"assertive\" value=\"wpforms-submit\">Enviar<\/button><\/div><\/form><\/div>  <!-- .wpforms-container -->[\/vc_column][\/vc_row][vc_row][vc_column][vc_modal id=\u00bbventanades\u00bb heading=\u00bb<\/p>\n<h3>Variables de Socio Geodemograf\u00eda<\/h3>\n<p>\u00bb width=\u00bb700px\u00bb][\/vc_modal][\/vc_column][\/vc_row]<\/p>\n<\/div>","protected":false},"excerpt":{"rendered":"<p>[vc_row full_content_width=\u00bbrow-inner-full\u00bb top=\u00bb70px\u00bb bottom=\u00bb0px\u00bb bg_type=\u00bbimage\u00bb parallax_bg=\u00bbparallax-bg\u00bb speed=\u00bb0.50&#8243; bg_cover=\u00bbcover\u00bb bg_repeat=\u00bbno-repeat\u00bb bg_position=\u00bbCenter center\u00bb row_show_on=\u00bbhide_mobile_landscape,hide_mobile_portrait\u00bb bg_image=\u00bb6845&#8243; overlay_color=\u00bbrgba(10,10,10,0.1)\u00bb bg_color=\u00bb#0066cb\u00bb][vc_column][vc_empty_space height=\u00bb150px\u00bb][vc_custom_heading text=\u00bbDATOS DE MERCADO\u00bb font_container=\u00bbtag:h1|font_size:80px|text_align:center|color:%23ffffff|line_height:80px\u00bb use_theme_fonts=\u00bbyes\u00bb css_animation=\u00bbzoomIn\u00bb][vc_empty_space height=\u00bb150px\u00bb][\/vc_column][\/vc_row][vc_row full_content_width=\u00bbrow-inner-full\u00bb top=\u00bb70px\u00bb&#8230;  <\/p>\n<div class=\"read-more\"><a class=\"excerpt-read-more\" href=\"https:\/\/www.geobis.com\/es\/datos-de-mercado\/\" title=\"Continue reading Datos de Mercado\">Read more<i class=\"fa fa-angle-right\"><\/i><\/a><\/div>\n","protected":false},"author":5,"featured_media":6845,"parent":0,"menu_order":0,"comment_status":"closed","ping_status":"closed","template":"page-full-width.php","meta":{"footnotes":""},"class_list":["post-5062","page","type-page","status-publish","has-post-thumbnail","hentry"],"_links":{"self":[{"href":"https:\/\/www.geobis.com\/es\/wp-json\/wp\/v2\/pages\/5062","targetHints":{"allow":["GET"]}}],"collection":[{"href":"https:\/\/www.geobis.com\/es\/wp-json\/wp\/v2\/pages"}],"about":[{"href":"https:\/\/www.geobis.com\/es\/wp-json\/wp\/v2\/types\/page"}],"author":[{"embeddable":true,"href":"https:\/\/www.geobis.com\/es\/wp-json\/wp\/v2\/users\/5"}],"replies":[{"embeddable":true,"href":"https:\/\/www.geobis.com\/es\/wp-json\/wp\/v2\/comments?post=5062"}],"version-history":[{"count":8,"href":"https:\/\/www.geobis.com\/es\/wp-json\/wp\/v2\/pages\/5062\/revisions"}],"predecessor-version":[{"id":7499,"href":"https:\/\/www.geobis.com\/es\/wp-json\/wp\/v2\/pages\/5062\/revisions\/7499"}],"wp:featuredmedia":[{"embeddable":true,"href":"https:\/\/www.geobis.com\/es\/wp-json\/wp\/v2\/media\/6845"}],"wp:attachment":[{"href":"https:\/\/www.geobis.com\/es\/wp-json\/wp\/v2\/media?parent=5062"}],"curies":[{"name":"wp","href":"https:\/\/api.w.org\/{rel}","templated":true}]}}