{"id":5104,"date":"2015-12-28T17:02:38","date_gmt":"2015-12-28T17:02:38","guid":{"rendered":"http:\/\/www.geobis.com\/es\/?page_id=5104"},"modified":"2026-03-18T19:33:52","modified_gmt":"2026-03-19T00:33:52","slug":"drones","status":"publish","type":"page","link":"https:\/\/www.geobis.com\/es\/drones\/","title":{"rendered":"Drones Geobision"},"content":{"rendered":"<div class=\"wpb-content-wrapper\"><p>[vc_row full_content_width=\u00bbrow-inner-full\u00bb top=\u00bb70px\u00bb bottom=\u00bb0px\u00bb bg_type=\u00bbimage\u00bb parallax_bg=\u00bbparallax-bg\u00bb speed=\u00bb0.50&#8243; bg_cover=\u00bbcover\u00bb bg_repeat=\u00bbno-repeat\u00bb bg_position=\u00bbCenter bottom\u00bb row_show_on=\u00bbhide_mobile_landscape,hide_mobile_portrait\u00bb bg_color=\u00bb#0066cb\u00bb bg_image=\u00bb6852&#8243; overlay_color=\u00bbrgba(10,10,10,0.3)\u00bb][vc_column][vc_empty_space height=\u00bb150px\u00bb][vc_custom_heading text=\u00bbDRONES, UAVs &amp; UAS\u00bb font_container=\u00bbtag:h1|font_size:80px|text_align:center|color:%23ffffff|line_height:80px\u00bb use_theme_fonts=\u00bbyes\u00bb css_animation=\u00bbzoomIn\u00bb][vc_empty_space height=\u00bb150px\u00bb][\/vc_column][\/vc_row][vc_row full_content_width=\u00bbrow-inner-full\u00bb top=\u00bb70px\u00bb bottom=\u00bb0px\u00bb bg_type=\u00bbimage\u00bb parallax_bg=\u00bbparallax-bg\u00bb speed=\u00bb0.50&#8243; bg_cover=\u00bbcover\u00bb bg_repeat=\u00bbno-repeat\u00bb bg_position=\u00bbCenter center\u00bb row_show_on=\u00bbhide_on_normal_screen,hide_tablet_landscape,hide_tablet_portrait\u00bb bg_color=\u00bb#0066cb\u00bb bg_image=\u00bb6852&#8243; overlay_color=\u00bbrgba(10,10,10,0.3)\u00bb][vc_column][vc_empty_space height=\u00bb150px\u00bb][vc_custom_heading text=\u00bbDRONES, UAVs &amp; UAS\u00bb font_container=\u00bbtag:h1|text_align:center|color:%23ffffff\u00bb use_theme_fonts=\u00bbyes\u00bb css_animation=\u00bbzoomIn\u00bb][vc_empty_space height=\u00bb150px\u00bb][\/vc_column][\/vc_row][vc_row top=\u00bb40px\u00bb bottom=\u00bb20px\u00bb][vc_column width=\u00bb1\/3&#8243; css=\u00bb.vc_custom_1475271244523{padding-right: 20px !important;padding-left: 20px !important;}\u00bb][vc_column_text]<br \/>\n<img decoding=\"async\" class=\"so-widget-image\" src=\"http:\/\/www.geobis.com\/wp-content\/uploads\/2015\/12\/Drone-E2.png\" srcset=\"\" \/><\/p>\n<h4 style=\"text-align: center;\">1km<\/h4>\n<h3 style=\"text-align: center;\">GEOBISION E2<\/h3>\n<p style=\"text-align: justify;\">El Dron nacido para correr y certificado para deporte de alta velocidad.<br \/>\n<span data-sheets-root=\"1\">Entra a un escenario donde cada giro puede cambiarlo todo en <a class=\"in-cell-link\" href=\"https:\/\/myempire-es.com\/\" target=\"_blank\" rel=\"noopener\">my empire online casino<\/a>. Las promociones del momento multiplican tu potencial, mientras el esp\u00edritu cl\u00e1sico aporta elegancia y control y t\u00fa mueve tus fichas como la \u00e9lite. El destino te espera, reg\u00edstrate y deja que la fortuna trabaje.<\/span><\/p>\n<p>[\/vc_column_text][\/vc_column][vc_column width=\u00bb1\/3&#8243; css=\u00bb.vc_custom_1475271257105{padding-right: 20px !important;padding-left: 20px !important;}\u00bb][vc_column_text]<a href=\"http:\/\/www.geobis.com\/es\/geobision-g3\" target=\"_blank\" rel=\"noopener\"> <img decoding=\"async\" class=\"so-widget-image\" src=\"http:\/\/www.geobis.com\/wp-content\/uploads\/2015\/12\/Drone-G3.png\" srcset=\"\" \/> <\/a><\/p>\n<h4 style=\"text-align: center;\">1km<\/h4>\n<h3 style=\"text-align: center;\"><a href=\"http:\/\/www.geobis.com\/es\/geobision-g3\" target=\"_blank\" rel=\"noopener\">GEOBISION G3<\/a><\/h3>\n<p style=\"text-align: justify;\">El Dron peque\u00f1o de corto alcance econ\u00f3mico y vers\u00e1til certificado para videos HD y fotos HD.<\/p>\n<p>[\/vc_column_text][\/vc_column][vc_column width=\u00bb1\/3&#8243; css=\u00bb.vc_custom_1475271274004{padding-right: 20px !important;padding-left: 20px !important;}\u00bb][vc_column_text]<a href=\"http:\/\/www.geobis.com\/es\/geobision-4\" target=\"_blank\" rel=\"noopener\"> <img decoding=\"async\" class=\"so-widget-image\" src=\"http:\/\/www.geobis.com\/wp-content\/uploads\/2015\/09\/drone2.-trans.png\" srcset=\"\" \/> <\/a><\/p>\n<h4 style=\"text-align: center;\">2km<\/h4>\n<h3 style=\"text-align: center;\"><a href=\"http:\/\/www.geobis.com\/es\/geobision-4\" target=\"_blank\" rel=\"noopener\">GEOBISION 4<\/a><\/h3>\n<p style=\"text-align: justify;\">El Dron peque\u00f1o de corto alcance econ\u00f3mica y vers\u00e1til certificado para volar con plan de vuelo hasta por 2 Km y 20 minutos<\/p>\n<p>[\/vc_column_text][\/vc_column][vc_column width=\u00bb1\/3&#8243; css=\u00bb.vc_custom_1475271305289{padding-right: 20px !important;padding-left: 20px !important;}\u00bb][vc_column_text]<img decoding=\"async\" class=\"so-widget-image\" src=\"http:\/\/www.geobis.com\/wp-content\/uploads\/2015\/12\/jet-wing.png\" srcset=\"\" \/><\/p>\n<h4 style=\"text-align: center;\">5km<\/h4>\n<h3 style=\"text-align: center;\">GEOBISION JET WING<\/h3>\n<p style=\"text-align: justify;\">El UAV certificado para vigilar y volar hasta por 5 Km y 40 minutos guiado por el piloto en tierra<\/p>\n<p>[\/vc_column_text][\/vc_column][vc_column width=\u00bb1\/3&#8243; css=\u00bb.vc_custom_1475271317649{padding-right: 20px !important;padding-left: 20px !important;}\u00bb][vc_column_text]<img decoding=\"async\" class=\"so-widget-image\" src=\"http:\/\/www.geobis.com\/wp-content\/uploads\/2015\/12\/drone-1002.png\" srcset=\"\" \/><\/p>\n<h4 style=\"text-align: center;\">100km<\/h4>\n<h3 style=\"text-align: center;\">GEOBISION 100-2<\/h3>\n<p style=\"text-align: justify;\">El UAV mediano de largo alcance certificado para volar con plan de vuelo hasta por 100 Km y 2 horas<\/p>\n<p>[\/vc_column_text][\/vc_column][vc_column width=\u00bb1\/3&#8243; css=\u00bb.vc_custom_1475271328897{padding-right: 20px !important;padding-left: 20px !important;}\u00bb][vc_column_text]<img decoding=\"async\" class=\"so-widget-image\" src=\"http:\/\/www.geobis.com\/wp-content\/uploads\/2015\/12\/drone-2002.png\" srcset=\"\" \/><\/p>\n<h4 style=\"text-align: center;\">150km<\/h4>\n<h3 style=\"text-align: center;\">GEOBISION 200-2<\/h3>\n<p style=\"text-align: justify;\">El UAV de largo alcance certificado para volar con plan de vuelo hasta por 150 Km y 2.5 horas<\/p>\n<p>[\/vc_column_text][\/vc_column][\/vc_row][vc_row top=\u00bb20px\u00bb bottom=\u00bb20px\u00bb][vc_column][vc_column_text css_animation=\u00bbbottom-to-top\u00bb]<img decoding=\"async\" class=\"so-widget-image\" src=\"http:\/\/localhost\/pruebas\/wp-content\/uploads\/2015\/12\/iconos-espa\u00f1ol.png\" \/>[\/vc_column_text][vc_separator color=\u00bb#0066cb\u00bb align=\u00bbright\u00bb css_animation=\u00bbappear\u00bb][\/vc_column][\/vc_row][vc_row top=\u00bb20px\u00bb bottom=\u00bb80px\u00bb][vc_column width=\u00bb1\/2&#8243;][vc_column_text css_animation=\u00bbbottom-to-top\u00bb]<\/p>\n<h4>\u00bfEst\u00e1 interesado en nuestros servicios de Drones<\/h4>\n<p>Por Favor, Complete el siguiente formulario y env\u00edelo<br \/>\nLos campos marcados con asterisco (*) son requeridos.[\/vc_column_text]<div class=\"wpforms-container \" id=\"wpforms-6686\"><form id=\"wpforms-form-6686\" class=\"wpforms-validate wpforms-form\" data-formid=\"6686\" method=\"post\" enctype=\"multipart\/form-data\" action=\"\/es\/wp-json\/wp\/v2\/pages\/5104\" data-token=\"6468d06e8fcf4ebf55cf81c61fe3d7fd\" data-token-time=\"1777311260\"><noscript class=\"wpforms-error-noscript\">Por favor, activa JavaScript en tu navegador para completar este formulario.<\/noscript><div class=\"wpforms-field-container\"><div id=\"wpforms-6686-field_2-container\" class=\"wpforms-field wpforms-field-name\" data-field-id=\"2\"><label class=\"wpforms-field-label\" for=\"wpforms-6686-field_2\">Nombre <span class=\"wpforms-required-label\">*<\/span><\/label><div class=\"wpforms-field-row wpforms-field-large\"><div class=\"wpforms-field-row-block wpforms-first wpforms-one-half\"><input type=\"text\" id=\"wpforms-6686-field_2\" class=\"wpforms-field-name-first wpforms-field-required\" name=\"wpforms[fields][2][first]\" placeholder=\"Nombre\" required><label for=\"wpforms-6686-field_2\" class=\"wpforms-field-sublabel after wpforms-sublabel-hide\">Nombre<\/label><\/div><div class=\"wpforms-field-row-block wpforms-one-half\"><input type=\"text\" id=\"wpforms-6686-field_2-last\" class=\"wpforms-field-name-last wpforms-field-required\" name=\"wpforms[fields][2][last]\" placeholder=\"Apellido\" required><label for=\"wpforms-6686-field_2-last\" class=\"wpforms-field-sublabel after wpforms-sublabel-hide\">Apellidos<\/label><\/div><\/div><\/div><div id=\"wpforms-6686-field_3-container\" class=\"wpforms-field wpforms-field-email\" data-field-id=\"3\"><label class=\"wpforms-field-label\" for=\"wpforms-6686-field_3\">Email <span class=\"wpforms-required-label\">*<\/span><\/label><input type=\"email\" id=\"wpforms-6686-field_3\" class=\"wpforms-field-large wpforms-field-required\" name=\"wpforms[fields][3]\" spellcheck=\"false\" required><\/div><div id=\"wpforms-6686-field_1-container\" class=\"wpforms-field wpforms-field-text\" data-field-id=\"1\"><label class=\"wpforms-field-label\" for=\"wpforms-6686-field_1\">Pa\u00eds <span class=\"wpforms-required-label\">*<\/span><\/label><input type=\"text\" id=\"wpforms-6686-field_1\" class=\"wpforms-field-large wpforms-field-required\" name=\"wpforms[fields][1]\" required><\/div><div id=\"wpforms-6686-field_4-container\" class=\"wpforms-field wpforms-field-text\" data-field-id=\"4\"><label class=\"wpforms-field-label\" for=\"wpforms-6686-field_4\">Tel\u00e9fono de Contacto <span class=\"wpforms-required-label\">*<\/span><\/label><input type=\"text\" id=\"wpforms-6686-field_4\" class=\"wpforms-field-large wpforms-field-required\" name=\"wpforms[fields][4]\" required><\/div><div id=\"wpforms-6686-field_5-container\" class=\"wpforms-field wpforms-field-text\" data-field-id=\"5\"><label class=\"wpforms-field-label\" for=\"wpforms-6686-field_5\">Asunto <span class=\"wpforms-required-label\">*<\/span><\/label><input type=\"text\" id=\"wpforms-6686-field_5\" class=\"wpforms-field-large wpforms-field-required\" name=\"wpforms[fields][5]\" required><\/div><div id=\"wpforms-6686-field_6-container\" class=\"wpforms-field wpforms-field-textarea\" data-field-id=\"6\"><label class=\"wpforms-field-label\" for=\"wpforms-6686-field_6\">Mensaje<\/label><textarea id=\"wpforms-6686-field_6\" class=\"wpforms-field-small\" name=\"wpforms[fields][6]\" ><\/textarea><\/div><\/div><!-- .wpforms-field-container --><div class=\"wpforms-field wpforms-field-hp\"><label for=\"wpforms-6686-field-hp\" class=\"wpforms-field-label\">Message<\/label><input type=\"text\" name=\"wpforms[hp]\" id=\"wpforms-6686-field-hp\" class=\"wpforms-field-medium\"><\/div><div class=\"wpforms-recaptcha-container wpforms-is-recaptcha wpforms-is-recaptcha-type-v2\" ><div class=\"g-recaptcha\" data-sitekey=\"6Lc0rx8UAAAAAN-st5jNtyqp90jDnw3AFephYtlU\"><\/div><input type=\"text\" name=\"g-recaptcha-hidden\" class=\"wpforms-recaptcha-hidden\" style=\"position:absolute!important;clip:rect(0,0,0,0)!important;height:1px!important;width:1px!important;border:0!important;overflow:hidden!important;padding:0!important;margin:0!important;\" data-rule-recaptcha=\"1\"><\/div><div class=\"wpforms-submit-container\" ><input type=\"hidden\" name=\"wpforms[id]\" value=\"6686\"><input type=\"hidden\" name=\"page_title\" value=\"\"><input type=\"hidden\" name=\"page_url\" value=\"https:\/\/www.geobis.com\/es\/wp-json\/wp\/v2\/pages\/5104\"><input type=\"hidden\" name=\"url_referer\" value=\"\"><button type=\"submit\" name=\"wpforms[submit]\" id=\"wpforms-submit-6686\" class=\"wpforms-submit\" data-alt-text=\"Enviando...\" data-submit-text=\"Enviar\" aria-live=\"assertive\" value=\"wpforms-submit\">Enviar<\/button><\/div><\/form><\/div>  <!-- .wpforms-container -->[\/vc_column][vc_column width=\u00bb1\/2&#8243;][vc_column_text css_animation=\u00bbbottom-to-top\u00bb]<img decoding=\"async\" class=\"so-widget-image\" src=\"http:\/\/localhost\/pruebas\/wp-content\/uploads\/2015\/12\/iconos.png\" \/>[\/vc_column_text][vc_column_text css_animation=\u00bbbottom-to-top\u00bb]<a href=\"http:\/\/www.geobis.com\/\/pdf\/DronesUAVs&amp;UAS\" target=\"_blank\" rel=\"noopener\"> <img decoding=\"async\" class=\"so-widget-image\" src=\"http:\/\/www.geobis.com\/es\/wp-content\/uploads\/2015\/12\/caratula-drones-espanol.png\" \/><\/a>[\/vc_column_text][vc_empty_space height=\u00bb20px\u00bb][vc_button title=\u00bbDescargue Aqu\u00ed\u00bb button_align=\u00bbbtn_fl\u00bb color=\u00bbbtn_blue\u00bb border_radius=\u00bbround\u00bb link=\u00bburl:http%3A%2F%2Fwww.geobis.com%2F%2Fpdf%2FDronesUAVs%26UAS||target:%20_blank|\u00bb][\/vc_column][\/vc_row]<\/p>\n<\/div>","protected":false},"excerpt":{"rendered":"<p>[vc_row full_content_width=\u00bbrow-inner-full\u00bb top=\u00bb70px\u00bb bottom=\u00bb0px\u00bb bg_type=\u00bbimage\u00bb parallax_bg=\u00bbparallax-bg\u00bb speed=\u00bb0.50&#8243; bg_cover=\u00bbcover\u00bb bg_repeat=\u00bbno-repeat\u00bb bg_position=\u00bbCenter bottom\u00bb row_show_on=\u00bbhide_mobile_landscape,hide_mobile_portrait\u00bb bg_color=\u00bb#0066cb\u00bb bg_image=\u00bb6852&#8243; overlay_color=\u00bbrgba(10,10,10,0.3)\u00bb][vc_column][vc_empty_space height=\u00bb150px\u00bb][vc_custom_heading text=\u00bbDRONES, UAVs &amp; UAS\u00bb font_container=\u00bbtag:h1|font_size:80px|text_align:center|color:%23ffffff|line_height:80px\u00bb use_theme_fonts=\u00bbyes\u00bb css_animation=\u00bbzoomIn\u00bb][vc_empty_space height=\u00bb150px\u00bb][\/vc_column][\/vc_row][vc_row full_content_width=\u00bbrow-inner-full\u00bb&#8230;  <\/p>\n<div class=\"read-more\"><a class=\"excerpt-read-more\" href=\"https:\/\/www.geobis.com\/es\/drones\/\" title=\"Continue reading Drones Geobision\">Read more<i class=\"fa fa-angle-right\"><\/i><\/a><\/div>\n","protected":false},"author":4,"featured_media":6852,"parent":0,"menu_order":0,"comment_status":"closed","ping_status":"closed","template":"page-full-width.php","meta":{"footnotes":""},"class_list":["post-5104","page","type-page","status-publish","has-post-thumbnail","hentry"],"_links":{"self":[{"href":"https:\/\/www.geobis.com\/es\/wp-json\/wp\/v2\/pages\/5104","targetHints":{"allow":["GET"]}}],"collection":[{"href":"https:\/\/www.geobis.com\/es\/wp-json\/wp\/v2\/pages"}],"about":[{"href":"https:\/\/www.geobis.com\/es\/wp-json\/wp\/v2\/types\/page"}],"author":[{"embeddable":true,"href":"https:\/\/www.geobis.com\/es\/wp-json\/wp\/v2\/users\/4"}],"replies":[{"embeddable":true,"href":"https:\/\/www.geobis.com\/es\/wp-json\/wp\/v2\/comments?post=5104"}],"version-history":[{"count":5,"href":"https:\/\/www.geobis.com\/es\/wp-json\/wp\/v2\/pages\/5104\/revisions"}],"predecessor-version":[{"id":7501,"href":"https:\/\/www.geobis.com\/es\/wp-json\/wp\/v2\/pages\/5104\/revisions\/7501"}],"wp:featuredmedia":[{"embeddable":true,"href":"https:\/\/www.geobis.com\/es\/wp-json\/wp\/v2\/media\/6852"}],"wp:attachment":[{"href":"https:\/\/www.geobis.com\/es\/wp-json\/wp\/v2\/media?parent=5104"}],"curies":[{"name":"wp","href":"https:\/\/api.w.org\/{rel}","templated":true}]}}