{"id":5125,"date":"2017-01-05T22:58:24","date_gmt":"2017-01-06T03:58:24","guid":{"rendered":"http:\/\/www.geobis.com\/es\/?page_id=5125"},"modified":"2017-09-22T15:57:16","modified_gmt":"2017-09-22T20:57:16","slug":"servicios","status":"publish","type":"page","link":"https:\/\/www.geobis.com\/es\/servicios\/","title":{"rendered":"Servicios"},"content":{"rendered":"<div class=\"wpb-content-wrapper\"><p>[vc_row full_content_width=\u00bbrow-inner-full\u00bb top=\u00bb70px\u00bb bottom=\u00bb0px\u00bb bg_type=\u00bbimage\u00bb parallax_bg=\u00bbparallax-bg\u00bb speed=\u00bb0.50&#8243; bg_cover=\u00bbcover\u00bb bg_repeat=\u00bbno-repeat\u00bb bg_position=\u00bbCenter center\u00bb row_show_on=\u00bbhide_mobile_landscape,hide_mobile_portrait\u00bb bg_image=\u00bb6923&#8243; overlay_color=\u00bbrgba(10,10,10,0.3)\u00bb][vc_column][vc_empty_space height=\u00bb150px\u00bb][vc_custom_heading text=\u00bbSERVICIOS\u00bb font_container=\u00bbtag:h1|font_size:80px|text_align:center|color:%23ffffff|line_height:80px\u00bb use_theme_fonts=\u00bbyes\u00bb css_animation=\u00bbzoomIn\u00bb][vc_empty_space height=\u00bb150px\u00bb][\/vc_column][\/vc_row][vc_row full_content_width=\u00bbrow-inner-full\u00bb top=\u00bb70px\u00bb bottom=\u00bb0px\u00bb bg_type=\u00bbimage\u00bb parallax_bg=\u00bbparallax-bg\u00bb speed=\u00bb0.50&#8243; bg_cover=\u00bbcover\u00bb bg_repeat=\u00bbno-repeat\u00bb bg_position=\u00bbCenter top\u00bb row_show_on=\u00bbhide_on_normal_screen,hide_tablet_landscape,hide_tablet_portrait\u00bb bg_image=\u00bb6923&#8243; overlay_color=\u00bbrgba(10,10,10,0.3)\u00bb][vc_column][vc_empty_space height=\u00bb150px\u00bb][vc_custom_heading text=\u00bbSERVICIOS\u00bb font_container=\u00bbtag:h1|text_align:center|color:%23ffffff\u00bb use_theme_fonts=\u00bbyes\u00bb css_animation=\u00bbzoomIn\u00bb][vc_empty_space height=\u00bb150px\u00bb][\/vc_column][\/vc_row][vc_row top=\u00bb40px\u00bb bottom=\u00bb40px\u00bb columns_placement=\u00bbmiddle\u00bb][vc_column][vc_tour interval=\u00bb0&#8243;][vc_tab type=\u00bbfontawesome\u00bb icon_fontawesome=\u00bbfa fa-map\u00bb title=\u00bb<strong>AN\u00c1LISIS DE LUGAR<\/strong>\u00bb tab_id=\u00bb1500474235-1-77&#8243;][vc_single_image image=\u00bb6670&#8243; img_size=\u00bbfull\u00bb alignment=\u00bbcenter\u00bb style=\u00bbvc_box_rounded\u00bb onclick=\u00bblink_image\u00bb css_animation=\u00bbfadeInUpBig\u00bb][vc_column_text css_animation=\u00bbbottom-to-top\u00bb]<\/p>\n<h2><a href=\"http:\/\/www.geobis.com\/es\/analisis-de-lugares\/\">AN\u00c1LISIS DE LUGAR<\/a><\/h2>\n<p style=\"text-align: justify;\"><strong>\u00bfQu\u00e9 hay all\u00ed?\u00a0<\/strong>La respuesta a este interrogante es fundamental, ya que cada sitio es \u00fanico en relaci\u00f3n al mercado. El An\u00e1lisis del Sitio trae informaci\u00f3n de un lugar en diferentes \u00e1ngulos. Esto hace una diferencia real en cualquier planificaci\u00f3n de la estrategia comercial.<\/p>\n<p>[\/vc_column_text][vc_empty_space height=\u00bb20px\u00bb][vc_btn title=\u00bbM\u00e1s Informaci\u00f3n\u00bb style=\u00bboutline\u00bb color=\u00bbprimary\u00bb align=\u00bbcenter\u00bb css_animation=\u00bbslideInUp\u00bb link=\u00bburl:http%3A%2F%2Fwww.geobis.com%2Fes%2Fanalisis-de-lugares%2F|||\u00bb][\/vc_tab][vc_tab type=\u00bbfontawesome\u00bb icon_fontawesome=\u00bbfa fa-thumb-tack\u00bb title=\u00bb<strong>MARKET ANALYTICS<\/strong>\u00bb tab_id=\u00bb1500474235-2-69&#8243;][vc_single_image image=\u00bb6671&#8243; img_size=\u00bbfull\u00bb alignment=\u00bbcenter\u00bb style=\u00bbvc_box_rounded\u00bb onclick=\u00bblink_image\u00bb css_animation=\u00bbfadeInUpBig\u00bb][vc_column_text css_animation=\u00bbbottom-to-top\u00bb]<\/p>\n<h2><a href=\"http:\/\/www.geobis.com\/es\/market-analytics\/\">MARKET ANALYTICS<\/a><\/h2>\n<p style=\"text-align: justify;\">Preparaci\u00f3n de una estrategia con el fin de identificar las \u00e1reas con mayor potencial de mercado y saber qu\u00e9 tan lejos puede llegar con su equipo de ventas. Geobis Internacional entiende esto y sabe c\u00f3mo cubrir de manera eficiente estas \u00e1reas.<\/p>\n<p>[\/vc_column_text][vc_empty_space height=\u00bb20px\u00bb][vc_btn title=\u00bbM\u00e1s Informaci\u00f3n\u00bb style=\u00bboutline\u00bb color=\u00bbprimary\u00bb align=\u00bbcenter\u00bb css_animation=\u00bbslideInUp\u00bb link=\u00bburl:http%3A%2F%2Fwww.geobis.com%2Fes%2Fmarket-analytics%2F|||\u00bb][\/vc_tab][vc_tab type=\u00bbfontawesome\u00bb icon_fontawesome=\u00bbfa fa-map-marker\u00bb title=\u00bb<strong>INTELIGENCIA DE LOCALIZACI\u00d3N<\/strong>\u00bb tab_id=\u00bb1500475627236-2-9&#8243;][vc_single_image image=\u00bb6672&#8243; img_size=\u00bbfull\u00bb alignment=\u00bbcenter\u00bb style=\u00bbvc_box_rounded\u00bb onclick=\u00bblink_image\u00bb css_animation=\u00bbfadeInUpBig\u00bb][vc_column_text css_animation=\u00bbbottom-to-top\u00bb]<\/p>\n<h2><a href=\"http:\/\/www.geobis.com\/es\/inteligencia-de-localizacion\/\">INTELIGENCIA DE LOCALIZACI\u00d3N<\/a><\/h2>\n<p style=\"text-align: justify;\">Es importante localizar clientes geogr\u00e1ficamente. La localizaci\u00f3n de los clientes es s\u00f3lo el principio, mostrando su ubicaci\u00f3n en un mapa entender\u00e1 y podr\u00e1 analizar su comportamiento y relaciones con ventas, mercadeo y territorios de influencia.<\/p>\n<p>[\/vc_column_text][vc_empty_space height=\u00bb20px\u00bb][vc_btn title=\u00bbM\u00e1s Informaci\u00f3n\u00bb style=\u00bboutline\u00bb color=\u00bbprimary\u00bb align=\u00bbcenter\u00bb css_animation=\u00bbslideInUp\u00bb link=\u00bburl:http%3A%2F%2Fwww.geobis.com%2Fes%2Finteligencia-de-localizacion%2F|||\u00bb][\/vc_tab][vc_tab type=\u00bbfontawesome\u00bb icon_fontawesome=\u00bbfa fa-hand-o-down\u00bb title=\u00bb<strong>GEOCODING GEDOTS<\/strong>\u00bb tab_id=\u00bb1500475679691-3-2&#8243;][vc_single_image image=\u00bb6673&#8243; img_size=\u00bbfull\u00bb alignment=\u00bbcenter\u00bb style=\u00bbvc_box_rounded\u00bb onclick=\u00bblink_image\u00bb css_animation=\u00bbfadeInUpBig\u00bb][vc_column_text css_animation=\u00bbbottom-to-top\u00bb]<\/p>\n<h2><a href=\"http:\/\/www.geobis.com\/es\/gedots-geocodificacion\/\">GEOCODING \u00a0*GEDOTS<\/a><\/h2>\n<p style=\"text-align: justify;\">Ubique la informaci\u00f3n de sus clientes sobre un mapa digital haciendo geocodificaci\u00f3n. Utilice sus bases de datos comerciales y con\u00e9ctese al mejor motor profesional de Georeferenciaci\u00f3n: GeDots Cloud, desde servidores, PCs, tabletas o tel\u00e9fonos inteligentes.<\/p>\n<p>[\/vc_column_text][vc_empty_space height=\u00bb20px\u00bb][vc_btn title=\u00bbM\u00e1s Informaci\u00f3n\u00bb style=\u00bboutline\u00bb color=\u00bbprimary\u00bb align=\u00bbcenter\u00bb css_animation=\u00bbslideInUp\u00bb link=\u00bburl:http%3A%2F%2Fwww.geobis.com%2Fes%2Fgedots-geocodificacion%2F|||\u00bb][\/vc_tab][vc_tab type=\u00bbfontawesome\u00bb icon_fontawesome=\u00bbfa fa-map-o\u00bb title=\u00bb<strong>MAPAS DIGITALES<\/strong>\u00bb tab_id=\u00bb1500476225033-4-4&#8243;][vc_single_image image=\u00bb6674&#8243; img_size=\u00bbfull\u00bb alignment=\u00bbcenter\u00bb style=\u00bbvc_box_rounded\u00bb onclick=\u00bblink_image\u00bb css_animation=\u00bbfadeInUpBig\u00bb][vc_column_text css_animation=\u00bbbottom-to-top\u00bb]<\/p>\n<h2><a href=\"http:\/\/www.geobis.com\/es\/worldwide-digital-maps\/\">MAPAS\u00a0DIGITALES<\/a><\/h2>\n<p style=\"text-align: justify;\">Encuentre Mapas Digitales del mundo e informaci\u00f3n detallada sobre Socio-Demogr\u00e1fica por pa\u00edses, regiones, nivel de bloque, las principales ciudades y zonas pobladas. Disponible en diferentes formatos: KML, Google Earth, Oracle Spatial, ESRI (SHP), Mapinfo (Tab) entre otros.<\/p>\n<p>[\/vc_column_text][vc_empty_space height=\u00bb20px\u00bb][vc_btn title=\u00bbM\u00e1s Informaci\u00f3n\u00bb style=\u00bboutline\u00bb color=\u00bbprimary\u00bb align=\u00bbcenter\u00bb css_animation=\u00bbslideInUp\u00bb link=\u00bburl:http%3A%2F%2Fwww.geobis.com%2Fes%2Fworldwide-digital-maps%2F|||\u00bb][\/vc_tab][vc_tab type=\u00bbfontawesome\u00bb icon_fontawesome=\u00bbfa fa-users\u00bb title=\u00bb<strong>CONSULTOR\u00cdA<\/strong>\u00bb tab_id=\u00bb1500476302594-5-1&#8243;][vc_single_image image=\u00bb6675&#8243; img_size=\u00bbfull\u00bb alignment=\u00bbcenter\u00bb style=\u00bbvc_box_rounded\u00bb onclick=\u00bblink_image\u00bb css_animation=\u00bbfadeInUpBig\u00bb][vc_column_text css_animation=\u00bbbottom-to-top\u00bb]<\/p>\n<h2><a href=\"http:\/\/www.geobis.com\/es\/consultoria\/\">CONSULTOR\u00cdA<\/a><\/h2>\n<p style=\"text-align: justify;\">Servicios de Consultor\u00eda en temas Geogr\u00e1ficos e inteligencia de negocio en las siguientes \u00e1reas: An\u00e1lisis de Mercado, An\u00e1lisis del sitio, Profiling, Toma de Decisiones, GIS, mapas digitales, Socio Geodemographics y geocodificaci\u00f3n.<\/p>\n<p>[\/vc_column_text][vc_empty_space height=\u00bb20px\u00bb][vc_btn title=\u00bbM\u00e1s Informaci\u00f3n\u00bb style=\u00bboutline\u00bb color=\u00bbprimary\u00bb align=\u00bbcenter\u00bb css_animation=\u00bbslideInUp\u00bb link=\u00bburl:http%3A%2F%2Fwww.geobis.com%2Fes%2Fconsultoria%2F|||\u00bb][\/vc_tab][\/vc_tour][\/vc_column][\/vc_row][vc_row top=\u00bb10px\u00bb bottom=\u00bb20px\u00bb][vc_column][vc_separator style=\u00bbtilt\u00bb color=\u00bb#0066cb\u00bb][vc_empty_space height=\u00bb40px\u00bb][vc_heading h_size=\u00bbh-large\u00bb title=\u00bbOtros Servicios\u00bb title_tag=\u00bbh2&#8243; title_color=\u00bb#0066cb\u00bb subtitle=\u00bbGeobis International\u00bb subtitle_tag=\u00bbh5&#8243; subtitle_color=\u00bb#708193&#8243; divider=\u00bbdiv-between\u00bb][\/vc_column][\/vc_row][vc_row top=\u00bb20px\u00bb bottom=\u00bb20px\u00bb columns_placement=\u00bbbottom\u00bb][vc_column width=\u00bb1\/3&#8243;][vc_single_image image=\u00bb6676&#8243; img_size=\u00bb230&#215;230&#8243; alignment=\u00bbcenter\u00bb][\/vc_column][vc_column width=\u00bb2\/3&#8243;][vc_heading title=\u00bbMapSimplicity\u00bb title_tag=\u00bbh3&#8243; title_color=\u00bb#4e6278&#8243; divider=\u00bbdiv-below\u00bb divider_type=\u00bbdiv-wide\u00bb divider_color=\u00bb#0066cb\u00bb alignment=\u00bbalign-left\u00bb css_animation=\u00bbleft-to-right\u00bb][vc_column_text]<\/p>\n<p style=\"text-align: justify;\">MapSimplicity es la plataforma que le ayudar\u00e1 a mejorar la Inteligencia Geogr\u00e1fica de Negocios (Geographic Business Intelligence) con herramientas de gran alcance que alimentan la toma de sus decisiones.<\/p>\n<p>[\/vc_column_text][vc_empty_space height=\u00bb20px\u00bb][vc_btn title=\u00bb<strong>MAPSIMPLICITY<\/strong>\u00bb color=\u00bbinfo\u00bb size=\u00bbsm\u00bb css_animation=\u00bbleft-to-right\u00bb link=\u00bburl:http%3A%2F%2Fwww.geobis.com%2Fes%2Fmapsimplicity%2F|||\u00bb][\/vc_column][\/vc_row]<\/p>\n<\/div>","protected":false},"excerpt":{"rendered":"<p>[vc_row full_content_width=\u00bbrow-inner-full\u00bb top=\u00bb70px\u00bb bottom=\u00bb0px\u00bb bg_type=\u00bbimage\u00bb parallax_bg=\u00bbparallax-bg\u00bb speed=\u00bb0.50&#8243; bg_cover=\u00bbcover\u00bb bg_repeat=\u00bbno-repeat\u00bb bg_position=\u00bbCenter center\u00bb row_show_on=\u00bbhide_mobile_landscape,hide_mobile_portrait\u00bb bg_image=\u00bb6923&#8243; overlay_color=\u00bbrgba(10,10,10,0.3)\u00bb][vc_column][vc_empty_space height=\u00bb150px\u00bb][vc_custom_heading text=\u00bbSERVICIOS\u00bb font_container=\u00bbtag:h1|font_size:80px|text_align:center|color:%23ffffff|line_height:80px\u00bb use_theme_fonts=\u00bbyes\u00bb css_animation=\u00bbzoomIn\u00bb][vc_empty_space height=\u00bb150px\u00bb][\/vc_column][\/vc_row][vc_row full_content_width=\u00bbrow-inner-full\u00bb top=\u00bb70px\u00bb bottom=\u00bb0px\u00bb bg_type=\u00bbimage\u00bb parallax_bg=\u00bbparallax-bg\u00bb&#8230;  <\/p>\n<div class=\"read-more\"><a class=\"excerpt-read-more\" href=\"https:\/\/www.geobis.com\/es\/servicios\/\" title=\"Continue reading Servicios\">Read more<i class=\"fa fa-angle-right\"><\/i><\/a><\/div>\n","protected":false},"author":4,"featured_media":6923,"parent":0,"menu_order":0,"comment_status":"closed","ping_status":"closed","template":"page-full-width.php","meta":{"footnotes":""},"class_list":["post-5125","page","type-page","status-publish","has-post-thumbnail","hentry"],"_links":{"self":[{"href":"https:\/\/www.geobis.com\/es\/wp-json\/wp\/v2\/pages\/5125","targetHints":{"allow":["GET"]}}],"collection":[{"href":"https:\/\/www.geobis.com\/es\/wp-json\/wp\/v2\/pages"}],"about":[{"href":"https:\/\/www.geobis.com\/es\/wp-json\/wp\/v2\/types\/page"}],"author":[{"embeddable":true,"href":"https:\/\/www.geobis.com\/es\/wp-json\/wp\/v2\/users\/4"}],"replies":[{"embeddable":true,"href":"https:\/\/www.geobis.com\/es\/wp-json\/wp\/v2\/comments?post=5125"}],"version-history":[{"count":7,"href":"https:\/\/www.geobis.com\/es\/wp-json\/wp\/v2\/pages\/5125\/revisions"}],"predecessor-version":[{"id":6924,"href":"https:\/\/www.geobis.com\/es\/wp-json\/wp\/v2\/pages\/5125\/revisions\/6924"}],"wp:featuredmedia":[{"embeddable":true,"href":"https:\/\/www.geobis.com\/es\/wp-json\/wp\/v2\/media\/6923"}],"wp:attachment":[{"href":"https:\/\/www.geobis.com\/es\/wp-json\/wp\/v2\/media?parent=5125"}],"curies":[{"name":"wp","href":"https:\/\/api.w.org\/{rel}","templated":true}]}}