{"id":5149,"date":"2016-01-06T16:19:34","date_gmt":"2016-01-06T16:19:34","guid":{"rendered":"http:\/\/www.geobis.com\/es\/?page_id=5149"},"modified":"2017-09-18T17:11:29","modified_gmt":"2017-09-18T22:11:29","slug":"productos","status":"publish","type":"page","link":"https:\/\/www.geobis.com\/es\/productos\/","title":{"rendered":"Productos"},"content":{"rendered":"<div class=\"wpb-content-wrapper\"><p>[vc_row full_content_width=\u00bbrow-inner-full\u00bb top=\u00bb70px\u00bb bottom=\u00bb0px\u00bb bg_type=\u00bbimage\u00bb parallax_bg=\u00bbparallax-bg\u00bb speed=\u00bb0.50&#8243; bg_cover=\u00bbcover\u00bb bg_repeat=\u00bbno-repeat\u00bb bg_position=\u00bbCenter top\u00bb row_show_on=\u00bbhide_mobile_landscape,hide_mobile_portrait\u00bb bg_color=\u00bb#0066cb\u00bb bg_image=\u00bb6755&#8243; overlay_color=\u00bbrgba(10,10,10,0.3)\u00bb][vc_column][vc_empty_space height=\u00bb150px\u00bb][vc_custom_heading text=\u00bbPRODUCTOS\u00bb font_container=\u00bbtag:h1|font_size:80px|text_align:center|color:%23ffffff|line_height:80px\u00bb use_theme_fonts=\u00bbyes\u00bb css_animation=\u00bbzoomIn\u00bb][vc_empty_space height=\u00bb150px\u00bb][\/vc_column][\/vc_row][vc_row full_content_width=\u00bbrow-inner-full\u00bb top=\u00bb70px\u00bb bottom=\u00bb0px\u00bb bg_type=\u00bbimage\u00bb parallax_bg=\u00bbparallax-bg\u00bb speed=\u00bb0.50&#8243; bg_cover=\u00bbcover\u00bb bg_repeat=\u00bbno-repeat\u00bb bg_position=\u00bbCenter bottom\u00bb row_show_on=\u00bbhide_on_normal_screen,hide_tablet_landscape,hide_tablet_portrait\u00bb bg_color=\u00bb#0066cb\u00bb bg_image=\u00bb6755&#8243; overlay_color=\u00bbrgba(10,10,10,0.3)\u00bb][vc_column][vc_empty_space height=\u00bb150px\u00bb][vc_custom_heading text=\u00bbPRODUCTOS\u00bb font_container=\u00bbtag:h1|text_align:center|color:%23ffffff\u00bb use_theme_fonts=\u00bbyes\u00bb css_animation=\u00bbzoomIn\u00bb][vc_empty_space height=\u00bb150px\u00bb][\/vc_column][\/vc_row][vc_row top=\u00bb90px\u00bb bottom=\u00bb20px\u00bb][vc_column width=\u00bb1\/3&#8243; css_animation=\u00bbbottom-to-top\u00bb css_animation_delay=\u00bbdelay-100&#8243;][vc_magic_image image=\u00bb6752&#8243; alignment=\u00bbcenter\u00bb img_link=\u00bbpage_link\u00bb css_animation=\u00bbbottom-to-top\u00bb img_size=\u00bbfull\u00bb link=\u00bburl:http%3A%2F%2Fwww.geobis.com%2Fes%2Fmapsimplicity%2F|||\u00bb][vc_empty_space height=\u00bb15px\u00bb][vc_column_text css_animation=\u00bbbottom-to-top\u00bb]<\/p>\n<h2><a style=\"text-decoration: none; color: #0066cb;\" href=\"http:\/\/www.geobis.com\/es\/mapsimplicity\/\">MapSimplicity<\/a><\/h2>\n<p style=\"text-align: justify;\">La forma simple y profesional para mejorar la inteligencia geogr\u00e1fica de negocios (GBI) alimentando su toma de decisiones con informaci\u00f3n actualizada, mapas digitales, im\u00e1genes y datos geogr\u00e1ficos a lo largo de las Am\u00e9ricas y el Caribe.<\/p>\n<p>[\/vc_column_text][\/vc_column][vc_column width=\u00bb1\/3&#8243; css_animation=\u00bbbottom-to-top\u00bb css_animation_delay=\u00bbdelay-300&#8243;][vc_magic_image image=\u00bb6753&#8243; alignment=\u00bbcenter\u00bb img_link=\u00bbpage_link\u00bb css_animation=\u00bbbottom-to-top\u00bb img_size=\u00bbfull\u00bb link=\u00bburl:http%3A%2F%2Fwww.geobis.com%2Fes%2Fgedots-geocodificacion%2F|||\u00bb][vc_empty_space height=\u00bb15px\u00bb][vc_column_text css_animation=\u00bbbottom-to-top\u00bb]<\/p>\n<h2><a style=\"text-decoration: none; color: #0066cb;\" href=\"http:\/\/www.geobis.com\/es\/gedots-geocodificacion\/\">Geocoding *GeDots<\/a><\/h2>\n<p style=\"text-align: justify;\">Localice su informaci\u00f3n sobre un mapa digital mediante el uso de geocodificaci\u00f3n. Utilice sus bases de datos de clientes y con\u00e9ctese a la m\u00e1s potente herramienta de georeferenciaci\u00f3n en la nube: GeDots profesional con acceso desde servidores, ordenadores, tabletas o tel\u00e9fonos inteligentes.<\/p>\n<p>[\/vc_column_text][\/vc_column][vc_column width=\u00bb1\/3&#8243; css_animation=\u00bbbottom-to-top\u00bb css_animation_delay=\u00bbdelay-500&#8243;][vc_magic_image image=\u00bb6894&#8243; alignment=\u00bbcenter\u00bb img_link=\u00bbpage_link\u00bb css_animation=\u00bbbottom-to-top\u00bb img_size=\u00bbfull\u00bb link=\u00bburl:http%3A%2F%2Fwww.geobis.com%2Fes%2Fcrm%2F|||\u00bb][vc_empty_space height=\u00bb15px\u00bb][vc_column_text css_animation=\u00bbbottom-to-top\u00bb]<\/p>\n<h2><a style=\"text-decoration: none; color: #0066cb;\" href=\"http:\/\/www.geobis.com\/es\/crm\/\">Geo CRM<\/a><\/h2>\n<p style=\"text-align: justify;\">Mejore la funcionalidad de su empresa con una completa soluci\u00f3n que le permite el entender mejor a sus clientes, fidelizarlos y almacenar informaci\u00f3n clave para el desarrollo comercial de su empresa.<\/p>\n<p>[\/vc_column_text][\/vc_column][\/vc_row][vc_row top=\u00bb30px\u00bb bottom=\u00bb30px\u00bb][vc_column][vc_separator style=\u00bbtilt\u00bb color=\u00bb#0066cb\u00bb][\/vc_column][\/vc_row][vc_row top=\u00bb20px\u00bb bottom=\u00bb40px\u00bb][vc_column width=\u00bb1\/3&#8243; css_animation=\u00bbbottom-to-top\u00bb css_animation_delay=\u00bbdelay-100&#8243;][vc_magic_image image=\u00bb5262&#8243; alignment=\u00bbcenter\u00bb img_link=\u00bbpage_link\u00bb css_animation=\u00bbbottom-to-top\u00bb img_size=\u00bbfull\u00bb link=\u00bburl:http%3A%2F%2Fwww.geobis.net%2F|||\u00bb][vc_empty_space height=\u00bb15px\u00bb][vc_column_text css_animation=\u00bbbottom-to-top\u00bb]<\/p>\n<h2><a style=\"text-decoration: none; color: #0066cb;\" href=\"http:\/\/www.geobis.net\/\">Mapas Digitales<\/a><\/h2>\n<p style=\"text-align: justify;\">Mapas digitales de todo el mundo e informaci\u00f3n Socio-Demogr\u00e1fica detallada por pa\u00eds, regi\u00f3n y a nivel cuadrante, adicionalmente las principales ciudades y \u00e1reas pobladas disponibles en diferentes formatos: KML, Google Earth, Oracle Spatial, ESRI, (SHP), Mapinfo (.tab) entre otros.<\/p>\n<p>[\/vc_column_text][\/vc_column][vc_column width=\u00bb1\/3&#8243; css_animation=\u00bbbottom-to-top\u00bb css_animation_delay=\u00bbdelay-300&#8243;][vc_magic_image image=\u00bb5285&#8243; alignment=\u00bbcenter\u00bb img_link=\u00bbpage_link\u00bb css_animation=\u00bbbottom-to-top\u00bb img_size=\u00bbfull\u00bb link=\u00bburl:http%3A%2F%2Fwww.geobis.com%2Fes%2Fdatos-mapas-3d%2F|||\u00bb][vc_empty_space height=\u00bb15px\u00bb][vc_column_text css_animation=\u00bbbottom-to-top\u00bb]<\/p>\n<h2><a style=\"text-decoration: none; color: #0066cb;\" href=\"http:\/\/www.geobis.com\/es\/datos-mapas-3d\/\">Datos y Mapas 3D XYZ<\/a><\/h2>\n<p style=\"text-align: justify;\">Acceda la m\u00e1s alta calidad en cartograf\u00eda topogr\u00e1fica digital 3D XYZ a gran escala y a nivel mundial, derivado de fotograf\u00eda de alta resoluci\u00f3n con la selecci\u00f3n de las m\u00e1s recientes y efectivas fuentes de recursos cartogr\u00e1ficos, incluyendo fotogrametr\u00eda est\u00e9reo aumentada por curvas de nivel, l\u00edneas de corriente y bases de datos por elevaci\u00f3n de la superficie.<\/p>\n<p>[\/vc_column_text][\/vc_column][vc_column width=\u00bb1\/3&#8243; css_animation=\u00bbbottom-to-top\u00bb css_animation_delay=\u00bbdelay-500&#8243;][vc_magic_image image=\u00bb6754&#8243; alignment=\u00bbcenter\u00bb img_link=\u00bbpage_link\u00bb css_animation=\u00bbbottom-to-top\u00bb img_size=\u00bbfull\u00bb link=\u00bburl:http%3A%2F%2Fwww.geobis.com%2Fes%2Fuso-de-terrenos%2F|||\u00bb][vc_empty_space height=\u00bb15px\u00bb][vc_column_text css_animation=\u00bbbottom-to-top\u00bb]<\/p>\n<h2><a style=\"text-decoration: none; color: #0066cb;\" href=\"http:\/\/www.geobis.com\/es\/uso-de-terrenos\/\">Uso del suelo &#8211; Clutter<\/a><\/h2>\n<p style=\"text-align: justify;\">El Planificador de regi\u00f3n de 20m, es una base de datos de resoluci\u00f3n media para uso en la planificaci\u00f3n de frecuencias de radio en entornos urbanos y rurales. Capas de datos incluyen un Modelo Digital del Terreno, aglomeraci\u00f3n lineal de vectores y ortoim\u00e1genes.<\/p>\n<p>[\/vc_column_text][\/vc_column][\/vc_row][vc_row top=\u00bb30px\u00bb bottom=\u00bb30px\u00bb][vc_column][vc_separator style=\u00bbtilt\u00bb color=\u00bb#0066cb\u00bb][\/vc_column][\/vc_row][vc_row top=\u00bb20px\u00bb bottom=\u00bb40px\u00bb][vc_column width=\u00bb1\/3&#8243; css_animation=\u00bbbottom-to-top\u00bb css_animation_delay=\u00bbdelay-100&#8243;][vc_magic_image image=\u00bb5283&#8243; alignment=\u00bbcenter\u00bb img_link=\u00bbpage_link\u00bb css_animation=\u00bbbottom-to-top\u00bb img_size=\u00bbfull\u00bb link=\u00bburl:http%3A%2F%2Fwww.geobis.com%2Fes%2Fmapinfo-gis-software%2F|||\u00bb][vc_empty_space height=\u00bb15px\u00bb][vc_column_text css_animation=\u00bbbottom-to-top\u00bb]<\/p>\n<h2><a style=\"text-decoration: none; color: #0066cb;\" href=\"http:\/\/www.geobis.com\/es\/mapinfo-gis-software\/\">Mapinfo GIS Software<\/a><\/h2>\n<p style=\"text-align: justify;\">Disponible a partir de Pitney Bowes Software antes conocido como l\u00edder de MapInfo Corporation mundo en el Techology SIG: MapInfo Professional, as\u00ed como los desarrollos personalizados para la plataforma y la arquitectura vinculados a bases de datos locales y de la empresa.<\/p>\n<p>[\/vc_column_text][\/vc_column][vc_column width=\u00bb1\/3&#8243; css_animation=\u00bbbottom-to-top\u00bb css_animation_delay=\u00bbdelay-300&#8243;][vc_magic_image image=\u00bb5290&#8243; alignment=\u00bbcenter\u00bb img_link=\u00bbpage_link\u00bb css_animation=\u00bbbottom-to-top\u00bb img_size=\u00bbfull\u00bb link=\u00bburl:http%3A%2F%2Fwww.geobis.com%2Fes%2Fskyline-globe%2F|||\u00bb][vc_empty_space height=\u00bb15px\u00bb][vc_column_text css_animation=\u00bbbottom-to-top\u00bb]<\/p>\n<h2><a style=\"text-decoration: none; color: #0066cb;\" href=\"http:\/\/www.geobis.com\/es\/skyline-globe\/\">Skyline Globe Enterprise<\/a><\/h2>\n<p style=\"text-align: justify;\">Skyline de Comando para Centros de Control de Inteligencia y Tecnolog\u00edas Inform\u00e1ticas para requerimientos gubernamentales locales, incluyendo mapas en 3D y la integraci\u00f3n en tiempo real de la informaci\u00f3n estrat\u00e9gica de todas las fuerzas militares y de polic\u00eda implicados.<\/p>\n<p>[\/vc_column_text][\/vc_column][vc_column width=\u00bb1\/3&#8243; css_animation=\u00bbbottom-to-top\u00bb css_animation_delay=\u00bbdelay-500&#8243;][vc_magic_image image=\u00bb6895&#8243; alignment=\u00bbcenter\u00bb img_link=\u00bbpage_link\u00bb css_animation=\u00bbbottom-to-top\u00bb img_size=\u00bbfull\u00bb link=\u00bburl:http%3A%2F%2Fwww.geobis.com%2Fes%2Fdrones%2F|||\u00bb][vc_empty_space height=\u00bb15px\u00bb][vc_column_text css_animation=\u00bbbottom-to-top\u00bb]<\/p>\n<h2><a style=\"text-decoration: none; color: #0066cb;\" href=\"http:\/\/www.geobis.com\/es\/drones\/\">Drones<\/a><\/h2>\n<p style=\"text-align: justify;\">Geobision cuenta con un amplio portafolio de equipos Drones no tripulados con aplicaciones en diferentes industrias: agricultura de precisi\u00f3n, vigilancia, miner\u00eda, comunicaciones y medios, as\u00ed como tambi\u00e9n presentaremos el proceso de recolecci\u00f3n y procesamiento de informaci\u00f3n para aplicaciones en cartograf\u00eda, topograf\u00eda y geograf\u00eda.<\/p>\n<p>[\/vc_column_text][\/vc_column][\/vc_row]<\/p>\n<\/div>","protected":false},"excerpt":{"rendered":"<p>[vc_row full_content_width=\u00bbrow-inner-full\u00bb top=\u00bb70px\u00bb bottom=\u00bb0px\u00bb bg_type=\u00bbimage\u00bb parallax_bg=\u00bbparallax-bg\u00bb speed=\u00bb0.50&#8243; bg_cover=\u00bbcover\u00bb bg_repeat=\u00bbno-repeat\u00bb bg_position=\u00bbCenter top\u00bb row_show_on=\u00bbhide_mobile_landscape,hide_mobile_portrait\u00bb bg_color=\u00bb#0066cb\u00bb bg_image=\u00bb6755&#8243; overlay_color=\u00bbrgba(10,10,10,0.3)\u00bb][vc_column][vc_empty_space height=\u00bb150px\u00bb][vc_custom_heading text=\u00bbPRODUCTOS\u00bb font_container=\u00bbtag:h1|font_size:80px|text_align:center|color:%23ffffff|line_height:80px\u00bb use_theme_fonts=\u00bbyes\u00bb css_animation=\u00bbzoomIn\u00bb][vc_empty_space height=\u00bb150px\u00bb][\/vc_column][\/vc_row][vc_row full_content_width=\u00bbrow-inner-full\u00bb top=\u00bb70px\u00bb bottom=\u00bb0px\u00bb bg_type=\u00bbimage\u00bb&#8230;  <\/p>\n<div class=\"read-more\"><a class=\"excerpt-read-more\" href=\"https:\/\/www.geobis.com\/es\/productos\/\" title=\"Continue reading Productos\">Read more<i class=\"fa fa-angle-right\"><\/i><\/a><\/div>\n","protected":false},"author":4,"featured_media":6755,"parent":0,"menu_order":0,"comment_status":"closed","ping_status":"closed","template":"page-full-width.php","meta":{"footnotes":""},"class_list":["post-5149","page","type-page","status-publish","has-post-thumbnail","hentry"],"_links":{"self":[{"href":"https:\/\/www.geobis.com\/es\/wp-json\/wp\/v2\/pages\/5149","targetHints":{"allow":["GET"]}}],"collection":[{"href":"https:\/\/www.geobis.com\/es\/wp-json\/wp\/v2\/pages"}],"about":[{"href":"https:\/\/www.geobis.com\/es\/wp-json\/wp\/v2\/types\/page"}],"author":[{"embeddable":true,"href":"https:\/\/www.geobis.com\/es\/wp-json\/wp\/v2\/users\/4"}],"replies":[{"embeddable":true,"href":"https:\/\/www.geobis.com\/es\/wp-json\/wp\/v2\/comments?post=5149"}],"version-history":[{"count":4,"href":"https:\/\/www.geobis.com\/es\/wp-json\/wp\/v2\/pages\/5149\/revisions"}],"predecessor-version":[{"id":6911,"href":"https:\/\/www.geobis.com\/es\/wp-json\/wp\/v2\/pages\/5149\/revisions\/6911"}],"wp:featuredmedia":[{"embeddable":true,"href":"https:\/\/www.geobis.com\/es\/wp-json\/wp\/v2\/media\/6755"}],"wp:attachment":[{"href":"https:\/\/www.geobis.com\/es\/wp-json\/wp\/v2\/media?parent=5149"}],"curies":[{"name":"wp","href":"https:\/\/api.w.org\/{rel}","templated":true}]}}