{"id":5543,"date":"2016-06-23T11:52:14","date_gmt":"2016-06-23T16:52:14","guid":{"rendered":"http:\/\/www.geobis.com\/es\/?page_id=5543"},"modified":"2017-02-20T16:24:30","modified_gmt":"2017-02-20T21:24:30","slug":"latinos","status":"publish","type":"page","link":"https:\/\/www.geobis.com\/es\/latinos\/","title":{"rendered":"Latinos"},"content":{"rendered":"<div class=\"wpb-content-wrapper\"><p>[vc_row full_content_width=\u00bbrow-inner-full\u00bb top=\u00bb70px\u00bb bottom=\u00bb0px\u00bb bg_color=\u00bb#0066cb\u00bb][vc_column]\n\t\t\t<!-- START Hispanos y Latinos REVOLUTION SLIDER 6.7.17 --><p class=\"rs-p-wp-fix\"><\/p>\n\t\t\t<rs-module-wrap id=\"rev_slider_23_1_wrapper\" data-source=\"gallery\" style=\"visibility:hidden;background:#E9E9E9;padding:0;margin:0px auto;margin-top:0;margin-bottom:0;\">\n\t\t\t\t<rs-module id=\"rev_slider_23_1\" style=\"\" data-version=\"6.7.17\">\n\t\t\t\t\t<rs-slides style=\"overflow: hidden; position: absolute;\">\n\t\t\t\t\t\t<rs-slide style=\"position: absolute;\" data-key=\"rs-30\" data-title=\"News\" data-thumb=\"\/\/www.geobis.com\/es\/wp-content\/uploads\/2016\/06\/Slider-Hispanos1-100x50.jpg\" data-anim=\"ms:300;f:end;\" data-in=\"y:(-100%);row:7;col:5;\">\n\t\t\t\t\t\t\t<img decoding=\"async\" src=\"\/\/www.geobis.com\/es\/wp-content\/plugins\/revslider\/sr6\/assets\/assets\/dummy.png\" alt=\"\" title=\"Latinos\" class=\"rev-slidebg tp-rs-img rs-lazyload\" data-lazyload=\"\/\/www.geobis.com\/es\/wp-content\/uploads\/2016\/06\/Slider-Hispanos1.jpg\" data-bg=\"p:center top;\" data-no-retina>\n<!---->\t\t\t\t\t<\/rs-slide>\n\t\t\t\t\t\t<rs-slide style=\"position: absolute;\" data-key=\"rs-51\" data-title=\"Slide\" data-thumb=\"\/\/www.geobis.com\/es\/wp-content\/uploads\/2016\/06\/Slider-Hispanos2-100x50.jpg\" data-anim=\"f:end;\" data-in=\"y:(-100%);col:5;\">\n\t\t\t\t\t\t\t<img decoding=\"async\" src=\"\/\/www.geobis.com\/es\/wp-content\/plugins\/revslider\/sr6\/assets\/assets\/dummy.png\" alt=\"\" title=\"Latinos\" class=\"rev-slidebg tp-rs-img rs-lazyload\" data-lazyload=\"\/\/www.geobis.com\/es\/wp-content\/uploads\/2016\/06\/Slider-Hispanos2.jpg\" data-no-retina>\n<!---->\t\t\t\t\t<\/rs-slide>\n\t\t\t\t\t<\/rs-slides>\n\t\t\t\t<\/rs-module>\n\t\t\t\t<script>\n\t\t\t\t\tsetREVStartSize({c: 'rev_slider_23_1',rl:[1240,1024,778,480],el:[],gw:[2000],gh:[400],type:'standard',justify:'',layout:'fullwidth',mh:\"0\"});if (window.RS_MODULES!==undefined && window.RS_MODULES.modules!==undefined && window.RS_MODULES.modules[\"revslider231\"]!==undefined) {window.RS_MODULES.modules[\"revslider231\"].once = false;window.revapi23 = undefined;if (window.RS_MODULES.checkMinimal!==undefined) window.RS_MODULES.checkMinimal()}\n\t\t\t\t<\/script>\n\t\t\t<\/rs-module-wrap>\n\t\t\t<!-- END REVOLUTION SLIDER -->\n[\/vc_column][\/vc_row][vc_row top=\u00bb50px\u00bb bottom=\u00bb20px\u00bb][vc_column width=\u00bb2\/3&#8243;][vc_column_text]<\/p>\n<h2>Aproximadamente $ 31 mil millones de d\u00f3lares de riqueza al mes en audiencias de poder adquisitivo !<\/h2>\n<p style=\"text-align: justify;\">Geobis International ayuda a su negocio para desarrollar estrategias para un an\u00e1lisis en profundidad de sus oportunidades de mercado hispanos y latinos, tales como: Cadena de optimizaci\u00f3n de la red comercial de la zona, An\u00e1lisis del sitio, tiempos de conducci\u00f3n en isocronas, ubicaciones Mapeo de los clientes, mercado potencial y otros de gran alcance Herramientas.<\/p>\n<p>[\/vc_column_text][\/vc_column][vc_column width=\u00bb1\/3&#8243;][vc_column_text css_animation=\u00bbbottom-to-top\u00bb]<a href=\"http:\/\/www.geobis.com\/pdf\/hispanics_eng.pdf\" target=\"_blank\"><img loading=\"lazy\" decoding=\"async\" class=\"alignright\" style=\"border: 1px solid blue;\" src=\"http:\/\/www.geobis.com\/images\/brochure_icon\/zb_hispanics_eng.jpg\" alt=\"\" width=\"110\" height=\"138\" \/><\/a><strong><span style=\"color: #3366ff;\">Hispanic &amp; Latinos\u00a0&#8211; Flyer de Oportunidades<\/span><\/strong><\/p>\n<p style=\"text-align: justify;\">Estrategias de inteligencia para un an\u00e1lisis de mercado de Hispanos &amp; Latinos<\/p>\n<p>[\/vc_column_text][vc_empty_space height=\u00bb20px\u00bb][vc_button title=\u00bbDescargue Aqu\u00ed\u00bb button_align=\u00bbbtn_fl\u00bb color=\u00bbbtn_blue\u00bb border_radius=\u00bbround\u00bb link=\u00bburl:http%3A%2F%2Fwww.geobis.com%2Fpdf%2Fhispanics_eng.pdf||target:%20_blank|\u00bb][\/vc_column][\/vc_row][vc_row top=\u00bb20px\u00bb bottom=\u00bb20px\u00bb][vc_column width=\u00bb1\/3&#8243;][vc_column_text css_animation=\u00bbbottom-to-top\u00bb]<\/p>\n<h2 style=\"text-align: center;\">Gastos de clientes por Categor\u00eda<\/h2>\n<p><img loading=\"lazy\" decoding=\"async\" class=\"aligncenter\" src=\"http:\/\/geobis.com\/images\/imagesbody\/H&amp;L-Opportunities3.jpg\" alt=\"\" width=\"300\" height=\"215\" \/>[\/vc_column_text][\/vc_column][vc_column width=\u00bb1\/3&#8243;][vc_column_text css_animation=\u00bbbottom-to-top\u00bb]<\/p>\n<h2 style=\"text-align: center;\">Datos detalle de Mapas y Mercado<\/h2>\n<p><img decoding=\"async\" class=\"aligncenter\" src=\"http:\/\/geobis.com\/images\/imagesbody\/H&amp;L-Opportunities2.jpg\" alt=\"\" \/>[\/vc_column_text][\/vc_column][vc_column width=\u00bb1\/3&#8243;][vc_column_text css_animation=\u00bbbottom-to-top\u00bb]<\/p>\n<h2 style=\"text-align: center;\">Poder de compra de Hispanos &amp; Latinos<\/h2>\n<p><img loading=\"lazy\" decoding=\"async\" class=\"aligncenter\" src=\"http:\/\/geobis.com\/images\/imagesbody\/H&amp;L-Opportunitie1.jpg\" alt=\"\" width=\"300\" height=\"215\" \/>[\/vc_column_text][\/vc_column][\/vc_row][vc_row top=\u00bb20px\u00bb bottom=\u00bb80px\u00bb][vc_column width=\u00bb1\/3&#8243;][vc_column_text]<\/p>\n<h3>Geobis International impulsa\u00a0Geographic Business Intelligence Market Strategies en:<\/h3>\n<p><strong><span style=\"color: #0066cb;\">\u00bb<\/span><\/strong>\u00a0Estados Unidos<br \/>\n<strong><span style=\"color: #0066cb;\">\u00bb<\/span><\/strong>\u00a0M\u00e9xico<br \/>\n<strong><span style=\"color: #0066cb;\">\u00bb<\/span><\/strong>\u00a0Am\u00e9rica Central<br \/>\n<strong><span style=\"color: #0066cb;\">\u00bb<\/span><\/strong>\u00a0Sur Am\u00e9rica<br \/>\n<strong><span style=\"color: #0066cb;\">\u00bb<\/span><\/strong>\u00a0El\u00a0Caribe<\/p>\n<p>Adem\u00e1s de los aspectos antes mencionados, los pa\u00edses de Asia, \u00c1frica y Europa tambi\u00e9n est\u00e1n disponibles.[\/vc_column_text][\/vc_column][vc_column width=\u00bb1\/3&#8243;][vc_column_text css_animation=\u00bbbottom-to-top\u00bb]<\/p>\n<h3>Detalle local del mercado de datos socio-demogr\u00e1ficos incluyen:<\/h3>\n<p><strong><span style=\"color: #0066cb;\">\u00bb<\/span><\/strong>\u00a0Estrato Socio-Econ\u00f3mico\u00a0(SES)<br \/>\n<strong><span style=\"color: #0066cb;\">\u00bb<\/span><\/strong>\u00a0Poder de compra<br \/>\n<strong><span style=\"color: #0066cb;\">\u00bb<\/span><\/strong>\u00a0Gastos de clientes<br \/>\n<strong><span style=\"color: #0066cb;\">\u00bb<\/span><\/strong>\u00a0Oportunidades de mercado<br \/>\n<strong><span style=\"color: #0066cb;\">\u00bb<\/span><\/strong>\u00a0Mapas digitales del mundo[\/vc_column_text][\/vc_column][vc_column width=\u00bb1\/3&#8243;][vc_column_text css_animation=\u00bbbottom-to-top\u00bb]<\/p>\n<h3>Servicios Clave:<\/h3>\n<p><strong><span style=\"color: #0066cb;\">\u00bb<\/span><\/strong>\u00a0Localizaci\u00f3n Inteligente<br \/>\n<strong><span style=\"color: #0066cb;\">\u00bb<\/span><\/strong>\u00a0Estrategias de clientes<br \/>\n<strong><span style=\"color: #0066cb;\">\u00bb<\/span><\/strong>\u00a0An\u00e1lisis de\u00a0lugar<br \/>\n<strong><span style=\"color: #0066cb;\">\u00bb<\/span><\/strong>\u00a0An\u00e1lisis de mercado<br \/>\n<strong><span style=\"color: #0066cb;\">\u00bb<\/span><\/strong>\u00a0Geocodificaci\u00f3n* GeDots<br \/>\n<strong><span style=\"color: #0066cb;\">\u00bb<\/span><\/strong>\u00a0Investigaci\u00f3n de mercado<br \/>\n<strong><span style=\"color: #0066cb;\">\u00bb<\/span><\/strong>\u00a0Consultor\u00eda[\/vc_column_text][\/vc_column][\/vc_row][vc_row full_content_width=\u00bbrow-inner-full\u00bb top=\u00bb0px\u00bb bottom=\u00bb0px\u00bb slope_top=\u00bbslope-top\u00bb slope_top_pos=\u00bbslope-top-outside\u00bb slope_top_dir=\u00bbslope-top-right\u00bb slope_top_height=\u00bb80px\u00bb bg_color=\u00bb#0066cb\u00bb slope_top_color=\u00bb#0066cb\u00bb][vc_column][\/vc_column][\/vc_row]<\/p>\n<\/div>","protected":false},"excerpt":{"rendered":"<p>[vc_row full_content_width=\u00bbrow-inner-full\u00bb top=\u00bb70px\u00bb bottom=\u00bb0px\u00bb bg_color=\u00bb#0066cb\u00bb][vc_column][\/vc_column][\/vc_row][vc_row top=\u00bb50px\u00bb bottom=\u00bb20px\u00bb][vc_column width=\u00bb2\/3&#8243;][vc_column_text] Aproximadamente $ 31 mil millones de d\u00f3lares de riqueza al mes en audiencias de poder adquisitivo !&#8230;  <\/p>\n<div class=\"read-more\"><a class=\"excerpt-read-more\" href=\"https:\/\/www.geobis.com\/es\/latinos\/\" title=\"Continue reading Latinos\">Read more<i class=\"fa fa-angle-right\"><\/i><\/a><\/div>\n","protected":false},"author":4,"featured_media":6337,"parent":0,"menu_order":0,"comment_status":"closed","ping_status":"closed","template":"page-full-width.php","meta":{"footnotes":""},"class_list":["post-5543","page","type-page","status-publish","has-post-thumbnail","hentry"],"_links":{"self":[{"href":"https:\/\/www.geobis.com\/es\/wp-json\/wp\/v2\/pages\/5543","targetHints":{"allow":["GET"]}}],"collection":[{"href":"https:\/\/www.geobis.com\/es\/wp-json\/wp\/v2\/pages"}],"about":[{"href":"https:\/\/www.geobis.com\/es\/wp-json\/wp\/v2\/types\/page"}],"author":[{"embeddable":true,"href":"https:\/\/www.geobis.com\/es\/wp-json\/wp\/v2\/users\/4"}],"replies":[{"embeddable":true,"href":"https:\/\/www.geobis.com\/es\/wp-json\/wp\/v2\/comments?post=5543"}],"version-history":[{"count":0,"href":"https:\/\/www.geobis.com\/es\/wp-json\/wp\/v2\/pages\/5543\/revisions"}],"wp:featuredmedia":[{"embeddable":true,"href":"https:\/\/www.geobis.com\/es\/wp-json\/wp\/v2\/media\/6337"}],"wp:attachment":[{"href":"https:\/\/www.geobis.com\/es\/wp-json\/wp\/v2\/media?parent=5543"}],"curies":[{"name":"wp","href":"https:\/\/api.w.org\/{rel}","templated":true}]}}