{"id":5556,"date":"2016-06-24T17:42:07","date_gmt":"2016-06-24T22:42:07","guid":{"rendered":"http:\/\/www.geobis.com\/es\/?page_id=5556"},"modified":"2017-02-20T14:13:27","modified_gmt":"2017-02-20T19:13:27","slug":"estrategias-para-clientes","status":"publish","type":"page","link":"https:\/\/www.geobis.com\/es\/estrategias-para-clientes\/","title":{"rendered":"Estrategias para Clientes"},"content":{"rendered":"<div class=\"wpb-content-wrapper\"><p>[vc_row full_content_width=\u00bbrow-inner-full\u00bb top=\u00bb70px\u00bb bottom=\u00bb0px\u00bb bg_color=\u00bb#0066cb\u00bb][vc_column]\n\t\t\t<!-- START Estrategias de Clientes REVOLUTION SLIDER 6.7.17 --><p class=\"rs-p-wp-fix\"><\/p>\n\t\t\t<rs-module-wrap id=\"rev_slider_25_1_wrapper\" data-source=\"gallery\" style=\"visibility:hidden;background:#E9E9E9;padding:0;margin:0px auto;margin-top:0;margin-bottom:0;\">\n\t\t\t\t<rs-module id=\"rev_slider_25_1\" style=\"\" data-version=\"6.7.17\">\n\t\t\t\t\t<rs-slides style=\"overflow: hidden; position: absolute;\">\n\t\t\t\t\t\t<rs-slide style=\"position: absolute;\" data-key=\"rs-32\" data-title=\"News\" data-thumb=\"\/\/www.geobis.com\/es\/wp-content\/uploads\/2016\/06\/Slider-Estrategia-Clientes1-100x50.jpg\" data-anim=\"ms:300;f:end;\" data-in=\"y:(-100%);row:7;col:5;\">\n\t\t\t\t\t\t\t<img decoding=\"async\" src=\"\/\/www.geobis.com\/es\/wp-content\/plugins\/revslider\/sr6\/assets\/assets\/dummy.png\" alt=\"\" title=\"Estrategias para Clientes\" class=\"rev-slidebg tp-rs-img rs-lazyload\" data-lazyload=\"\/\/www.geobis.com\/es\/wp-content\/uploads\/2016\/06\/Slider-Estrategia-Clientes1.jpg\" data-bg=\"p:center top;\" data-no-retina>\n<!---->\t\t\t\t\t<\/rs-slide>\n\t\t\t\t\t\t<rs-slide style=\"position: absolute;\" data-key=\"rs-52\" data-title=\"Slide\" data-thumb=\"\/\/www.geobis.com\/es\/wp-content\/uploads\/2016\/06\/Slider-Estrategia-Clientes2-100x50.jpg\" data-anim=\"f:end;\" data-in=\"y:(-100%);col:5;\">\n\t\t\t\t\t\t\t<img decoding=\"async\" src=\"\/\/www.geobis.com\/es\/wp-content\/plugins\/revslider\/sr6\/assets\/assets\/dummy.png\" alt=\"\" title=\"Estrategias para Clientes\" class=\"rev-slidebg tp-rs-img rs-lazyload\" data-lazyload=\"\/\/www.geobis.com\/es\/wp-content\/uploads\/2016\/06\/Slider-Estrategia-Clientes2.jpg\" data-no-retina>\n<!---->\t\t\t\t\t<\/rs-slide>\n\t\t\t\t\t<\/rs-slides>\n\t\t\t\t<\/rs-module>\n\t\t\t\t<script>\n\t\t\t\t\tsetREVStartSize({c: 'rev_slider_25_1',rl:[1240,1024,778,480],el:[],gw:[2000],gh:[400],type:'standard',justify:'',layout:'fullwidth',mh:\"0\"});if (window.RS_MODULES!==undefined && window.RS_MODULES.modules!==undefined && window.RS_MODULES.modules[\"revslider251\"]!==undefined) {window.RS_MODULES.modules[\"revslider251\"].once = false;window.revapi25 = undefined;if (window.RS_MODULES.checkMinimal!==undefined) window.RS_MODULES.checkMinimal()}\n\t\t\t\t<\/script>\n\t\t\t<\/rs-module-wrap>\n\t\t\t<!-- END REVOLUTION SLIDER -->\n[\/vc_column][\/vc_row][vc_row top=\u00bb50px\u00bb bottom=\u00bb20px\u00bb][vc_column width=\u00bb2\/3&#8243;][vc_column_text]<\/p>\n<h2>Estrategias de Clientes<\/h2>\n<p style=\"text-align: justify;\">Miles de datos e informaci\u00f3n importante de clientes son mal gastados porque las empresas no tienen las herramientas para organizarlos y analizarlos adecuadamente, Geobis International ofrece\u00a0un conjunto de alternativas adecuadas que en unos pocos pasos ayuda a entender las cuestiones relacionadas con la ubicaci\u00f3n geogr\u00e1fica de los clientes y la relaci\u00f3n de gran importancia que \u00e9stos guardan con los datos demogr\u00e1ficos y socioecon\u00f3micos.<\/p>\n<p>[\/vc_column_text][\/vc_column][vc_column width=\u00bb1\/3&#8243;][vc_column_text css_animation=\u00bbbottom-to-top\u00bb]<a href=\"http:\/\/geobis.com\/pdf\/brochure-estrategias-clientes.pdf\" target=\"_blank\"><img decoding=\"async\" class=\"alignright\" src=\"http:\/\/geobis.com\/images\/brochures\/brochure-estrategias-clientes.jpg\" alt=\"Brochure\" width=\"110\" \/><\/a><\/p>\n<h5>Brochure de Estrategia para Clientes<\/h5>\n<p>Descargue la informaci\u00f3n actualizada en formato PDF.[\/vc_column_text][vc_empty_space height=\u00bb20px\u00bb][vc_button title=\u00bbDescargue Aqu\u00ed\u00bb button_align=\u00bbbtn_fl\u00bb color=\u00bbbtn_blue\u00bb border_radius=\u00bbround\u00bb link=\u00bburl:http%3A%2F%2Fgeobis.com%2Fpdf%2Fbrochure-estrategias-clientes.pdf||target:%20_blank|\u00bb][\/vc_column][\/vc_row][vc_row top=\u00bb20px\u00bb bottom=\u00bb20px\u00bb][vc_column width=\u00bb1\/3&#8243;][vc_column_text css_animation=\u00bbbottom-to-top\u00bb]<img loading=\"lazy\" decoding=\"async\" class=\"alignnone aligncenter\" src=\"http:\/\/www.geobis.com\/images\/imagesbody\/imgcusromerimg1.png\" alt=\"\" width=\"300\" height=\"215\" \/>[\/vc_column_text][\/vc_column][vc_column width=\u00bb1\/3&#8243;][vc_column_text css_animation=\u00bbbottom-to-top\u00bb]<\/p>\n<h2>Mapas tem\u00e1ticos de clientes<\/h2>\n<p style=\"text-align: justify;\">Entrando a la secci\u00f3n Mapas Tem\u00e1ticos, usted puede\u00a0segmetar un Mercado de forma r\u00e1pida y f\u00e1cil. Esta herramienta le permite visualizar la\u00a0distribuci\u00f3n geogr\u00e1fica de una variable espec\u00edfica o un conjunto de variables (estrato, ingresos, edades, entre otras) mediante rangos de colores asignados.<\/p>\n<p>[\/vc_column_text][\/vc_column][vc_column width=\u00bb1\/3&#8243;][vc_column_text css_animation=\u00bbbottom-to-top\u00bb]<\/p>\n<h2>Alternativas<\/h2>\n<p><strong><span style=\"color: #0066cb;\">\u00bb<\/span><\/strong>\u00a0Decision Summary Maps<br \/>\n<strong><span style=\"color: #0066cb;\">\u00bb<\/span><\/strong>\u00a0Geo Statistics<br \/>\n<strong><span style=\"color: #0066cb;\">\u00bb<\/span><\/strong>\u00a0Profiling and Segmentation[\/vc_column_text][\/vc_column][\/vc_row][vc_row top=\u00bb20px\u00bb bottom=\u00bb20px\u00bb][vc_column width=\u00bb1\/3&#8243;][vc_column_text css_animation=\u00bbbottom-to-top\u00bb]<img loading=\"lazy\" decoding=\"async\" class=\"alignnone aligncenter\" src=\"http:\/\/www.geobis.com\/images\/imagesbody\/imgcusromerimg4.png\" alt=\"\" width=\"300\" height=\"206\" \/>[\/vc_column_text][\/vc_column][vc_column width=\u00bb1\/3&#8243;][vc_column_text css_animation=\u00bbbottom-to-top\u00bb]<\/p>\n<h2>Mapas tem\u00e1ticos de Poblaci\u00f3n<\/h2>\n<p style=\"text-align: justify;\">Obtenga mapas tem\u00e1ticos basados en la Poblaci\u00f3n por areas determinadas, seleccione los colores que desea utilizar y obtenga mapas para ilustrar informes ejecutivos de forma clara y concisa.<\/p>\n<p>[\/vc_column_text][\/vc_column][vc_column width=\u00bb1\/3&#8243;][vc_column_text css_animation=\u00bbbottom-to-top\u00bb]<\/p>\n<h2>Reportes de datos de Mercado<\/h2>\n<p><span style=\"color: #0066cb;\"><strong>\u00bb<\/strong><\/span> Demograf\u00eda: Poblaci\u00f3n<br \/>\n<span style=\"color: #0066cb;\"><strong>\u00bb<\/strong><\/span> Estrato Socioecon\u00f3mico (SES)<br \/>\n<span style=\"color: #0066cb;\"><strong>\u00bb<\/strong><\/span> Poder de Compra por Categorias<br \/>\n<span style=\"color: #0066cb;\"><strong>\u00bb<\/strong><\/span> Ubicaci\u00f3n de Segmentos de Consumidores<br \/>\n<span style=\"color: #0066cb;\"><strong>\u00bb<\/strong><\/span> Generadores de trafico<br \/>\n<span style=\"color: #0066cb;\"><strong>\u00bb<\/strong><\/span> Puntos de Inter\u00e9s\u00a0(POIs)<br \/>\n<span style=\"color: #0066cb;\"><strong>\u00bb<\/strong><\/span> Ranked Market Opportunities<br \/>\n<span style=\"color: #0066cb;\"><strong>\u00bb<\/strong><\/span> Mapas tem\u00e1ticos[\/vc_column_text][\/vc_column][\/vc_row][vc_row top=\u00bb20px\u00bb bottom=\u00bb80px\u00bb][vc_column width=\u00bb1\/3&#8243;][vc_column_text css_animation=\u00bbbottom-to-top\u00bb]<img loading=\"lazy\" decoding=\"async\" class=\"alignnone aligncenter\" src=\"http:\/\/www.geobis.com\/images\/imagesbody\/imgcusromerimg5.png\" alt=\"\" width=\"300\" height=\"206\" \/>[\/vc_column_text][\/vc_column][vc_column width=\u00bb1\/3&#8243;][vc_column_text css_animation=\u00bbbottom-to-top\u00bb]<\/p>\n<h2>PRUEBA GRATIS DURANTE 15 D\u00cdAS LAS 4 HERRAMIENTAS DE MAPSIMPLICITY<\/h2>\n<p><span style=\"color: #0066cb;\"><strong>\u00bb<\/strong><\/span> Inteligencia de Localizaci\u00f3n<br \/>\n<span style=\"color: #0066cb;\"><strong>\u00bb<\/strong><\/span> Estrategias de clientes<br \/>\n<span style=\"color: #0066cb;\"><strong>\u00bb<\/strong><\/span> An\u00e1lisis de Mercados<br \/>\n<span style=\"color: #0066cb;\"><strong>\u00bb<\/strong><\/span> Geocodificaci\u00f3n &#8211; GeDots[\/vc_column_text][\/vc_column][vc_column width=\u00bb1\/3&#8243;][vc_button title=\u00bbPRUEBA GRATIS DURANTE 15 D\u00cdAS LAS 4 HERRAMIENTAS DE MAPSIMPLICITY\u00bb color=\u00bbbtn_blue\u00bb border_radius=\u00bbround\u00bb link=\u00bburl:http%3A%2F%2Fwww.geobis.com%2Fcont-trial%2F|||\u00bb][\/vc_column][\/vc_row][vc_row full_content_width=\u00bbrow-inner-full\u00bb top=\u00bb0px\u00bb bottom=\u00bb0px\u00bb slope_top=\u00bbslope-top\u00bb slope_top_pos=\u00bbslope-top-outside\u00bb slope_top_dir=\u00bbslope-top-right\u00bb slope_top_height=\u00bb80px\u00bb bg_color=\u00bb#0066cb\u00bb slope_top_color=\u00bb#0066cb\u00bb][vc_column][\/vc_column][\/vc_row]<\/p>\n<\/div>","protected":false},"excerpt":{"rendered":"<p>[vc_row full_content_width=\u00bbrow-inner-full\u00bb top=\u00bb70px\u00bb bottom=\u00bb0px\u00bb bg_color=\u00bb#0066cb\u00bb][vc_column][\/vc_column][\/vc_row][vc_row top=\u00bb50px\u00bb bottom=\u00bb20px\u00bb][vc_column width=\u00bb2\/3&#8243;][vc_column_text] Estrategias de Clientes Miles de datos e informaci\u00f3n importante de clientes son mal gastados porque las empresas&#8230;  <\/p>\n<div class=\"read-more\"><a class=\"excerpt-read-more\" href=\"https:\/\/www.geobis.com\/es\/estrategias-para-clientes\/\" title=\"Continue reading Estrategias para Clientes\">Read more<i class=\"fa fa-angle-right\"><\/i><\/a><\/div>\n","protected":false},"author":4,"featured_media":6340,"parent":0,"menu_order":0,"comment_status":"closed","ping_status":"closed","template":"page-full-width.php","meta":{"footnotes":""},"class_list":["post-5556","page","type-page","status-publish","has-post-thumbnail","hentry"],"_links":{"self":[{"href":"https:\/\/www.geobis.com\/es\/wp-json\/wp\/v2\/pages\/5556","targetHints":{"allow":["GET"]}}],"collection":[{"href":"https:\/\/www.geobis.com\/es\/wp-json\/wp\/v2\/pages"}],"about":[{"href":"https:\/\/www.geobis.com\/es\/wp-json\/wp\/v2\/types\/page"}],"author":[{"embeddable":true,"href":"https:\/\/www.geobis.com\/es\/wp-json\/wp\/v2\/users\/4"}],"replies":[{"embeddable":true,"href":"https:\/\/www.geobis.com\/es\/wp-json\/wp\/v2\/comments?post=5556"}],"version-history":[{"count":0,"href":"https:\/\/www.geobis.com\/es\/wp-json\/wp\/v2\/pages\/5556\/revisions"}],"wp:featuredmedia":[{"embeddable":true,"href":"https:\/\/www.geobis.com\/es\/wp-json\/wp\/v2\/media\/6340"}],"wp:attachment":[{"href":"https:\/\/www.geobis.com\/es\/wp-json\/wp\/v2\/media?parent=5556"}],"curies":[{"name":"wp","href":"https:\/\/api.w.org\/{rel}","templated":true}]}}