{"id":5558,"date":"2016-06-24T17:50:33","date_gmt":"2016-06-24T22:50:33","guid":{"rendered":"http:\/\/www.geobis.com\/es\/?page_id=5558"},"modified":"2017-09-18T16:57:35","modified_gmt":"2017-09-18T21:57:35","slug":"inteligencia-de-localizacion","status":"publish","type":"page","link":"https:\/\/www.geobis.com\/es\/inteligencia-de-localizacion\/","title":{"rendered":"Inteligencia de Localizaci\u00f3n"},"content":{"rendered":"<div class=\"wpb-content-wrapper\"><p>[vc_row full_content_width=\u00bbrow-inner-full\u00bb top=\u00bb70px\u00bb bottom=\u00bb0px\u00bb bg_type=\u00bbimage\u00bb parallax_bg=\u00bbparallax-bg\u00bb speed=\u00bb0.50&#8243; bg_cover=\u00bbcover\u00bb bg_position=\u00bbCenter center\u00bb row_show_on=\u00bbhide_mobile_landscape,hide_mobile_portrait\u00bb bg_color=\u00bb#0066cb\u00bb bg_image=\u00bb6679&#8243; overlay_color=\u00bbrgba(10,10,10,0.3)\u00bb][vc_column][vc_empty_space height=\u00bb150px\u00bb][vc_custom_heading text=\u00bbINTELIGENCIA DE LOCALIZACI\u00d3N\u00bb font_container=\u00bbtag:h1|font_size:80px|text_align:center|color:%23ffffff|line_height:80px\u00bb use_theme_fonts=\u00bbyes\u00bb css_animation=\u00bbzoomIn\u00bb][vc_empty_space height=\u00bb150px\u00bb][\/vc_column][\/vc_row][vc_row full_content_width=\u00bbrow-inner-full\u00bb top=\u00bb70px\u00bb bottom=\u00bb0px\u00bb bg_type=\u00bbimage\u00bb parallax_bg=\u00bbparallax-bg\u00bb speed=\u00bb0.50&#8243; bg_cover=\u00bbcover\u00bb bg_position=\u00bbRight center\u00bb row_show_on=\u00bbhide_on_normal_screen,hide_tablet_landscape,hide_tablet_portrait\u00bb bg_color=\u00bb#0066cb\u00bb bg_image=\u00bb6679&#8243; overlay_color=\u00bbrgba(10,10,10,0.3)\u00bb][vc_column][vc_empty_space height=\u00bb150px\u00bb][vc_custom_heading text=\u00bbINTELIGENCIA DE LOCALIZACI\u00d3N\u00bb font_container=\u00bbtag:h1|text_align:center|color:%23ffffff\u00bb use_theme_fonts=\u00bbyes\u00bb css_animation=\u00bbzoomIn\u00bb][vc_empty_space height=\u00bb150px\u00bb][\/vc_column][\/vc_row][vc_row top=\u00bb40px\u00bb bottom=\u00bb40px\u00bb][vc_column width=\u00bb1\/4&#8243;][vc_service icon_fontawesome=\u00bbfa fa-bullseye\u00bb title=\u00bbUbicaci\u00f3n Estrat\u00e9gica\u00bb icon_position=\u00bbsb_center\u00bb icon_shape=\u00bbservice-circle\u00bb icon_hover_1=\u00bbh-sonar\u00bb css_animation=\u00bbappear\u00bb icon_color=\u00bb#0066cb\u00bb heading_color=\u00bb#0066cb\u00bb border_color=\u00bb#0066cb\u00bb link=\u00bburl:%23modal-ubicacionestrategica|||\u00bb]Encuentre la mejor ubicaci\u00f3n para su negocio, franquicia o sucursal, conociendo el potencial del lugar donde quiere ubicarse y asegure un \u00e1rea estrat\u00e9gica de influencia[\/vc_service][\/vc_column][vc_column width=\u00bb1\/4&#8243;][vc_service icon_fontawesome=\u00bbfa fa-map-marker\u00bb title=\u00bb\u00bfD\u00f3nde est\u00e1n los clientes?\u00bb icon_position=\u00bbsb_center\u00bb icon_shape=\u00bbservice-circle\u00bb icon_hover_1=\u00bbh-sonar\u00bb css_animation=\u00bbappear\u00bb css_animation_delay=\u00bbdelay-100&#8243; icon_color=\u00bb#0066cb\u00bb heading_color=\u00bb#0066cb\u00bb border_color=\u00bb#0066cb\u00bb link=\u00bburl:%23modal-dondeestanlosclientes|||\u00bb]Esta pregunta podr\u00e1 responderla en segundos; con las herramientas de Geo localizaci\u00f3n sabr\u00e1 exactamente d\u00f3nde est\u00e1n sus clientes y d\u00f3nde deber\u00eda estar su negocio y crear territorios de venta equilibrados.[\/vc_service][\/vc_column][vc_column width=\u00bb1\/4&#8243;][vc_service icon_fontawesome=\u00bbfa fa-slideshare\u00bb title=\u00bb\u00bfQui\u00e9nes son sus clientes?\u00bb icon_position=\u00bbsb_center\u00bb icon_shape=\u00bbservice-circle\u00bb icon_hover_1=\u00bbh-sonar\u00bb css_animation=\u00bbappear\u00bb css_animation_delay=\u00bbdelay-200&#8243; icon_color=\u00bb#0066cb\u00bb heading_color=\u00bb#0066cb\u00bb border_color=\u00bb#0066cb\u00bb link=\u00bburl:%23modal-quienessonsusclientes|||\u00bb]Si ya los ubic\u00f3, ahora sepa qui\u00e9nes son perfil\u00e1ndolos con m\u00e1s de 50 variables sociodemogr\u00e1ficas disponibles y actualizadas a\u00f1o a a\u00f1o.[\/vc_service][\/vc_column][vc_column width=\u00bb1\/4&#8243;][vc_service icon_fontawesome=\u00bbfa fa-search\u00bb title=\u00bbQu\u00e9 hay all\u00ed\u00bb icon_position=\u00bbsb_center\u00bb icon_shape=\u00bbservice-circle\u00bb icon_hover_1=\u00bbh-sonar\u00bb css_animation=\u00bbappear\u00bb css_animation_delay=\u00bbdelay-300&#8243; icon_color=\u00bb#0066cb\u00bb heading_color=\u00bb#0066cb\u00bb border_color=\u00bb#0066cb\u00bb link=\u00bburl:%23modal-quehayalli|||\u00bb]Con Geobis Analytics podr\u00e1 consultar la ubicaci\u00f3n de su competencia, proveedores, asociados y puntos de inter\u00e9s general como CC, Bancos, universidades.[\/vc_service][\/vc_column][\/vc_row][vc_row top=\u00bb0px\u00bb bottom=\u00bb0px\u00bb el_class=\u00bbparamodales\u00bb][vc_column width=\u00bb1\/4&#8243;][vc_modal id=\u00bbubicacionestrategica\u00bb heading=\u00bbUBICACI\u00d3N ESTRAT\u00c9GICA\u00bb overlay=\u00bbcolor_blur\u00bb overlay_color=\u00bbrgba(0,0,0,0.6)\u00bb][vc_image_box image=\u00bb6683&#8243; image_effect=\u00bbh_scale_up\u00bb img_size=\u00bbfull\u00bb heading_color=\u00bb#0066cb\u00bb text=\u00bbEncuentre la mejor ubicaci\u00f3n para su negocio, franquicia o sucursal, conociendo el potencial del lugar donde quiere ubicarse y asegure un \u00e1rea estrat\u00e9gica de influencia.\u00bb][\/vc_modal][\/vc_column][vc_column width=\u00bb1\/4&#8243;][vc_modal id=\u00bbdondeestanlosclientes\u00bb heading=\u00bb\u00bfD\u00d3NDE EST\u00c1N LOS CLIENTES?\u00bb overlay=\u00bbcolor_blur\u00bb overlay_color=\u00bbrgba(0,0,0,0.6)\u00bb][vc_image_box image=\u00bb6680&#8243; image_effect=\u00bbh_scale_up\u00bb img_size=\u00bbfull\u00bb heading_color=\u00bb#0066cb\u00bb text=\u00bbEsta pregunta podr\u00e1 responderla en segundos; con las herramientas de Geo localizaci\u00f3n sabr\u00e1 exactamente d\u00f3nde est\u00e1n sus clientes y d\u00f3nde deber\u00eda estar su negocio y crear territorios de venta equilibrados.\u00bb][\/vc_modal][\/vc_column][vc_column width=\u00bb1\/4&#8243;][vc_modal id=\u00bbquienessonsusclientes\u00bb heading=\u00bb\u00bfQUI\u00c9NES SON SUS CLIENTES?\u00bb overlay=\u00bbcolor_blur\u00bb overlay_color=\u00bbrgba(0,0,0,0.6)\u00bb][vc_image_box image=\u00bb6682&#8243; image_effect=\u00bbh_scale_up\u00bb img_size=\u00bbfull\u00bb heading_color=\u00bb#0066cb\u00bb text=\u00bbSi ya los ubic\u00f3, ahora sepa qui\u00e9nes son perfil\u00e1ndolos con m\u00e1s de 50 variables sociodemogr\u00e1ficas disponibles y actualizadas a\u00f1o a a\u00f1o.\u00bb][\/vc_modal][\/vc_column][vc_column width=\u00bb1\/4&#8243;][vc_modal id=\u00bbquehayalli\u00bb heading=\u00bbQU\u00c9 HAY ALL\u00cd\u00bb overlay=\u00bbcolor_blur\u00bb overlay_color=\u00bbrgba(0,0,0,0.6)\u00bb][vc_image_box image=\u00bb6681&#8243; image_effect=\u00bbh_scale_up\u00bb img_size=\u00bbfull\u00bb heading_color=\u00bb#0066cb\u00bb text=\u00bbCon Geobis Analytics podr\u00e1 consultar la ubicaci\u00f3n de su competencia, proveedores, asociados y puntos de inter\u00e9s general como CC, Bancos, universidades.\u00bb][\/vc_modal][\/vc_column][\/vc_row][vc_row top=\u00bb50px\u00bb bottom=\u00bb50px\u00bb font_color=\u00bb#ffffff\u00bb bg_color=\u00bb#0066cb\u00bb][vc_column][vc_separator style=\u00bbtilt\u00bb color=\u00bb#ffffff\u00bb][vc_empty_space height=\u00bb20px\u00bb][vc_column_text]<\/p>\n<h2 style=\"text-align: center;\"><span style=\"color: #ffffff;\">\u00a1Inteligencia de localizaci\u00f3n, ubique su potencial de negocio cerca de sus clientes!<\/span><\/h2>\n<p>&nbsp;<\/p>\n<p style=\"text-align: justify;\">Cuando una empresa entiende que en promedio un 70% de las ventas provienen de clientes localizados a 15 minutos del punto de venta o sucursal, entiende la importancia de localizarlos geogr\u00e1ficamente.<\/p>\n<p style=\"text-align: justify;\">Pero localizar sus clientes es simplemente el comienzo, referenciarlos geogr\u00e1ficamente en un mapa le permite a usted y a su empresa comprender el comportamiento del consumidor, la relaci\u00f3n de \u00e9stos con los incrementos en ventas de la empresa, los territorios de influencia y las estrategias de marketing que se deben llevar a cabo.<\/p>\n<p>[\/vc_column_text][\/vc_column][\/vc_row][vc_row top=\u00bb50px\u00bb bottom=\u00bb50px\u00bb][vc_column width=\u00bb1\/2&#8243;][vc_column_text css_animation=\u00bbbottom-to-top\u00bb]<\/p>\n<h5>Brochure de Inteligencia de Localizaci\u00f3n<\/h5>\n<p><a href=\"http:\/\/geobis.com\/pdf\/brochure-inteligencia-localizacion.pdf\" target=\"_blank\" rel=\"noopener\"><img decoding=\"async\" class=\"alignleft\" src=\"http:\/\/geobis.com\/images\/brochures\/brochure-inteligencia-localizacion.jpg\" alt=\"Brochure\" width=\"110\" \/><\/a>Descargue la informaci\u00f3n actualizada en formato PDF.[\/vc_column_text][vc_empty_space height=\u00bb20px\u00bb][vc_button title=\u00bbDescargue Aqu\u00ed\u00bb button_align=\u00bbbtn_fl\u00bb color=\u00bbbtn_blue\u00bb border_radius=\u00bbround\u00bb link=\u00bburl:http%3A%2F%2Fgeobis.com%2Fpdf%2Fbrochure-inteligencia-localizacion.pdf||target:%20_blank|\u00bb][\/vc_column][vc_column width=\u00bb1\/2&#8243;][vc_empty_space height=\u00bb20px\u00bb][vc_column_text css_animation=\u00bbbottom-to-top\u00bb]<img decoding=\"async\" class=\"alignleft\" src=\"http:\/\/www.geobis.com\/es\/wp-content\/uploads\/2016\/01\/Caja-en-Espa%C3%B1ol-Cono.png\" alt=\"MapSimplicity\" width=\"170\" \/><\/p>\n<div class=\"twc_ib_front\">\n<div class=\"twc_ib_heading\" style=\"text-align: center;\"><strong>MapSimplicity Analytics DEMO<\/strong><\/div>\n<\/div>\n<div class=\"twc_ib_back\">\n<div class=\"twc_ib_content\">\n<p style=\"text-align: center;\">Obt\u00e9n una prueba gratuita de MapSimplicity y experimenta el impacto que tendr\u00eda en tu negocio el uso de esta herramienta.<\/p>\n<\/div>\n<\/div>\n<p>[\/vc_column_text][vc_empty_space height=\u00bb20px\u00bb][vc_btn title=\u00bb<strong>DEMO<\/strong>\u00bb style=\u00bboutline\u00bb shape=\u00bbround\u00bb color=\u00bbprimary\u00bb size=\u00bbsm\u00bb align=\u00bbcenter\u00bb link=\u00bburl:http%3A%2F%2Fwww.geobis.com%2Fcont-trial%2F|||\u00bb][\/vc_column][\/vc_row][vc_row top=\u00bb20px\u00bb bottom=\u00bb20px\u00bb][vc_column][vc_separator style=\u00bbtilt\u00bb color=\u00bb#0066cb\u00bb][\/vc_column][\/vc_row][vc_row top=\u00bb40px\u00bb bottom=\u00bb80px\u00bb][vc_column width=\u00bb2\/3&#8243;][vc_column_text css_animation=\u00bbbottom-to-top\u00bb]<\/p>\n<h3>Geobis provee diversos productos y servicios para mejorar la inteligencia de localizaci\u00f3n, que le ayudar\u00e1n en su empresa en aspectos como:<\/h3>\n<p><strong><span style=\"color: #0066cb;\">\u2022<\/span><\/strong>\u00a0Cargar informaci\u00f3n, Visualizar y Editar Mapas de \u00e1reas, An\u00e1lisis de Ara\u00f1as para Optimizaci\u00f3n de Tiempos de Desplazamientos.<\/p>\n<p><strong><span style=\"color: #0066cb;\">\u2022<\/span><\/strong>\u00a0An\u00e1lisis de densidad de Poblaci\u00f3n y Perfiles de Clientes.<\/p>\n<p><strong><span style=\"color: #0066cb;\">\u2022<\/span><\/strong>\u00a0Mapas tem\u00e1ticos y \u00c1reas potenciales.<\/p>\n<p><strong><span style=\"color: #0066cb;\">\u2022<\/span><\/strong>\u00a0An\u00e1lisis de cubrimientos y \u00e1reas de influencia: con Isocronas y Anillos.<\/p>\n<p><strong><span style=\"color: #0066cb;\">\u2022<\/span><\/strong>\u00a0An\u00e1lisis de Ara\u00f1as por Puntos para una \u00f3ptima reubicaci\u00f3n de su vitrina.<\/p>\n<p><strong><span style=\"color: #0066cb;\">\u2022<\/span><\/strong>\u00a0Geocodificaci\u00f3n y Geocodificaci\u00f3n Inversa de direcciones y perfiles de puntos.<\/p>\n<p><strong><span style=\"color: #0066cb;\">\u2022<\/span><\/strong>\u00a0Informes ejecutivos y Mapas con informaci\u00f3n estrat\u00e9gica y operacional.[\/vc_column_text][vc_row_inner top=\u00bb20px\u00bb bottom=\u00bb20px\u00bb][vc_column_inner][vc_column_text css_animation=\u00bbbottom-to-top\u00bb]<span style=\"color: #0066cb; font-size: 16px;\"><strong>\u2022\u00a0Clientes:<\/strong><\/span><br \/>\n<strong><span style=\"color: #0066cb;\">\u00bb<\/span><\/strong>\u00a0Ubicaci\u00f3n<br \/>\n<strong><span style=\"color: #0066cb;\">\u00bb<\/span><\/strong>\u00a0Edici\u00f3n<br \/>\n<strong><span style=\"color: #0066cb;\">\u00bb<\/span><\/strong>\u00a0Mapas de Balones<br \/>\n<strong><span style=\"color: #0066cb;\">\u00bb<\/span><\/strong> An\u00e1lisis de Ara\u00f1as<br \/>\n<strong><span style=\"color: #0066cb;\">\u00bb<\/span><\/strong> Estad\u00edstica<br \/>\n<strong><span style=\"color: #0066cb;\">\u00bb<\/span><\/strong> Res\u00famenes<\/p>\n<p><span style=\"color: #0066cb; font-size: 16px;\"><strong>\u2022 B\u00fasquedas<\/strong><\/span><br \/>\n<strong><span style=\"color: #0066cb;\">\u00bb<\/span><\/strong> Tem\u00e1ticos<br \/>\n<strong><span style=\"color: #0066cb;\">\u00bb<\/span><\/strong>\u00a0Rangos<br \/>\n<strong><span style=\"color: #0066cb;\">\u00bb<\/span><\/strong>\u00a0Perfiles[\/vc_column_text][vc_column_text css_animation=\u00bbbottom-to-top\u00bb]<span style=\"color: #0066cb; font-size: 16px;\"><strong>\u2022 \u00c1reas de Influencia<\/strong><\/span><\/p>\n<p><span style=\"color: #0066cb; font-size: 16px;\"><strong>\u2022 Georeferenciaci\u00f3n &amp; Georeferenciaci\u00f3n Inversa<\/strong><\/span><\/p>\n<p><span style=\"color: #0066cb; font-size: 16px;\"><strong>\u2022 Mapas Resumen<\/strong><\/span><\/p>\n<p><span style=\"color: #0066cb; font-size: 16px;\"><strong>\u2022 Reportes<\/strong><\/span>[\/vc_column_text][\/vc_column_inner][\/vc_row_inner][\/vc_column][vc_column width=\u00bb1\/3&#8243;][vc_column_text css_animation=\u00bbbottom-to-top\u00bb]<\/p>\n<h4>\u00bfEst\u00e1 interesado en nuestros servicios de Inteligencia de Localizaci\u00f3n?<\/h4>\n<p>Por Favor, Complete el siguiente formulario y env\u00edelo<br \/>\nLos campos marcados con asterisco (*) son requeridos.[\/vc_column_text]<div class=\"wpforms-container \" id=\"wpforms-6686\"><form id=\"wpforms-form-6686\" class=\"wpforms-validate wpforms-form\" data-formid=\"6686\" method=\"post\" enctype=\"multipart\/form-data\" action=\"\/es\/wp-json\/wp\/v2\/pages\/5558\" data-token=\"6468d06e8fcf4ebf55cf81c61fe3d7fd\" data-token-time=\"1777315606\"><noscript class=\"wpforms-error-noscript\">Por favor, activa JavaScript en tu navegador para completar este formulario.<\/noscript><div class=\"wpforms-field-container\"><div id=\"wpforms-6686-field_2-container\" class=\"wpforms-field wpforms-field-name\" data-field-id=\"2\"><label class=\"wpforms-field-label\" for=\"wpforms-6686-field_2\">Nombre <span class=\"wpforms-required-label\">*<\/span><\/label><div class=\"wpforms-field-row wpforms-field-large\"><div class=\"wpforms-field-row-block wpforms-first wpforms-one-half\"><input type=\"text\" id=\"wpforms-6686-field_2\" class=\"wpforms-field-name-first wpforms-field-required\" name=\"wpforms[fields][2][first]\" placeholder=\"Nombre\" required><label for=\"wpforms-6686-field_2\" class=\"wpforms-field-sublabel after wpforms-sublabel-hide\">Nombre<\/label><\/div><div class=\"wpforms-field-row-block wpforms-one-half\"><input type=\"text\" id=\"wpforms-6686-field_2-last\" class=\"wpforms-field-name-last wpforms-field-required\" name=\"wpforms[fields][2][last]\" placeholder=\"Apellido\" required><label for=\"wpforms-6686-field_2-last\" class=\"wpforms-field-sublabel after wpforms-sublabel-hide\">Apellidos<\/label><\/div><\/div><\/div><div id=\"wpforms-6686-field_3-container\" class=\"wpforms-field wpforms-field-email\" data-field-id=\"3\"><label class=\"wpforms-field-label\" for=\"wpforms-6686-field_3\">Email <span class=\"wpforms-required-label\">*<\/span><\/label><input type=\"email\" id=\"wpforms-6686-field_3\" class=\"wpforms-field-large wpforms-field-required\" name=\"wpforms[fields][3]\" spellcheck=\"false\" required><\/div><div id=\"wpforms-6686-field_1-container\" class=\"wpforms-field wpforms-field-text\" data-field-id=\"1\"><label class=\"wpforms-field-label\" for=\"wpforms-6686-field_1\">Pa\u00eds <span class=\"wpforms-required-label\">*<\/span><\/label><input type=\"text\" id=\"wpforms-6686-field_1\" class=\"wpforms-field-large wpforms-field-required\" name=\"wpforms[fields][1]\" required><\/div><div id=\"wpforms-6686-field_4-container\" class=\"wpforms-field wpforms-field-text\" data-field-id=\"4\"><label class=\"wpforms-field-label\" for=\"wpforms-6686-field_4\">Tel\u00e9fono de Contacto <span class=\"wpforms-required-label\">*<\/span><\/label><input type=\"text\" id=\"wpforms-6686-field_4\" class=\"wpforms-field-large wpforms-field-required\" name=\"wpforms[fields][4]\" required><\/div><div id=\"wpforms-6686-field_5-container\" class=\"wpforms-field wpforms-field-text\" data-field-id=\"5\"><label class=\"wpforms-field-label\" for=\"wpforms-6686-field_5\">Asunto <span class=\"wpforms-required-label\">*<\/span><\/label><input type=\"text\" id=\"wpforms-6686-field_5\" class=\"wpforms-field-large wpforms-field-required\" name=\"wpforms[fields][5]\" required><\/div><div id=\"wpforms-6686-field_6-container\" class=\"wpforms-field wpforms-field-textarea\" data-field-id=\"6\"><label class=\"wpforms-field-label\" for=\"wpforms-6686-field_6\">Mensaje<\/label><textarea id=\"wpforms-6686-field_6\" class=\"wpforms-field-small\" name=\"wpforms[fields][6]\" ><\/textarea><\/div><\/div><!-- .wpforms-field-container --><div class=\"wpforms-field wpforms-field-hp\"><label for=\"wpforms-6686-field-hp\" class=\"wpforms-field-label\">Phone<\/label><input type=\"text\" name=\"wpforms[hp]\" id=\"wpforms-6686-field-hp\" class=\"wpforms-field-medium\"><\/div><div class=\"wpforms-recaptcha-container wpforms-is-recaptcha wpforms-is-recaptcha-type-v2\" ><div class=\"g-recaptcha\" data-sitekey=\"6Lc0rx8UAAAAAN-st5jNtyqp90jDnw3AFephYtlU\"><\/div><input type=\"text\" name=\"g-recaptcha-hidden\" class=\"wpforms-recaptcha-hidden\" style=\"position:absolute!important;clip:rect(0,0,0,0)!important;height:1px!important;width:1px!important;border:0!important;overflow:hidden!important;padding:0!important;margin:0!important;\" data-rule-recaptcha=\"1\"><\/div><div class=\"wpforms-submit-container\" ><input type=\"hidden\" name=\"wpforms[id]\" value=\"6686\"><input type=\"hidden\" name=\"page_title\" value=\"\"><input type=\"hidden\" name=\"page_url\" value=\"https:\/\/www.geobis.com\/es\/wp-json\/wp\/v2\/pages\/5558\"><input type=\"hidden\" name=\"url_referer\" value=\"\"><button type=\"submit\" name=\"wpforms[submit]\" id=\"wpforms-submit-6686\" class=\"wpforms-submit\" data-alt-text=\"Enviando...\" data-submit-text=\"Enviar\" aria-live=\"assertive\" value=\"wpforms-submit\">Enviar<\/button><\/div><\/form><\/div>  <!-- .wpforms-container -->[\/vc_column][\/vc_row]<\/p>\n<\/div>","protected":false},"excerpt":{"rendered":"<p>[vc_row full_content_width=\u00bbrow-inner-full\u00bb top=\u00bb70px\u00bb bottom=\u00bb0px\u00bb bg_type=\u00bbimage\u00bb parallax_bg=\u00bbparallax-bg\u00bb speed=\u00bb0.50&#8243; bg_cover=\u00bbcover\u00bb bg_position=\u00bbCenter center\u00bb row_show_on=\u00bbhide_mobile_landscape,hide_mobile_portrait\u00bb bg_color=\u00bb#0066cb\u00bb bg_image=\u00bb6679&#8243; overlay_color=\u00bbrgba(10,10,10,0.3)\u00bb][vc_column][vc_empty_space height=\u00bb150px\u00bb][vc_custom_heading text=\u00bbINTELIGENCIA DE LOCALIZACI\u00d3N\u00bb font_container=\u00bbtag:h1|font_size:80px|text_align:center|color:%23ffffff|line_height:80px\u00bb use_theme_fonts=\u00bbyes\u00bb css_animation=\u00bbzoomIn\u00bb][vc_empty_space height=\u00bb150px\u00bb][\/vc_column][\/vc_row][vc_row full_content_width=\u00bbrow-inner-full\u00bb top=\u00bb70px\u00bb bottom=\u00bb0px\u00bb&#8230;  <\/p>\n<div class=\"read-more\"><a class=\"excerpt-read-more\" href=\"https:\/\/www.geobis.com\/es\/inteligencia-de-localizacion\/\" title=\"Continue reading Inteligencia de Localizaci\u00f3n\">Read more<i class=\"fa fa-angle-right\"><\/i><\/a><\/div>\n","protected":false},"author":4,"featured_media":6679,"parent":0,"menu_order":0,"comment_status":"closed","ping_status":"closed","template":"page-full-width.php","meta":{"footnotes":""},"class_list":["post-5558","page","type-page","status-publish","has-post-thumbnail","hentry"],"_links":{"self":[{"href":"https:\/\/www.geobis.com\/es\/wp-json\/wp\/v2\/pages\/5558","targetHints":{"allow":["GET"]}}],"collection":[{"href":"https:\/\/www.geobis.com\/es\/wp-json\/wp\/v2\/pages"}],"about":[{"href":"https:\/\/www.geobis.com\/es\/wp-json\/wp\/v2\/types\/page"}],"author":[{"embeddable":true,"href":"https:\/\/www.geobis.com\/es\/wp-json\/wp\/v2\/users\/4"}],"replies":[{"embeddable":true,"href":"https:\/\/www.geobis.com\/es\/wp-json\/wp\/v2\/comments?post=5558"}],"version-history":[{"count":7,"href":"https:\/\/www.geobis.com\/es\/wp-json\/wp\/v2\/pages\/5558\/revisions"}],"predecessor-version":[{"id":6908,"href":"https:\/\/www.geobis.com\/es\/wp-json\/wp\/v2\/pages\/5558\/revisions\/6908"}],"wp:featuredmedia":[{"embeddable":true,"href":"https:\/\/www.geobis.com\/es\/wp-json\/wp\/v2\/media\/6679"}],"wp:attachment":[{"href":"https:\/\/www.geobis.com\/es\/wp-json\/wp\/v2\/media?parent=5558"}],"curies":[{"name":"wp","href":"https:\/\/api.w.org\/{rel}","templated":true}]}}