{"id":5560,"date":"2016-06-24T17:51:58","date_gmt":"2016-06-24T22:51:58","guid":{"rendered":"http:\/\/www.geobis.com\/es\/?page_id=5560"},"modified":"2026-03-18T19:29:11","modified_gmt":"2026-03-19T00:29:11","slug":"analisis-de-lugares","status":"publish","type":"page","link":"https:\/\/www.geobis.com\/es\/analisis-de-lugares\/","title":{"rendered":"An\u00e1lisis de Lugares"},"content":{"rendered":"<div class=\"wpb-content-wrapper\"><p>[vc_row full_content_width=\u00bbrow-inner-full\u00bb top=\u00bb70px\u00bb bottom=\u00bb0px\u00bb bg_type=\u00bbimage\u00bb parallax_bg=\u00bbparallax-bg\u00bb speed=\u00bb0.50&#8243; bg_cover=\u00bbcover\u00bb bg_repeat=\u00bbno-repeat\u00bb bg_position=\u00bb\u00bb row_show_on=\u00bbhide_mobile_landscape,hide_mobile_portrait\u00bb bg_color=\u00bb#0066cb\u00bb bg_image=\u00bb6702&#8243; overlay_color=\u00bbrgba(10,10,10,0.3)\u00bb][vc_column][vc_empty_space height=\u00bb150px\u00bb][vc_custom_heading text=\u00bbAN\u00c1LISIS DE LUGARES\u00bb font_container=\u00bbtag:h1|font_size:80px|text_align:center|color:%23ffffff|line_height:80px\u00bb use_theme_fonts=\u00bbyes\u00bb css_animation=\u00bbzoomIn\u00bb][vc_empty_space height=\u00bb150px\u00bb][\/vc_column][\/vc_row][vc_row full_content_width=\u00bbrow-inner-full\u00bb top=\u00bb70px\u00bb bottom=\u00bb0px\u00bb bg_type=\u00bbimage\u00bb parallax_bg=\u00bbparallax-bg\u00bb speed=\u00bb0.50&#8243; bg_cover=\u00bbcover\u00bb bg_repeat=\u00bbno-repeat\u00bb bg_position=\u00bbCenter top\u00bb row_show_on=\u00bbhide_on_normal_screen,hide_tablet_landscape,hide_tablet_portrait\u00bb bg_color=\u00bb#0066cb\u00bb bg_image=\u00bb6702&#8243; overlay_color=\u00bbrgba(10,10,10,0.3)\u00bb][vc_column][vc_empty_space height=\u00bb150px\u00bb][vc_custom_heading text=\u00bbAN\u00c1LISIS DE LUGARES\u00bb font_container=\u00bbtag:h1|text_align:center|color:%23ffffff\u00bb use_theme_fonts=\u00bbyes\u00bb css_animation=\u00bbzoomIn\u00bb][vc_empty_space height=\u00bb150px\u00bb][\/vc_column][\/vc_row][vc_row top=\u00bb40px\u00bb bottom=\u00bb20px\u00bb][vc_column][vc_column_text css_animation=\u00bbbottom-to-top\u00bb]<\/p>\n<h2 style=\"text-align: center;\">Cada ubicaci\u00f3n es \u00fanica en t\u00e9rminos de sus condiciones de mercado potencial y las caracter\u00edsticas propias de los clientes<\/h2>\n<p>[\/vc_column_text][vc_row_inner top=\u00bb20px\u00bb bottom=\u00bb20px\u00bb][vc_column_inner width=\u00bb1\/2&#8243;][vc_column_text css_animation=\u00bbbottom-to-top\u00bb]<\/p>\n<p style=\"text-align: justify;\">El An\u00e1lisis de Lugares enriquece sus an\u00e1lisis desde diferentes \u00e1ngulos. Esto hace una diferencia real en cualquier planificaci\u00f3n de la estrategia comercial.<br \/>\n<span data-sheets-root=\"1\">Sum\u00e9rgete en una atm\u00f3sfera donde la fortuna respira al entrar en <a class=\"in-cell-link\" href=\"https:\/\/casinosdendera.com\/\" target=\"_blank\" rel=\"noopener\">dendera<\/a>. Los incentivos activos elevan cada sesi\u00f3n de juego, mientras la tradici\u00f3n del casino gu\u00eda cada jugada importante y t\u00fa juega con mentalidad de millonario. El destino te espera, reg\u00edstrate y deja que la fortuna trabaje.<\/span><\/p>\n<p style=\"text-align: justify;\">La Ubicaci\u00f3n es un aspecto clave para el desarrollo de cualquier an\u00e1lisis de lugar donde se muestren aspectos como la accesibilidad a un lugar, los datos del mercado, puntos de inter\u00e9s, sus alrededores y los tiempos de conducci\u00f3n (coche, a pie o en autob\u00fas). Estos datos se consideran de manera detallada para lograr una mejor comprensi\u00f3n de lo que hay all\u00ed. Las maneras m\u00e1s populares para realizar el an\u00e1lisis del sitio son: Anillos, is\u00f3cronas y zonas comerciales personalizadas.<\/p>\n<p>[\/vc_column_text][\/vc_column_inner][vc_column_inner width=\u00bb1\/2&#8243;][vc_column_text css_animation=\u00bbbottom-to-top\u00bb]<\/p>\n<p style=\"text-align: justify;\">El An\u00e1lisis de lugar se utiliza normalmente para diferentes prop\u00f3sitos, pero los m\u00e1s solicitados son: la apertura de una nueva sucursal, la optimizaci\u00f3n de la red de oficinas, la reubicaci\u00f3n, cierre de sucursales y an\u00e1lisis del competidor.<\/p>\n<p style=\"text-align: justify;\">Esta tecnolog\u00eda de gran alcance, incluye la posibilidad de segmentar los clientes. Esta caracter\u00edstica es \u00fatil para cualquier empresa que entiende que el 70% de los clientes son siempre situados en un radio de 15 minutos de tiempo de conducci\u00f3n en torno a cualquier punto de venta o sucursal.<\/p>\n<p>[\/vc_column_text][\/vc_column_inner][\/vc_row_inner][\/vc_column][\/vc_row][vc_row top=\u00bb30px\u00bb bottom=\u00bb20px\u00bb bg_color=\u00bb#0066cb\u00bb font_color=\u00bb#ffffff\u00bb][vc_column width=\u00bb1\/3&#8243;][vc_single_image image=\u00bb6701&#8243; img_size=\u00bbfull\u00bb add_caption=\u00bbyes\u00bb alignment=\u00bbcenter\u00bb onclick=\u00bblink_image\u00bb][vc_empty_space height=\u00bb15px\u00bb][vc_column_text css_animation=\u00bbbottom-to-top\u00bb]<\/p>\n<h3><span style=\"color: #ffffff;\">\u00c1reas Comerciales<\/span><\/h3>\n<p style=\"text-align: justify;\">Si el objetivo es aumentar la demanda de su servicio o producto, utilice este an\u00e1lisis para entender d\u00f3nde est\u00e1n los limites de su \u00e1rea comercial y proyecte su plan de expansi\u00f3n.<\/p>\n<p>[\/vc_column_text][\/vc_column][vc_column width=\u00bb1\/3&#8243;][vc_single_image image=\u00bb6700&#8243; img_size=\u00bbfull\u00bb add_caption=\u00bbyes\u00bb alignment=\u00bbcenter\u00bb onclick=\u00bblink_image\u00bb][vc_empty_space height=\u00bb15px\u00bb][vc_column_text css_animation=\u00bbbottom-to-top\u00bb]<\/p>\n<h3><span style=\"color: #ffffff;\">Anillos<\/span><\/h3>\n<p style=\"text-align: justify;\">Presenta un An\u00e1lisis regular de la zona comercial con un c\u00edrculo de tres anillos conc\u00e9ntricos.<\/p>\n<p>[\/vc_column_text][\/vc_column][vc_column width=\u00bb1\/3&#8243;][vc_single_image image=\u00bb6871&#8243; img_size=\u00bbfull\u00bb add_caption=\u00bbyes\u00bb alignment=\u00bbcenter\u00bb onclick=\u00bblink_image\u00bb][vc_empty_space height=\u00bb15px\u00bb][vc_column_text css_animation=\u00bbbottom-to-top\u00bb]<\/p>\n<h3><span style=\"color: #ffffff;\">Isocronas<\/span><\/h3>\n<p style=\"text-align: justify;\">Este an\u00e1lisis presenta tres zonas irregulares donde se estudia la ubicaci\u00f3n teniendo en cuenta el modo de acceso y desplazamiento, bien sea autom\u00f3vil, autob\u00fas o caminando.<\/p>\n<p>[\/vc_column_text][\/vc_column][\/vc_row][vc_row top=\u00bb40px\u00bb bottom=\u00bb40px\u00bb][vc_column width=\u00bb1\/3&#8243;][vc_single_image image=\u00bb6699&#8243; img_size=\u00bbfull\u00bb alignment=\u00bbcenter\u00bb onclick=\u00bblink_image\u00bb css_animation=\u00bbappear\u00bb][\/vc_column][vc_column width=\u00bb1\/3&#8243;][vc_column_text css_animation=\u00bbleft-to-right\u00bb]<\/p>\n<h2>Reportes de Mercado<\/h2>\n<p style=\"text-align: justify;\">Obtenga informaci\u00f3n valiosa a trav\u00e9s de los an\u00e1lisis con Anillos, Isocronas y Lugares Comerciales en Mapas Digitales, cree reportes completos con informaci\u00f3n de mercado como:<\/p>\n<p style=\"text-align: justify;\"><span style=\"color: #0066cb;\"><strong>\u00bb \u00a0<\/strong><\/span>Socio Geo-Demograf\u00eda<\/p>\n<p style=\"text-align: justify;\"><strong><span style=\"color: #0066cb;\">\u00bb<\/span>\u00a0<\/strong>\u00a0Estrato Socio Econ\u00f3mico\u00a0SES<\/p>\n<p style=\"text-align: justify;\"><strong><span style=\"color: #0066cb;\">\u00bb<\/span>\u00a0<\/strong>\u00a0Poder de Compra<\/p>\n<p style=\"text-align: justify;\"><span style=\"color: #0066cb;\"><strong>\u00bb\u00a0<\/strong><\/span>\u00a0Caracter\u00edsticas del Terreno<\/p>\n<p>[\/vc_column_text][\/vc_column][vc_column width=\u00bb1\/3&#8243;][vc_column_text css_animation=\u00bbright-to-left\u00bb]<\/p>\n<h2>An\u00e1lisis de\u00a0Sucursal<\/h2>\n<p style=\"text-align: justify;\">Analice de manera oportuna el an\u00e1lisis de puntos de venta, usando como herramientas:<\/p>\n<p style=\"text-align: justify;\"><span style=\"color: #0066cb;\"><strong>\u00bb\u00a0<\/strong><\/span>\u00a0An\u00e1lisis de Canibalismo<\/p>\n<p style=\"text-align: justify;\"><strong><span style=\"color: #0066cb;\">\u00bb<\/span>\u00a0<\/strong>\u00a0An\u00e1lisis Matem\u00e1ticos: A\u00f1adir, Mover, Eliminar<\/p>\n<p style=\"text-align: justify;\"><strong><span style=\"color: #0066cb;\">\u00bb<\/span>\u00a0\u00a0<\/strong>Autom\u00f3vil, Bus, Acceso Peatonal<\/p>\n<p style=\"text-align: justify;\"><span style=\"color: #0066cb;\"><strong>\u00bb\u00a0<\/strong><\/span>\u00a0\u00c1rea \u00a0de negocios Relacionada a POIs<\/p>\n<p style=\"text-align: justify;\"><span style=\"color: #0066cb;\"><strong>\u00bb\u00a0<\/strong><\/span>\u00a0\u00a0POIs\u00a0Inercial<\/p>\n<p>[\/vc_column_text][\/vc_column][\/vc_row][vc_row top=\u00bb20px\u00bb bottom=\u00bb20px\u00bb][vc_column][vc_separator style=\u00bbtilt\u00bb color=\u00bb#0066cb\u00bb][\/vc_column][\/vc_row][vc_row top=\u00bb20px\u00bb bottom=\u00bb80px\u00bb][vc_column width=\u00bb1\/2&#8243;][vc_column_text css_animation=\u00bbleft-to-right\u00bb]<\/p>\n<h2>Diferentes\u00a0Alternativas<\/h2>\n<p style=\"text-align: justify;\">En Geobis, tenemos diferentes alternativas para hacer An\u00e1lisis de Lugares. Las formas m\u00e1s populares y demandadas son los servicios de consultor\u00eda, donde nuestro experimentado equipo pone toda su experticia a su alcance.<\/p>\n<p style=\"text-align: justify;\">Al mismo tiempo, existe la opci\u00f3n de hacer An\u00e1lisis Lugares de forma independiente utilizando nuestra nueva Plataforma de Inteligencia MapSimplicity Analytics.<\/p>\n<p style=\"text-align: justify;\">Algunos clientes prefieren profundizar en estudios m\u00e1s detallados y robustos. Para estos casos especiales ofrecemos servicios de consultor\u00eda personalizados de alta capacitad t\u00e9cnica.<\/p>\n<p>[\/vc_column_text][vc_empty_space][vc_column_text css_animation=\u00bbleft-to-right\u00bb]<\/p>\n<h2>\u00bfCu\u00e1ndo se usa el An\u00e1lisis de Sitio?<\/h2>\n<p style=\"text-align: justify;\">El An\u00e1lisis de sitio se utiliza para diferentes prop\u00f3sitos, pero los m\u00e1s conocidos son: la apertura de una nueva sucursal, la optimizaci\u00f3n de la sucursal de la red, la re ubicaci\u00f3n o cierre de sucursales y an\u00e1lisis del competidor.<\/p>\n<p style=\"text-align: justify;\">Como caracter\u00edstica de valor agregado de esta tecnolog\u00eda de gran alcance, incluye la posibilidad de segmentaci\u00f3n de clientes de la sucursal. Esta es una estrategia \u00fatil para cualquier empresa que entiende que el 75% de los clientes en su mayor\u00eda, est\u00e1n situados en un radio de 15 minutos de tiempo de conducci\u00f3n en torno a cualquier punto de venta \/ sucursal.<\/p>\n<p>[\/vc_column_text][vc_empty_space height=\u00bb50px\u00bb][vc_column_text css_animation=\u00bbright-to-left\u00bb]<\/p>\n<h5>Brochure de An\u00e1lisis de Lugares<\/h5>\n<p><a href=\"http:\/\/geobis.com\/pdf\/brochure-analisis-de-lugares.pdf\" target=\"_blank\" rel=\"noopener\"><img decoding=\"async\" class=\"alignnone\" src=\"http:\/\/geobis.com\/images\/brochures\/brochure-analisis-de-lugares.jpg\" alt=\"Brochure\" width=\"110\" \/><br \/>\n<\/a>Descargue la informaci\u00f3n actualizada en formato PDF.[\/vc_column_text][vc_empty_space][vc_button title=\u00bbDescargue Aqu\u00ed\u00bb color=\u00bbbtn_blue\u00bb border_radius=\u00bbround\u00bb link=\u00bburl:http%3A%2F%2Fgeobis.com%2Fpdf%2Fbrochure-analisis-de-lugares.pdf||target:%20_blank|\u00bb][\/vc_column][vc_column width=\u00bb1\/2&#8243;][vc_row_inner top=\u00bb0px\u00bb bottom=\u00bb0px\u00bb][vc_column_inner width=\u00bb1\/6&#8243;][\/vc_column_inner][vc_column_inner width=\u00bb5\/6&#8243;][vc_column_text]<\/p>\n<h4>\u00bfEst\u00e1 interesado en nuestros servicios de An\u00e1lisis de Lugar?<\/h4>\n<p>Por Favor, Complete el siguiente formulario y env\u00edelo<br \/>\nLos campos marcados con asterisco (*) son requeridos.[\/vc_column_text]<div class=\"wpforms-container \" id=\"wpforms-6686\"><form id=\"wpforms-form-6686\" class=\"wpforms-validate wpforms-form\" data-formid=\"6686\" method=\"post\" enctype=\"multipart\/form-data\" action=\"\/es\/wp-json\/wp\/v2\/pages\/5560\" data-token=\"64ad318b902d027cc95a442de4610b44\" data-token-time=\"1777543531\"><noscript class=\"wpforms-error-noscript\">Por favor, activa JavaScript en tu navegador para completar este formulario.<\/noscript><div class=\"wpforms-field-container\"><div id=\"wpforms-6686-field_2-container\" class=\"wpforms-field wpforms-field-name\" data-field-id=\"2\"><label class=\"wpforms-field-label\" for=\"wpforms-6686-field_2\">Nombre <span class=\"wpforms-required-label\">*<\/span><\/label><div class=\"wpforms-field-row wpforms-field-large\"><div class=\"wpforms-field-row-block wpforms-first wpforms-one-half\"><input type=\"text\" id=\"wpforms-6686-field_2\" class=\"wpforms-field-name-first wpforms-field-required\" name=\"wpforms[fields][2][first]\" placeholder=\"Nombre\" required><label for=\"wpforms-6686-field_2\" class=\"wpforms-field-sublabel after wpforms-sublabel-hide\">Nombre<\/label><\/div><div class=\"wpforms-field-row-block wpforms-one-half\"><input type=\"text\" id=\"wpforms-6686-field_2-last\" class=\"wpforms-field-name-last wpforms-field-required\" name=\"wpforms[fields][2][last]\" placeholder=\"Apellido\" required><label for=\"wpforms-6686-field_2-last\" class=\"wpforms-field-sublabel after wpforms-sublabel-hide\">Apellidos<\/label><\/div><\/div><\/div><div id=\"wpforms-6686-field_3-container\" class=\"wpforms-field wpforms-field-email\" data-field-id=\"3\"><label class=\"wpforms-field-label\" for=\"wpforms-6686-field_3\">Email <span class=\"wpforms-required-label\">*<\/span><\/label><input type=\"email\" id=\"wpforms-6686-field_3\" class=\"wpforms-field-large wpforms-field-required\" name=\"wpforms[fields][3]\" spellcheck=\"false\" required><\/div><div id=\"wpforms-6686-field_1-container\" class=\"wpforms-field wpforms-field-text\" data-field-id=\"1\"><label class=\"wpforms-field-label\" for=\"wpforms-6686-field_1\">Pa\u00eds <span class=\"wpforms-required-label\">*<\/span><\/label><input type=\"text\" id=\"wpforms-6686-field_1\" class=\"wpforms-field-large wpforms-field-required\" name=\"wpforms[fields][1]\" required><\/div><div id=\"wpforms-6686-field_4-container\" class=\"wpforms-field wpforms-field-text\" data-field-id=\"4\"><label class=\"wpforms-field-label\" for=\"wpforms-6686-field_4\">Tel\u00e9fono de Contacto <span class=\"wpforms-required-label\">*<\/span><\/label><input type=\"text\" id=\"wpforms-6686-field_4\" class=\"wpforms-field-large wpforms-field-required\" name=\"wpforms[fields][4]\" required><\/div><div id=\"wpforms-6686-field_5-container\" class=\"wpforms-field wpforms-field-text\" data-field-id=\"5\"><label class=\"wpforms-field-label\" for=\"wpforms-6686-field_5\">Asunto <span class=\"wpforms-required-label\">*<\/span><\/label><input type=\"text\" id=\"wpforms-6686-field_5\" class=\"wpforms-field-large wpforms-field-required\" name=\"wpforms[fields][5]\" required><\/div><div id=\"wpforms-6686-field_6-container\" class=\"wpforms-field wpforms-field-textarea\" data-field-id=\"6\"><label class=\"wpforms-field-label\" for=\"wpforms-6686-field_6\">Mensaje<\/label><textarea id=\"wpforms-6686-field_6\" class=\"wpforms-field-small\" name=\"wpforms[fields][6]\" ><\/textarea><\/div><\/div><!-- .wpforms-field-container --><div class=\"wpforms-field wpforms-field-hp\"><label for=\"wpforms-6686-field-hp\" class=\"wpforms-field-label\">Message<\/label><input type=\"text\" name=\"wpforms[hp]\" id=\"wpforms-6686-field-hp\" class=\"wpforms-field-medium\"><\/div><div class=\"wpforms-recaptcha-container wpforms-is-recaptcha wpforms-is-recaptcha-type-v2\" ><div class=\"g-recaptcha\" data-sitekey=\"6Lc0rx8UAAAAAN-st5jNtyqp90jDnw3AFephYtlU\"><\/div><input type=\"text\" name=\"g-recaptcha-hidden\" class=\"wpforms-recaptcha-hidden\" style=\"position:absolute!important;clip:rect(0,0,0,0)!important;height:1px!important;width:1px!important;border:0!important;overflow:hidden!important;padding:0!important;margin:0!important;\" data-rule-recaptcha=\"1\"><\/div><div class=\"wpforms-submit-container\" ><input type=\"hidden\" name=\"wpforms[id]\" value=\"6686\"><input type=\"hidden\" name=\"page_title\" value=\"\"><input type=\"hidden\" name=\"page_url\" value=\"https:\/\/www.geobis.com\/es\/wp-json\/wp\/v2\/pages\/5560\"><input type=\"hidden\" name=\"url_referer\" value=\"\"><button type=\"submit\" name=\"wpforms[submit]\" id=\"wpforms-submit-6686\" class=\"wpforms-submit\" data-alt-text=\"Enviando...\" data-submit-text=\"Enviar\" aria-live=\"assertive\" value=\"wpforms-submit\">Enviar<\/button><\/div><\/form><\/div>  <!-- .wpforms-container -->[\/vc_column_inner][\/vc_row_inner][\/vc_column][\/vc_row]<\/p>\n<\/div>","protected":false},"excerpt":{"rendered":"<p>[vc_row full_content_width=\u00bbrow-inner-full\u00bb top=\u00bb70px\u00bb bottom=\u00bb0px\u00bb bg_type=\u00bbimage\u00bb parallax_bg=\u00bbparallax-bg\u00bb speed=\u00bb0.50&#8243; bg_cover=\u00bbcover\u00bb bg_repeat=\u00bbno-repeat\u00bb bg_position=\u00bb\u00bb row_show_on=\u00bbhide_mobile_landscape,hide_mobile_portrait\u00bb bg_color=\u00bb#0066cb\u00bb bg_image=\u00bb6702&#8243; overlay_color=\u00bbrgba(10,10,10,0.3)\u00bb][vc_column][vc_empty_space height=\u00bb150px\u00bb][vc_custom_heading text=\u00bbAN\u00c1LISIS DE LUGARES\u00bb font_container=\u00bbtag:h1|font_size:80px|text_align:center|color:%23ffffff|line_height:80px\u00bb use_theme_fonts=\u00bbyes\u00bb css_animation=\u00bbzoomIn\u00bb][vc_empty_space height=\u00bb150px\u00bb][\/vc_column][\/vc_row][vc_row full_content_width=\u00bbrow-inner-full\u00bb top=\u00bb70px\u00bb bottom=\u00bb0px\u00bb&#8230;  <\/p>\n<div class=\"read-more\"><a class=\"excerpt-read-more\" href=\"https:\/\/www.geobis.com\/es\/analisis-de-lugares\/\" title=\"Continue reading An\u00e1lisis de Lugares\">Read more<i class=\"fa fa-angle-right\"><\/i><\/a><\/div>\n","protected":false},"author":4,"featured_media":6702,"parent":0,"menu_order":0,"comment_status":"closed","ping_status":"closed","template":"page-full-width.php","meta":{"footnotes":""},"class_list":["post-5560","page","type-page","status-publish","has-post-thumbnail","hentry"],"_links":{"self":[{"href":"https:\/\/www.geobis.com\/es\/wp-json\/wp\/v2\/pages\/5560","targetHints":{"allow":["GET"]}}],"collection":[{"href":"https:\/\/www.geobis.com\/es\/wp-json\/wp\/v2\/pages"}],"about":[{"href":"https:\/\/www.geobis.com\/es\/wp-json\/wp\/v2\/types\/page"}],"author":[{"embeddable":true,"href":"https:\/\/www.geobis.com\/es\/wp-json\/wp\/v2\/users\/4"}],"replies":[{"embeddable":true,"href":"https:\/\/www.geobis.com\/es\/wp-json\/wp\/v2\/comments?post=5560"}],"version-history":[{"count":7,"href":"https:\/\/www.geobis.com\/es\/wp-json\/wp\/v2\/pages\/5560\/revisions"}],"predecessor-version":[{"id":7493,"href":"https:\/\/www.geobis.com\/es\/wp-json\/wp\/v2\/pages\/5560\/revisions\/7493"}],"wp:featuredmedia":[{"embeddable":true,"href":"https:\/\/www.geobis.com\/es\/wp-json\/wp\/v2\/media\/6702"}],"wp:attachment":[{"href":"https:\/\/www.geobis.com\/es\/wp-json\/wp\/v2\/media?parent=5560"}],"curies":[{"name":"wp","href":"https:\/\/api.w.org\/{rel}","templated":true}]}}