{"id":5570,"date":"2016-06-24T18:09:00","date_gmt":"2016-06-24T23:09:00","guid":{"rendered":"http:\/\/www.geobis.com\/es\/?page_id=5570"},"modified":"2017-09-21T15:43:55","modified_gmt":"2017-09-21T20:43:55","slug":"gedots-geocodificacion","status":"publish","type":"page","link":"https:\/\/www.geobis.com\/es\/gedots-geocodificacion\/","title":{"rendered":"Geocodificaci\u00f3n o Georreferenciaci\u00f3n"},"content":{"rendered":"<div class=\"wpb-content-wrapper\"><p>[vc_row full_content_width=\u00bbrow-inner-full\u00bb top=\u00bb70px\u00bb bottom=\u00bb0px\u00bb bg_type=\u00bbimage\u00bb parallax_bg=\u00bbparallax-bg\u00bb speed=\u00bb0.50&#8243; bg_cover=\u00bbcover\u00bb bg_repeat=\u00bbno-repeat\u00bb bg_position=\u00bb\u00bb row_show_on=\u00bbhide_mobile_landscape,hide_mobile_portrait\u00bb bg_color=\u00bb#0066cb\u00bb bg_image=\u00bb6571&#8243; overlay_color=\u00bbrgba(10,10,10,0.25)\u00bb][vc_column][vc_empty_space height=\u00bb150px\u00bb][vc_custom_heading text=\u00bbGEOREFERENCIACI\u00d3N &#8211; GEDOTS\u00bb font_container=\u00bbtag:h1|font_size:80px|text_align:center|color:%23ffffff|line_height:80px\u00bb use_theme_fonts=\u00bbyes\u00bb css_animation=\u00bbzoomIn\u00bb][vc_empty_space height=\u00bb150px\u00bb][\/vc_column][\/vc_row][vc_row full_content_width=\u00bbrow-inner-full\u00bb top=\u00bb70px\u00bb bottom=\u00bb0px\u00bb bg_type=\u00bbimage\u00bb parallax_bg=\u00bbparallax-bg\u00bb speed=\u00bb0.50&#8243; bg_cover=\u00bbcover\u00bb bg_repeat=\u00bbno-repeat\u00bb bg_position=\u00bb\u00bb row_show_on=\u00bbhide_on_normal_screen,hide_tablet_landscape,hide_tablet_portrait\u00bb bg_color=\u00bb#0066cb\u00bb bg_image=\u00bb6571&#8243; overlay_color=\u00bbrgba(10,10,10,0.45)\u00bb][vc_column][vc_empty_space height=\u00bb150px\u00bb][vc_custom_heading text=\u00bbGEOREFERENCIACI\u00d3N &#8211; GEDOTS\u00bb font_container=\u00bbtag:h1|text_align:center|color:%23ffffff\u00bb use_theme_fonts=\u00bbyes\u00bb css_animation=\u00bbzoomIn\u00bb][vc_empty_space height=\u00bb150px\u00bb][\/vc_column][\/vc_row][vc_row top=\u00bb40px\u00bb bottom=\u00bb20px\u00bb][vc_column][vc_column_text css_animation=\u00bbleft-to-right\u00bb]<\/p>\n<h2 style=\"text-align: center;\">Geobis sabe c\u00f3mo convertir direcciones en puntos geogr\u00e1ficos inteligentes<\/h2>\n<p>[\/vc_column_text][\/vc_column][\/vc_row][vc_row top=\u00bb20px\u00bb bottom=\u00bb40px\u00bb columns_placement=\u00bbmiddle\u00bb][vc_column width=\u00bb1\/2&#8243;][vc_column_text css_animation=\u00bbleft-to-right\u00bb]<\/p>\n<h3 style=\"text-align: center;\">Gedots, la plataforma profesional de geocodificaci\u00f3n en la nube<\/h3>\n<p style=\"text-align: justify;\">Cuando se tienen suficientes datos para identificar comportamientos y tendencias de un \u00e1rea determinada y quiere ver esta informaci\u00f3n en un mapa, es hora de realizar una Geo codificaci\u00f3n o georeferenciaci\u00f3n.<\/p>\n<p style=\"text-align: justify;\">La Codificaci\u00f3n geogr\u00e1fica o geocodificaci\u00f3n le asigna coordenadas de Latitud-Longitud y agrega informaci\u00f3n inteligente a sus direcciones o Puntos geogr\u00e1ficos de inter\u00e9s. Los servicios Web de GeDots le permiten realizar estos procesos de forma r\u00e1pida y f\u00e1cil, se pueden solicitar para diferentes entornos, tales como Plataformas en la Nube, Intranets, PCs, Tabletas y Smartphones.<\/p>\n<p>[\/vc_column_text][\/vc_column][vc_column width=\u00bb1\/2&#8243;][vc_single_image image=\u00bb6710&#8243; img_size=\u00bbfull\u00bb alignment=\u00bbcenter\u00bb style=\u00bbvc_box_shadow_3d\u00bb onclick=\u00bblink_image\u00bb css_animation=\u00bbzoomIn\u00bb][\/vc_column][\/vc_row][vc_row top=\u00bb50px\u00bb bottom=\u00bb50px\u00bb bg_color=\u00bb#0066cb\u00bb font_color=\u00bb#ffffff\u00bb][vc_column width=\u00bb2\/3&#8243;][vc_video link=\u00bbhttps:\/\/www.youtube.com\/watch?v=e5JhTOC5UgE\u00bb css_animation=\u00bbleft-to-right\u00bb][\/vc_column][vc_column width=\u00bb1\/3&#8243;][vc_column_text css_animation=\u00bbbottom-to-top\u00bb]<\/p>\n<h3 style=\"text-align: center;\"><span style=\"color: #ffffff;\">\u00bfC\u00f3mo se realiza la Geocodificaci\u00f3n con Gedots?<\/span><\/h3>\n<p style=\"text-align: justify;\"><strong>\u00bb<\/strong> Toma las direcciones originales y las estandariza organiz\u00e1ndolas en un diccionario de coordenadas para una b\u00fasqueda m\u00e1s r\u00e1pida.<\/p>\n<p style=\"text-align: justify;\"><strong>\u00bb<\/strong> Encuentra y proporciona la Latitud y la Longitud correspondiente a cada direcci\u00f3n.<\/p>\n<p style=\"text-align: justify;\"><strong>\u00bb<\/strong> Complementa datos proporcionando \u00fanicamente la direcci\u00f3n, por ejemplo: C\u00f3digo ZIP, segmentos de mercado, estrato socioecon\u00f3mico SES, perfiles Geodemogr\u00e1ficos, poder adquisitivo, entre otros.<\/p>\n<p style=\"text-align: justify;\"><strong>\u00bb<\/strong> S\u00ed se usa a trav\u00e9s de cualquier plataforma de trazado de mapas, los puntos pueden dibujarse sobre los mapas digitales creados.<\/p>\n<p>[\/vc_column_text][\/vc_column][\/vc_row][vc_row top=\u00bb50px\u00bb bottom=\u00bb20px\u00bb][vc_column][vc_column_text css_animation=\u00bbbottom-to-top\u00bb]<\/p>\n<h2 style=\"text-align: center;\">Caracter\u00edsticas generales<\/h2>\n<p>[\/vc_column_text][vc_row_inner top=\u00bb20px\u00bb bottom=\u00bb0px\u00bb][vc_column_inner width=\u00bb1\/2&#8243;][vc_column_text css_animation=\u00bbbottom-to-top\u00bb]<\/p>\n<p style=\"text-align: justify;\">\u00bb\u00a0Geocodificaci\u00f3n y Geocodificaci\u00f3n Inversa est\u00e1n disponibles.<\/p>\n<p style=\"text-align: justify;\">\u00bb Si GeDots es utilizado a trav\u00e9s de cualquier plataforma de trazado de mapas, los puntos pueden ser dibujados sobre el mapa digital.<\/p>\n<p style=\"text-align: justify;\">\u00bb | Direcci\u00f3n | Latitud y Longitud | A\u00f1adir informaci\u00f3n inteligente a las direcciones como: ZIP code, Estrato, Perfiles Demogr\u00e1ficos, poder de compra entre otros, es posible a petici\u00f3n del usuario.<\/p>\n<p style=\"text-align: justify;\">\u00bb A\u00f1ada informaci\u00f3n inteligente a sus puntos como: zip code, segmentos de mercado, datos demogr\u00e1ficos, estrato socioecon\u00f3mico, poder de compra y niveles de riesgo.<\/p>\n<p>[\/vc_column_text][\/vc_column_inner][vc_column_inner width=\u00bb1\/2&#8243;][vc_column_text css_animation=\u00bbbottom-to-top\u00bb]<\/p>\n<p style=\"text-align: justify;\">\u00bb El c\u00f3digo fuente est\u00e1 disponible para dise\u00f1os espec\u00edficos de programaci\u00f3n.<\/p>\n<p style=\"text-align: justify;\">\u00bb Actualizaci\u00f3n permanente de las librer\u00edas de direcciones y POIs.<\/p>\n<p style=\"text-align: justify;\">\u00bb Complejos algoritmos ayudan a descifrar las diferentes formas en las que son escritas las direcciones, permitiendo que estas coincidan con las librer\u00edas nacionales y locales.<\/p>\n<p style=\"text-align: justify;\">\u00bb Siempre en l\u00ednea disponible para todos nuestros usuarios.<\/p>\n<p style=\"text-align: justify;\">\u00bb\u00a0Si se requiere procesar grandes cantidades de datos, tenemos la opci\u00f3n de geocodificaci\u00f3n en masa, pregunte a nuestros asesores.<\/p>\n<p>[\/vc_column_text][\/vc_column_inner][\/vc_row_inner][vc_row_inner top=\u00bb20px\u00bb bottom=\u00bb0px\u00bb][vc_column_inner width=\u00bb1\/2&#8243;][vc_service icon_fontawesome=\u00bbfa fa-arrow-circle-right\u00bb title=\u00bbGeoreferenciaci\u00f3n\u00bb icon_position=\u00bbsb_center\u00bb icon_shape=\u00bbservice-circle\u00bb icon_hover_1=\u00bbh-breathe\u00bb css_animation=\u00bbbottom-to-top\u00bb icon_color=\u00bb#ffffff\u00bb border_color=\u00bb#126fcc\u00bb bg_color=\u00bb#0066cb\u00bb]Direcciones &amp; Datos = Lat,Lon[\/vc_service][\/vc_column_inner][vc_column_inner width=\u00bb1\/2&#8243;][vc_service icon_fontawesome=\u00bbfa fa-arrow-circle-left\u00bb title=\u00bbGeoreferenciaci\u00f3n Inversa\u00bb icon_position=\u00bbsb_center\u00bb icon_shape=\u00bbservice-circle\u00bb icon_hover_1=\u00bbh-breathe\u00bb css_animation=\u00bbbottom-to-top\u00bb css_animation_delay=\u00bbdelay-100&#8243; icon_color=\u00bb#ffffff\u00bb border_color=\u00bb#126fcc\u00bb bg_color=\u00bb#0066cb\u00bb]Lat,Lon = Direcciones &amp; Datos[\/vc_service][\/vc_column_inner][\/vc_row_inner][\/vc_column][\/vc_row][vc_row top=\u00bb30px\u00bb bottom=\u00bb30px\u00bb][vc_column width=\u00bb1\/2&#8243;][vc_single_image image=\u00bb6709&#8243; img_size=\u00bbfull\u00bb alignment=\u00bbcenter\u00bb onclick=\u00bblink_image\u00bb][vc_column_text]<\/p>\n<h2 style=\"text-align: justify;\">Geocodificaci\u00f3n<\/h2>\n<p style=\"text-align: justify;\">Generalmente su base de datos incluye la informaci\u00f3n b\u00e1sica de sus clientes. Pero para ir m\u00e1s all\u00e1 podr\u00e1 tomar la direcci\u00f3n de residencia y asignarle la Lat y Long que le permitir\u00e1 ubicarlos geogr\u00e1ficamente y asociar m\u00e1s informaci\u00f3n sociodemogr\u00e1fica a su base de datos, como estrato, nivel de consumo o nivel de ingresos entre otras 50 variables disponibles.<\/p>\n<p>[\/vc_column_text][\/vc_column][vc_column width=\u00bb1\/2&#8243;][vc_single_image image=\u00bb6898&#8243; img_size=\u00bbfull\u00bb alignment=\u00bbcenter\u00bb onclick=\u00bblink_image\u00bb][vc_column_text css_animation=\u00bbbottom-to-top\u00bb]<\/p>\n<h2 style=\"text-align: justify;\">Geocodificaci\u00f3n inversa<\/h2>\n<p style=\"text-align: justify;\">Si en cambio, usted tiene disponible las coordenadas de Lat y Long de sus clientes, podr\u00e1 asignarles una direcci\u00f3n est\u00e1ndar num\u00e9rica y\/o cultural y adem\u00e1s perfilar ese punto con informaci\u00f3n disponible y actualizada, como el ZIP code, segmentos de mercado, Datos demogr\u00e1ficos, estrato socioecon\u00f3mico, poder de compra, gastos de consumo y \u00e1reas de riesgo, solo debe contactarse con nosotros para requerirlos.<\/p>\n<p>[\/vc_column_text][\/vc_column][\/vc_row][vc_row top=\u00bb20px\u00bb bottom=\u00bb80px\u00bb][vc_column width=\u00bb1\/2&#8243;][vc_column_text]<\/p>\n<h2 style=\"text-align: justify;\">Pa\u00edses<\/h2>\n<p style=\"text-align: justify;\">GeDots cuenta con una gran lista de pa\u00edses en los cuales se pueden realizar los procesos de Geocodificaci\u00f3n, como: USA, M\u00e9xico, Am\u00e9rica Central, Sur Am\u00e9rica y el Caribe. Entre muchos otros, cont\u00e1ctenos para mayor informaci\u00f3n.<\/p>\n<p>[\/vc_column_text][vc_empty_space height=\u00bb40px\u00bb][vc_column_text]<a href=\"http:\/\/geobis.com\/pdf\/brochure-gedots-geocodificacion.pdf\" target=\"_blank\" rel=\"noopener\"><img decoding=\"async\" class=\"alignright\" src=\"http:\/\/geobis.com\/images\/brochures\/brochure-gedots-geocodificacion.jpg\" alt=\"Brochure\" width=\"110\" \/><\/a><\/p>\n<h5>Brochure de GeDots<\/h5>\n<p>Descargue la informaci\u00f3n actualizada en formato PDF.[\/vc_column_text][vc_empty_space height=\u00bb20px\u00bb][vc_button title=\u00bbDescarga Aqu\u00ed\u00bb color=\u00bbbtn_blue\u00bb border_radius=\u00bbround\u00bb link=\u00bburl:http%3A%2F%2Fgeobis.com%2Fpdf%2Fbrochure-gedots-geocodificacion.pdf||target:%20_blank|\u00bb][\/vc_column][vc_column width=\u00bb1\/2&#8243;][vc_column_text]<\/p>\n<h4>\u00bfEst\u00e1 interesado en nuestros servicios de Georeferenciaci\u00f3n GeDots?<\/h4>\n<p>Por Favor, Complete el siguiente formulario y env\u00edelo<br \/>\nLos campos marcados con asterisco (*) son requeridos.[\/vc_column_text]<div class=\"wpforms-container \" id=\"wpforms-6686\"><form id=\"wpforms-form-6686\" class=\"wpforms-validate wpforms-form\" data-formid=\"6686\" method=\"post\" enctype=\"multipart\/form-data\" action=\"\/es\/wp-json\/wp\/v2\/pages\/5570\" data-token=\"8de09f433dea24451ebcca94e9a7f60d\" data-token-time=\"1776625526\"><noscript class=\"wpforms-error-noscript\">Por favor, activa JavaScript en tu navegador para completar este formulario.<\/noscript><div class=\"wpforms-field-container\"><div id=\"wpforms-6686-field_2-container\" class=\"wpforms-field wpforms-field-name\" data-field-id=\"2\"><label class=\"wpforms-field-label\" for=\"wpforms-6686-field_2\">Nombre <span class=\"wpforms-required-label\">*<\/span><\/label><div class=\"wpforms-field-row wpforms-field-large\"><div class=\"wpforms-field-row-block wpforms-first wpforms-one-half\"><input type=\"text\" id=\"wpforms-6686-field_2\" class=\"wpforms-field-name-first wpforms-field-required\" name=\"wpforms[fields][2][first]\" placeholder=\"Nombre\" required><label for=\"wpforms-6686-field_2\" class=\"wpforms-field-sublabel after wpforms-sublabel-hide\">Nombre<\/label><\/div><div class=\"wpforms-field-row-block wpforms-one-half\"><input type=\"text\" id=\"wpforms-6686-field_2-last\" class=\"wpforms-field-name-last wpforms-field-required\" name=\"wpforms[fields][2][last]\" placeholder=\"Apellido\" required><label for=\"wpforms-6686-field_2-last\" class=\"wpforms-field-sublabel after wpforms-sublabel-hide\">Apellidos<\/label><\/div><\/div><\/div><div id=\"wpforms-6686-field_3-container\" class=\"wpforms-field wpforms-field-email\" data-field-id=\"3\"><label class=\"wpforms-field-label\" for=\"wpforms-6686-field_3\">Email <span class=\"wpforms-required-label\">*<\/span><\/label><input type=\"email\" id=\"wpforms-6686-field_3\" class=\"wpforms-field-large wpforms-field-required\" name=\"wpforms[fields][3]\" spellcheck=\"false\" required><\/div><div id=\"wpforms-6686-field_1-container\" class=\"wpforms-field wpforms-field-text\" data-field-id=\"1\"><label class=\"wpforms-field-label\" for=\"wpforms-6686-field_1\">Pa\u00eds <span class=\"wpforms-required-label\">*<\/span><\/label><input type=\"text\" id=\"wpforms-6686-field_1\" class=\"wpforms-field-large wpforms-field-required\" name=\"wpforms[fields][1]\" required><\/div><div id=\"wpforms-6686-field_4-container\" class=\"wpforms-field wpforms-field-text\" data-field-id=\"4\"><label class=\"wpforms-field-label\" for=\"wpforms-6686-field_4\">Tel\u00e9fono de Contacto <span class=\"wpforms-required-label\">*<\/span><\/label><input type=\"text\" id=\"wpforms-6686-field_4\" class=\"wpforms-field-large wpforms-field-required\" name=\"wpforms[fields][4]\" required><\/div><div id=\"wpforms-6686-field_5-container\" class=\"wpforms-field wpforms-field-text\" data-field-id=\"5\"><label class=\"wpforms-field-label\" for=\"wpforms-6686-field_5\">Asunto <span class=\"wpforms-required-label\">*<\/span><\/label><input type=\"text\" id=\"wpforms-6686-field_5\" class=\"wpforms-field-large wpforms-field-required\" name=\"wpforms[fields][5]\" required><\/div><div id=\"wpforms-6686-field_6-container\" class=\"wpforms-field wpforms-field-textarea\" data-field-id=\"6\"><label class=\"wpforms-field-label\" for=\"wpforms-6686-field_6\">Mensaje<\/label><textarea id=\"wpforms-6686-field_6\" class=\"wpforms-field-small\" name=\"wpforms[fields][6]\" ><\/textarea><\/div><\/div><!-- .wpforms-field-container --><div class=\"wpforms-field wpforms-field-hp\"><label for=\"wpforms-6686-field-hp\" class=\"wpforms-field-label\">Website<\/label><input type=\"text\" name=\"wpforms[hp]\" id=\"wpforms-6686-field-hp\" class=\"wpforms-field-medium\"><\/div><div class=\"wpforms-recaptcha-container wpforms-is-recaptcha wpforms-is-recaptcha-type-v2\" ><div class=\"g-recaptcha\" data-sitekey=\"6Lc0rx8UAAAAAN-st5jNtyqp90jDnw3AFephYtlU\"><\/div><input type=\"text\" name=\"g-recaptcha-hidden\" class=\"wpforms-recaptcha-hidden\" style=\"position:absolute!important;clip:rect(0,0,0,0)!important;height:1px!important;width:1px!important;border:0!important;overflow:hidden!important;padding:0!important;margin:0!important;\" data-rule-recaptcha=\"1\"><\/div><div class=\"wpforms-submit-container\" ><input type=\"hidden\" name=\"wpforms[id]\" value=\"6686\"><input type=\"hidden\" name=\"page_title\" value=\"\"><input type=\"hidden\" name=\"page_url\" value=\"https:\/\/www.geobis.com\/es\/wp-json\/wp\/v2\/pages\/5570\"><input type=\"hidden\" name=\"url_referer\" value=\"\"><button type=\"submit\" name=\"wpforms[submit]\" id=\"wpforms-submit-6686\" class=\"wpforms-submit\" data-alt-text=\"Enviando...\" data-submit-text=\"Enviar\" aria-live=\"assertive\" value=\"wpforms-submit\">Enviar<\/button><\/div><\/form><\/div>  <!-- .wpforms-container -->[\/vc_column][\/vc_row]<\/p>\n<\/div>","protected":false},"excerpt":{"rendered":"<p>[vc_row full_content_width=\u00bbrow-inner-full\u00bb top=\u00bb70px\u00bb bottom=\u00bb0px\u00bb bg_type=\u00bbimage\u00bb parallax_bg=\u00bbparallax-bg\u00bb speed=\u00bb0.50&#8243; bg_cover=\u00bbcover\u00bb bg_repeat=\u00bbno-repeat\u00bb bg_position=\u00bb\u00bb row_show_on=\u00bbhide_mobile_landscape,hide_mobile_portrait\u00bb bg_color=\u00bb#0066cb\u00bb bg_image=\u00bb6571&#8243; overlay_color=\u00bbrgba(10,10,10,0.25)\u00bb][vc_column][vc_empty_space height=\u00bb150px\u00bb][vc_custom_heading text=\u00bbGEOREFERENCIACI\u00d3N &#8211; GEDOTS\u00bb font_container=\u00bbtag:h1|font_size:80px|text_align:center|color:%23ffffff|line_height:80px\u00bb use_theme_fonts=\u00bbyes\u00bb css_animation=\u00bbzoomIn\u00bb][vc_empty_space height=\u00bb150px\u00bb][\/vc_column][\/vc_row][vc_row full_content_width=\u00bbrow-inner-full\u00bb top=\u00bb70px\u00bb bottom=\u00bb0px\u00bb&#8230;  <\/p>\n<div class=\"read-more\"><a class=\"excerpt-read-more\" href=\"https:\/\/www.geobis.com\/es\/gedots-geocodificacion\/\" title=\"Continue reading Geocodificaci\u00f3n o Georreferenciaci\u00f3n\">Read more<i class=\"fa fa-angle-right\"><\/i><\/a><\/div>\n","protected":false},"author":4,"featured_media":6710,"parent":0,"menu_order":0,"comment_status":"closed","ping_status":"closed","template":"page-full-width.php","meta":{"footnotes":""},"class_list":["post-5570","page","type-page","status-publish","has-post-thumbnail","hentry"],"_links":{"self":[{"href":"https:\/\/www.geobis.com\/es\/wp-json\/wp\/v2\/pages\/5570","targetHints":{"allow":["GET"]}}],"collection":[{"href":"https:\/\/www.geobis.com\/es\/wp-json\/wp\/v2\/pages"}],"about":[{"href":"https:\/\/www.geobis.com\/es\/wp-json\/wp\/v2\/types\/page"}],"author":[{"embeddable":true,"href":"https:\/\/www.geobis.com\/es\/wp-json\/wp\/v2\/users\/4"}],"replies":[{"embeddable":true,"href":"https:\/\/www.geobis.com\/es\/wp-json\/wp\/v2\/comments?post=5570"}],"version-history":[{"count":8,"href":"https:\/\/www.geobis.com\/es\/wp-json\/wp\/v2\/pages\/5570\/revisions"}],"predecessor-version":[{"id":6913,"href":"https:\/\/www.geobis.com\/es\/wp-json\/wp\/v2\/pages\/5570\/revisions\/6913"}],"wp:featuredmedia":[{"embeddable":true,"href":"https:\/\/www.geobis.com\/es\/wp-json\/wp\/v2\/media\/6710"}],"wp:attachment":[{"href":"https:\/\/www.geobis.com\/es\/wp-json\/wp\/v2\/media?parent=5570"}],"curies":[{"name":"wp","href":"https:\/\/api.w.org\/{rel}","templated":true}]}}