{"id":5579,"date":"2016-06-27T09:18:50","date_gmt":"2016-06-27T14:18:50","guid":{"rendered":"http:\/\/www.geobis.com\/es\/?page_id=5579"},"modified":"2017-09-22T10:12:37","modified_gmt":"2017-09-22T15:12:37","slug":"reportes-mapas","status":"publish","type":"page","link":"https:\/\/www.geobis.com\/es\/reportes-mapas\/","title":{"rendered":"Reportes con Mapas"},"content":{"rendered":"<div class=\"wpb-content-wrapper\"><p>[vc_row full_content_width=\u00bbrow-inner-full\u00bb top=\u00bb70px\u00bb bottom=\u00bb0px\u00bb bg_type=\u00bbimage\u00bb parallax_bg=\u00bbparallax-bg\u00bb speed=\u00bb0.50&#8243; bg_cover=\u00bbcover\u00bb bg_repeat=\u00bbno-repeat\u00bb bg_position=\u00bbCenter center\u00bb row_show_on=\u00bbhide_mobile_landscape,hide_mobile_portrait\u00bb bg_color=\u00bb#0066cb\u00bb bg_image=\u00bb6749&#8243; overlay_color=\u00bbrgba(10,10,10,0.3)\u00bb][vc_column][vc_empty_space height=\u00bb150px\u00bb][vc_custom_heading text=\u00bbREPORTES CON MAPAS\u00bb font_container=\u00bbtag:h1|font_size:80px|text_align:center|color:%23ffffff|line_height:80px\u00bb use_theme_fonts=\u00bbyes\u00bb css_animation=\u00bbzoomIn\u00bb][vc_empty_space height=\u00bb150px\u00bb][\/vc_column][\/vc_row][vc_row full_content_width=\u00bbrow-inner-full\u00bb top=\u00bb70px\u00bb bottom=\u00bb0px\u00bb bg_type=\u00bbimage\u00bb parallax_bg=\u00bbparallax-bg\u00bb speed=\u00bb0.50&#8243; bg_cover=\u00bbcover\u00bb bg_repeat=\u00bbno-repeat\u00bb bg_position=\u00bbCenter center\u00bb row_show_on=\u00bbhide_on_normal_screen,hide_tablet_landscape,hide_tablet_portrait\u00bb bg_color=\u00bb#0066cb\u00bb bg_image=\u00bb6749&#8243; overlay_color=\u00bbrgba(10,10,10,0.3)\u00bb][vc_column][vc_empty_space height=\u00bb150px\u00bb][vc_custom_heading text=\u00bbREPORTES CON MAPAS\u00bb font_container=\u00bbtag:h1|text_align:center|color:%23ffffff\u00bb use_theme_fonts=\u00bbyes\u00bb css_animation=\u00bbzoomIn\u00bb][vc_empty_space height=\u00bb150px\u00bb][\/vc_column][\/vc_row][vc_row top=\u00bb40px\u00bb bottom=\u00bb40px\u00bb][vc_column][vc_column_text]<\/p>\n<h2 style=\"text-align: center;\">Reportes con Mapas<\/h2>\n<p style=\"text-align: justify;\">Los Reportes Ejecutivos de Mapas Tem\u00e1ticos le mostrar\u00e1n de forma ordenada y en gr\u00e1ficos, informaci\u00f3n clave sobre Puntos de inter\u00e9s, Puntos de venta, La Competencia, sus Clientes Actuales y Potenciales y dem\u00e1s informaci\u00f3n que se haya <a href=\"http:\/\/www.geobis.com\/es\/gedots-geocodificacion\/\">georreferenciado<\/a>.<\/p>\n<p style=\"text-align: justify;\">Los informes mostrar\u00e1n la informaci\u00f3n de las variables seleccionadas, dentro del \u00e1rea geogr\u00e1fica determinada por el usuario en cuadros y gr\u00e1ficos, que estar\u00e1n acompa\u00f1ados por Mapas Digitales comprender la distribuci\u00f3n geogr\u00e1fica de la informaci\u00f3n.<\/p>\n<p>[\/vc_column_text][\/vc_column][\/vc_row][vc_row top=\u00bb40px\u00bb bottom=\u00bb40px\u00bb bg_color=\u00bb#0066cb\u00bb font_color=\u00bb#ffffff\u00bb][vc_column width=\u00bb1\/3&#8243; css_animation=\u00bbbottom-to-top\u00bb css_animation_delay=\u00bbdelay-100&#8243;][vc_single_image image=\u00bb6744&#8243; img_size=\u00bbfull\u00bb alignment=\u00bbcenter\u00bb onclick=\u00bblink_image\u00bb css_animation=\u00bbappear\u00bb][vc_column_text css_animation=\u00bbbottom-to-top\u00bb]<\/p>\n<h2><span style=\"color: #ffffff;\">Envios<\/span><\/h2>\n<p><strong>\u00bb <\/strong> E-mail<br \/>\n<strong>\u00bb <\/strong> Email Corporativo<br \/>\n<strong>\u00bb <\/strong> Entrega personal<br \/>\n<strong>\u00bb <\/strong> Directorios FTP<br \/>\n<strong>\u00bb <\/strong> Presentaciones[\/vc_column_text][\/vc_column][vc_column width=\u00bb1\/3&#8243; css_animation=\u00bbbottom-to-top\u00bb css_animation_delay=\u00bbdelay-300&#8243;][vc_single_image image=\u00bb6902&#8243; img_size=\u00bbfull\u00bb alignment=\u00bbcenter\u00bb onclick=\u00bblink_image\u00bb css_animation=\u00bbappear\u00bb][vc_column_text css_animation=\u00bbbottom-to-top\u00bb]<\/p>\n<h2><span style=\"color: #ffffff;\">Media<\/span><\/h2>\n<p><strong>\u00bb <\/strong> Natural 90 grs<br \/>\n<strong>\u00bb <\/strong> Glossy paper<br \/>\n<strong>\u00bb <\/strong> Transparent film<br \/>\n<strong>\u00bb <\/strong> jpeg, bmp, tiff, gif<br \/>\n<strong>\u00bb <\/strong> CD &#8211; Rom[\/vc_column_text][\/vc_column][vc_column width=\u00bb1\/3&#8243; css_animation=\u00bbbottom-to-top\u00bb css_animation_delay=\u00bbdelay-500&#8243;][vc_single_image image=\u00bb6748&#8243; img_size=\u00bbfull\u00bb alignment=\u00bbcenter\u00bb onclick=\u00bblink_image\u00bb css_animation=\u00bbappear\u00bb][vc_column_text css_animation=\u00bbbottom-to-top\u00bb]<\/p>\n<h2><span style=\"color: #ffffff;\">Tama\u00f1o<\/span><\/h2>\n<p><strong>\u00bb <\/strong> Carta<br \/>\n<strong>\u00bb <\/strong> Tabloide<br \/>\n<strong>\u00bb <\/strong> 42 cm X 72 cm<br \/>\n<strong>\u00bb <\/strong> 72 cm X 100 cm<br \/>\n<strong>\u00bb <\/strong> 100 cm X 200 cm[\/vc_column_text][\/vc_column][\/vc_row][vc_row top=\u00bb20px\u00bb bottom=\u00bb80px\u00bb][vc_column width=\u00bb2\/3&#8243;][vc_row_inner top=\u00bb0px\u00bb bottom=\u00bb0px\u00bb][vc_column_inner width=\u00bb1\/2&#8243;][vc_column_text]<\/p>\n<h2>Impresi\u00f3n de Mapas y\u00a0Reportes<\/h2>\n<p><span style=\"color: #0066cb;\"><strong>\u00bb <\/strong><\/span>Ciudades capitales a nivel de manzanas con Direcciones.<br \/>\n<span style=\"color: #0066cb;\"><strong>\u00bb <\/strong><\/span>Mapas de pa\u00edses con Niveles de Municipios y veredas.<br \/>\n<span style=\"color: #0066cb;\"><strong>\u00bb <\/strong> <\/span>Mapas con bases de datos de clientes actuales<span style=\"color: #0066cb;\"> <a style=\"text-decoration: none; font-weight: bold;\" href=\"http:\/\/www.geobis.com\/es\/gedots-geocodificacion\/\">geocodificadas<\/a>.<\/span><br \/>\n<span style=\"color: #0066cb;\"><strong>\u00bb <\/strong><\/span>Mapas tem\u00e1ticos con concentraci\u00f3n de oportunidades de negocio y ubicaci\u00f3n de la competencia.<br \/>\n<span style=\"color: #0066cb;\"><strong>\u00bb <\/strong><\/span>Mapas tem\u00e1ticos con informaci\u00f3n de capacidad de compra, Clientes Actuales y Potenciales.<br \/>\n<span style=\"color: #0066cb;\"><strong>\u00bb <\/strong><\/span>Mapas con isocronas para selecci\u00f3n de Lugares estrat\u00e9gicos.<br \/>\n<span style=\"color: #0066cb;\"><strong>\u00bb <\/strong><\/span>Mapas de Ara\u00f1as para reubicaci\u00f3n de Puntos Clave.[\/vc_column_text][\/vc_column_inner][vc_column_inner width=\u00bb1\/2&#8243;][vc_single_image image=\u00bb6745&#8243; img_size=\u00bbfull\u00bb alignment=\u00bbcenter\u00bb onclick=\u00bblink_image\u00bb css_animation=\u00bbappear\u00bb][vc_empty_space height=\u00bb30px\u00bb][vc_single_image image=\u00bb6747&#8243; img_size=\u00bbfull\u00bb alignment=\u00bbcenter\u00bb onclick=\u00bblink_image\u00bb css_animation=\u00bbappear\u00bb][\/vc_column_inner][\/vc_row_inner][vc_empty_space height=\u00bb20px\u00bb][vc_separator style=\u00bbtilt\u00bb color=\u00bb#0066cb\u00bb][vc_empty_space height=\u00bb20px\u00bb][vc_row_inner top=\u00bb0px\u00bb bottom=\u00bb0px\u00bb textalign=\u00bbcenter\u00bb][vc_column_inner width=\u00bb1\/6&#8243;][\/vc_column_inner][vc_column_inner width=\u00bb4\/6&#8243;][vc_column_text]<\/p>\n<h5>Brochure de Reportes con Mapas<\/h5>\n<p><a href=\"http:\/\/geobis.com\/pdf\/brochure-reportes-mapas.pdf\" target=\"_blank\" rel=\"noopener\"><img decoding=\"async\" class=\"alignnone\" src=\"http:\/\/geobis.com\/images\/brochures\/brochure-reportes-mapas.jpg\" alt=\"Brochure\" width=\"110\" \/><\/a><br \/>\nDescargue la informaci\u00f3n actualizada en formato PDF.[\/vc_column_text][vc_empty_space height=\u00bb20px\u00bb][vc_button title=\u00bbDescargue Aqu\u00ed\u00bb color=\u00bbbtn_blue\u00bb border_radius=\u00bbround\u00bb link=\u00bburl:http%3A%2F%2Fgeobis.com%2Fpdf%2Fbrochure-reportes-mapas.pdf||target:%20_blank|\u00bb][vc_empty_space height=\u00bb50px\u00bb][vc_separator style=\u00bbtilt\u00bb color=\u00bb#0066cb\u00bb][vc_empty_space height=\u00bb50px\u00bb][vc_column_text]<\/p>\n<h5>MapSimplicity Analytics DEMO<\/h5>\n<p><img decoding=\"async\" class=\"aligncenter\" src=\"http:\/\/www.geobis.com\/es\/wp-content\/uploads\/2016\/01\/Caja-en-Espa%C3%B1ol-Cono.png\" alt=\"Brochure\" width=\"110\" \/><\/p>\n<p style=\"text-align: center;\">Obt\u00e9n una prueba gratuita de MapSimplicity y experimenta el impacto que tendr\u00eda en tu negocio el uso de esta herramienta.<\/p>\n<p>[\/vc_column_text][vc_empty_space height=\u00bb20px\u00bb][vc_btn title=\u00bb<strong>DEMO<\/strong>\u00bb style=\u00bboutline\u00bb color=\u00bbprimary\u00bb align=\u00bbcenter\u00bb link=\u00bburl:http%3A%2F%2Fwww.geobis.com%2Fcont-trial%2F||target:%20_blank|\u00bb][\/vc_column_inner][vc_column_inner width=\u00bb1\/6&#8243;][\/vc_column_inner][\/vc_row_inner][\/vc_column][vc_column width=\u00bb1\/3&#8243;][vc_column_text]<\/p>\n<h4>\u00bfEst\u00e1 interesado en nuestros servicios de Reportes de Mapas?<\/h4>\n<p>Por Favor, Complete el siguiente formulario y env\u00edelo<br \/>\nLos campos marcados con asterisco (*) son requeridos.[\/vc_column_text]<div class=\"wpforms-container \" id=\"wpforms-6686\"><form id=\"wpforms-form-6686\" class=\"wpforms-validate wpforms-form\" data-formid=\"6686\" method=\"post\" enctype=\"multipart\/form-data\" action=\"\/es\/wp-json\/wp\/v2\/pages\/5579\" data-token=\"8de09f433dea24451ebcca94e9a7f60d\" data-token-time=\"1776625308\"><noscript class=\"wpforms-error-noscript\">Por favor, activa JavaScript en tu navegador para completar este formulario.<\/noscript><div class=\"wpforms-field-container\"><div id=\"wpforms-6686-field_2-container\" class=\"wpforms-field wpforms-field-name\" data-field-id=\"2\"><label class=\"wpforms-field-label\" for=\"wpforms-6686-field_2\">Nombre <span class=\"wpforms-required-label\">*<\/span><\/label><div class=\"wpforms-field-row wpforms-field-large\"><div class=\"wpforms-field-row-block wpforms-first wpforms-one-half\"><input type=\"text\" id=\"wpforms-6686-field_2\" class=\"wpforms-field-name-first wpforms-field-required\" name=\"wpforms[fields][2][first]\" placeholder=\"Nombre\" required><label for=\"wpforms-6686-field_2\" class=\"wpforms-field-sublabel after wpforms-sublabel-hide\">Nombre<\/label><\/div><div class=\"wpforms-field-row-block wpforms-one-half\"><input type=\"text\" id=\"wpforms-6686-field_2-last\" class=\"wpforms-field-name-last wpforms-field-required\" name=\"wpforms[fields][2][last]\" placeholder=\"Apellido\" required><label for=\"wpforms-6686-field_2-last\" class=\"wpforms-field-sublabel after wpforms-sublabel-hide\">Apellidos<\/label><\/div><\/div><\/div><div id=\"wpforms-6686-field_3-container\" class=\"wpforms-field wpforms-field-email\" data-field-id=\"3\"><label class=\"wpforms-field-label\" for=\"wpforms-6686-field_3\">Email <span class=\"wpforms-required-label\">*<\/span><\/label><input type=\"email\" id=\"wpforms-6686-field_3\" class=\"wpforms-field-large wpforms-field-required\" name=\"wpforms[fields][3]\" spellcheck=\"false\" required><\/div><div id=\"wpforms-6686-field_1-container\" class=\"wpforms-field wpforms-field-text\" data-field-id=\"1\"><label class=\"wpforms-field-label\" for=\"wpforms-6686-field_1\">Pa\u00eds <span class=\"wpforms-required-label\">*<\/span><\/label><input type=\"text\" id=\"wpforms-6686-field_1\" class=\"wpforms-field-large wpforms-field-required\" name=\"wpforms[fields][1]\" required><\/div><div id=\"wpforms-6686-field_4-container\" class=\"wpforms-field wpforms-field-text\" data-field-id=\"4\"><label class=\"wpforms-field-label\" for=\"wpforms-6686-field_4\">Tel\u00e9fono de Contacto <span class=\"wpforms-required-label\">*<\/span><\/label><input type=\"text\" id=\"wpforms-6686-field_4\" class=\"wpforms-field-large wpforms-field-required\" name=\"wpforms[fields][4]\" required><\/div><div id=\"wpforms-6686-field_5-container\" class=\"wpforms-field wpforms-field-text\" data-field-id=\"5\"><label class=\"wpforms-field-label\" for=\"wpforms-6686-field_5\">Asunto <span class=\"wpforms-required-label\">*<\/span><\/label><input type=\"text\" id=\"wpforms-6686-field_5\" class=\"wpforms-field-large wpforms-field-required\" name=\"wpforms[fields][5]\" required><\/div><div id=\"wpforms-6686-field_6-container\" class=\"wpforms-field wpforms-field-textarea\" data-field-id=\"6\"><label class=\"wpforms-field-label\" for=\"wpforms-6686-field_6\">Mensaje<\/label><textarea id=\"wpforms-6686-field_6\" class=\"wpforms-field-small\" name=\"wpforms[fields][6]\" ><\/textarea><\/div><\/div><!-- .wpforms-field-container --><div class=\"wpforms-field wpforms-field-hp\"><label for=\"wpforms-6686-field-hp\" class=\"wpforms-field-label\">Website<\/label><input type=\"text\" name=\"wpforms[hp]\" id=\"wpforms-6686-field-hp\" class=\"wpforms-field-medium\"><\/div><div class=\"wpforms-recaptcha-container wpforms-is-recaptcha wpforms-is-recaptcha-type-v2\" ><div class=\"g-recaptcha\" data-sitekey=\"6Lc0rx8UAAAAAN-st5jNtyqp90jDnw3AFephYtlU\"><\/div><input type=\"text\" name=\"g-recaptcha-hidden\" class=\"wpforms-recaptcha-hidden\" style=\"position:absolute!important;clip:rect(0,0,0,0)!important;height:1px!important;width:1px!important;border:0!important;overflow:hidden!important;padding:0!important;margin:0!important;\" data-rule-recaptcha=\"1\"><\/div><div class=\"wpforms-submit-container\" ><input type=\"hidden\" name=\"wpforms[id]\" value=\"6686\"><input type=\"hidden\" name=\"page_title\" value=\"\"><input type=\"hidden\" name=\"page_url\" value=\"https:\/\/www.geobis.com\/es\/wp-json\/wp\/v2\/pages\/5579\"><input type=\"hidden\" name=\"url_referer\" value=\"\"><button type=\"submit\" name=\"wpforms[submit]\" id=\"wpforms-submit-6686\" class=\"wpforms-submit\" data-alt-text=\"Enviando...\" data-submit-text=\"Enviar\" aria-live=\"assertive\" value=\"wpforms-submit\">Enviar<\/button><\/div><\/form><\/div>  <!-- .wpforms-container -->[\/vc_column][\/vc_row]<\/p>\n<\/div>","protected":false},"excerpt":{"rendered":"<p>[vc_row full_content_width=\u00bbrow-inner-full\u00bb top=\u00bb70px\u00bb bottom=\u00bb0px\u00bb bg_type=\u00bbimage\u00bb parallax_bg=\u00bbparallax-bg\u00bb speed=\u00bb0.50&#8243; bg_cover=\u00bbcover\u00bb bg_repeat=\u00bbno-repeat\u00bb bg_position=\u00bbCenter center\u00bb row_show_on=\u00bbhide_mobile_landscape,hide_mobile_portrait\u00bb bg_color=\u00bb#0066cb\u00bb bg_image=\u00bb6749&#8243; overlay_color=\u00bbrgba(10,10,10,0.3)\u00bb][vc_column][vc_empty_space height=\u00bb150px\u00bb][vc_custom_heading text=\u00bbREPORTES CON MAPAS\u00bb font_container=\u00bbtag:h1|font_size:80px|text_align:center|color:%23ffffff|line_height:80px\u00bb use_theme_fonts=\u00bbyes\u00bb css_animation=\u00bbzoomIn\u00bb][vc_empty_space height=\u00bb150px\u00bb][\/vc_column][\/vc_row][vc_row full_content_width=\u00bbrow-inner-full\u00bb top=\u00bb70px\u00bb&#8230;  <\/p>\n<div class=\"read-more\"><a class=\"excerpt-read-more\" href=\"https:\/\/www.geobis.com\/es\/reportes-mapas\/\" title=\"Continue reading Reportes con Mapas\">Read more<i class=\"fa fa-angle-right\"><\/i><\/a><\/div>\n","protected":false},"author":4,"featured_media":6749,"parent":0,"menu_order":0,"comment_status":"closed","ping_status":"closed","template":"page-full-width.php","meta":{"footnotes":""},"class_list":["post-5579","page","type-page","status-publish","has-post-thumbnail","hentry"],"_links":{"self":[{"href":"https:\/\/www.geobis.com\/es\/wp-json\/wp\/v2\/pages\/5579","targetHints":{"allow":["GET"]}}],"collection":[{"href":"https:\/\/www.geobis.com\/es\/wp-json\/wp\/v2\/pages"}],"about":[{"href":"https:\/\/www.geobis.com\/es\/wp-json\/wp\/v2\/types\/page"}],"author":[{"embeddable":true,"href":"https:\/\/www.geobis.com\/es\/wp-json\/wp\/v2\/users\/4"}],"replies":[{"embeddable":true,"href":"https:\/\/www.geobis.com\/es\/wp-json\/wp\/v2\/comments?post=5579"}],"version-history":[{"count":8,"href":"https:\/\/www.geobis.com\/es\/wp-json\/wp\/v2\/pages\/5579\/revisions"}],"predecessor-version":[{"id":6917,"href":"https:\/\/www.geobis.com\/es\/wp-json\/wp\/v2\/pages\/5579\/revisions\/6917"}],"wp:featuredmedia":[{"embeddable":true,"href":"https:\/\/www.geobis.com\/es\/wp-json\/wp\/v2\/media\/6749"}],"wp:attachment":[{"href":"https:\/\/www.geobis.com\/es\/wp-json\/wp\/v2\/media?parent=5579"}],"curies":[{"name":"wp","href":"https:\/\/api.w.org\/{rel}","templated":true}]}}