{"id":5586,"date":"2016-06-27T10:08:05","date_gmt":"2016-06-27T15:08:05","guid":{"rendered":"http:\/\/www.geobis.com\/es\/?page_id=5586"},"modified":"2017-09-15T11:27:01","modified_gmt":"2017-09-15T16:27:01","slug":"worldwide-digital-maps","status":"publish","type":"page","link":"https:\/\/www.geobis.com\/es\/worldwide-digital-maps\/","title":{"rendered":"Worldwide Digital Maps"},"content":{"rendered":"<div class=\"wpb-content-wrapper\"><p>[vc_row full_content_width=\u00bbrow-inner-full\u00bb top=\u00bb70px\u00bb bottom=\u00bb0px\u00bb bg_type=\u00bbimage\u00bb parallax_bg=\u00bbparallax-bg\u00bb speed=\u00bb0.50&#8243; bg_cover=\u00bbcover\u00bb bg_repeat=\u00bbno-repeat\u00bb bg_position=\u00bbCenter center\u00bb row_show_on=\u00bbhide_mobile_landscape,hide_mobile_portrait\u00bb bg_image=\u00bb6333&#8243; overlay_color=\u00bbrgba(10,10,10,0.3)\u00bb bg_color=\u00bb#0066cb\u00bb][vc_column][vc_empty_space height=\u00bb150px\u00bb][vc_custom_heading text=\u00bbMAPAS DIGITALES DEL MUNDO\u00bb font_container=\u00bbtag:h1|font_size:80px|text_align:center|color:%23ffffff|line_height:80px\u00bb use_theme_fonts=\u00bbyes\u00bb css_animation=\u00bbzoomIn\u00bb][vc_empty_space height=\u00bb150px\u00bb][\/vc_column][\/vc_row][vc_row full_content_width=\u00bbrow-inner-full\u00bb top=\u00bb70px\u00bb bottom=\u00bb0px\u00bb bg_type=\u00bbimage\u00bb parallax_bg=\u00bbparallax-bg\u00bb speed=\u00bb0.50&#8243; bg_cover=\u00bbcover\u00bb bg_repeat=\u00bbno-repeat\u00bb bg_position=\u00bbCenter top\u00bb row_show_on=\u00bbhide_on_normal_screen,hide_tablet_landscape,hide_tablet_portrait\u00bb bg_image=\u00bb6333&#8243; overlay_color=\u00bbrgba(10,10,10,0.3)\u00bb bg_color=\u00bb#0066cb\u00bb][vc_column][vc_empty_space height=\u00bb150px\u00bb][vc_custom_heading text=\u00bbMAPAS DIGITALES DEL MUNDO\u00bb font_container=\u00bbtag:h1|text_align:center|color:%23ffffff\u00bb use_theme_fonts=\u00bbyes\u00bb css_animation=\u00bbzoomIn\u00bb][vc_empty_space height=\u00bb150px\u00bb][\/vc_column][\/vc_row][vc_row top=\u00bb50px\u00bb bottom=\u00bb20px\u00bb columns_placement=\u00bbmiddle\u00bb][vc_column width=\u00bb2\/3&#8243;][vc_column_text]<\/p>\n<h4>Mapas digitales detallados y datos Geo-demogr\u00e1ficos detallados por pa\u00edses, ciudades, regiones, barrios y m\u00e1s!<\/h4>\n<p style=\"text-align: justify;\">Al igual que los fenicios utilizaban mapas para la conquista y dominio de territorios hace 3.000 a\u00f1os, usted tambi\u00e9n puede tomar ventaja de estas herramientas estrat\u00e9gicas con tecnolog\u00edas modernas para el trazado de mapas\u00a0y la informaci\u00f3n actualizada que brinda\u00a0Geobis International.<\/p>\n<p style=\"text-align: justify;\">Obtenga la\u00a0nueva versi\u00f3n de Mapas Digitales detallados y Datos Geodemogr\u00e1ficos\u00a0que\u00a0incluyen c\u00f3digos postales (Zip codes), Divisi\u00f3n Pol\u00edtica, Carreteras, calles, Puntos de inter\u00e9s POI, Poblaci\u00f3n, Poder de Compra, Estrato Socio-Econ\u00f3mico (SES) y muchas otras capas.<\/p>\n<p>[\/vc_column_text][\/vc_column][vc_column width=\u00bb1\/3&#8243;][vc_column_text]<\/p>\n<h3 style=\"text-align: center;\"><a href=\"http:\/\/www.geobis.net\">Encuentre toda la informaci\u00f3n sobre mapas y bases de datos en nuestra pagina Geobis.Net<\/a><\/h3>\n<p>[\/vc_column_text][\/vc_column][\/vc_row][vc_row top=\u00bb20px\u00bb bottom=\u00bb20px\u00bb][vc_column width=\u00bb2\/3&#8243;][vc_column_text css_animation=\u00bbbottom-to-top\u00bb]<\/p>\n<h2>Caracter\u00edsticas Generales<\/h2>\n<p style=\"text-align: justify;\">A continuaci\u00f3n se describen los principales detalles y caracter\u00edsticas de\u00a0los Mapas Digitales que usted puede adquirir en GEOBIS.<\/p>\n<p>[\/vc_column_text][vc_row_inner top=\u00bb20px\u00bb bottom=\u00bb20px\u00bb][vc_column_inner width=\u00bb1\/2&#8243;][vc_column_text css_animation=\u00bbbottom-to-top\u00bb]<strong><span style=\"color: #333399;\"><span style=\"color: #99cc00;\">\u2022\u00a0<\/span> <a href=\"#nom\">Mapas descriptivos Nacionaless<\/a><\/span><\/strong><br \/>\n<strong><span style=\"color: #333399;\"><span style=\"color: #99cc00;\">\u2022\u00a0\u00a0<\/span><a href=\"#ctm\">Mapas de Ciudad<\/a><\/span><\/strong><br \/>\n<strong><span style=\"color: #333399;\"><span style=\"color: #99cc00;\">\u2022\u00a0\u00a0<\/span><a href=\"#dbm\">Bases de Datos<\/a><\/span><\/strong><br \/>\n<strong><span style=\"color: #333399;\"><span style=\"color: #99cc00;\">\u00a0 \u00a0&#8211;<\/span><a href=\"#dmg\"> Demograf\u00eda<\/a><\/span><\/strong><br \/>\n<strong><span style=\"color: #333399;\"><span style=\"color: #99cc00;\">\u00a0 \u00a0&#8211;<\/span><a href=\"#bpr\"> Poder de Compra<\/a><\/span><\/strong><br \/>\n<strong><span style=\"color: #333399;\"><span style=\"color: #99cc00;\">\u00a0 \u00a0&#8211;<\/span><a href=\"#cex\">\u00a0Gastos de Consumo<\/a><\/span><\/strong><br \/>\n<strong><span style=\"color: #333399;\"><span style=\"color: #99cc00;\">\u2022\u00a0\u00a0<\/span><a href=\"#ffr\">Diferentes Formatos de Archivos<\/a>\u00a0<\/span><\/strong>[\/vc_column_text][\/vc_column_inner][vc_column_inner width=\u00bb1\/2&#8243;][vc_column_text css_animation=\u00bbbottom-to-top\u00bb]<strong><span style=\"color: #333399;\"><span style=\"color: #99cc00;\">\u2022\u00a0\u00a0<\/span><a href=\"#prj\">Proyecciones<\/a><\/span><\/strong><br \/>\n<strong><span style=\"color: #333399;\"><span style=\"color: #99cc00;\">\u2022\u00a0\u00a0<\/span><a href=\"#poi\">Puntos de inter\u00e9s (POIs)<\/a><\/span><\/strong><br \/>\n<strong><span style=\"color: #333399;\"><span style=\"color: #99cc00;\">\u2022\u00a0\u00a0<\/span><a href=\"#dtl\">Capas y Estad\u00edsticas detalladas<\/a><\/span><\/strong><br \/>\n<strong><span style=\"color: #333399;\"><span style=\"color: #99cc00;\">\u2022\u00a0\u00a0<\/span><a href=\"#2dm\">Mapas 2D<\/a><\/span><\/strong><br \/>\n<strong><span style=\"color: #333399;\"><span style=\"color: #99cc00;\">\u2022 \u00a0<\/span><a href=\"#3dm\">Mapas 3D<\/a><\/span><\/strong><br \/>\n<strong><span style=\"color: #333399;\"><span style=\"color: #99cc00;\">\u2022\u00a0\u00a0<\/span><a href=\"#gcd\">Geocodificaci\u00f3n<\/a><\/span><\/strong><a href=\"#nom\"><br \/>\n<\/a><span style=\"color: #99cc00;\"><strong>\u2022<\/strong>\u00a0\u00a0<\/span><strong><a href=\"#rtn\">Ruteo<\/a><\/strong>[\/vc_column_text][\/vc_column_inner][\/vc_row_inner][\/vc_column][vc_column width=\u00bb1\/3&#8243;][vc_column_text css_animation=\u00bbbottom-to-top\u00bb]<a href=\"http:\/\/www.geobis.com\/maplist\/\"><img decoding=\"async\" class=\"aligncenter\" src=\"http:\/\/www.geobis.com\/images\/zmp_111.jpg\" alt=\"Lista de Mapas\" \/><\/a><\/p>\n<h2 style=\"text-align: center;\"><a href=\"http:\/\/www.geobis.com\/maplist\/\">Lista de Mapas de Geobis<\/a><\/h2>\n<p style=\"text-align: justify;\">Encuentre aqu\u00ed la variedad de Mapas y bases de datos que de Geobis International le ofrece<\/p>\n<p>[\/vc_column_text][\/vc_column][\/vc_row][vc_row top=\u00bb20px\u00bb bottom=\u00bb80px\u00bb][vc_column width=\u00bb2\/3&#8243;][vc_column_text css_animation=\u00bbbottom-to-top\u00bb]<\/p>\n<h2>Mapas Descriptivos Nacionales<\/h2>\n<p>Consulte mapas digitales\u00a0que incluyen informaci\u00f3n de divisiones pol\u00edticas y divisiones\u00a0administrativas, islas, caminos, carreteras, hidrolog\u00eda, centros poblados, puntos de inter\u00e9s y puntos de referencia.<a id=\"ctm\" name=\"ctm\"><\/a>[\/vc_column_text][vc_empty_space height=\u00bb30px\u00bb][vc_column_text css_animation=\u00bbbottom-to-top\u00bb]<\/p>\n<h2>Mapas de Ciudades<\/h2>\n<p>Proporcionan diferentes capas de las divisiones pol\u00edticas y administrativas, \u00e1reas ZIP codificadas, monumentos y lugares de inter\u00e9s. (Los mapas digitales de ciudades incluyen barrios).<a id=\"wdm\" name=\"wdm\"><\/a>[\/vc_column_text][vc_empty_space height=\u00bb30px\u00bb][vc_column_text css_animation=\u00bbbottom-to-top\u00bb]<\/p>\n<h2>Formatos de Archivo<\/h2>\n<p>Descargue los mapas que necesite, de un pa\u00eds o de una sola ciudad, los mapas digitales est\u00e1n disponibles en diferentes formatos: GEOBIS, KML, Google Earth Pro, Oracle Spatial, ESRI, (.SHP), Mapinfo (.tab), Postgres espaciales, DXF, DWG, Garmin y muchos otros.<a id=\"prj\" name=\"prj\"><\/a>[\/vc_column_text][vc_empty_space height=\u00bb30px\u00bb][vc_column_text css_animation=\u00bbbottom-to-top\u00bb]<\/p>\n<h2>Proyecciones<\/h2>\n<p>Todos los mapas en formato digital\u00a0est\u00e1n disponibles en las proyecciones geogr\u00e1ficas internacionales certificadas similares a WGS84.<a id=\"mtp\" name=\"mtp\"><\/a>[\/vc_column_text][vc_empty_space height=\u00bb30px\u00bb][vc_column_text css_animation=\u00bbbottom-to-top\u00bb]<\/p>\n<h2>Tipos de Mapa<\/h2>\n<p>Mapas por Pa\u00eds, Mapas por Ciudad, Mapas administrativos, Mapas de puntos de inter\u00e9s, Mapas de clientes, \u00a0Mapas de Negocio, Compra de mapas de potencia, Mapas\u00a0Socio-Econ\u00f3micos, Mapas Geo-Demogr\u00e1ficos, Mapas con informaci\u00f3n de estrato socioecon\u00f3mico, Mapas de rutas, Mapas de uso de la Tierra, Mapas en 3D y Mapas personalizados.<a id=\"poi\" name=\"poi\"><\/a><a id=\"poi\" name=\"poi\"><\/a>[\/vc_column_text][vc_empty_space height=\u00bb30px\u00bb][vc_column_text css_animation=\u00bbbottom-to-top\u00bb]<\/p>\n<h2><a id=\"poi\" name=\"poi\"><\/a>Puntos de inter\u00e9s (POI)<\/h2>\n<p>Encuentre una completa lista de pa\u00edses y ciudades con sus respectivas capas de POIs, relacione los puntos de inter\u00e9s m\u00e1s concurridos con lugares estrat\u00e9gicos para sus puntos de venta. Para m\u00e1s informaci\u00f3n contacte a uno de\u00a0nuestros representantes.<a id=\"2dm\" name=\"2dm\"><\/a>[\/vc_column_text][vc_empty_space height=\u00bb30px\u00bb][vc_column_text css_animation=\u00bbbottom-to-top\u00bb]<\/p>\n<h2>Capas y Estad\u00edsticas detalladas<\/h2>\n<p>Capas y estad\u00edsticas detalladas de poblaci\u00f3n, puntos de inter\u00e9s, vias, entre otros.[\/vc_column_text][vc_empty_space height=\u00bb30px\u00bb][vc_column_text css_animation=\u00bbbottom-to-top\u00bb]<\/p>\n<h2>Mapas 2D<\/h2>\n<p>El Planificador de 20m Regi\u00f3n es una base de datos de resoluci\u00f3n media para uso en la planificaci\u00f3n de frecuencias de radio en entornos urbanos y rurales. Capas de datos que \u00a0incluyen un Modelo Digital del Terreno, Clutter, Lineal Vectores y ortoim\u00e1genes.<a id=\"3dm\" name=\"3dm\"><\/a>[\/vc_column_text][vc_empty_space height=\u00bb30px\u00bb][vc_column_text css_animation=\u00bbbottom-to-top\u00bb]<\/p>\n<h2>Mapas 3D<\/h2>\n<p>Geobis tiene bases de datos primarias de topograf\u00eda 3D para todos los pa\u00edses de Am\u00e9rica y el Caribe. En muchos casos, tenemos informaci\u00f3n detallada que puede ser entregada\u00a0para los modelos DEM, informaci\u00f3n 3D y capas nativas de curvas de nivel para diferentes tipos de industrias y aplicaciones en tiempo r\u00e9cord.<a id=\"dbm\" name=\"dbm\"><\/a>[\/vc_column_text][vc_empty_space height=\u00bb30px\u00bb][vc_column_text css_animation=\u00bbbottom-to-top\u00bb]<\/p>\n<h2>Bases de Datos<\/h2>\n<p>Bases de datos geogr\u00e1ficamente vinculados a todas las caracter\u00edsticas del mapa, tanto en los niveles nacionales y de ciudad, que abarcan: Datos sociodemogr\u00e1ficos, Poblaci\u00f3n,\u00a0Nivel socioecon\u00f3mico, Ingreso mensual, Poder adquisitivo, Cabezas de familia, Propietarios de veh\u00edculos, Empresas y otros.<a id=\"gcd\" name=\"gcd\"><\/a>[\/vc_column_text][vc_empty_space height=\u00bb30px\u00bb][vc_column_text css_animation=\u00bbbottom-to-top\u00bb]<\/p>\n<h2>Geocodificaci\u00f3n<\/h2>\n<p>Usted puede agregar\u00a0informaci\u00f3n \u00fatil y coordenadas de \u00a0latitud y longitud en\u00a0direcciones conectadas a la nube GeDots. Los \u00a0servicios web GeDots, se pueden solicitar para diferentes entornos tales como: Plataformas Web, Intranets, Ordenadores, Tablets y Smartphones.<a id=\"rtn\" name=\"rtn\"><\/a>[\/vc_column_text][vc_empty_space height=\u00bb30px\u00bb][vc_column_text css_animation=\u00bbbottom-to-top\u00bb]<\/p>\n<h2>Rutas<\/h2>\n<p>Las caracter\u00edsticas de enrutamiento est\u00e1n disponibles para la mayor\u00eda de las principales ciudades de todo el mundo. Las variables generales de enrutamiento\u00a0consisten en: Direcciones, Velocidad media\u00a0y Tipo de calle.[\/vc_column_text][\/vc_column][vc_column width=\u00bb1\/3&#8243;][vc_column_text css_animation=\u00bbbottom-to-top\u00bb]<a href=\"http:\/\/www.geobis.net\/\"><img loading=\"lazy\" decoding=\"async\" class=\"alignnone\" style=\"font-size: 13px;\" src=\"http:\/\/www.geobis.com\/images\/imagesbody\/digital_maps.png\" alt=\"\" width=\"300\" height=\"155\" \/><\/a><\/p>\n<h2><a href=\"http:\/\/www.geobis.net\/\">Muestras de Mapas<\/a><\/h2>\n<p style=\"text-align: justify;\">Vea algunos ejemplos de los diferentes mapas disponibles.<\/p>\n<p>[\/vc_column_text][vc_empty_space height=\u00bb30px\u00bb][vc_column_text css_animation=\u00bbbottom-to-top\u00bb]<\/p>\n<h2><a href=\"http:\/\/www.geobis.com\/mapengine\/\"><img loading=\"lazy\" decoding=\"async\" class=\"alignnone\" style=\"font-size: 13px;\" src=\"http:\/\/www.geobis.com\/images\/imagesbody\/maps_tematical2.jpg\" alt=\"\" width=\"273\" height=\"109\" \/><\/a><\/h2>\n<h2><a href=\"http:\/\/www.geobis.com\/mapengine\/\">Motor de Mapas e\u00a0Industrias<\/a><\/h2>\n<p>Aprenda como aplicar los mapas de Geobis y las diferentes soluciones disponibles para realizar trabajos en diferentes industrias.[\/vc_column_text][vc_empty_space height=\u00bb30px\u00bb][vc_column_text css_animation=\u00bbbottom-to-top\u00bb]<\/p>\n<h2><a href=\"http:\/\/www.geobis.com\/es\">Licencia de Mapas\u00a0\u00a0&amp; \u00a0Factores K<\/a><\/h2>\n<p>Geobis brinda Mapas detallados y tablas de datos\u00a0K Factors, de acuerdo al tipo de licencia o usuario.[\/vc_column_text][vc_empty_space height=\u00bb30px\u00bb][vc_column_text css_animation=\u00bbbottom-to-top\u00bb]<\/p>\n<h4>Video: The Art of \u00a0Maps<\/h4>\n<p>Mire nuestro video sobre la historia de los mapas. \u00abThe Art Of Maps\u00bb[\/vc_column_text][vc_empty_space height=\u00bb15px\u00bb][vc_video link=\u00bbhttps:\/\/www.youtube.com\/watch?v=n8jQ0hWqslE\u00bb][vc_empty_space height=\u00bb50px\u00bb][vc_column_text css_animation=\u00bbbottom-to-top\u00bb]<a href=\"http:\/\/geobis.com\/pdf\/brochure-mapas.pdf\" target=\"_blank\" rel=\"noopener\"><img decoding=\"async\" class=\"alignright\" src=\"http:\/\/geobis.com\/images\/brochures\/brochure-mapas.jpg\" alt=\"Brochure\" width=\"110\" \/><\/a><\/p>\n<h5>Brochure de Geobis Maps<\/h5>\n<p>Descargue la informaci\u00f3n actualizada en formato PDF.[\/vc_column_text][vc_empty_space height=\u00bb20px\u00bb][vc_button title=\u00bbDescargue Aqu\u00ed\u00bb button_align=\u00bbbtn_fl\u00bb color=\u00bbbtn_blue\u00bb border_radius=\u00bbround\u00bb link=\u00bburl:http%3A%2F%2Fgeobis.com%2Fpdf%2Fbrochure-mapas.pdf||target:%20_blank|\u00bb][\/vc_column][\/vc_row]<\/p>\n<\/div>","protected":false},"excerpt":{"rendered":"<p>[vc_row full_content_width=\u00bbrow-inner-full\u00bb top=\u00bb70px\u00bb bottom=\u00bb0px\u00bb bg_type=\u00bbimage\u00bb parallax_bg=\u00bbparallax-bg\u00bb speed=\u00bb0.50&#8243; bg_cover=\u00bbcover\u00bb bg_repeat=\u00bbno-repeat\u00bb bg_position=\u00bbCenter center\u00bb row_show_on=\u00bbhide_mobile_landscape,hide_mobile_portrait\u00bb bg_image=\u00bb6333&#8243; overlay_color=\u00bbrgba(10,10,10,0.3)\u00bb bg_color=\u00bb#0066cb\u00bb][vc_column][vc_empty_space height=\u00bb150px\u00bb][vc_custom_heading text=\u00bbMAPAS DIGITALES DEL MUNDO\u00bb font_container=\u00bbtag:h1|font_size:80px|text_align:center|color:%23ffffff|line_height:80px\u00bb use_theme_fonts=\u00bbyes\u00bb css_animation=\u00bbzoomIn\u00bb][vc_empty_space height=\u00bb150px\u00bb][\/vc_column][\/vc_row][vc_row full_content_width=\u00bbrow-inner-full\u00bb&#8230;  <\/p>\n<div class=\"read-more\"><a class=\"excerpt-read-more\" href=\"https:\/\/www.geobis.com\/es\/worldwide-digital-maps\/\" title=\"Continue reading Worldwide Digital Maps\">Read more<i class=\"fa fa-angle-right\"><\/i><\/a><\/div>\n","protected":false},"author":4,"featured_media":0,"parent":0,"menu_order":0,"comment_status":"closed","ping_status":"closed","template":"page-full-width.php","meta":{"footnotes":""},"class_list":["post-5586","page","type-page","status-publish","hentry"],"_links":{"self":[{"href":"https:\/\/www.geobis.com\/es\/wp-json\/wp\/v2\/pages\/5586","targetHints":{"allow":["GET"]}}],"collection":[{"href":"https:\/\/www.geobis.com\/es\/wp-json\/wp\/v2\/pages"}],"about":[{"href":"https:\/\/www.geobis.com\/es\/wp-json\/wp\/v2\/types\/page"}],"author":[{"embeddable":true,"href":"https:\/\/www.geobis.com\/es\/wp-json\/wp\/v2\/users\/4"}],"replies":[{"embeddable":true,"href":"https:\/\/www.geobis.com\/es\/wp-json\/wp\/v2\/comments?post=5586"}],"version-history":[{"count":4,"href":"https:\/\/www.geobis.com\/es\/wp-json\/wp\/v2\/pages\/5586\/revisions"}],"predecessor-version":[{"id":6890,"href":"https:\/\/www.geobis.com\/es\/wp-json\/wp\/v2\/pages\/5586\/revisions\/6890"}],"wp:attachment":[{"href":"https:\/\/www.geobis.com\/es\/wp-json\/wp\/v2\/media?parent=5586"}],"curies":[{"name":"wp","href":"https:\/\/api.w.org\/{rel}","templated":true}]}}