{"id":5589,"date":"2016-06-27T10:09:36","date_gmt":"2016-06-27T15:09:36","guid":{"rendered":"http:\/\/www.geobis.com\/es\/?page_id=5589"},"modified":"2017-09-22T10:51:57","modified_gmt":"2017-09-22T15:51:57","slug":"poder-de-compra","status":"publish","type":"page","link":"https:\/\/www.geobis.com\/es\/poder-de-compra\/","title":{"rendered":"Poder de Compra"},"content":{"rendered":"<div class=\"wpb-content-wrapper\"><p>[vc_row full_content_width=\u00bbrow-inner-full\u00bb top=\u00bb70px\u00bb bottom=\u00bb0px\u00bb bg_type=\u00bbimage\u00bb parallax_bg=\u00bbparallax-bg\u00bb speed=\u00bb0.50&#8243; bg_cover=\u00bbcover\u00bb bg_repeat=\u00bbno-repeat\u00bb bg_position=\u00bbCenter bottom\u00bb row_show_on=\u00bbhide_mobile_landscape,hide_mobile_portrait\u00bb bg_color=\u00bb#0066cb\u00bb bg_image=\u00bb6921&#8243; overlay_color=\u00bbrgba(10,10,10,0.3)\u00bb][vc_column][vc_empty_space height=\u00bb150px\u00bb][vc_custom_heading text=\u00bbPODER DE COMPRA\u00bb font_container=\u00bbtag:h1|font_size:80px|text_align:center|color:%23ffffff|line_height:80px\u00bb use_theme_fonts=\u00bbyes\u00bb css_animation=\u00bbzoomIn\u00bb][vc_empty_space height=\u00bb150px\u00bb][\/vc_column][\/vc_row][vc_row full_content_width=\u00bbrow-inner-full\u00bb top=\u00bb70px\u00bb bottom=\u00bb0px\u00bb bg_type=\u00bbimage\u00bb parallax_bg=\u00bbparallax-bg\u00bb speed=\u00bb0.50&#8243; bg_cover=\u00bbcover\u00bb bg_repeat=\u00bbno-repeat\u00bb bg_position=\u00bbCenter bottom\u00bb row_show_on=\u00bbhide_on_normal_screen,hide_tablet_landscape,hide_tablet_portrait\u00bb bg_color=\u00bb#0066cb\u00bb bg_image=\u00bb6921&#8243; overlay_color=\u00bbrgba(10,10,10,0.3)\u00bb][vc_column][vc_empty_space height=\u00bb150px\u00bb][vc_custom_heading text=\u00bbPODER DE COMPRA\u00bb font_container=\u00bbtag:h1|text_align:center|color:%23ffffff\u00bb use_theme_fonts=\u00bbyes\u00bb css_animation=\u00bbzoomIn\u00bb][vc_empty_space height=\u00bb150px\u00bb][\/vc_column][\/vc_row][vc_row top=\u00bb50px\u00bb bottom=\u00bb50px\u00bb][vc_column][vc_column_text]<\/p>\n<h2 style=\"text-align: center;\">La capacidad de una familia para adquirir diferentes Productos y Servicios de acuerdo a su ingreso es su Poder de Compra<\/h2>\n<p style=\"text-align: center;\">Geobis International ha actualizado la informaci\u00f3n de Poder de Compra para todas las familias que viven en diferentes pa\u00edses de la regi\u00f3n de las Am\u00e9ricas y el Caribe. Estos datos est\u00e1n disponibles en diferentes niveles, tales como: bloque, barrio, ciudad, municipio, parroquia, estado y pa\u00eds.<\/p>\n<p>[\/vc_column_text][\/vc_column][\/vc_row][vc_row top=\u00bb40px\u00bb bottom=\u00bb40px\u00bb columns_placement=\u00bbmiddle\u00bb font_color=\u00bb#ffffff\u00bb bg_color=\u00bb#0066cb\u00bb][vc_column width=\u00bb1\/2&#8243;][vc_single_image image=\u00bb6740&#8243; img_size=\u00bbfull\u00bb alignment=\u00bbcenter\u00bb onclick=\u00bblink_image\u00bb css_animation=\u00bbfadeInLeftBig\u00bb][\/vc_column][vc_column width=\u00bb1\/2&#8243;][vc_column_text css_animation=\u00bbbottom-to-top\u00bb]<\/p>\n<p style=\"text-align: center; font-size: 18px;\">Sabiendo que el Poder de Compra es vital para la toma de mejores decisiones de negocio en cualquier an\u00e1lisis, incluida la demograf\u00eda o el potencial de mercado, usted puede solicitar esta informaci\u00f3n en diferentes tipos de informes y formatos tales como:<\/p>\n<p>[\/vc_column_text][vc_row_inner top=\u00bb0px\u00bb bottom=\u00bb0px\u00bb][vc_column_inner width=\u00bb1\/2&#8243;][vc_column_text css_animation=\u00bbslideInUp\u00bb]<strong>\u00bb<\/strong>\u00a0 Mapas Tem\u00e1ticos<br \/>\n<strong>\u00bb<\/strong>\u00a0\u00a0Informes Personalizados<br \/>\n<strong>\u00bb<\/strong>\u00a0\u00a0Mapas resumidos de notas<br \/>\n<strong>\u00bb<\/strong>\u00a0 Estrategias para Clientes<br \/>\n<strong>\u00bb<\/strong>\u00a0 An\u00e1lisis de Mercado[\/vc_column_text][\/vc_column_inner][vc_column_inner width=\u00bb1\/2&#8243;][vc_column_text css_animation=\u00bbslideInUp\u00bb]<strong>\u00bb<\/strong>\u00a0 Optimizaci\u00f3n de Redes<br \/>\n<strong>\u00bb<\/strong>\u00a0 Productos Kick-off<br \/>\n<strong>\u00bb<\/strong>\u00a0 Plataformas en L\u00ednea (MapSimplicity)<br \/>\n<strong>\u00bb<\/strong>\u00a0 Aplicaciones para Tabletas \u00a0y Tel\u00e9fonos Inteligentes[\/vc_column_text][\/vc_column_inner][\/vc_row_inner][\/vc_column][\/vc_row][vc_row top=\u00bb40px\u00bb bottom=\u00bb40px\u00bb columns_placement=\u00bbmiddle\u00bb][vc_column][vc_column_text css_animation=\u00bbbottom-to-top\u00bb]<\/p>\n<h2 style=\"text-align: center;\">Variables Poder de Compra<\/h2>\n<p>[\/vc_column_text][vc_empty_space height=\u00bb30px\u00bb][vc_row_inner top=\u00bb0px\u00bb bottom=\u00bb0px\u00bb][vc_column_inner width=\u00bb1\/4&#8243;][vc_column_text css_animation=\u00bbbottom-to-top\u00bb]<strong><span style=\"color: #0066cb;\">\u00bb<\/span>\u00a0 <\/strong>Estratos Socio Econ\u00f3micos<br \/>\n<strong><span style=\"color: #0066cb;\">\u00bb<\/span> \u00a0<\/strong>Ingreso Familiar por mes en\u00a0dolares<br \/>\n<strong><span style=\"color: #0066cb;\">\u00bb<\/span> \u00a0<\/strong>N\u00famero total de Viviendas<br \/>\n<strong><span style=\"color: #0066cb;\">\u00bb<\/span> \u00a0<\/strong>N\u00famero total de cabezas de Hogar<br \/>\n<strong><span style=\"color: #0066cb;\">\u00bb<\/span> \u00a0<\/strong>Poblaci\u00f3n\u00a0Total<br \/>\n<strong><span style=\"color: #0066cb;\">\u00bb<\/span> \u00a0<\/strong>Alimentos<br \/>\n<strong><span style=\"color: #0066cb;\">\u00bb<\/span> \u00a0<\/strong>Implememtos de Limpieza<br \/>\n<strong><span style=\"color: #0066cb;\">\u00bb<\/span> \u00a0<\/strong>Cuidado Personal<br \/>\n<strong><span style=\"color: #0066cb;\">\u00bb<\/span> \u00a0<\/strong>Gastos suntuosos<br \/>\n<strong><span style=\"color: #0066cb;\">\u00bb<\/span> \u00a0<\/strong>Alquiler &#8211; Hipoteca<br \/>\n<strong><span style=\"color: #0066cb;\">\u00bb<\/span> \u00a0<\/strong>Renovaci\u00f3n y Construcci\u00f3n<br \/>\n<strong><span style=\"color: #0066cb;\">\u00bb<\/span> \u00a0<\/strong>Servicios P\u00fablicos<br \/>\n<strong><span style=\"color: #0066cb;\">\u00bb<\/span> \u00a0<\/strong>Salud<br \/>\n<strong><span style=\"color: #0066cb;\">\u00bb<\/span>\u00a0 <\/strong>Educaci\u00f3n[\/vc_column_text][\/vc_column_inner][vc_column_inner width=\u00bb1\/2&#8243;][vc_single_image image=\u00bb6741&#8243; img_size=\u00bbfull\u00bb alignment=\u00bbcenter\u00bb style=\u00bbvc_box_shadow_3d\u00bb onclick=\u00bblink_image\u00bb css_animation=\u00bbfadeInUp\u00bb][\/vc_column_inner][vc_column_inner width=\u00bb1\/4&#8243;][vc_column_text css_animation=\u00bbbottom-to-top\u00bb]<strong><span style=\"color: #0066cb;\">\u00bb<\/span>\u00a0 <\/strong>TV por Cable<br \/>\n<strong><span style=\"color: #0066cb;\">\u00bb<\/span>\u00a0 <\/strong>Comunicaciones<br \/>\n<strong><span style=\"color: #0066cb;\">\u00bb<\/span>\u00a0 <\/strong>Equipo de Computo e Internet<br \/>\n<strong><span style=\"color: #0066cb;\">\u00bb<\/span>\u00a0 <\/strong>Bebidas<br \/>\n<strong><span style=\"color: #0066cb;\">\u00bb<\/span>\u00a0 <\/strong>Tarjetas Debito<br \/>\n<strong><span style=\"color: #0066cb;\">\u00bb<\/span>\u00a0 <\/strong>Tarjetas de \u00a0Credidos<br \/>\n<strong><span style=\"color: #0066cb;\">\u00bb<\/span>\u00a0 <\/strong>Vestuario<br \/>\n<strong><span style=\"color: #0066cb;\">\u00bb<\/span>\u00a0 <\/strong>Actividades Culturales<br \/>\n<strong><span style=\"color: #0066cb;\">\u00bb<\/span>\u00a0 <\/strong>Periodicos y Revistas<br \/>\n<strong><span style=\"color: #0066cb;\">\u00bb<\/span>\u00a0 <\/strong>Libros<br \/>\n<strong><span style=\"color: #0066cb;\">\u00bb<\/span>\u00a0 <\/strong>Obligaciones Financieras<br \/>\n<strong><span style=\"color: #0066cb;\">\u00bb<\/span> \u00a0<\/strong>Ahorros e Inversi\u00f3n<br \/>\n<strong><span style=\"color: #0066cb;\">\u00bb<\/span> \u00a0<\/strong>Transporte<br \/>\n<strong><span style=\"color: #0066cb;\">\u00bb<\/span>\u00a0 <\/strong>Entretenimiento[\/vc_column_text][\/vc_column_inner][\/vc_row_inner][vc_empty_space height=\u00bb20px\u00bb][vc_separator style=\u00bbtilt\u00bb color=\u00bb#0066cb\u00bb][vc_empty_space height=\u00bb20px\u00bb][\/vc_column][\/vc_row][vc_row top=\u00bb20px\u00bb bottom=\u00bb80px\u00bb][vc_column width=\u00bb1\/2&#8243;][vc_column_text css_animation=\u00bbbottom-to-top\u00bb]<\/p>\n<h5>Brochure de Poder de Compra<\/h5>\n<p><a href=\"http:\/\/geobis.com\/pdf\/brochure-poder-de-compra.pdf\" target=\"_blank\" rel=\"noopener\"><img decoding=\"async\" class=\"alignnone\" src=\"http:\/\/geobis.com\/images\/brochures\/brochure-poder-de-compra.jpg\" alt=\"Brochure\" width=\"110\" \/><br \/>\n<\/a>Descargue la informaci\u00f3n actualizada en formato PDF.[\/vc_column_text][vc_empty_space height=\u00bb20px\u00bb][vc_button title=\u00bbDescargue Aqu\u00ed\u00bb button_align=\u00bbbtn_fl\u00bb color=\u00bbbtn_blue\u00bb border_radius=\u00bbround\u00bb link=\u00bburl:http%3A%2F%2Fgeobis.com%2Fpdf%2Fbrochure-poder-de-compra.pdf||target:%20_blank|\u00bb][vc_empty_space height=\u00bb80px\u00bb][vc_separator style=\u00bbtilt\u00bb color=\u00bb#0066cb\u00bb][vc_empty_space height=\u00bb50px\u00bb][vc_column_text]<\/p>\n<h5 style=\"text-align: center;\">MapSimplicity Analytics DEMO<\/h5>\n<p><img decoding=\"async\" class=\"aligncenter\" src=\"http:\/\/www.geobis.com\/es\/wp-content\/uploads\/2016\/01\/Caja-en-Espa%C3%B1ol-Cono.png\" alt=\"Brochure\" width=\"110\" \/><\/p>\n<p style=\"text-align: center;\">Obt\u00e9n una prueba gratuita de MapSimplicity y experimenta el impacto que tendr\u00eda en tu negocio el uso de esta herramienta.<\/p>\n<p>[\/vc_column_text][vc_empty_space height=\u00bb20px\u00bb][vc_btn title=\u00bb<strong>DEMO<\/strong>\u00bb style=\u00bboutline\u00bb color=\u00bbprimary\u00bb align=\u00bbcenter\u00bb link=\u00bburl:http%3A%2F%2Fwww.geobis.com%2Fcont-trial||target:%20_blank|\u00bb][\/vc_column][vc_column width=\u00bb1\/2&#8243;][vc_column_text css_animation=\u00bbbottom-to-top\u00bb]<\/p>\n<h4>\u00bfEst\u00e1 interesado en nuestros servicios de Poder de Compra?<\/h4>\n<p>Por Favor, Complete el siguiente formulario y env\u00edelo<br \/>\nLos campos marcados con asterisco (*) son requeridos.[\/vc_column_text]<div class=\"wpforms-container \" id=\"wpforms-6686\"><form id=\"wpforms-form-6686\" class=\"wpforms-validate wpforms-form\" data-formid=\"6686\" method=\"post\" enctype=\"multipart\/form-data\" action=\"\/es\/wp-json\/wp\/v2\/pages\/5589\" data-token=\"4575ae81432aa12af9cba480e93b3fff\" data-token-time=\"1776178093\"><noscript class=\"wpforms-error-noscript\">Por favor, activa JavaScript en tu navegador para completar este formulario.<\/noscript><div class=\"wpforms-field-container\"><div id=\"wpforms-6686-field_2-container\" class=\"wpforms-field wpforms-field-name\" data-field-id=\"2\"><label class=\"wpforms-field-label\" for=\"wpforms-6686-field_2\">Nombre <span class=\"wpforms-required-label\">*<\/span><\/label><div class=\"wpforms-field-row wpforms-field-large\"><div class=\"wpforms-field-row-block wpforms-first wpforms-one-half\"><input type=\"text\" id=\"wpforms-6686-field_2\" class=\"wpforms-field-name-first wpforms-field-required\" name=\"wpforms[fields][2][first]\" placeholder=\"Nombre\" required><label for=\"wpforms-6686-field_2\" class=\"wpforms-field-sublabel after wpforms-sublabel-hide\">Nombre<\/label><\/div><div class=\"wpforms-field-row-block wpforms-one-half\"><input type=\"text\" id=\"wpforms-6686-field_2-last\" class=\"wpforms-field-name-last wpforms-field-required\" name=\"wpforms[fields][2][last]\" placeholder=\"Apellido\" required><label for=\"wpforms-6686-field_2-last\" class=\"wpforms-field-sublabel after wpforms-sublabel-hide\">Apellidos<\/label><\/div><\/div><\/div><div id=\"wpforms-6686-field_3-container\" class=\"wpforms-field wpforms-field-email\" data-field-id=\"3\"><label class=\"wpforms-field-label\" for=\"wpforms-6686-field_3\">Email <span class=\"wpforms-required-label\">*<\/span><\/label><input type=\"email\" id=\"wpforms-6686-field_3\" class=\"wpforms-field-large wpforms-field-required\" name=\"wpforms[fields][3]\" spellcheck=\"false\" required><\/div><div id=\"wpforms-6686-field_1-container\" class=\"wpforms-field wpforms-field-text\" data-field-id=\"1\"><label class=\"wpforms-field-label\" for=\"wpforms-6686-field_1\">Pa\u00eds <span class=\"wpforms-required-label\">*<\/span><\/label><input type=\"text\" id=\"wpforms-6686-field_1\" class=\"wpforms-field-large wpforms-field-required\" name=\"wpforms[fields][1]\" required><\/div><div id=\"wpforms-6686-field_4-container\" class=\"wpforms-field wpforms-field-text\" data-field-id=\"4\"><label class=\"wpforms-field-label\" for=\"wpforms-6686-field_4\">Tel\u00e9fono de Contacto <span class=\"wpforms-required-label\">*<\/span><\/label><input type=\"text\" id=\"wpforms-6686-field_4\" class=\"wpforms-field-large wpforms-field-required\" name=\"wpforms[fields][4]\" required><\/div><div id=\"wpforms-6686-field_5-container\" class=\"wpforms-field wpforms-field-text\" data-field-id=\"5\"><label class=\"wpforms-field-label\" for=\"wpforms-6686-field_5\">Asunto <span class=\"wpforms-required-label\">*<\/span><\/label><input type=\"text\" id=\"wpforms-6686-field_5\" class=\"wpforms-field-large wpforms-field-required\" name=\"wpforms[fields][5]\" required><\/div><div id=\"wpforms-6686-field_6-container\" class=\"wpforms-field wpforms-field-textarea\" data-field-id=\"6\"><label class=\"wpforms-field-label\" for=\"wpforms-6686-field_6\">Mensaje<\/label><textarea id=\"wpforms-6686-field_6\" class=\"wpforms-field-small\" name=\"wpforms[fields][6]\" ><\/textarea><\/div><\/div><!-- .wpforms-field-container --><div class=\"wpforms-field wpforms-field-hp\"><label for=\"wpforms-6686-field-hp\" class=\"wpforms-field-label\">Comment<\/label><input type=\"text\" name=\"wpforms[hp]\" id=\"wpforms-6686-field-hp\" class=\"wpforms-field-medium\"><\/div><div class=\"wpforms-recaptcha-container wpforms-is-recaptcha wpforms-is-recaptcha-type-v2\" ><div class=\"g-recaptcha\" data-sitekey=\"6Lc0rx8UAAAAAN-st5jNtyqp90jDnw3AFephYtlU\"><\/div><input type=\"text\" name=\"g-recaptcha-hidden\" class=\"wpforms-recaptcha-hidden\" style=\"position:absolute!important;clip:rect(0,0,0,0)!important;height:1px!important;width:1px!important;border:0!important;overflow:hidden!important;padding:0!important;margin:0!important;\" data-rule-recaptcha=\"1\"><\/div><div class=\"wpforms-submit-container\" ><input type=\"hidden\" name=\"wpforms[id]\" value=\"6686\"><input type=\"hidden\" name=\"page_title\" value=\"\"><input type=\"hidden\" name=\"page_url\" value=\"https:\/\/www.geobis.com\/es\/wp-json\/wp\/v2\/pages\/5589\"><input type=\"hidden\" name=\"url_referer\" value=\"\"><button type=\"submit\" name=\"wpforms[submit]\" id=\"wpforms-submit-6686\" class=\"wpforms-submit\" data-alt-text=\"Enviando...\" data-submit-text=\"Enviar\" aria-live=\"assertive\" value=\"wpforms-submit\">Enviar<\/button><\/div><\/form><\/div>  <!-- .wpforms-container -->[\/vc_column][\/vc_row]<\/p>\n<\/div>","protected":false},"excerpt":{"rendered":"<p>[vc_row full_content_width=\u00bbrow-inner-full\u00bb top=\u00bb70px\u00bb bottom=\u00bb0px\u00bb bg_type=\u00bbimage\u00bb parallax_bg=\u00bbparallax-bg\u00bb speed=\u00bb0.50&#8243; bg_cover=\u00bbcover\u00bb bg_repeat=\u00bbno-repeat\u00bb bg_position=\u00bbCenter bottom\u00bb row_show_on=\u00bbhide_mobile_landscape,hide_mobile_portrait\u00bb bg_color=\u00bb#0066cb\u00bb bg_image=\u00bb6921&#8243; overlay_color=\u00bbrgba(10,10,10,0.3)\u00bb][vc_column][vc_empty_space height=\u00bb150px\u00bb][vc_custom_heading text=\u00bbPODER DE COMPRA\u00bb font_container=\u00bbtag:h1|font_size:80px|text_align:center|color:%23ffffff|line_height:80px\u00bb use_theme_fonts=\u00bbyes\u00bb css_animation=\u00bbzoomIn\u00bb][vc_empty_space height=\u00bb150px\u00bb][\/vc_column][\/vc_row][vc_row full_content_width=\u00bbrow-inner-full\u00bb top=\u00bb70px\u00bb&#8230;  <\/p>\n<div class=\"read-more\"><a class=\"excerpt-read-more\" href=\"https:\/\/www.geobis.com\/es\/poder-de-compra\/\" title=\"Continue reading Poder de Compra\">Read more<i class=\"fa fa-angle-right\"><\/i><\/a><\/div>\n","protected":false},"author":4,"featured_media":6921,"parent":0,"menu_order":0,"comment_status":"closed","ping_status":"closed","template":"page-full-width.php","meta":{"footnotes":""},"class_list":["post-5589","page","type-page","status-publish","has-post-thumbnail","hentry"],"_links":{"self":[{"href":"https:\/\/www.geobis.com\/es\/wp-json\/wp\/v2\/pages\/5589","targetHints":{"allow":["GET"]}}],"collection":[{"href":"https:\/\/www.geobis.com\/es\/wp-json\/wp\/v2\/pages"}],"about":[{"href":"https:\/\/www.geobis.com\/es\/wp-json\/wp\/v2\/types\/page"}],"author":[{"embeddable":true,"href":"https:\/\/www.geobis.com\/es\/wp-json\/wp\/v2\/users\/4"}],"replies":[{"embeddable":true,"href":"https:\/\/www.geobis.com\/es\/wp-json\/wp\/v2\/comments?post=5589"}],"version-history":[{"count":5,"href":"https:\/\/www.geobis.com\/es\/wp-json\/wp\/v2\/pages\/5589\/revisions"}],"predecessor-version":[{"id":6922,"href":"https:\/\/www.geobis.com\/es\/wp-json\/wp\/v2\/pages\/5589\/revisions\/6922"}],"wp:featuredmedia":[{"embeddable":true,"href":"https:\/\/www.geobis.com\/es\/wp-json\/wp\/v2\/media\/6921"}],"wp:attachment":[{"href":"https:\/\/www.geobis.com\/es\/wp-json\/wp\/v2\/media?parent=5589"}],"curies":[{"name":"wp","href":"https:\/\/api.w.org\/{rel}","templated":true}]}}