{"id":5593,"date":"2016-06-27T10:14:15","date_gmt":"2016-06-27T15:14:15","guid":{"rendered":"http:\/\/www.geobis.com\/es\/?page_id=5593"},"modified":"2017-10-02T16:26:24","modified_gmt":"2017-10-02T21:26:24","slug":"gastos-consumo","status":"publish","type":"page","link":"https:\/\/www.geobis.com\/es\/gastos-consumo\/","title":{"rendered":"Gastos de Consumo"},"content":{"rendered":"<div class=\"wpb-content-wrapper\"><p>[vc_row full_content_width=\u00bbrow-inner-full\u00bb top=\u00bb70px\u00bb bottom=\u00bb0px\u00bb bg_type=\u00bbimage\u00bb parallax_bg=\u00bbparallax-bg\u00bb speed=\u00bb0.50&#8243; bg_cover=\u00bbcover\u00bb bg_repeat=\u00bbno-repeat\u00bb bg_position=\u00bbCenter bottom\u00bb row_show_on=\u00bbhide_mobile_landscape,hide_mobile_portrait\u00bb bg_color=\u00bb#0066cb\u00bb bg_image=\u00bb6732&#8243; overlay_color=\u00bbrgba(10,10,10,0.3)\u00bb][vc_column][vc_empty_space height=\u00bb150px\u00bb][vc_custom_heading text=\u00bbGASTOS DE CONSUMO\u00bb font_container=\u00bbtag:h1|font_size:80px|text_align:center|color:%23ffffff|line_height:80px\u00bb use_theme_fonts=\u00bbyes\u00bb css_animation=\u00bbzoomIn\u00bb][vc_empty_space height=\u00bb150px\u00bb][\/vc_column][\/vc_row][vc_row full_content_width=\u00bbrow-inner-full\u00bb top=\u00bb70px\u00bb bottom=\u00bb0px\u00bb bg_type=\u00bbimage\u00bb parallax_bg=\u00bbparallax-bg\u00bb speed=\u00bb0.50&#8243; bg_cover=\u00bbcover\u00bb bg_repeat=\u00bbno-repeat\u00bb bg_position=\u00bbCenter bottom\u00bb row_show_on=\u00bbhide_on_normal_screen,hide_tablet_landscape,hide_tablet_portrait\u00bb bg_color=\u00bb#0066cb\u00bb bg_image=\u00bb6732&#8243; overlay_color=\u00bbrgba(10,10,10,0.3)\u00bb][vc_column][vc_empty_space height=\u00bb150px\u00bb][vc_custom_heading text=\u00bbGASTOS DE CONSUMO\u00bb font_container=\u00bbtag:h1|text_align:center|color:%23ffffff\u00bb use_theme_fonts=\u00bbyes\u00bb css_animation=\u00bbzoomIn\u00bb][vc_empty_space height=\u00bb150px\u00bb][\/vc_column][\/vc_row][vc_row][vc_column][vc_column_text pb_margin_bottom=\u00bbno\u00bb pb_border_bottom=\u00bbno\u00bb width=\u00bb1\/1&#8243; el_position=\u00bbfirst last\u00bb]<\/p>\n<h2 style=\"text-align: center;\">Miles de datos e informaci\u00f3n de clientes son desperdiciados debido a que las compa\u00f1\u00edas no tienen las herramientas y la informaci\u00f3n de referencia\u00a0para realizar an\u00e1lisis adecuados.<\/h2>\n<p>[\/vc_column_text][vc_column_text pb_margin_bottom=\u00bbno\u00bb pb_border_bottom=\u00bbno\u00bb width=\u00bb1\/1&#8243; el_position=\u00bbfirst last\u00bb]<\/p>\n<p style=\"text-align: center;\">Geobis le ofrece un set de alternativas apropiadas que en tan solo unos pasos le ayudar\u00e1n a entender asuntos asociados con la localizaci\u00f3n geogr\u00e1fica de sus clientes y las destacadas relaciones que ellos guardan con los datos demogr\u00e1ficos y socio-econ\u00f3micos.<\/p>\n<p>[\/vc_column_text][\/vc_column][\/vc_row][vc_row top=\u00bb40px\u00bb bottom=\u00bb40px\u00bb columns_placement=\u00bbmiddle\u00bb font_color=\u00bb#ffffff\u00bb bg_color=\u00bb#0066cb\u00bb][vc_column width=\u00bb1\/2&#8243;][vc_single_image image=\u00bb6733&#8243; img_size=\u00bbfull\u00bb alignment=\u00bbcenter\u00bb onclick=\u00bblink_image\u00bb css_animation=\u00bbfadeInLeftBig\u00bb][\/vc_column][vc_column width=\u00bb1\/2&#8243;][vc_column_text css_animation=\u00bbbottom-to-top\u00bb]<\/p>\n<h2><span style=\"color: #ffffff;\">Mapas Tem\u00e1ticos de clientes<\/span><\/h2>\n<p style=\"text-align: justify;\">Muchos negocios desperdician miles de registros de informaci\u00f3n de clientes y datos valiosos debido a que no cuentan con las herramientas y la informaci\u00f3n de referencia para un an\u00e1lisis adecuado. Geobis ofrece un conjunto de alternativas para ayudar en la comprensi\u00f3n de los problemas asociados a la localizaci\u00f3n geogr\u00e1fica de los clientes y su importancia en los factores demogr\u00e1ficos y socioecon\u00f3micos.<\/p>\n<p>[\/vc_column_text][vc_empty_space height=\u00bb20px\u00bb][vc_column_text css_animation=\u00bbbottom-to-top\u00bb]<\/p>\n<h3><span style=\"color: #ffffff;\">Alternativas<\/span><\/h3>\n<p><strong>\u00bb\u00a0<\/strong>\u00a0Mapas de decisi\u00f3n<\/p>\n<p><strong>\u00bb\u00a0<\/strong>\u00a0Estad\u00edsticas geogr\u00e1ficas<\/p>\n<p><strong>\u00bb\u00a0<\/strong>\u00a0Segmentaci\u00f3n y Perfiles[\/vc_column_text][\/vc_column][\/vc_row][vc_row top=\u00bb40px\u00bb bottom=\u00bb40px\u00bb columns_placement=\u00bbmiddle\u00bb][vc_column width=\u00bb1\/2&#8243;][vc_column_text css_animation=\u00bbbottom-to-top\u00bb]<\/p>\n<h2>Mapas Tem\u00e1ticos de Poblaci\u00f3n<\/h2>\n<p style=\"text-align: justify;\">Las Estrategias de clientes son una soluci\u00f3n vital que facilita muchos aspectos de su negocio, podr\u00e1 localizar geogr\u00e1ficamente los clientes y determinar la mejor manera de capturar utilizando informaci\u00f3n precisa e informes de clientes completos como:<\/p>\n<p>[\/vc_column_text][vc_empty_space height=\u00bb20px\u00bb][vc_column_text css_animation=\u00bbbottom-to-top\u00bb]<span style=\"color: #0066cb;\"><strong>\u00bb<\/strong><\/span> Datos demogr\u00e1ficos: Poblaci\u00f3n<br \/>\n<span style=\"color: #0066cb;\"><strong>\u00bb<\/strong><\/span>\u00a0Estrato Socio-Econ\u00f3mico (ESE)<br \/>\n<span style=\"color: #0066cb;\"><strong>\u00bb<\/strong><\/span> Poder de compra por categor\u00edas<br \/>\n<span style=\"color: #0066cb;\"><strong>\u00bb<\/strong><\/span> Ubicaci\u00f3n de segmentos de consumidor<br \/>\n<span style=\"color: #0066cb;\"><strong>\u00bb<\/strong><\/span> Generadores de tr\u00e1fico<br \/>\n<span style=\"color: #0066cb;\"><strong>\u00bb<\/strong><\/span> Puntos de inter\u00e9s (POIs)<br \/>\n<span style=\"color: #0066cb;\"><strong>\u00bb<\/strong><\/span> Oportunidades de mercado Jer\u00e1rquicas<br \/>\n<span style=\"color: #0066cb;\"><strong>\u00bb<\/strong><\/span> Mapas tem\u00e1ticos[\/vc_column_text][\/vc_column][vc_column width=\u00bb1\/2&#8243;][vc_single_image image=\u00bb6734&#8243; img_size=\u00bbfull\u00bb alignment=\u00bbcenter\u00bb onclick=\u00bblink_image\u00bb css_animation=\u00bbfadeInRightBig\u00bb][\/vc_column][\/vc_row][vc_row top=\u00bb40px\u00bb bottom=\u00bb40px\u00bb columns_placement=\u00bbmiddle\u00bb font_color=\u00bb#ffffff\u00bb bg_color=\u00bb#0066cb\u00bb][vc_column width=\u00bb1\/2&#8243;][vc_single_image image=\u00bb6836&#8243; img_size=\u00bbfull\u00bb alignment=\u00bbcenter\u00bb onclick=\u00bblink_image\u00bb css_animation=\u00bbfadeInLeftBig\u00bb][\/vc_column][vc_column width=\u00bb1\/2&#8243;][vc_column_text css_animation=\u00bbbottom-to-top\u00bb]<\/p>\n<h2><span style=\"color: #ffffff;\">Usando Datos de Gastos de Consumo\u00a0su empresa podr\u00e1:<\/span><\/h2>\n<p style=\"text-align: justify;\"><strong>\u00bb<\/strong>\u00a0Focalizar Recursos y saber d\u00f3nde tendr\u00e1n el mayor impacto posible.<br \/>\n<strong>\u00bb<\/strong>\u00a0Definir territorios de acci\u00f3n bas\u00e1ndose en porcentajes de concentraci\u00f3n.<br \/>\n<strong>\u00bb<\/strong> Desarrollar perfiles de clientes basados en la Datos Demogr\u00e1ficos y Poder Adquisitivo.<br \/>\n<strong>\u00bb<\/strong> Obtener mapas coloridos e informes profesionales para apoyar los procesos de toma de decisiones.<\/p>\n<p>[\/vc_column_text][vc_empty_space height=\u00bb20px\u00bb][vc_column_text css_animation=\u00bbbottom-to-top\u00bb]<\/p>\n<h3><span style=\"color: #ffffff;\">Servicios Clave<\/span><\/h3>\n<p><strong>\u00bb<\/strong> Inteligencia de Localizaci\u00f3n<\/p>\n<p><strong>\u00bb<\/strong> Estrategia para Clientes<\/p>\n<p><strong>\u00bb<\/strong> Estudios de Mercado<\/p>\n<p><strong>\u00bb<\/strong> Georeferenciaci\u00f3n GeDots[\/vc_column_text][\/vc_column][\/vc_row][vc_row top=\u00bb40px\u00bb bottom=\u00bb40px\u00bb][vc_column width=\u00bb1\/2&#8243;][vc_single_image image=\u00bb6731&#8243; img_size=\u00bbfull\u00bb alignment=\u00bbcenter\u00bb onclick=\u00bblink_image\u00bb css_animation=\u00bbfadeInLeftBig\u00bb][vc_empty_space height=\u00bb20px\u00bb][vc_column_text css_animation=\u00bbbottom-to-top\u00bb]<\/p>\n<h5>Brochure de Estrategia para Clientes<\/h5>\n<p><a href=\"http:\/\/geobis.com\/pdf\/brochure-estrategias-clientes.pdf\" target=\"_blank\" rel=\"noopener\"><img decoding=\"async\" class=\"alignleft\" src=\"http:\/\/geobis.com\/images\/brochures\/brochure-estrategias-clientes.jpg\" alt=\"Brochure\" width=\"110\" \/><\/a>Descargue la informaci\u00f3n actualizada en formato PDF.[\/vc_column_text][vc_empty_space height=\u00bb20px\u00bb][vc_button title=\u00bbDescargue Aqu\u00ed\u00bb color=\u00bbbtn_blue\u00bb border_radius=\u00bbround\u00bb link=\u00bburl:http%3A%2F%2Fgeobis.com%2Fpdf%2Fbrochure-estrategias-clientes.pdf||target:%20_blank|\u00bb][vc_empty_space height=\u00bb50px\u00bb][vc_separator style=\u00bbtilt\u00bb color=\u00bb#0066cb\u00bb][vc_empty_space height=\u00bb50px\u00bb][vc_column_text]<\/p>\n<div class=\"twc_ib_front\">\n<div class=\"twc_ib_heading\" style=\"text-align: center;\"><strong>MapSimplicity Analytics DEMO<\/strong><\/div>\n<\/div>\n<div class=\"twc_ib_back\">\n<div class=\"twc_ib_content\">\n<p style=\"text-align: center;\">Obt\u00e9n una prueba gratuita de MapSimplicity y experimenta el impacto que tendr\u00eda en tu negocio el uso de esta herramienta.<\/p>\n<\/div>\n<\/div>\n<p>[\/vc_column_text][vc_empty_space height=\u00bb20px\u00bb][vc_btn title=\u00bb<strong>DEMO<\/strong>\u00bb style=\u00bboutline\u00bb color=\u00bbprimary\u00bb align=\u00bbcenter\u00bb link=\u00bburl:http%3A%2F%2Fwww.geobis.com%2Fcont-trial%2F||target:%20_blank|\u00bb][\/vc_column][vc_column width=\u00bb1\/2&#8243;][vc_column_text css_animation=\u00bbbottom-to-top\u00bb]<\/p>\n<h4>\u00bfEst\u00e1 interesado en nuestros servicios de Gastos de Consumo?<\/h4>\n<p>Por Favor, Complete el siguiente formulario y env\u00edelo<br \/>\nLos campos marcados con asterisco (*) son requeridos.[\/vc_column_text]<div class=\"wpforms-container \" id=\"wpforms-6686\"><form id=\"wpforms-form-6686\" class=\"wpforms-validate wpforms-form\" data-formid=\"6686\" method=\"post\" enctype=\"multipart\/form-data\" action=\"\/es\/wp-json\/wp\/v2\/pages\/5593\" data-token=\"4575ae81432aa12af9cba480e93b3fff\" data-token-time=\"1776178009\"><noscript class=\"wpforms-error-noscript\">Por favor, activa JavaScript en tu navegador para completar este formulario.<\/noscript><div class=\"wpforms-field-container\"><div id=\"wpforms-6686-field_2-container\" class=\"wpforms-field wpforms-field-name\" data-field-id=\"2\"><label class=\"wpforms-field-label\" for=\"wpforms-6686-field_2\">Nombre <span class=\"wpforms-required-label\">*<\/span><\/label><div class=\"wpforms-field-row wpforms-field-large\"><div class=\"wpforms-field-row-block wpforms-first wpforms-one-half\"><input type=\"text\" id=\"wpforms-6686-field_2\" class=\"wpforms-field-name-first wpforms-field-required\" name=\"wpforms[fields][2][first]\" placeholder=\"Nombre\" required><label for=\"wpforms-6686-field_2\" class=\"wpforms-field-sublabel after wpforms-sublabel-hide\">Nombre<\/label><\/div><div class=\"wpforms-field-row-block wpforms-one-half\"><input type=\"text\" id=\"wpforms-6686-field_2-last\" class=\"wpforms-field-name-last wpforms-field-required\" name=\"wpforms[fields][2][last]\" placeholder=\"Apellido\" required><label for=\"wpforms-6686-field_2-last\" class=\"wpforms-field-sublabel after wpforms-sublabel-hide\">Apellidos<\/label><\/div><\/div><\/div><div id=\"wpforms-6686-field_3-container\" class=\"wpforms-field wpforms-field-email\" data-field-id=\"3\"><label class=\"wpforms-field-label\" for=\"wpforms-6686-field_3\">Email <span class=\"wpforms-required-label\">*<\/span><\/label><input type=\"email\" id=\"wpforms-6686-field_3\" class=\"wpforms-field-large wpforms-field-required\" name=\"wpforms[fields][3]\" spellcheck=\"false\" required><\/div><div id=\"wpforms-6686-field_1-container\" class=\"wpforms-field wpforms-field-text\" data-field-id=\"1\"><label class=\"wpforms-field-label\" for=\"wpforms-6686-field_1\">Pa\u00eds <span class=\"wpforms-required-label\">*<\/span><\/label><input type=\"text\" id=\"wpforms-6686-field_1\" class=\"wpforms-field-large wpforms-field-required\" name=\"wpforms[fields][1]\" required><\/div><div id=\"wpforms-6686-field_4-container\" class=\"wpforms-field wpforms-field-text\" data-field-id=\"4\"><label class=\"wpforms-field-label\" for=\"wpforms-6686-field_4\">Tel\u00e9fono de Contacto <span class=\"wpforms-required-label\">*<\/span><\/label><input type=\"text\" id=\"wpforms-6686-field_4\" class=\"wpforms-field-large wpforms-field-required\" name=\"wpforms[fields][4]\" required><\/div><div id=\"wpforms-6686-field_5-container\" class=\"wpforms-field wpforms-field-text\" data-field-id=\"5\"><label class=\"wpforms-field-label\" for=\"wpforms-6686-field_5\">Asunto <span class=\"wpforms-required-label\">*<\/span><\/label><input type=\"text\" id=\"wpforms-6686-field_5\" class=\"wpforms-field-large wpforms-field-required\" name=\"wpforms[fields][5]\" required><\/div><div id=\"wpforms-6686-field_6-container\" class=\"wpforms-field wpforms-field-textarea\" data-field-id=\"6\"><label class=\"wpforms-field-label\" for=\"wpforms-6686-field_6\">Mensaje<\/label><textarea id=\"wpforms-6686-field_6\" class=\"wpforms-field-small\" name=\"wpforms[fields][6]\" ><\/textarea><\/div><\/div><!-- .wpforms-field-container --><div class=\"wpforms-field wpforms-field-hp\"><label for=\"wpforms-6686-field-hp\" class=\"wpforms-field-label\">Name<\/label><input type=\"text\" name=\"wpforms[hp]\" id=\"wpforms-6686-field-hp\" class=\"wpforms-field-medium\"><\/div><div class=\"wpforms-recaptcha-container wpforms-is-recaptcha wpforms-is-recaptcha-type-v2\" ><div class=\"g-recaptcha\" data-sitekey=\"6Lc0rx8UAAAAAN-st5jNtyqp90jDnw3AFephYtlU\"><\/div><input type=\"text\" name=\"g-recaptcha-hidden\" class=\"wpforms-recaptcha-hidden\" style=\"position:absolute!important;clip:rect(0,0,0,0)!important;height:1px!important;width:1px!important;border:0!important;overflow:hidden!important;padding:0!important;margin:0!important;\" data-rule-recaptcha=\"1\"><\/div><div class=\"wpforms-submit-container\" ><input type=\"hidden\" name=\"wpforms[id]\" value=\"6686\"><input type=\"hidden\" name=\"page_title\" value=\"\"><input type=\"hidden\" name=\"page_url\" value=\"https:\/\/www.geobis.com\/es\/wp-json\/wp\/v2\/pages\/5593\"><input type=\"hidden\" name=\"url_referer\" value=\"\"><button type=\"submit\" name=\"wpforms[submit]\" id=\"wpforms-submit-6686\" class=\"wpforms-submit\" data-alt-text=\"Enviando...\" data-submit-text=\"Enviar\" aria-live=\"assertive\" value=\"wpforms-submit\">Enviar<\/button><\/div><\/form><\/div>  <!-- .wpforms-container -->[\/vc_column][\/vc_row]<\/p>\n<\/div>","protected":false},"excerpt":{"rendered":"<p>[vc_row full_content_width=\u00bbrow-inner-full\u00bb top=\u00bb70px\u00bb bottom=\u00bb0px\u00bb bg_type=\u00bbimage\u00bb parallax_bg=\u00bbparallax-bg\u00bb speed=\u00bb0.50&#8243; bg_cover=\u00bbcover\u00bb bg_repeat=\u00bbno-repeat\u00bb bg_position=\u00bbCenter bottom\u00bb row_show_on=\u00bbhide_mobile_landscape,hide_mobile_portrait\u00bb bg_color=\u00bb#0066cb\u00bb bg_image=\u00bb6732&#8243; overlay_color=\u00bbrgba(10,10,10,0.3)\u00bb][vc_column][vc_empty_space height=\u00bb150px\u00bb][vc_custom_heading text=\u00bbGASTOS DE CONSUMO\u00bb font_container=\u00bbtag:h1|font_size:80px|text_align:center|color:%23ffffff|line_height:80px\u00bb use_theme_fonts=\u00bbyes\u00bb css_animation=\u00bbzoomIn\u00bb][vc_empty_space height=\u00bb150px\u00bb][\/vc_column][\/vc_row][vc_row full_content_width=\u00bbrow-inner-full\u00bb top=\u00bb70px\u00bb&#8230;  <\/p>\n<div class=\"read-more\"><a class=\"excerpt-read-more\" href=\"https:\/\/www.geobis.com\/es\/gastos-consumo\/\" title=\"Continue reading Gastos de Consumo\">Read more<i class=\"fa fa-angle-right\"><\/i><\/a><\/div>\n","protected":false},"author":4,"featured_media":6732,"parent":0,"menu_order":0,"comment_status":"closed","ping_status":"closed","template":"page-full-width.php","meta":{"footnotes":""},"class_list":["post-5593","page","type-page","status-publish","has-post-thumbnail","hentry"],"_links":{"self":[{"href":"https:\/\/www.geobis.com\/es\/wp-json\/wp\/v2\/pages\/5593","targetHints":{"allow":["GET"]}}],"collection":[{"href":"https:\/\/www.geobis.com\/es\/wp-json\/wp\/v2\/pages"}],"about":[{"href":"https:\/\/www.geobis.com\/es\/wp-json\/wp\/v2\/types\/page"}],"author":[{"embeddable":true,"href":"https:\/\/www.geobis.com\/es\/wp-json\/wp\/v2\/users\/4"}],"replies":[{"embeddable":true,"href":"https:\/\/www.geobis.com\/es\/wp-json\/wp\/v2\/comments?post=5593"}],"version-history":[{"count":7,"href":"https:\/\/www.geobis.com\/es\/wp-json\/wp\/v2\/pages\/5593\/revisions"}],"predecessor-version":[{"id":6929,"href":"https:\/\/www.geobis.com\/es\/wp-json\/wp\/v2\/pages\/5593\/revisions\/6929"}],"wp:featuredmedia":[{"embeddable":true,"href":"https:\/\/www.geobis.com\/es\/wp-json\/wp\/v2\/media\/6732"}],"wp:attachment":[{"href":"https:\/\/www.geobis.com\/es\/wp-json\/wp\/v2\/media?parent=5593"}],"curies":[{"name":"wp","href":"https:\/\/api.w.org\/{rel}","templated":true}]}}