{"id":5608,"date":"2016-06-27T10:57:14","date_gmt":"2016-06-27T15:57:14","guid":{"rendered":"http:\/\/www.geobis.com\/es\/?page_id=5608"},"modified":"2017-09-14T19:00:46","modified_gmt":"2017-09-15T00:00:46","slug":"uso-de-terrenos","status":"publish","type":"page","link":"https:\/\/www.geobis.com\/es\/uso-de-terrenos\/","title":{"rendered":"Uso de Terrenos Mapas 2D"},"content":{"rendered":"<div class=\"wpb-content-wrapper\"><p>[vc_row full_content_width=\u00bbrow-inner-full\u00bb top=\u00bb70px\u00bb bottom=\u00bb0px\u00bb bg_type=\u00bbimage\u00bb parallax_bg=\u00bbparallax-bg\u00bb speed=\u00bb0.50&#8243; bg_cover=\u00bbcover\u00bb bg_repeat=\u00bbno-repeat\u00bb bg_position=\u00bbCenter center\u00bb row_show_on=\u00bbhide_mobile_landscape,hide_mobile_portrait\u00bb bg_image=\u00bb6754&#8243; overlay_color=\u00bbrgba(10,10,10,0.3)\u00bb bg_color=\u00bb#0066cb\u00bb][vc_column][vc_empty_space height=\u00bb150px\u00bb][vc_custom_heading text=\u00bbUSO DE TERRENOS\u00bb font_container=\u00bbtag:h1|font_size:80px|text_align:center|color:%23ffffff|line_height:80px\u00bb use_theme_fonts=\u00bbyes\u00bb css_animation=\u00bbzoomIn\u00bb][vc_empty_space height=\u00bb150px\u00bb][\/vc_column][\/vc_row][vc_row full_content_width=\u00bbrow-inner-full\u00bb top=\u00bb70px\u00bb bottom=\u00bb0px\u00bb bg_type=\u00bbimage\u00bb parallax_bg=\u00bbparallax-bg\u00bb speed=\u00bb0.50&#8243; bg_cover=\u00bbcover\u00bb bg_repeat=\u00bbno-repeat\u00bb bg_position=\u00bbCenter top\u00bb row_show_on=\u00bbhide_on_normal_screen,hide_tablet_landscape,hide_tablet_portrait\u00bb bg_image=\u00bb6754&#8243; overlay_color=\u00bbrgba(10,10,10,0.3)\u00bb][vc_column][vc_empty_space height=\u00bb150px\u00bb][vc_custom_heading text=\u00bbUSO DE TERRENOS\u00bb font_container=\u00bbtag:h1|text_align:center|color:%23ffffff\u00bb use_theme_fonts=\u00bbyes\u00bb css_animation=\u00bbzoomIn\u00bb][vc_empty_space height=\u00bb150px\u00bb][\/vc_column][\/vc_row][vc_row top=\u00bb30px\u00bb bottom=\u00bb20px\u00bb][vc_column width=\u00bb1\/3&#8243;][vc_column_text css_animation=\u00bbbottom-to-top\u00bb]<\/p>\n<h2>ESPECIFICACIONES T\u00c9CNICAS BASE DE DATOS DE LA REGI\u00d3N 20M<\/h2>\n<p style=\"text-align: justify;\">El Planificador de 20m Regi\u00f3n es una base de datos de resoluci\u00f3n media para su uso en la planificaci\u00f3n de frecuencias de radio en los entornos urbanos y rurales. Las capas de datos incluyen un Modelo Digital del Terreno, conglomerado\u00a0lineal \u00a0de vectores y ortoim\u00e1genes.<\/p>\n<p>[\/vc_column_text][vc_column_text css_animation=\u00bbbottom-to-top\u00bb]<\/p>\n<p style=\"text-align: justify;\">La base de datos del planificador Regi\u00f3n se deriva de Landsat 5, Landsat 7 SLC-Off,\u00a0y\/o\u00a0 ASTER \u00a0Im\u00e1genes por sat\u00e9lite ( de resoluci\u00f3n nominal 15m a\u00a028.5m)<\/p>\n<p><img loading=\"lazy\" decoding=\"async\" class=\"alignnone aligncenter\" src=\"http:\/\/geobis.com\/images\/imagesbody\/imgland2.jpg\" alt=\"\" width=\"277\" height=\"278\" \/>[\/vc_column_text][\/vc_column][vc_column width=\u00bb1\/3&#8243;][vc_column_text css_animation=\u00bbbottom-to-top\u00bb]<\/p>\n<h2>Modelo de Terreno Digital<\/h2>\n<p><strong><span style=\"color: #0066cb;\">\u00bb<\/span><\/strong> Resoluci\u00f3n de salida (x,y) 20m<br \/>\n<strong><span style=\"color: #0066cb;\">\u00bb<\/span><\/strong> Absoluta precisi\u00f3n planim\u00e9trica\u00a0 (x, y) 20m &#8211; 25m (RMSE)<br \/>\n<strong><span style=\"color: #0066cb;\">\u00bb<\/span><\/strong> Absoluta precisi\u00f3n altim\u00e9trica\u00a0 (z) 7m \u00a1V 12m (RMSE)<\/p>\n<p><img loading=\"lazy\" decoding=\"async\" class=\"alignnone aligncenter\" src=\"http:\/\/geobis.com\/images\/imagesbody\/imgland3.jpg\" alt=\"\" width=\"277\" height=\"278\" \/>[\/vc_column_text][\/vc_column][vc_column width=\u00bb1\/3&#8243;][vc_column_text css_animation=\u00bbbottom-to-top\u00bb]<\/p>\n<h2>Caracter\u00edsticas de vector Lineal<\/h2>\n<p style=\"text-align: justify;\">Una base de datos vectorial de los corredores de transporte (carretera anchura&gt; 10m) y las caracter\u00edsticas del agua en el \u00e1rea de inter\u00e9s derivados de im\u00e1genes de sat\u00e9lite y mapas topogr\u00e1ficos a gran escala.<\/p>\n<p style=\"text-align: justify;\"><strong><span style=\"color: #0066cb;\">\u00bb<\/span> Precisi\u00f3n absoluta planim\u00e9trica\u00a0<\/strong>\u00a0(x, y) 15m &#8211; 20m (RMSE)<\/p>\n<p><img loading=\"lazy\" decoding=\"async\" class=\"alignnone aligncenter\" src=\"http:\/\/geobis.com\/images\/imagesbody\/landimg4.jpg\" alt=\"\" width=\"277\" height=\"278\" \/>[\/vc_column_text][\/vc_column][\/vc_row][vc_row top=\u00bb30px\u00bb bottom=\u00bb30px\u00bb bg_color=\u00bb#0066cb\u00bb font_color=\u00bb#ffffff\u00bb][vc_column width=\u00bb1\/3&#8243;][vc_column_text css_animation=\u00bbbottom-to-top\u00bb]<\/p>\n<h2><span style=\"color: #ffffff;\">Especificaciones<\/span><\/h2>\n<p><strong>\u00bb<\/strong> Proyecci\u00f3n \u00bb: geogr\u00e1fica; UTM y otros sistemas disponibles en\u00a0\u00a0Formatos de coordenadas: Planet EV \/ MapInfo y\u00a0de intercambio com\u00fan.<br \/>\n<strong>\u00bb<\/strong> Dato: WGS84<br \/>\n<strong>\u00bb<\/strong> Resoluci\u00f3n: 0,00833 grados decimales; Tama\u00f1o de celda 1\u00d71 Kil\u00f3metro.[\/vc_column_text][\/vc_column][vc_column width=\u00bb1\/3&#8243;][vc_column_text css_animation=\u00bbbottom-to-top\u00bb]<strong>\u00bb<\/strong> Los coeficientes para todas las regiones se basan en los siguientes factores:<br \/>\n<strong>\u00bb<\/strong> Mejores registros de \u00a0poblaci\u00f3n disponible \u00a0de acuerdo a los \u00faltimos datos del censo Nacional.<br \/>\n<strong>\u00bb<\/strong> Medida ponderada por la distancia de las carreteras principales.<br \/>\n<strong>\u00bb<\/strong> Elevaci\u00f3n: ponderada por la presencia de condiciones favorables de pendiente[\/vc_column_text][\/vc_column][vc_column width=\u00bb1\/3&#8243;][vc_column_text css_animation=\u00bbbottom-to-top\u00bb]<strong>\u00bb<\/strong> Cobertura del terreno:\u00a0ponderado por clase\u00a0de exclusiones para ciertos tipos.<br \/>\n<strong>\u00bb<\/strong> Iluminacion Noctura:\u00a0ponderadas por el aumento de la frecuencia.<br \/>\n<strong>\u00bb<\/strong> M\u00e1xima cobertura de nube entre\u00a00 a\u00a025%.<br \/>\n<strong>\u00bb<\/strong> Resoluci\u00f3n de Salida: 20m.[\/vc_column_text][\/vc_column][\/vc_row][vc_row top=\u00bb20px\u00bb bottom=\u00bb80px\u00bb columns_placement=\u00bb\u00bb][vc_column width=\u00bb2\/3&#8243;][vc_magic_image image=\u00bb5292&#8243; alignment=\u00bbcenter\u00bb css_animation=\u00bbbottom-to-top\u00bb img_size=\u00bbfull\u00bb][vc_empty_space height=\u00bb20px\u00bb][vc_column_text css_animation=\u00bbbottom-to-top\u00bb]<\/p>\n<h5>Brochure de Uso de Terrenos<\/h5>\n<p><a href=\"http:\/\/geobis.com\/pdf\/brochure-uso-terrenos.pdf\" target=\"_blank\" rel=\"noopener\"><img decoding=\"async\" class=\"alignleft\" src=\"http:\/\/geobis.com\/images\/brochures\/brochure-uso-terrenos.jpg\" alt=\"Brochure\" width=\"110\" \/><\/a>Descargue la informaci\u00f3n actualizada en formato PDF.[\/vc_column_text][vc_empty_space height=\u00bb20px\u00bb][vc_button title=\u00bbDescargue Aqu\u00ed\u00bb button_align=\u00bbbtn_fl\u00bb color=\u00bbbtn_blue\u00bb border_radius=\u00bbround\u00bb link=\u00bburl:http%3A%2F%2Fgeobis.com%2Fpdf%2Fbrochure-uso-terrenos.pdf||target:%20_blank|\u00bb][\/vc_column][vc_column width=\u00bb1\/3&#8243;][vc_column_text css_animation=\u00bbbottom-to-top\u00bb]<\/p>\n<h4>\u00bfEst\u00e1 interesado en nuestros servicios de Uso de Terrenos<\/h4>\n<p>Por Favor, Complete el siguiente formulario y env\u00edelo<br \/>\nLos campos marcados con asterisco (*) son requeridos.[\/vc_column_text]<div class=\"wpforms-container \" id=\"wpforms-6686\"><form id=\"wpforms-form-6686\" class=\"wpforms-validate wpforms-form\" data-formid=\"6686\" method=\"post\" enctype=\"multipart\/form-data\" action=\"\/es\/wp-json\/wp\/v2\/pages\/5608\" data-token=\"8de09f433dea24451ebcca94e9a7f60d\" data-token-time=\"1776626292\"><noscript class=\"wpforms-error-noscript\">Por favor, activa JavaScript en tu navegador para completar este formulario.<\/noscript><div class=\"wpforms-field-container\"><div id=\"wpforms-6686-field_2-container\" class=\"wpforms-field wpforms-field-name\" data-field-id=\"2\"><label class=\"wpforms-field-label\" for=\"wpforms-6686-field_2\">Nombre <span class=\"wpforms-required-label\">*<\/span><\/label><div class=\"wpforms-field-row wpforms-field-large\"><div class=\"wpforms-field-row-block wpforms-first wpforms-one-half\"><input type=\"text\" id=\"wpforms-6686-field_2\" class=\"wpforms-field-name-first wpforms-field-required\" name=\"wpforms[fields][2][first]\" placeholder=\"Nombre\" required><label for=\"wpforms-6686-field_2\" class=\"wpforms-field-sublabel after wpforms-sublabel-hide\">Nombre<\/label><\/div><div class=\"wpforms-field-row-block wpforms-one-half\"><input type=\"text\" id=\"wpforms-6686-field_2-last\" class=\"wpforms-field-name-last wpforms-field-required\" name=\"wpforms[fields][2][last]\" placeholder=\"Apellido\" required><label for=\"wpforms-6686-field_2-last\" class=\"wpforms-field-sublabel after wpforms-sublabel-hide\">Apellidos<\/label><\/div><\/div><\/div><div id=\"wpforms-6686-field_3-container\" class=\"wpforms-field wpforms-field-email\" data-field-id=\"3\"><label class=\"wpforms-field-label\" for=\"wpforms-6686-field_3\">Email <span class=\"wpforms-required-label\">*<\/span><\/label><input type=\"email\" id=\"wpforms-6686-field_3\" class=\"wpforms-field-large wpforms-field-required\" name=\"wpforms[fields][3]\" spellcheck=\"false\" required><\/div><div id=\"wpforms-6686-field_1-container\" class=\"wpforms-field wpforms-field-text\" data-field-id=\"1\"><label class=\"wpforms-field-label\" for=\"wpforms-6686-field_1\">Pa\u00eds <span class=\"wpforms-required-label\">*<\/span><\/label><input type=\"text\" id=\"wpforms-6686-field_1\" class=\"wpforms-field-large wpforms-field-required\" name=\"wpforms[fields][1]\" required><\/div><div id=\"wpforms-6686-field_4-container\" class=\"wpforms-field wpforms-field-text\" data-field-id=\"4\"><label class=\"wpforms-field-label\" for=\"wpforms-6686-field_4\">Tel\u00e9fono de Contacto <span class=\"wpforms-required-label\">*<\/span><\/label><input type=\"text\" id=\"wpforms-6686-field_4\" class=\"wpforms-field-large wpforms-field-required\" name=\"wpforms[fields][4]\" required><\/div><div id=\"wpforms-6686-field_5-container\" class=\"wpforms-field wpforms-field-text\" data-field-id=\"5\"><label class=\"wpforms-field-label\" for=\"wpforms-6686-field_5\">Asunto <span class=\"wpforms-required-label\">*<\/span><\/label><input type=\"text\" id=\"wpforms-6686-field_5\" class=\"wpforms-field-large wpforms-field-required\" name=\"wpforms[fields][5]\" required><\/div><div id=\"wpforms-6686-field_6-container\" class=\"wpforms-field wpforms-field-textarea\" data-field-id=\"6\"><label class=\"wpforms-field-label\" for=\"wpforms-6686-field_6\">Mensaje<\/label><textarea id=\"wpforms-6686-field_6\" class=\"wpforms-field-small\" name=\"wpforms[fields][6]\" ><\/textarea><\/div><\/div><!-- .wpforms-field-container --><div class=\"wpforms-field wpforms-field-hp\"><label for=\"wpforms-6686-field-hp\" class=\"wpforms-field-label\">Phone<\/label><input type=\"text\" name=\"wpforms[hp]\" id=\"wpforms-6686-field-hp\" class=\"wpforms-field-medium\"><\/div><div class=\"wpforms-recaptcha-container wpforms-is-recaptcha wpforms-is-recaptcha-type-v2\" ><div class=\"g-recaptcha\" data-sitekey=\"6Lc0rx8UAAAAAN-st5jNtyqp90jDnw3AFephYtlU\"><\/div><input type=\"text\" name=\"g-recaptcha-hidden\" class=\"wpforms-recaptcha-hidden\" style=\"position:absolute!important;clip:rect(0,0,0,0)!important;height:1px!important;width:1px!important;border:0!important;overflow:hidden!important;padding:0!important;margin:0!important;\" data-rule-recaptcha=\"1\"><\/div><div class=\"wpforms-submit-container\" ><input type=\"hidden\" name=\"wpforms[id]\" value=\"6686\"><input type=\"hidden\" name=\"page_title\" value=\"\"><input type=\"hidden\" name=\"page_url\" value=\"https:\/\/www.geobis.com\/es\/wp-json\/wp\/v2\/pages\/5608\"><input type=\"hidden\" name=\"url_referer\" value=\"\"><button type=\"submit\" name=\"wpforms[submit]\" id=\"wpforms-submit-6686\" class=\"wpforms-submit\" data-alt-text=\"Enviando...\" data-submit-text=\"Enviar\" aria-live=\"assertive\" value=\"wpforms-submit\">Enviar<\/button><\/div><\/form><\/div>  <!-- .wpforms-container -->[\/vc_column][\/vc_row]<\/p>\n<\/div>","protected":false},"excerpt":{"rendered":"<p>[vc_row full_content_width=\u00bbrow-inner-full\u00bb top=\u00bb70px\u00bb bottom=\u00bb0px\u00bb bg_type=\u00bbimage\u00bb parallax_bg=\u00bbparallax-bg\u00bb speed=\u00bb0.50&#8243; bg_cover=\u00bbcover\u00bb bg_repeat=\u00bbno-repeat\u00bb bg_position=\u00bbCenter center\u00bb row_show_on=\u00bbhide_mobile_landscape,hide_mobile_portrait\u00bb bg_image=\u00bb6754&#8243; overlay_color=\u00bbrgba(10,10,10,0.3)\u00bb bg_color=\u00bb#0066cb\u00bb][vc_column][vc_empty_space height=\u00bb150px\u00bb][vc_custom_heading text=\u00bbUSO DE TERRENOS\u00bb font_container=\u00bbtag:h1|font_size:80px|text_align:center|color:%23ffffff|line_height:80px\u00bb use_theme_fonts=\u00bbyes\u00bb css_animation=\u00bbzoomIn\u00bb][vc_empty_space height=\u00bb150px\u00bb][\/vc_column][\/vc_row][vc_row full_content_width=\u00bbrow-inner-full\u00bb top=\u00bb70px\u00bb&#8230;  <\/p>\n<div class=\"read-more\"><a class=\"excerpt-read-more\" href=\"https:\/\/www.geobis.com\/es\/uso-de-terrenos\/\" title=\"Continue reading Uso de Terrenos Mapas 2D\">Read more<i class=\"fa fa-angle-right\"><\/i><\/a><\/div>\n","protected":false},"author":4,"featured_media":0,"parent":0,"menu_order":0,"comment_status":"closed","ping_status":"closed","template":"page-full-width.php","meta":{"footnotes":""},"class_list":["post-5608","page","type-page","status-publish","hentry"],"_links":{"self":[{"href":"https:\/\/www.geobis.com\/es\/wp-json\/wp\/v2\/pages\/5608","targetHints":{"allow":["GET"]}}],"collection":[{"href":"https:\/\/www.geobis.com\/es\/wp-json\/wp\/v2\/pages"}],"about":[{"href":"https:\/\/www.geobis.com\/es\/wp-json\/wp\/v2\/types\/page"}],"author":[{"embeddable":true,"href":"https:\/\/www.geobis.com\/es\/wp-json\/wp\/v2\/users\/4"}],"replies":[{"embeddable":true,"href":"https:\/\/www.geobis.com\/es\/wp-json\/wp\/v2\/comments?post=5608"}],"version-history":[{"count":3,"href":"https:\/\/www.geobis.com\/es\/wp-json\/wp\/v2\/pages\/5608\/revisions"}],"predecessor-version":[{"id":6795,"href":"https:\/\/www.geobis.com\/es\/wp-json\/wp\/v2\/pages\/5608\/revisions\/6795"}],"wp:attachment":[{"href":"https:\/\/www.geobis.com\/es\/wp-json\/wp\/v2\/media?parent=5608"}],"curies":[{"name":"wp","href":"https:\/\/api.w.org\/{rel}","templated":true}]}}