{"id":5611,"date":"2016-06-27T11:04:31","date_gmt":"2016-06-27T16:04:31","guid":{"rendered":"http:\/\/www.geobis.com\/es\/?page_id=5611"},"modified":"2017-09-06T14:41:53","modified_gmt":"2017-09-06T19:41:53","slug":"mapinfo-gis-software","status":"publish","type":"page","link":"https:\/\/www.geobis.com\/es\/mapinfo-gis-software\/","title":{"rendered":"Mapinfo GIS Software"},"content":{"rendered":"<div class=\"wpb-content-wrapper\"><p>[vc_row full_content_width=\u00bbrow-inner-full\u00bb top=\u00bb70px\u00bb bottom=\u00bb0px\u00bb bg_type=\u00bbimage\u00bb parallax_bg=\u00bbparallax-bg\u00bb speed=\u00bb0.50&#8243; bg_cover=\u00bbcover\u00bb bg_repeat=\u00bbno-repeat\u00bb bg_position=\u00bbCenter center\u00bb row_show_on=\u00bbhide_mobile_landscape,hide_mobile_portrait\u00bb bg_image=\u00bb6800&#8243; overlay_color=\u00bbrgba(10,10,10,0.3)\u00bb bg_color=\u00bb#0066cb\u00bb][vc_column][vc_empty_space height=\u00bb150px\u00bb][vc_custom_heading text=\u00bbMAPINFO\u00bb font_container=\u00bbtag:h1|font_size:80px|text_align:center|color:%23ffffff|line_height:80px\u00bb use_theme_fonts=\u00bbyes\u00bb css_animation=\u00bbzoomIn\u00bb][vc_empty_space height=\u00bb150px\u00bb][\/vc_column][\/vc_row][vc_row full_content_width=\u00bbrow-inner-full\u00bb top=\u00bb70px\u00bb bottom=\u00bb0px\u00bb bg_type=\u00bbimage\u00bb parallax_bg=\u00bbparallax-bg\u00bb speed=\u00bb0.50&#8243; bg_cover=\u00bbcover\u00bb bg_repeat=\u00bbno-repeat\u00bb bg_position=\u00bbCenter top\u00bb row_show_on=\u00bbhide_on_normal_screen,hide_tablet_landscape,hide_tablet_portrait\u00bb bg_image=\u00bb6800&#8243; overlay_color=\u00bbrgba(10,10,10,0.3)\u00bb bg_color=\u00bb#0066cb\u00bb][vc_column][vc_empty_space height=\u00bb150px\u00bb][vc_custom_heading text=\u00bbMAPINFO\u00bb font_container=\u00bbtag:h1|text_align:center|color:%23ffffff\u00bb use_theme_fonts=\u00bbyes\u00bb css_animation=\u00bbzoomIn\u00bb][vc_empty_space height=\u00bb150px\u00bb][\/vc_column][\/vc_row][vc_row top=\u00bb40px\u00bb bottom=\u00bb40px\u00bb][vc_column width=\u00bb2\/3&#8243;][vc_column_text]<\/p>\n<h1>MapInfo Profesional v16.0<\/h1>\n<p style=\"text-align: justify;\">De\u00a0Pitney Bowes Software antes conocido como MapInfo Corporation + Group 1 Software, \u00a0 l\u00edder mundial en soluciones de software para inteligencia de localizaci\u00f3n, \u00a0La herramienta MapInfo se utiliza para crear, editar, visualizar y analizar los datos\u00a0de clientes y\u00a0\u00a0negocios en\u00a0relaci\u00f3n con su ubicaci\u00f3n. La versi\u00f3n 16.0 incorpora\u00a0una variedad de nuevas caracter\u00edsticas din\u00e1micas, incluyendo una potente interfaz de usuario, y\u00a0acceso mejorado \u00a0a datos con \u00a0gran capacidad para exportar mapas.<\/p>\n<p>[\/vc_column_text][\/vc_column][vc_column width=\u00bb1\/3&#8243;][vc_column_text css_animation=\u00bbbottom-to-top\u00bb]<a href=\"http:\/\/geobis.com\/pdf\/brochure-mapinfo-es.pdf\" target=\"_blank\" rel=\"noopener\"><img decoding=\"async\" class=\"alignright\" src=\"http:\/\/geobis.com\/images\/brochures\/brochure-mapinfo-es.jpg\" alt=\"Brochure\" width=\"110\" \/><\/a><\/p>\n<h5>Brochure de Mapinfo<\/h5>\n<p>Descargue la informaci\u00f3n actualizada en formato PDF.[\/vc_column_text][vc_empty_space height=\u00bb20px\u00bb][vc_button title=\u00bbDescargue Aqu\u00ed\u00bb button_align=\u00bbbtn_fl\u00bb color=\u00bbbtn_blue\u00bb border_radius=\u00bbround\u00bb link=\u00bburl:http%3A%2F%2Fgeobis.com%2Fpdf%2Fbrochure-mapinfo-es.pdf||target:%20_blank|\u00bb][\/vc_column][\/vc_row][vc_row top=\u00bb40px\u00bb bottom=\u00bb40px\u00bb bg_color=\u00bb#0066cb\u00bb font_color=\u00bb#ffffff\u00bb][vc_column width=\u00bb1\/2&#8243;][vc_magic_image image=\u00bb5309&#8243; alignment=\u00bbcenter\u00bb css_animation=\u00bbappear\u00bb img_size=\u00bbfull\u00bb][vc_empty_space height=\u00bb15px\u00bb][vc_column_text css_animation=\u00bbbottom-to-top\u00bb]<\/p>\n<h2><span style=\"color: #ffffff;\">Nueva y potente Interfaz de\u00a0Usuario<\/span><\/h2>\n<p style=\"text-align: justify;\">La nueva y flexible \u00a0interfaz de usuario de MapInfo Profesional v16.0, \u00a0no solo mejora \u00a0en gran medida la eficiencia y la organizaci\u00f3n, sino que tambi\u00e9n aumenta la productividad. La nueva interfaz \u00a0permite a los usuarios\u00a0anclar\u00a0las barras de herramientas en los cuatro lados de la aplicaci\u00f3n ayudando \u00a0a mejorar la eficiencia, reducir la conglomeraci\u00f3n sobre\u00a0la pantalla, y ahorrar tiempo.<\/p>\n<p>[\/vc_column_text][\/vc_column][vc_column width=\u00bb1\/2&#8243;][vc_magic_image image=\u00bb5310&#8243; alignment=\u00bbcenter\u00bb css_animation=\u00bbappear\u00bb img_size=\u00bbfull\u00bb][vc_empty_space height=\u00bb15px\u00bb][vc_column_text css_animation=\u00bbbottom-to-top\u00bb]<\/p>\n<h2><span style=\"color: #ffffff;\">Beneficios<\/span><\/h2>\n<p><strong>\u00bb<\/strong> Ahorro de tiempo y recursos con una nueva interfaz, la reducci\u00f3n de clics, organizaci\u00f3n\u00a0y \u00a0esfuerzo.<br \/>\n<strong>\u00bb<\/strong> Promueve la eficiencia de costos a trav\u00e9s de\u00a0la optimizaci\u00f3n al\u00a0acceso de datos.<br \/>\n<strong>\u00bb<\/strong> Soporta una amplia variedad de tipos y formatos de datos, incluyendo PostGIS y Microsoft\u00ae SQL Server 2008 y otras bases de datos.<br \/>\n<strong>\u00bb<\/strong> Maximiza la inversi\u00f3n en Microsoft Office \u00ae.<br \/>\n<strong>\u00bb<\/strong> Produce mejor apariencia en\u00a0\u00a0mapas para facilitar los esfuerzos de planificaci\u00f3n estrat\u00e9gica.<br \/>\n<strong>\u00bb<\/strong> Proporciona un acceso m\u00e1s f\u00e1cil a las capacidades de solapamiento proporci\u00f3n, as\u00ed como un mayor rendimiento.[\/vc_column_text][\/vc_column][\/vc_row][vc_row top=\u00bb20px\u00bb bottom=\u00bb20px\u00bb][vc_column width=\u00bb1\/3&#8243;][vc_column_text css_animation=\u00bbbottom-to-top\u00bb]<\/p>\n<h2 style=\"text-align: justify;\">Acceso a Datos mejorado<\/h2>\n<p style=\"text-align: justify;\"><span style=\"color: #0066cb;\"><strong>\u00bb \u00a0<\/strong><\/span>El acceso de los datos es esencial para cualquier y todos los an\u00e1lisis. Al ofrecer soporte para los \u00faltimos est\u00e1ndares de la industria y bases de datos, MapInfo Professional v16.0 permite aplicar el poder de la ubicaci\u00f3n de un n\u00famero ilimitado de tipos de datos. Nuevos formatos de datos soportados incluyen:<\/p>\n<h2 style=\"text-align: justify;\">PostGIS<\/h2>\n<p><span style=\"color: #0066cb;\"><strong>\u00bb<\/strong><\/span> Proporciona acceso completo de lectura y escritura capacidades a la base de datos PostgreSQL de c\u00f3digo abierto. El acceso a la base de datos de c\u00f3digo abierto permite a los usuarios acceder, editar y guardar archivos PostGIS a la base de datos a trav\u00e9s de MapInfo Professional.<\/p>\n<p><span style=\"color: #0066cb;\"><strong>\u00bb<\/strong><\/span> MapInfo Professional v16.0 \u00a0satisface diversos estandares\u00a0gubernamentales que requieren soporte de formatos PostGIS.<\/p>\n<p><span style=\"color: #0066cb;\"><strong>\u00bb<\/strong><\/span> Microsoft\u00ae SQL Server 2008 Spatial Database,\u00a0Optimiza las inversiones en TI al proporcionar tanto lectura como escritura para access a Microsoft\u00ae SQL Server 2008 base de datos espacial.<\/p>\n<p><span style=\"color: #0066cb;\"><strong>\u00bb<\/strong><\/span> Microsoft\u00ae Office 2007\u20142013 \u00a0Compatible con el nuevo formato de archivo de Microsoft\u00ae Excel y\u00a0Microsoft\u00ae Access.[\/vc_column_text][\/vc_column][vc_column width=\u00bb1\/3&#8243;][vc_column_text css_animation=\u00bbbottom-to-top\u00bb]<img loading=\"lazy\" decoding=\"async\" class=\"alignnone aligncenter\" src=\"http:\/\/geobis.com\/images\/imagesbody\/mapinfo5.jpg\" alt=\"\" width=\"300\" height=\"217\" \/><\/p>\n<h2 style=\"text-align: justify;\">Mapas din\u00e1micos<\/h2>\n<p><span style=\"color: #0066cb;\"><strong>\u00bb<\/strong><\/span> MapInfo Professional v16.0 incluye nuevos elementos din\u00e1micos y nuevas capacidades para\u00a0mostrar los\u00a0mapas, como una barra de escala din\u00e1mica y la capacidad de exportar los mapas en PDF en capas. La barra de escala din\u00e1mica se ajusta y \u00a0actualiza autom\u00e1ticamente a medida que se hace zoom, se hace paneo ose \u00a0cambia el tama\u00f1o de la ventana del mapa.<\/p>\n<p><span style=\"color: #0066cb;\"><strong>\u00bb<\/strong><\/span> Una vez que se crean los mapas deseados, MapInfo Professional v16.0 apoya la exportaci\u00f3n de mapas en formato PDF con capas. El formato PDF en capas permite el acceso futuro a las diversas capas de datos. Esto permite que\u00a0capas espec\u00edficas sean\u00a0activadas o desactivadas en funci\u00f3n de los requisitos, proporcionando flexibilidad para el usuario final.[\/vc_column_text][\/vc_column][vc_column width=\u00bb1\/3&#8243;][vc_column_text css_animation=\u00bbbottom-to-top\u00bb]<\/p>\n<h2 style=\"text-align: justify;\">Control de capas Redise\u00f1ado<\/h2>\n<p><span style=\"color: #0066cb;\"><strong>\u00bb<\/strong><\/span> MapInfo Professional v16.0 incluye un potente y nuevo control de capas. Este control de capas se ha\u00a0\u00a0redise\u00f1ado, para que se muestre\u00a0ya sea de modo\u00a0flotante o como ventana acoplada que permanece visible durante toda la sesi\u00f3n de trazado del mapa, proporcionando un acceso r\u00e1pido y f\u00e1cil en todo momento.<\/p>\n<p><span style=\"color: #0066cb;\"><strong>\u00bb<\/strong><\/span> Ahora es f\u00e1cil acceder a las muestras de estilo, condiciones de etiquetas\u00a0\u00a0y a los ajustes de estilo de texto que tambi\u00e9n estan incluidos al lado de cada capa , permitiendole a usted cambiar previsualizar los ajustes de capa de forma r\u00e1pida y f\u00e1cilmente. Con s\u00f3lo hacer clic en la muestra de estilo deseado, el nuevo estilo de se puede configurar para una o m\u00e1s capas en un solo paso. El nuevo proceso de manipulaci\u00f3n de las propiedades de la capa, junto con la capacidad de vista previa inmediata, se traduce en un menor n\u00famero de clics y una mayor eficiencia.<\/p>\n<p><span style=\"color: #0066cb;\"><strong>\u00bb<\/strong><\/span> El re dise\u00f1o de control de capas\u00a0no s\u00f3lo permite el acceso a capas en todos los mapas abiertos, sino que\u00a0tambi\u00e9n permite la edici\u00f3n de capas en m\u00faltiples espacios de trabajo, al mismo tiempo. Al permitirle ver, manipular, y tener una vista previa de todas las capas del mapa actual, MapInfo Profesional v16.0 crea un ahorro de tiempo considerable.[\/vc_column_text][\/vc_column][\/vc_row][vc_row top=\u00bb20px\u00bb bottom=\u00bb80px\u00bb][vc_column width=\u00bb1\/2&#8243;][vc_magic_image image=\u00bb5311&#8243; alignment=\u00bbcenter\u00bb css_animation=\u00bbbottom-to-top\u00bb img_size=\u00bbfull\u00bb][vc_empty_space height=\u00bb15px\u00bb][vc_column_text css_animation=\u00bbbottom-to-top\u00bb]<\/p>\n<p style=\"text-align: justify;\">MapInfo Profesional v16.0, y sus capacidades de inteligencia de localizaci\u00f3n, ayuda a las organizaciones a entender su negocio, analizar tendencias geogr\u00e1ficamente y tomar decisiones cr\u00edticas con mayor claridad de riesgo y oportunidad.<\/p>\n<p>[\/vc_column_text][\/vc_column][vc_column width=\u00bb1\/2&#8243;][vc_column_text css_animation=\u00bbbottom-to-top\u00bb]<\/p>\n<h4>\u00bfEst\u00e1 interesado en nuestros servicios de MAPINFO?<\/h4>\n<p>Por Favor, Complete el siguiente formulario y env\u00edelo<br \/>\nLos campos marcados con asterisco (*) son requeridos.[\/vc_column_text]<div class=\"wpforms-container \" id=\"wpforms-6686\"><form id=\"wpforms-form-6686\" class=\"wpforms-validate wpforms-form\" data-formid=\"6686\" method=\"post\" enctype=\"multipart\/form-data\" action=\"\/es\/wp-json\/wp\/v2\/pages\/5611\" data-token=\"8de09f433dea24451ebcca94e9a7f60d\" data-token-time=\"1776625303\"><noscript class=\"wpforms-error-noscript\">Por favor, activa JavaScript en tu navegador para completar este formulario.<\/noscript><div class=\"wpforms-field-container\"><div id=\"wpforms-6686-field_2-container\" class=\"wpforms-field wpforms-field-name\" data-field-id=\"2\"><label class=\"wpforms-field-label\" for=\"wpforms-6686-field_2\">Nombre <span class=\"wpforms-required-label\">*<\/span><\/label><div class=\"wpforms-field-row wpforms-field-large\"><div class=\"wpforms-field-row-block wpforms-first wpforms-one-half\"><input type=\"text\" id=\"wpforms-6686-field_2\" class=\"wpforms-field-name-first wpforms-field-required\" name=\"wpforms[fields][2][first]\" placeholder=\"Nombre\" required><label for=\"wpforms-6686-field_2\" class=\"wpforms-field-sublabel after wpforms-sublabel-hide\">Nombre<\/label><\/div><div class=\"wpforms-field-row-block wpforms-one-half\"><input type=\"text\" id=\"wpforms-6686-field_2-last\" class=\"wpforms-field-name-last wpforms-field-required\" name=\"wpforms[fields][2][last]\" placeholder=\"Apellido\" required><label for=\"wpforms-6686-field_2-last\" class=\"wpforms-field-sublabel after wpforms-sublabel-hide\">Apellidos<\/label><\/div><\/div><\/div><div id=\"wpforms-6686-field_3-container\" class=\"wpforms-field wpforms-field-email\" data-field-id=\"3\"><label class=\"wpforms-field-label\" for=\"wpforms-6686-field_3\">Email <span class=\"wpforms-required-label\">*<\/span><\/label><input type=\"email\" id=\"wpforms-6686-field_3\" class=\"wpforms-field-large wpforms-field-required\" name=\"wpforms[fields][3]\" spellcheck=\"false\" required><\/div><div id=\"wpforms-6686-field_1-container\" class=\"wpforms-field wpforms-field-text\" data-field-id=\"1\"><label class=\"wpforms-field-label\" for=\"wpforms-6686-field_1\">Pa\u00eds <span class=\"wpforms-required-label\">*<\/span><\/label><input type=\"text\" id=\"wpforms-6686-field_1\" class=\"wpforms-field-large wpforms-field-required\" name=\"wpforms[fields][1]\" required><\/div><div id=\"wpforms-6686-field_4-container\" class=\"wpforms-field wpforms-field-text\" data-field-id=\"4\"><label class=\"wpforms-field-label\" for=\"wpforms-6686-field_4\">Tel\u00e9fono de Contacto <span class=\"wpforms-required-label\">*<\/span><\/label><input type=\"text\" id=\"wpforms-6686-field_4\" class=\"wpforms-field-large wpforms-field-required\" name=\"wpforms[fields][4]\" required><\/div><div id=\"wpforms-6686-field_5-container\" class=\"wpforms-field wpforms-field-text\" data-field-id=\"5\"><label class=\"wpforms-field-label\" for=\"wpforms-6686-field_5\">Asunto <span class=\"wpforms-required-label\">*<\/span><\/label><input type=\"text\" id=\"wpforms-6686-field_5\" class=\"wpforms-field-large wpforms-field-required\" name=\"wpforms[fields][5]\" required><\/div><div id=\"wpforms-6686-field_6-container\" class=\"wpforms-field wpforms-field-textarea\" data-field-id=\"6\"><label class=\"wpforms-field-label\" for=\"wpforms-6686-field_6\">Mensaje<\/label><textarea id=\"wpforms-6686-field_6\" class=\"wpforms-field-small\" name=\"wpforms[fields][6]\" ><\/textarea><\/div><\/div><!-- .wpforms-field-container --><div class=\"wpforms-field wpforms-field-hp\"><label for=\"wpforms-6686-field-hp\" class=\"wpforms-field-label\">Message<\/label><input type=\"text\" name=\"wpforms[hp]\" id=\"wpforms-6686-field-hp\" class=\"wpforms-field-medium\"><\/div><div class=\"wpforms-recaptcha-container wpforms-is-recaptcha wpforms-is-recaptcha-type-v2\" ><div class=\"g-recaptcha\" data-sitekey=\"6Lc0rx8UAAAAAN-st5jNtyqp90jDnw3AFephYtlU\"><\/div><input type=\"text\" name=\"g-recaptcha-hidden\" class=\"wpforms-recaptcha-hidden\" style=\"position:absolute!important;clip:rect(0,0,0,0)!important;height:1px!important;width:1px!important;border:0!important;overflow:hidden!important;padding:0!important;margin:0!important;\" data-rule-recaptcha=\"1\"><\/div><div class=\"wpforms-submit-container\" ><input type=\"hidden\" name=\"wpforms[id]\" value=\"6686\"><input type=\"hidden\" name=\"page_title\" value=\"\"><input type=\"hidden\" name=\"page_url\" value=\"https:\/\/www.geobis.com\/es\/wp-json\/wp\/v2\/pages\/5611\"><input type=\"hidden\" name=\"url_referer\" value=\"\"><button type=\"submit\" name=\"wpforms[submit]\" id=\"wpforms-submit-6686\" class=\"wpforms-submit\" data-alt-text=\"Enviando...\" data-submit-text=\"Enviar\" aria-live=\"assertive\" value=\"wpforms-submit\">Enviar<\/button><\/div><\/form><\/div>  <!-- .wpforms-container -->[\/vc_column][\/vc_row]<\/p>\n<\/div>","protected":false},"excerpt":{"rendered":"<p>[vc_row full_content_width=\u00bbrow-inner-full\u00bb top=\u00bb70px\u00bb bottom=\u00bb0px\u00bb bg_type=\u00bbimage\u00bb parallax_bg=\u00bbparallax-bg\u00bb speed=\u00bb0.50&#8243; bg_cover=\u00bbcover\u00bb bg_repeat=\u00bbno-repeat\u00bb bg_position=\u00bbCenter center\u00bb row_show_on=\u00bbhide_mobile_landscape,hide_mobile_portrait\u00bb bg_image=\u00bb6800&#8243; overlay_color=\u00bbrgba(10,10,10,0.3)\u00bb bg_color=\u00bb#0066cb\u00bb][vc_column][vc_empty_space height=\u00bb150px\u00bb][vc_custom_heading text=\u00bbMAPINFO\u00bb font_container=\u00bbtag:h1|font_size:80px|text_align:center|color:%23ffffff|line_height:80px\u00bb use_theme_fonts=\u00bbyes\u00bb css_animation=\u00bbzoomIn\u00bb][vc_empty_space height=\u00bb150px\u00bb][\/vc_column][\/vc_row][vc_row full_content_width=\u00bbrow-inner-full\u00bb top=\u00bb70px\u00bb bottom=\u00bb0px\u00bb bg_type=\u00bbimage\u00bb&#8230;  <\/p>\n<div class=\"read-more\"><a class=\"excerpt-read-more\" href=\"https:\/\/www.geobis.com\/es\/mapinfo-gis-software\/\" title=\"Continue reading Mapinfo GIS Software\">Read more<i class=\"fa fa-angle-right\"><\/i><\/a><\/div>\n","protected":false},"author":4,"featured_media":6381,"parent":0,"menu_order":0,"comment_status":"closed","ping_status":"closed","template":"page-full-width.php","meta":{"footnotes":""},"class_list":["post-5611","page","type-page","status-publish","has-post-thumbnail","hentry"],"_links":{"self":[{"href":"https:\/\/www.geobis.com\/es\/wp-json\/wp\/v2\/pages\/5611","targetHints":{"allow":["GET"]}}],"collection":[{"href":"https:\/\/www.geobis.com\/es\/wp-json\/wp\/v2\/pages"}],"about":[{"href":"https:\/\/www.geobis.com\/es\/wp-json\/wp\/v2\/types\/page"}],"author":[{"embeddable":true,"href":"https:\/\/www.geobis.com\/es\/wp-json\/wp\/v2\/users\/4"}],"replies":[{"embeddable":true,"href":"https:\/\/www.geobis.com\/es\/wp-json\/wp\/v2\/comments?post=5611"}],"version-history":[{"count":2,"href":"https:\/\/www.geobis.com\/es\/wp-json\/wp\/v2\/pages\/5611\/revisions"}],"predecessor-version":[{"id":6801,"href":"https:\/\/www.geobis.com\/es\/wp-json\/wp\/v2\/pages\/5611\/revisions\/6801"}],"wp:featuredmedia":[{"embeddable":true,"href":"https:\/\/www.geobis.com\/es\/wp-json\/wp\/v2\/media\/6381"}],"wp:attachment":[{"href":"https:\/\/www.geobis.com\/es\/wp-json\/wp\/v2\/media?parent=5611"}],"curies":[{"name":"wp","href":"https:\/\/api.w.org\/{rel}","templated":true}]}}