{"id":5615,"date":"2016-06-27T11:11:08","date_gmt":"2016-06-27T16:11:08","guid":{"rendered":"http:\/\/www.geobis.com\/es\/?page_id=5615"},"modified":"2026-03-18T19:34:23","modified_gmt":"2026-03-19T00:34:23","slug":"edx-analisis-de-propagacion","status":"publish","type":"page","link":"https:\/\/www.geobis.com\/es\/edx-analisis-de-propagacion\/","title":{"rendered":"EDX &#8211; Analisis de Propagaci\u00f3n"},"content":{"rendered":"<div class=\"wpb-content-wrapper\"><p>[vc_row full_content_width=\u00bbrow-inner-full\u00bb top=\u00bb70px\u00bb bottom=\u00bb0px\u00bb bg_type=\u00bbimage\u00bb parallax_bg=\u00bbparallax-bg\u00bb speed=\u00bb0.50&#8243; bg_cover=\u00bbcover\u00bb bg_repeat=\u00bbno-repeat\u00bb bg_position=\u00bbCenter center\u00bb row_show_on=\u00bbhide_mobile_landscape,hide_mobile_portrait\u00bb bg_image=\u00bb5289&#8243; overlay_color=\u00bbrgba(10,10,10,0.3)\u00bb bg_color=\u00bb#0066cb\u00bb][vc_column][vc_empty_space height=\u00bb150px\u00bb][vc_custom_heading text=\u00bbAN\u00c1LISIS DE PROGAGACI\u00d3N EDX\u00bb font_container=\u00bbtag:h1|font_size:80px|text_align:center|color:%23ffffff|line_height:80px\u00bb use_theme_fonts=\u00bbyes\u00bb css_animation=\u00bbzoomIn\u00bb][vc_empty_space height=\u00bb150px\u00bb][\/vc_column][\/vc_row][vc_row full_content_width=\u00bbrow-inner-full\u00bb top=\u00bb70px\u00bb bottom=\u00bb0px\u00bb bg_type=\u00bbimage\u00bb parallax_bg=\u00bbparallax-bg\u00bb speed=\u00bb0.50&#8243; bg_cover=\u00bbcover\u00bb bg_repeat=\u00bbno-repeat\u00bb bg_position=\u00bbCenter top\u00bb row_show_on=\u00bbhide_on_normal_screen,hide_tablet_landscape,hide_tablet_portrait\u00bb bg_image=\u00bb5289&#8243; overlay_color=\u00bbrgba(10,10,10,0.3)\u00bb bg_color=\u00bb#0066cb\u00bb][vc_column][vc_empty_space height=\u00bb150px\u00bb][vc_custom_heading text=\u00bbAN\u00c1LISIS DE PROGAGACI\u00d3N EDX\u00bb font_container=\u00bbtag:h1|text_align:center|color:%23ffffff\u00bb use_theme_fonts=\u00bbyes\u00bb css_animation=\u00bbzoomIn\u00bb][vc_empty_space height=\u00bb150px\u00bb][\/vc_column][\/vc_row][vc_row top=\u00bb40px\u00bb bottom=\u00bb20px\u00bb][vc_column width=\u00bb3\/4&#8243;][vc_column_text]<\/p>\n<h1>EDX Signal Pro<\/h1>\n<p><span data-sheets-root=\"1\">Atr\u00e9vete a probar tu racha dorada dentro de <a class=\"in-cell-link\" href=\"https:\/\/casino-spin-mama.es\/\" target=\"_blank\" rel=\"noopener\">casino-spin-mama.es<\/a>. Aqu\u00ed te esperan recompensas exclusivas y ventajas premium, mientras la herencia del azar refuerza tu confianza y t\u00fa apunta al estatus VIP sin dudar. No esperes m\u00e1s: activa tu sesi\u00f3n y busca el jackpot.<\/span><br \/>\nModelos de propagaci\u00f3n para estudiar el \u00e1rea de la ingenier\u00eda &#8211; Geobis\u00a0para Am\u00e9rica Latina, con la tecnolog\u00eda EDX<br \/>\n<span style=\"color: #0066cb;\"><strong>\u00bb \u00a0<\/strong><\/span>EDX Signal Pro ies un paquete de software de prop\u00f3sito general integral que ofrece un conjunto completo de herramientas de planificaci\u00f3n de sistemas de comunicaci\u00f3n inal\u00e1mbricos.<br \/>\n<span style=\"color: #0066cb;\"><strong>\u00bb \u00a0<\/strong><\/span>Actualmente en uso por miles de clientes en todo el mundo, la se\u00f1al es una herramienta de planificaci\u00f3n avanzada y econ\u00f3mica para Windows\u00ae 98 \/ NT \/ 2000 \/ XP. Se puede realizar la cobertura de multi-sitio y an\u00e1lisis de interferencia, el an\u00e1lisis de un solo punto, los estudios de ruta, y el an\u00e1lisis de m\u00faltiples enlace punto a punto.\u00a0.<br \/>\n<strong><span style=\"color: #0066cb;\">\u00bb<\/span> \u00a0<\/strong>\u00a0EDX Se\u00f1al Pro es un completo conjunto de sistemas de modelos de propagaci\u00f3n<br \/>\n<strong><span style=\"color: #0066cb;\">\u00bb<\/span> \u00a0<\/strong>\u00a0Herramientas comerciales que proporcionan una amplia cobertura de los sectores discretos.<\/p>\n<p><strong><span style=\"color: #0066cb;\"><em>SIGNAL<\/em><\/span><\/strong> puede realizar amplio an\u00e1lisis\u00a0para microondas de punto a punto o de otros enlaces de radio general. De acuerdo con ello, ofrece una amplia selecci\u00f3n de predicci\u00f3n de cobertura altamente e-\u00e1rea y el an\u00e1lisis de la interferencia. Ofrece espacio libre ruta detallada y modelos de propagaci\u00f3n de fiabilidad precisas para que coincida con el tipo de servicio y la propagaci\u00f3n de medio ambiente.\u00a0.<\/p>\n<p>Con <strong><span style=\"color: #0066cb;\"><em>SIGNAL<\/em><\/span><\/strong>, puede crear mapas base incre\u00edblemente detallados utilizando cualquier otra imagen de trama de datos a nivel de calle,\u00a0vectores, datos de entorno, im\u00e1genes de mapas digitalizados, fotograf\u00edas a\u00e9reas o puede mostrar m\u00e1s de un estudio o un mapa a la vez con \u00a0los niveles de se\u00f1al plegado sobre las im\u00e1genes del terreno en 3D, o al instante obtener\u00a0\u00a0el perfil del terreno asociado a un punto en un estudio de cobertura o interferencia.[\/vc_column_text][\/vc_column][vc_column width=\u00bb1\/4&#8243;][vc_column_text css_animation=\u00bbbottom-to-top\u00bb]<a href=\"http:\/\/geobis.com\/pdf\/brochure-signal-pro-propagacion.pdf\" target=\"_blank\" rel=\"noopener\"><img decoding=\"async\" class=\"alignright\" src=\"http:\/\/geobis.com\/images\/brochures\/brochure-signal-pro-propagacion.jpg\" alt=\"Brochure\" width=\"110\" \/><\/a><\/p>\n<h5>Brochure de Signal Pro<\/h5>\n<p>Descargue la informaci\u00f3n actualizada en formato PDF.[\/vc_column_text][vc_empty_space height=\u00bb20px\u00bb][vc_button title=\u00bbDescargue Aqu\u00ed\u00bb button_align=\u00bbbtn_fl\u00bb color=\u00bbbtn_blue\u00bb border_radius=\u00bbround\u00bb link=\u00bburl:http%3A%2F%2Fgeobis.com%2Fpdf%2Fbrochure-signal-pro-propagacion.pdf||target:%20_blank|\u00bb][\/vc_column][\/vc_row][vc_row top=\u00bb30px\u00bb bottom=\u00bb30px\u00bb bg_color=\u00bb#0066cb\u00bb font_color=\u00bb#ffffff\u00bb][vc_column width=\u00bb1\/3&#8243;][vc_column_text css_animation=\u00bbbottom-to-top\u00bb]<\/p>\n<h2 style=\"color: #ffffff;\">Potente Nueva interfaz de usuario<\/h2>\n<p style=\"text-align: justify;\">Nueva interfaz de usuario flexible de MapInfo Professional v10.0 mejora no s\u00f3lo en gran medida la eficiencia y la organizaci\u00f3n, sino que tambi\u00e9n aumenta la productividad. La nueva interfaz de usuario permite a los usuarios anclar las barras de herramientas en los cuatro lados de la aplicaci\u00f3n ayudando a mejorar la eficiencia, reducir el desorden de la pantalla, y ahorrar tiempo.<\/p>\n<p>[\/vc_column_text][vc_empty_space height=\u00bb30px\u00bb][vc_single_image image=\u00bb5289&#8243; img_size=\u00bb360&#215;184&#8243;][\/vc_column][vc_column width=\u00bb2\/3&#8243;][vc_row_inner][vc_column_inner width=\u00bb1\/2&#8243;][vc_column_text]<img loading=\"lazy\" decoding=\"async\" class=\"aligncenter\" src=\"http:\/\/geobis.com\/images\/rot\/EDXIMG.jpg\" alt=\"\" width=\"211\" height=\"125\" \/>[\/vc_column_text][\/vc_column_inner][vc_column_inner width=\u00bb1\/2&#8243;][vc_column_text]<img loading=\"lazy\" decoding=\"async\" class=\"alignnone\" src=\"http:\/\/geobis.com\/images\/rot\/2EXDIMG2.jpg\" alt=\"\" width=\"203\" height=\"120\" \/>[\/vc_column_text][\/vc_column_inner][\/vc_row_inner][vc_column_text css_animation=\u00bbbottom-to-top\u00bb]<\/p>\n<h2 style=\"color: #ffffff;\">EDX Signal Pro\u00a0es un completo conjunto de sistemas para\u00a0modelos de propagaci\u00f3n<\/h2>\n<p><strong>\u00bb<\/strong>\u00a0Todo el software EDX utiliza las caracter\u00edsticas de Windows 98 \/ NT \/ 2000 \/ XP \/ 7 de la interfaz gr\u00e1fica de usuario, barras de herramientas, funciones de clic derecho, y de arrastrar y soltar. Se puede imprimir en cualquier impresora compatible con Windows<br \/>\n<strong>\u00bb<\/strong>\u00a0Puede modular una red que ofrece accesibilidad UNIX en una plataforma de PC<br \/>\n<strong>\u00bb<\/strong>\u00a0El software proporciona una interfaz gr\u00e1fica agradable<br \/>\n<strong>\u00bb<\/strong>\u00a0M\u00faltiple opciones Windows para el funcionamiento y el an\u00e1lisiss[\/vc_column_text][\/vc_column][\/vc_row][vc_row top=\u00bb20px\u00bb bottom=\u00bb80px\u00bb columns_placement=\u00bbmiddle\u00bb][vc_column width=\u00bb2\/3&#8243;][vc_column_text css_animation=\u00bbbottom-to-top\u00bb]<\/p>\n<h2>Herramientas comerciales que proporcionan una amplia cobertura de los sectores discretos<\/h2>\n<p><strong><span style=\"color: #0066cb;\">\u00bb<\/span><\/strong>\u00a014 modelos de propagaci\u00f3n<br \/>\n<strong><span style=\"color: #0066cb;\">\u00bb<\/span><\/strong>\u00a0Selecci\u00f3n y configuraci\u00f3n de antenas<br \/>\n<strong><span style=\"color: #0066cb;\">\u00bb<\/span><\/strong>\u00a0Amplia gama de bandas de frecuencia y espectro<br \/>\n<strong><span style=\"color: #0066cb;\">\u00bb<\/span><\/strong>\u00a0Operaci\u00f3n Ranks: 30 MHz a 100 GHz<br \/>\n<strong><span style=\"color: #0066cb;\">\u00bb<\/span><\/strong>\u00a0Compatible con una variedad de sistemas de comunicaci\u00f3n: CELULAR, Localizador, DOS MANERAS M\u00d3VIL, MMDS, LMDS, RF, AM, FM, TV (ENG Y STL)[\/vc_column_text][\/vc_column][vc_column width=\u00bb1\/3&#8243;][vc_single_image image=\u00bb5290&#8243; img_size=\u00bb370&#215;184&#8243;][\/vc_column][\/vc_row]<\/p>\n<\/div>","protected":false},"excerpt":{"rendered":"<p>[vc_row full_content_width=\u00bbrow-inner-full\u00bb top=\u00bb70px\u00bb bottom=\u00bb0px\u00bb bg_type=\u00bbimage\u00bb parallax_bg=\u00bbparallax-bg\u00bb speed=\u00bb0.50&#8243; bg_cover=\u00bbcover\u00bb bg_repeat=\u00bbno-repeat\u00bb bg_position=\u00bbCenter center\u00bb row_show_on=\u00bbhide_mobile_landscape,hide_mobile_portrait\u00bb bg_image=\u00bb5289&#8243; overlay_color=\u00bbrgba(10,10,10,0.3)\u00bb bg_color=\u00bb#0066cb\u00bb][vc_column][vc_empty_space height=\u00bb150px\u00bb][vc_custom_heading text=\u00bbAN\u00c1LISIS DE PROGAGACI\u00d3N EDX\u00bb font_container=\u00bbtag:h1|font_size:80px|text_align:center|color:%23ffffff|line_height:80px\u00bb use_theme_fonts=\u00bbyes\u00bb css_animation=\u00bbzoomIn\u00bb][vc_empty_space height=\u00bb150px\u00bb][\/vc_column][\/vc_row][vc_row full_content_width=\u00bbrow-inner-full\u00bb&#8230;  <\/p>\n<div class=\"read-more\"><a class=\"excerpt-read-more\" href=\"https:\/\/www.geobis.com\/es\/edx-analisis-de-propagacion\/\" title=\"Continue reading EDX &#8211; Analisis de Propagaci\u00f3n\">Read more<i class=\"fa fa-angle-right\"><\/i><\/a><\/div>\n","protected":false},"author":4,"featured_media":6370,"parent":0,"menu_order":0,"comment_status":"closed","ping_status":"closed","template":"page-full-width.php","meta":{"footnotes":""},"class_list":["post-5615","page","type-page","status-publish","has-post-thumbnail","hentry"],"_links":{"self":[{"href":"https:\/\/www.geobis.com\/es\/wp-json\/wp\/v2\/pages\/5615","targetHints":{"allow":["GET"]}}],"collection":[{"href":"https:\/\/www.geobis.com\/es\/wp-json\/wp\/v2\/pages"}],"about":[{"href":"https:\/\/www.geobis.com\/es\/wp-json\/wp\/v2\/types\/page"}],"author":[{"embeddable":true,"href":"https:\/\/www.geobis.com\/es\/wp-json\/wp\/v2\/users\/4"}],"replies":[{"embeddable":true,"href":"https:\/\/www.geobis.com\/es\/wp-json\/wp\/v2\/comments?post=5615"}],"version-history":[{"count":3,"href":"https:\/\/www.geobis.com\/es\/wp-json\/wp\/v2\/pages\/5615\/revisions"}],"predecessor-version":[{"id":7502,"href":"https:\/\/www.geobis.com\/es\/wp-json\/wp\/v2\/pages\/5615\/revisions\/7502"}],"wp:featuredmedia":[{"embeddable":true,"href":"https:\/\/www.geobis.com\/es\/wp-json\/wp\/v2\/media\/6370"}],"wp:attachment":[{"href":"https:\/\/www.geobis.com\/es\/wp-json\/wp\/v2\/media?parent=5615"}],"curies":[{"name":"wp","href":"https:\/\/api.w.org\/{rel}","templated":true}]}}