{"id":5617,"date":"2016-06-27T11:12:53","date_gmt":"2016-06-27T16:12:53","guid":{"rendered":"http:\/\/www.geobis.com\/es\/?page_id=5617"},"modified":"2017-10-02T16:33:10","modified_gmt":"2017-10-02T21:33:10","slug":"skyline-globe","status":"publish","type":"page","link":"https:\/\/www.geobis.com\/es\/skyline-globe\/","title":{"rendered":"Software Skylineglobe Enterprise"},"content":{"rendered":"<div class=\"wpb-content-wrapper\"><p>[vc_row full_content_width=\u00bbrow-inner-full\u00bb top=\u00bb70px\u00bb bottom=\u00bb0px\u00bb bg_type=\u00bbimage\u00bb parallax_bg=\u00bbparallax-bg\u00bb speed=\u00bb0.50&#8243; bg_cover=\u00bbcover\u00bb bg_repeat=\u00bbno-repeat\u00bb bg_position=\u00bbCenter center\u00bb row_show_on=\u00bbhide_mobile_landscape,hide_mobile_portrait\u00bb bg_image=\u00bb5298&#8243; overlay_color=\u00bbrgba(10,10,10,0.3)\u00bb bg_color=\u00bb#0066cb\u00bb][vc_column][vc_empty_space height=\u00bb150px\u00bb][vc_custom_heading text=\u00bbSKYLINE\u00bb font_container=\u00bbtag:h1|font_size:80px|text_align:center|color:%23ffffff|line_height:80px\u00bb use_theme_fonts=\u00bbyes\u00bb css_animation=\u00bbzoomIn\u00bb][vc_empty_space height=\u00bb150px\u00bb][\/vc_column][\/vc_row][vc_row full_content_width=\u00bbrow-inner-full\u00bb top=\u00bb70px\u00bb bottom=\u00bb0px\u00bb bg_type=\u00bbimage\u00bb parallax_bg=\u00bbparallax-bg\u00bb speed=\u00bb0.50&#8243; bg_cover=\u00bbcover\u00bb bg_repeat=\u00bbno-repeat\u00bb bg_position=\u00bbCenter top\u00bb row_show_on=\u00bbhide_on_normal_screen,hide_tablet_landscape,hide_tablet_portrait\u00bb bg_image=\u00bb5298&#8243; overlay_color=\u00bbrgba(10,10,10,0.3)\u00bb bg_color=\u00bb#0066cb\u00bb][vc_column][vc_empty_space height=\u00bb150px\u00bb][vc_custom_heading text=\u00bbSKYLINE\u00bb font_container=\u00bbtag:h1|text_align:center|color:%23ffffff\u00bb use_theme_fonts=\u00bbyes\u00bb css_animation=\u00bbzoomIn\u00bb][vc_empty_space height=\u00bb150px\u00bb][\/vc_column][\/vc_row][vc_row top=\u00bb40px\u00bb bottom=\u00bb20px\u00bb][vc_column width=\u00bb2\/3&#8243;][vc_column_text]<\/p>\n<h1>Skyline Globe Empresas<\/h1>\n<p style=\"text-align: justify;\">La aplicaci\u00f3n SkylineGlobe Enterprise tiene todo el software necesario para configurar su propia soluci\u00f3n para ser visto en 3D, ajustado a sus propias necesidades y en la intimidad de su propio servidor. Opciones de implementaci\u00f3n flexibles permiten que la soluci\u00f3n SkylineGlobe Enterprise puede manejarse a\u00a0escala de diez a miles de usuarios.<\/p>\n<p>[\/vc_column_text][\/vc_column][vc_column width=\u00bb1\/3&#8243;][vc_column_text css_animation=\u00bbbottom-to-top\u00bb]<a href=\"http:\/\/geobis.com\/pdf\/brochure-skyline-global-es.pdf\" target=\"_blank\" rel=\"noopener\"><img decoding=\"async\" class=\"alignright\" src=\"http:\/\/geobis.com\/images\/brochures\/brochure-skyline-global-es.jpg\" alt=\"Brochure\" width=\"110\" \/><\/a><\/p>\n<h5>Brochure de Skyline Global<\/h5>\n<p>Descargue la informaci\u00f3n actualizada en formato PDF.[\/vc_column_text][vc_empty_space height=\u00bb20px\u00bb][vc_button title=\u00bbDescargue Aqu\u00ed\u00bb button_align=\u00bbbtn_fl\u00bb color=\u00bbbtn_blue\u00bb border_radius=\u00bbround\u00bb link=\u00bburl:http%3A%2F%2Fgeobis.com%2Fpdf%2Fbrochure-skyline-global-es.pdf||target:%20_blank|\u00bb][\/vc_column][\/vc_row][vc_row top=\u00bb20px\u00bb bottom=\u00bb20px\u00bb][vc_column][vc_column_text css_animation=\u00bbbottom-to-top\u00bb]<\/p>\n<h2>TerraGate\u00a0Servidor de Conexi\u00f3n Directa<\/h2>\n<p style=\"text-align: justify;\">Un servidor WEB eficiente y escalable, permite ahorrar tiempo y recursos, evitando la creaci\u00f3n de datos del terreno en 3D, ya que el despliegue de las im\u00e1genes se realiza directamente en la red en TerraExplorer y TerraExplorer clientes de Pro; directamente de sus fuentes nativas utilizando TerraGate Server.<\/p>\n<p style=\"text-align: justify;\">Con TerraGate DirectConnect, el usuario puede generar visualizaciones 3D de archivos masivos de datos dentro de unos minutos, DirectConnect incluye todas las caracter\u00edsticas existentes en TerraBuilder como la manipulaci\u00f3n y combinaci\u00f3n de m\u00faltiples archivos de origen (en muchos formatos, tama\u00f1os y resoluciones) sin la necesidad de preservar procesar la informaci\u00f3n para generar un archivo de MPT. Tambi\u00e9n hace uso de la multi-procesador y capacidades multi-ordenador para compartir la carga de trabajo entre los diferentes equipos inform\u00e1ticos .<\/p>\n<p>[\/vc_column_text][\/vc_column][\/vc_row][vc_row top=\u00bb20px\u00bb bottom=\u00bb20px\u00bb][vc_column width=\u00bb2\/3&#8243;][vc_column_text css_animation=\u00bbbottom-to-top\u00bb]<\/p>\n<h2 style=\"text-align: justify;\">SkylineGlobe &#8211;\u00a0Paquete \u00a0WEB \u00a0Empresa (EWP)<\/h2>\n<p style=\"text-align: justify;\">Contiene los principales sitios web SkylineGlobe 3D y todas las herramientas asociadas como gestor de capas, herramienta de dibujo y herramientas de medici\u00f3n. EWP SkylineGlobe se puede personalizar y ampliar con herramientas adicionales desarrollados por el cliente. EWP SkylineGlobe se basa en la tecnolog\u00eda ASP.NET impulsado por la base de datos Oracle Express (tambi\u00e9n compatible con MS SQL Server).<\/p>\n<h2>SkylineGlobe Pro (Opcional)<\/h2>\n<p style=\"text-align: justify;\">Una plataforma potente con muchas caracter\u00edsticas para la visualizaci\u00f3n en 3D, ofrece todas las herramientas que necesitan los profesionales para crear modelos geogr\u00e1ficos y simulaciones precisas, din\u00e1micos y expresivos. SkylineGlobe Pro incluye la posibilidad de dibujar objetos 3D, importaci\u00f3n y colocar formas en 3D sobre terrenos en 3D, crear rutas est\u00e1ticas y din\u00e1micas para ambos objetos en el medio ambiente y para la pantalla y la capacidad de agregar im\u00e1genes, capas de elevaci\u00f3n y formas avanzadas de distintas fuentes externas.<\/p>\n<p>[\/vc_column_text][\/vc_column][vc_column width=\u00bb1\/3&#8243;][vc_column_text css_animation=\u00bbbottom-to-top\u00bb]<\/p>\n<h2 style=\"text-align: left;\">Servidor de Colaboraci\u00f3n<\/h2>\n<p style=\"text-align: justify;\">Permite el intercambio de datos en tiempo real, y la colaboraci\u00f3n entre los usuarios TerraGate para crear una imagen operacional com\u00fan y real.<\/p>\n<h2 style=\"text-align: justify;\">SkylineGlobe Administrador<\/h2>\n<p style=\"text-align: justify;\">Es un aplicattion WEB (Back-end) que permite al operador controlar, monitorear y diversos elementos personalizados en la operaci\u00f3n SkylineGlobe Empresarial.<\/p>\n<p>[\/vc_column_text][\/vc_column][\/vc_row][vc_row top=\u00bb20px\u00bb bottom=\u00bb20px\u00bb][vc_column width=\u00bb1\/3&#8243;][vc_magic_image image=\u00bb5295&#8243; alignment=\u00bbcenter\u00bb css_animation=\u00bbappear\u00bb img_size=\u00bbfull\u00bb][vc_empty_space height=\u00bb15px\u00bb][vc_column_text]<\/p>\n<h2 style=\"text-align: justify;\">Caracteristicas del Servidor de flujo<\/h2>\n<p style=\"text-align: justify;\">Servidor Web puede ser conectado directamente a una base de datos espacial y hacer, de una manera eficiente, una reproducci\u00f3n de esto a los clientes TerraExplorer.<\/p>\n<p>[\/vc_column_text][\/vc_column][vc_column width=\u00bb1\/3&#8243;][vc_magic_image image=\u00bb5296&#8243; alignment=\u00bbcenter\u00bb css_animation=\u00bbappear\u00bb img_size=\u00bbfull\u00bb][vc_empty_space height=\u00bb15px\u00bb][vc_column_text]<\/p>\n<h2 style=\"text-align: justify;\">TerraExplorer Pro<\/h2>\n<p style=\"text-align: justify;\">Esta aplicaci\u00f3n para\u00a0soporte de negocios,\u00a0es un visor, analizador, editor y asistente de la publicaci\u00f3n de los modelos de tierra de m\u00faltiples fuentes, tanto para entornos de red a los entornos locales. Incluye una variedad de herramientas de edici\u00f3n que permite a los usuarios de TerraExplorer Pro \u00a0modificar o crear nuevas capas de informaci\u00f3n que comparten con usuarios establecidos.<\/p>\n<p>[\/vc_column_text][\/vc_column][vc_column width=\u00bb1\/3&#8243;][vc_magic_image image=\u00bb5297&#8243; alignment=\u00bbcenter\u00bb css_animation=\u00bbappear\u00bb img_size=\u00bbfull\u00bb][vc_empty_space height=\u00bb15px\u00bb][vc_column_text]<\/p>\n<h2>SkylineGlobe Manager<\/h2>\n<p style=\"text-align: justify;\">Es un aplicattion WEB (Back-end) que permite al operador controlar, monitorear y diversos elementos personalizados en la operaci\u00f3n SkylineGlobe Enterprise.<\/p>\n<p>[\/vc_column_text][\/vc_column][\/vc_row][vc_row top=\u00bb20px\u00bb bottom=\u00bb80px\u00bb][vc_column width=\u00bb1\/3&#8243;][vc_magic_image image=\u00bb5298&#8243; alignment=\u00bbcenter\u00bb css_animation=\u00bbappear\u00bb img_size=\u00bbfull\u00bb][vc_empty_space height=\u00bb15px\u00bb][vc_column_text]<\/p>\n<h2>Terra\u00a0Constructor<\/h2>\n<p style=\"text-align: justify;\">Crear modelos fusionados de tierras en 3D antenas \/ im\u00e1genes satelitales y datos de elevaci\u00f3n. Crea escenas en detalle en cualquier tama\u00f1o.<\/p>\n<p>[\/vc_column_text][\/vc_column][vc_column width=\u00bb1\/3&#8243;][vc_magic_image image=\u00bb5299&#8243; alignment=\u00bbcenter\u00bb css_animation=\u00bbappear\u00bb img_size=\u00bbfull\u00bb][vc_empty_space height=\u00bb15px\u00bb][vc_column_text]<\/p>\n<h2 style=\"text-align: justify;\">Terra Desarrollador<\/h2>\n<p style=\"text-align: justify;\">Se utiliza con TerraExplorer Pro, proporciona acceso a una potente API para la interfaz de usuario personalizada o integrar un entorno 3D con aplicaciones web o para un solo usuario. Es una colecci\u00f3n de controles ActiveX que proporcionan una personalizaci\u00f3n completa de TerraExplorer aplicaciones Pro. TerraDeveloper permite la inclusi\u00f3n de potentes interfaces de geoespaciales 3D en cualquier aplicaci\u00f3n para los sistemas basados en Windows.<\/p>\n<p>[\/vc_column_text][\/vc_column][vc_column width=\u00bb1\/3&#8243;][vc_magic_image image=\u00bb5300&#8243; alignment=\u00bbcenter\u00bb css_animation=\u00bbappear\u00bb img_size=\u00bbfull\u00bb][vc_empty_space height=\u00bb15px\u00bb][vc_column_text]<\/p>\n<h2>Terra Explorer Plus<\/h2>\n<p>Es un peque\u00f1o plug-in (7Mb), que permite a los usuarios para bucear en el mundo SkylineGlobe 3D. Esta versi\u00f3n TerraExplorer puede ejecutar herramientas y extensiones que utilizan API.[\/vc_column_text][\/vc_column][\/vc_row]<\/p>\n<\/div>","protected":false},"excerpt":{"rendered":"<p>[vc_row full_content_width=\u00bbrow-inner-full\u00bb top=\u00bb70px\u00bb bottom=\u00bb0px\u00bb bg_type=\u00bbimage\u00bb parallax_bg=\u00bbparallax-bg\u00bb speed=\u00bb0.50&#8243; bg_cover=\u00bbcover\u00bb bg_repeat=\u00bbno-repeat\u00bb bg_position=\u00bbCenter center\u00bb row_show_on=\u00bbhide_mobile_landscape,hide_mobile_portrait\u00bb bg_image=\u00bb5298&#8243; overlay_color=\u00bbrgba(10,10,10,0.3)\u00bb bg_color=\u00bb#0066cb\u00bb][vc_column][vc_empty_space height=\u00bb150px\u00bb][vc_custom_heading text=\u00bbSKYLINE\u00bb font_container=\u00bbtag:h1|font_size:80px|text_align:center|color:%23ffffff|line_height:80px\u00bb use_theme_fonts=\u00bbyes\u00bb css_animation=\u00bbzoomIn\u00bb][vc_empty_space height=\u00bb150px\u00bb][\/vc_column][\/vc_row][vc_row full_content_width=\u00bbrow-inner-full\u00bb top=\u00bb70px\u00bb bottom=\u00bb0px\u00bb bg_type=\u00bbimage\u00bb&#8230;  <\/p>\n<div class=\"read-more\"><a class=\"excerpt-read-more\" href=\"https:\/\/www.geobis.com\/es\/skyline-globe\/\" title=\"Continue reading Software Skylineglobe Enterprise\">Read more<i class=\"fa fa-angle-right\"><\/i><\/a><\/div>\n","protected":false},"author":4,"featured_media":6395,"parent":0,"menu_order":0,"comment_status":"closed","ping_status":"closed","template":"page-full-width.php","meta":{"footnotes":""},"class_list":["post-5617","page","type-page","status-publish","has-post-thumbnail","hentry"],"_links":{"self":[{"href":"https:\/\/www.geobis.com\/es\/wp-json\/wp\/v2\/pages\/5617","targetHints":{"allow":["GET"]}}],"collection":[{"href":"https:\/\/www.geobis.com\/es\/wp-json\/wp\/v2\/pages"}],"about":[{"href":"https:\/\/www.geobis.com\/es\/wp-json\/wp\/v2\/types\/page"}],"author":[{"embeddable":true,"href":"https:\/\/www.geobis.com\/es\/wp-json\/wp\/v2\/users\/4"}],"replies":[{"embeddable":true,"href":"https:\/\/www.geobis.com\/es\/wp-json\/wp\/v2\/comments?post=5617"}],"version-history":[{"count":5,"href":"https:\/\/www.geobis.com\/es\/wp-json\/wp\/v2\/pages\/5617\/revisions"}],"predecessor-version":[{"id":6936,"href":"https:\/\/www.geobis.com\/es\/wp-json\/wp\/v2\/pages\/5617\/revisions\/6936"}],"wp:featuredmedia":[{"embeddable":true,"href":"https:\/\/www.geobis.com\/es\/wp-json\/wp\/v2\/media\/6395"}],"wp:attachment":[{"href":"https:\/\/www.geobis.com\/es\/wp-json\/wp\/v2\/media?parent=5617"}],"curies":[{"name":"wp","href":"https:\/\/api.w.org\/{rel}","templated":true}]}}