{"id":5634,"date":"2016-06-27T11:44:52","date_gmt":"2016-06-27T16:44:52","guid":{"rendered":"http:\/\/www.geobis.com\/es\/?page_id=5634"},"modified":"2017-04-17T16:10:18","modified_gmt":"2017-04-17T21:10:18","slug":"geobision-g3","status":"publish","type":"page","link":"https:\/\/www.geobis.com\/es\/geobision-g3\/","title":{"rendered":"Geobision G3"},"content":{"rendered":"<div class=\"wpb-content-wrapper\"><p>[vc_row full_content_width=\u00bbrow-inner-full\u00bb top=\u00bb70px\u00bb bottom=\u00bb0px\u00bb bg_color=\u00bb#0066cb\u00bb][vc_column][vc_magic_image image=\u00bb6366&#8243; alignment=\u00bbcenter\u00bb img_size=\u00bbfull\u00bb][\/vc_column][\/vc_row][vc_row top=\u00bb40px\u00bb bottom=\u00bb20px\u00bb][vc_column][vc_column_text]<\/p>\n<h1 style=\"color: #0066cb; text-align: center;\">El Dron peque\u00f1o de corto alcance econ\u00f3mico y vers\u00e1til certificado para videos HD y fotos HD<\/h1>\n<p>[\/vc_column_text][\/vc_column][\/vc_row][vc_row top=\u00bb20px\u00bb bottom=\u00bb20px\u00bb][vc_column width=\u00bb1\/2&#8243;][vc_column_text css_animation=\u00bbbottom-to-top\u00bb]<img decoding=\"async\" class=\"alignnone size-full wp-image-5124\" src=\"http:\/\/www.geobis.com\/wp-content\/uploads\/2015\/12\/Drone-G3.png\" alt=\"geobision G3\" width=\"100%\" \/>[\/vc_column_text][\/vc_column][vc_column width=\u00bb1\/2&#8243;][vc_column_text css_animation=\u00bbbottom-to-top\u00bb]<\/p>\n<h3 style=\"color: #0066cb; text-align: center;\">Nacido para correr y certificado para Deporte<\/h3>\n<h2 style=\"text-align: center; color: #0066cb;\">DRONES INTELIGENTES CON GPS<\/h2>\n<p><a href=\"http:\/\/www.geobis.com\/es\/wp-content\/uploads\/2016\/01\/dron-geobisionG3.png\" rel=\"attachment wp-att-5155\"><img decoding=\"async\" class=\"size-large wp-image-5155 aligncenter\" src=\"http:\/\/www.geobis.com\/es\/wp-content\/uploads\/2016\/01\/dron-geobisionG3-1024x654.png\" alt=\"dron-geobisionG3\" width=\"100%\" srcset=\"https:\/\/www.geobis.com\/es\/wp-content\/uploads\/2016\/01\/dron-geobisionG3-1024x654.png 1024w, https:\/\/www.geobis.com\/es\/wp-content\/uploads\/2016\/01\/dron-geobisionG3-300x192.png 300w, https:\/\/www.geobis.com\/es\/wp-content\/uploads\/2016\/01\/dron-geobisionG3-768x491.png 768w, https:\/\/www.geobis.com\/es\/wp-content\/uploads\/2016\/01\/dron-geobisionG3-640x409.png 640w\" sizes=\"(max-width: 1024px) 100vw, 1024px\" \/><\/a>[\/vc_column_text][\/vc_column][\/vc_row][vc_row top=\u00bb20px\u00bb bottom=\u00bb20px\u00bb][vc_column][vc_column_text css_animation=\u00bbbottom-to-top\u00bb]<a href=\"http:\/\/www.geobis.com\/es\/wp-content\/uploads\/2015\/12\/iconos-espa\u00f1ol.png\" rel=\"attachment wp-att-5106\"><img decoding=\"async\" class=\"alignnone size-large wp-image-5106\" src=\"http:\/\/www.geobis.com\/es\/wp-content\/uploads\/2015\/12\/iconos-espa\u00f1ol-1024x115.png\" alt=\"iconos-espa\u00f1ol\" width=\"100%\" srcset=\"https:\/\/www.geobis.com\/es\/wp-content\/uploads\/2015\/12\/iconos-espa\u00f1ol-1024x115.png 1024w, https:\/\/www.geobis.com\/es\/wp-content\/uploads\/2015\/12\/iconos-espa\u00f1ol-300x34.png 300w, https:\/\/www.geobis.com\/es\/wp-content\/uploads\/2015\/12\/iconos-espa\u00f1ol-768x86.png 768w, https:\/\/www.geobis.com\/es\/wp-content\/uploads\/2015\/12\/iconos-espa\u00f1ol-640x72.png 640w, https:\/\/www.geobis.com\/es\/wp-content\/uploads\/2015\/12\/iconos-espa\u00f1ol.png 1200w\" sizes=\"(max-width: 1024px) 100vw, 1024px\" \/><\/a>[\/vc_column_text][\/vc_column][\/vc_row][vc_row top=\u00bb20px\u00bb bottom=\u00bb80px\u00bb][vc_column width=\u00bb1\/3&#8243;][vc_column_text css_animation=\u00bbbottom-to-top\u00bb]<\/p>\n<h3>Paquete Geobision 3G<\/h3>\n<p>&gt;&gt; Geobision 3G Quadcopter<br \/>\n&gt;&gt; Controlador DevoF12<br \/>\n&gt;&gt; C\u00e1mara Digital para Video y Fotograf\u00eda HD<br \/>\n&gt;&gt; Card\u00e1n con estructura de 3 Ejes<br \/>\n&gt;&gt; Bater\u00eda 11.1V 5200mAh Lipo<br \/>\n&gt;&gt; Cargador del balance de Lipo<br \/>\n&gt;&gt; Manual de Operaciones, DVD<br \/>\n&gt;&gt; Caja estuche para transporte[\/vc_column_text][\/vc_column][vc_column width=\u00bb1\/3&#8243;][vc_column_text css_animation=\u00bbbottom-to-top\u00bb]<\/p>\n<h3>Paquete Ultra Geobision 3G<\/h3>\n<p>&gt;&gt; Geobision 3G Quadcopter<br \/>\n&gt;&gt; Controlador DevoF12<br \/>\n&gt;&gt; C\u00e1mara Digital para Video y Fotograf\u00eda HD<br \/>\n&gt;&gt; Card\u00e1n con estructura de 3 Ejes<br \/>\n&gt;&gt; 2 Bater\u00edas 11.1V 5200mAh Lipo<br \/>\n&gt;&gt; Cargador del balance de Lipo<br \/>\n&gt;&gt; Manual de Operaciones, DVD<br \/>\n&gt;&gt; Caja estuche para transporte<br \/>\n&gt;&gt; 2 d\u00edas de entrenamiento para 2 pilotos[\/vc_column_text][\/vc_column][vc_column width=\u00bb1\/3&#8243;][vc_column_text css_animation=\u00bbbottom-to-top\u00bb]\n\n<!-- Fast Secure Contact Form plugin 4.0.52 - begin - FastSecureContactForm.com -->\r\n<div style=\"clear:both;\"><\/div>\n<h3><span style=\"color: #0066cb;\">\u00bfQuiere conocer m\u00e1s sobre Drones, UAVs y UASs?<\/span><\/h3>\r\n<p>Por Favor, Complete el siguiente formulario y env\u00edelo<br\/> Los campos marcados con asterisco (*) son requeridos.<\/p>\r\n<div id=\"FSContact13\" style=\"width:99%; max-width:555px;\">\r\n<form action=\"https:\/\/www.geobis.com\/es\/wp-json\/wp\/v2\/pages\/5634#FSContact13\" id=\"fscf_form13\" method=\"post\">\r\n\n<div id=\"fscf_div_clear13_0\" style=\"clear:both;\">\n  <div id=\"fscf_div_field13_0\" style=\"clear:left; float:left; width:99%; max-width:550px; margin-right:10px;\">\r\n    <div style=\"text-align:left; padding-top:5px;\">\n      <label style=\"text-align:left;\" for=\"fscf_name13\">Nombre y Apellido:<span style=\"text-align:left;\">*<\/span><\/label>\n    <\/div>\r\n    <div style=\"text-align:left;\">\r\n      <input style=\"text-align:left; margin:0; width:99%; max-width:250px;\" type=\"text\" id=\"fscf_name13\" name=\"full_name\" value=\"\"  readonly=\"readonly\" \/>\r\n    <\/div>\r\n  <\/div>\n<\/div>\n\n<div id=\"fscf_div_clear13_1\" style=\"clear:both;\">\n  <div id=\"fscf_div_field13_1\" style=\"clear:left; float:left; width:99%; max-width:550px; margin-right:10px;\">\n    <div style=\"text-align:left; padding-top:5px;\">\n      <label style=\"text-align:left;\" for=\"fscf_email13\">Correo Electr\u00f3nico:<span style=\"text-align:left;\">*<\/span><\/label>\n    <\/div>\n    <div style=\"text-align:left;\">\n      <input style=\"text-align:left; margin:0; width:99%; max-width:250px;\" type=\"text\" id=\"fscf_email13\" name=\"email\" value=\"\"  readonly=\"readonly\" \/>\n    <\/div>\n  <\/div>\n<\/div>\n\n<div id=\"fscf_div_clear13_4\" style=\"clear:both;\">\n  <div id=\"fscf_div_field13_4\" style=\"clear:left; float:left; width:99%; max-width:550px; margin-right:10px;\">\n    <div  id=\"fscf_label13_4\" style=\"text-align:left; padding-top:5px;\">\r\n      <label style=\"text-align:left;\" for=\"fscf_field13_4\">Empresa:<span style=\"text-align:left;\">*<\/span><\/label>\n    <\/div>\n    <div style=\"text-align:left;\">\n      <input style=\"text-align:left; margin:0; width:99%; max-width:250px;\" type=\"text\" id=\"fscf_field13_4\" name=\"Empresa\" value=\"\"  \/>\n    <\/div>\n  <\/div>\n<\/div>\n\n<div id=\"fscf_div_clear13_5\" style=\"clear:both;\">\n  <div id=\"fscf_div_field13_5\" style=\"clear:left; float:left; width:99%; max-width:550px; margin-right:10px;\">\n    <div  id=\"fscf_label13_5\" style=\"text-align:left; padding-top:5px;\">\r\n      <label style=\"text-align:left;\" for=\"fscf_field13_5\">Pa\u00eds y Ciudad:<span style=\"text-align:left;\">*<\/span><\/label>\n    <\/div>\n    <div style=\"text-align:left;\">\n      <input style=\"text-align:left; margin:0; width:99%; max-width:250px;\" type=\"text\" id=\"fscf_field13_5\" name=\"Pais-y-Ciudad\" value=\"\"  \/>\n    <\/div>\n  <\/div>\n<\/div>\n\n<div id=\"fscf_div_clear13_6\" style=\"clear:both;\">\n  <div id=\"fscf_div_field13_6\" style=\"clear:left; float:left; width:99%; max-width:550px; margin-right:10px;\">\n    <div  id=\"fscf_label13_6\" style=\"text-align:left; padding-top:5px;\">\r\n      <label style=\"text-align:left;\" for=\"fscf_field13_6\">Tel\u00e9fono de contacto:<span style=\"text-align:left;\">*<\/span><\/label>\n    <\/div>\n    <div style=\"text-align:left;\">\n      <input style=\"text-align:left; margin:0; width:99%; max-width:250px;\" type=\"text\" id=\"fscf_field13_6\" name=\"Telefono-de-contacto\" value=\"\"  \/>\n    <\/div>\n  <\/div>\n<\/div>\n\n<div id=\"fscf_div_clear13_2\" style=\"clear:both;\">\n  <div id=\"fscf_div_field13_2\" style=\"clear:left; float:left; width:99%; max-width:550px; margin-right:10px;\">\n    <div style=\"text-align:left; padding-top:5px;\">\n      <label style=\"text-align:left;\" for=\"fscf_field13_2\">Asunto:<span style=\"text-align:left;\">*<\/span><\/label>\n    <\/div>\n    <div style=\"text-align:left;\">\n      <input style=\"text-align:left; margin:0; width:99%; max-width:250px;\" type=\"text\" id=\"fscf_field13_2\" name=\"subject\" value=\"\"  \/>\n    <\/div>\n  <\/div>\n<\/div>\n\n<div id=\"fscf_div_clear13_3\" style=\"clear:both;\">\n  <div id=\"fscf_div_field13_3\" style=\"clear:left; float:left; width:99%; max-width:550px; margin-right:10px;\">\n    <div style=\"text-align:left; padding-top:5px;\">\n      <label style=\"text-align:left;\" for=\"fscf_field13_3\">Mensaje:<span style=\"text-align:left;\">*<\/span><\/label>\n    <\/div>\n    <div style=\"text-align:left;\">\n      <textarea style=\"text-align:left; margin:0; width:99%; max-width:250px; height:120px;\" id=\"fscf_field13_3\" name=\"message\" cols=\"30\" rows=\"10\" ><\/textarea>\n    <\/div>\n  <\/div>\n<\/div>\r\n<div style=\"clear:both;\"><\/div>\n\n<div style=\"text-align:left; padding-top:5px;\">\n<\/div>\n<div id=\"fscf_captcha_image_div13\" style=\"width:250px; height:65px; padding-top:2px;\">\n      <img loading=\"lazy\" decoding=\"async\" id=\"fscf_captcha_image13\" style=\"border-style:none; margin:0; padding:0px; padding-right:5px; float:left;\" src=\"https:\/\/www.geobis.com\/es\/wp-content\/plugins\/si-contact-form\/captcha\/securimage_show.php?prefix=HHQPoEoVui84SBEd\" width=\"175\" height=\"60\" alt=\"CAPTCHA\" title=\"CAPTCHA\" \/>\n      <input id=\"fscf_captcha_prefix13\" type=\"hidden\" name=\"fscf_captcha_prefix13\" value=\"HHQPoEoVui84SBEd\" \/>\n     <div id=\"fscf_captcha_refresh13\">\n        <a href=\"#\" rel=\"nofollow\" title=\"Depurar\" onclick=\"fscf_captcha_refresh('13','\/es\/wp-content\/plugins\/si-contact-form\/captcha','https:\/\/www.geobis.com\/es\/wp-content\/plugins\/si-contact-form\/captcha\/securimage_show.php?prefix='); return false;\">\n        <img loading=\"lazy\" decoding=\"async\" src=\"https:\/\/www.geobis.com\/es\/wp-content\/plugins\/si-contact-form\/captcha\/images\/refresh.png\" width=\"22\" height=\"20\" alt=\"Depurar\" style=\"border-style:none; margin:0; padding:0px; vertical-align:bottom;\" onclick=\"this.blur();\" \/><\/a>\r\n     <\/div>\r\n<\/div>\r\n\r\n<div id=\"fscf_captcha_field13\" style=\"text-align:left; padding-top:5px;\">\r\n     <label style=\"text-align:left;\" for=\"fscf_captcha_code13\">C\u00f3digo CAPTCHA:<span style=\"text-align:left;\">*<\/span><\/label>\r\n<\/div>\r\n<div style=\"text-align:left;\">\n     <input style=\"text-align:left; margin:0; width:50px;\" type=\"text\" value=\"\" autocomplete=\"off\" id=\"fscf_captcha_code13\" name=\"captcha_code\"  \/>\n<\/div>\n\n<div id=\"fscf_submit_div13\" style=\"text-align:left; clear:both; padding-top:15px;\">\r\n\t\t<input type=\"submit\" id=\"fscf_submit13\" style=\"cursor: pointer; margin: 0; background: #0066cb; padding: 5px 20px; color: #FFFFFF; border-radius: 5px;\" value=\"Enviar\"  onclick=\"this.disabled=true; this.value='Enviando....'; this.form.submit();\" \/> \n<\/div>\n\n<input type=\"hidden\" name=\"fscf_submitted\" value=\"0\" \/>\n<input type=\"hidden\" name=\"fs_postonce_13\" value=\"665a2ed9bf14e07051e2c81f99e96a25,1777315741\" \/>\n<input type=\"hidden\" name=\"si_contact_action\" value=\"send\" \/>\n<input type=\"hidden\" name=\"form_id\" value=\"13\" \/>\n<input type=\"hidden\" name=\"mailto_id\" value=\"1\" \/>\n\n<\/form>\n<\/div>\r\n<div style=\"clear:both;\"><\/div>\n\n<!-- Fast Secure Contact Form plugin 4.0.52 - end - FastSecureContactForm.com -->\n[\/vc_column_text][\/vc_column][\/vc_row][vc_row full_content_width=\u00bbrow-inner-full\u00bb top=\u00bb0px\u00bb bottom=\u00bb0px\u00bb slope_top=\u00bbslope-top\u00bb slope_top_pos=\u00bbslope-top-outside\u00bb slope_top_dir=\u00bbslope-top-right\u00bb slope_top_height=\u00bb80px\u00bb bg_color=\u00bb#0066cb\u00bb slope_top_color=\u00bb#0066cb\u00bb][vc_column][\/vc_column][\/vc_row]<\/p>\n<\/div>","protected":false},"excerpt":{"rendered":"<p>[vc_row full_content_width=\u00bbrow-inner-full\u00bb top=\u00bb70px\u00bb bottom=\u00bb0px\u00bb bg_color=\u00bb#0066cb\u00bb][vc_column][vc_magic_image image=\u00bb6366&#8243; alignment=\u00bbcenter\u00bb img_size=\u00bbfull\u00bb][\/vc_column][\/vc_row][vc_row top=\u00bb40px\u00bb bottom=\u00bb20px\u00bb][vc_column][vc_column_text] El Dron peque\u00f1o de corto alcance econ\u00f3mico y vers\u00e1til certificado para videos HD y fotos&#8230;  <\/p>\n<div class=\"read-more\"><a class=\"excerpt-read-more\" href=\"https:\/\/www.geobis.com\/es\/geobision-g3\/\" title=\"Continue reading Geobision G3\">Read more<i class=\"fa fa-angle-right\"><\/i><\/a><\/div>\n","protected":false},"author":4,"featured_media":6366,"parent":0,"menu_order":0,"comment_status":"closed","ping_status":"closed","template":"page-full-width.php","meta":{"footnotes":""},"class_list":["post-5634","page","type-page","status-publish","has-post-thumbnail","hentry"],"_links":{"self":[{"href":"https:\/\/www.geobis.com\/es\/wp-json\/wp\/v2\/pages\/5634","targetHints":{"allow":["GET"]}}],"collection":[{"href":"https:\/\/www.geobis.com\/es\/wp-json\/wp\/v2\/pages"}],"about":[{"href":"https:\/\/www.geobis.com\/es\/wp-json\/wp\/v2\/types\/page"}],"author":[{"embeddable":true,"href":"https:\/\/www.geobis.com\/es\/wp-json\/wp\/v2\/users\/4"}],"replies":[{"embeddable":true,"href":"https:\/\/www.geobis.com\/es\/wp-json\/wp\/v2\/comments?post=5634"}],"version-history":[{"count":0,"href":"https:\/\/www.geobis.com\/es\/wp-json\/wp\/v2\/pages\/5634\/revisions"}],"wp:featuredmedia":[{"embeddable":true,"href":"https:\/\/www.geobis.com\/es\/wp-json\/wp\/v2\/media\/6366"}],"wp:attachment":[{"href":"https:\/\/www.geobis.com\/es\/wp-json\/wp\/v2\/media?parent=5634"}],"curies":[{"name":"wp","href":"https:\/\/api.w.org\/{rel}","templated":true}]}}