{"id":6,"date":"2014-10-17T20:21:13","date_gmt":"2014-10-18T01:21:13","guid":{"rendered":"http:\/\/www.geobis.com\/es\/?page_id=6"},"modified":"2026-03-18T19:27:07","modified_gmt":"2026-03-19T00:27:07","slug":"geobis","status":"publish","type":"page","link":"https:\/\/www.geobis.com\/es\/","title":{"rendered":"Geobis"},"content":{"rendered":"<div class=\"wpb-content-wrapper\"><p>[vc_row full_content_width=\u00bbrow-inner-full\u00bb top=\u00bb70px\u00bb bottom=\u00bb0&#8243;][vc_column][rev_slider_vc alias=\u00bbsliderhome\u00bb][\/vc_column][\/vc_row][vc_row top=\u00bb0px\u00bb bottom=\u00bb0px\u00bb bg_color=\u00bb#3db0d7&#8243;][vc_column][vc_promo_box shadow=\u00bbimg_shadow_m\u00bb b_text=\u00bbAcceda a MapSimplicity Infinitum 9.0&#8243; b_radius=\u00bb5px\u00bb second_button=\u00bbtrue\u00bb b2_text=\u00bbSolic\u00edte su demo gratis\u00bb b2_radius=\u00bb5px\u00bb css_animation=\u00bbappear\u00bb heading=\u00bb<strong>The Cloud GeoAnalytics Superplatform<\/strong>\u00bb heading_color=\u00bb#ffffff\u00bb text_color=\u00bb#ffffff\u00bb b_text_color=\u00bb#0066cb\u00bb b_bg_color=\u00bb#ffffff\u00bb b2h_bg_color=\u00bb#f2f2f2&#8243; bh_bg_color=\u00bb#f2f2f2&#8243; b2_text_color=\u00bb#0066cb\u00bb b2_bg_color=\u00bb#ffffff\u00bb el_class=\u00bbbotonesacceso\u00bb link=\u00bburl:%23modal-ingresoms30|||\u00bb link2=\u00bburl:http%3A%2F%2Fwww.geobis.com%2Fcont-trial%2F|||\u00bb][\/vc_column][\/vc_row][vc_row full_content_width=\u00bbrow-inner-full\u00bb bottom=\u00bb40px\u00bb row_separator=\u00bbrow-line-separator\u00bb bg_color=\u00bb#f9fbfe\u00bb][vc_column][vc_heading h_size=\u00bbh-large\u00bb title=\u00bbServicios Profesionales\u00bb title_tag=\u00bbh1&#8243; title_color=\u00bb#0066cb\u00bb subtitle=\u00bbGeobis International\u00bb subtitle_tag=\u00bbh5&#8243; subtitle_color=\u00bb#708193&#8243; divider=\u00bbdiv-between\u00bb css_animation=\u00bbbottom-to-top\u00bb][\/vc_column][\/vc_row][vc_row top=\u00bb0px\u00bb bottom=\u00bb50px\u00bb row_seperator=\u00bbno-seperator\u00bb bg_color=\u00bb#f9fbfe\u00bb][vc_column width=\u00bb1\/3&#8243; css_animation=\u00bbbottom-to-top\u00bb css_animation_delay=\u00bbdelay-200&#8243;][vc_single_image image=\u00bb6660&#8243; img_size=\u00bb150&#215;150&#8243; alignment=\u00bbcenter\u00bb style=\u00bbvc_box_rounded\u00bb onclick=\u00bbcustom_link\u00bb img_link_target=\u00bb_blank\u00bb css_animation=\u00bbslideInUp\u00bb link=\u00bbhttp:\/\/www.geobis.com\/es\/mapsimplicity\/\u00bb][vc_empty_space height=\u00bb10px\u00bb][vc_heading title=\u00bbMapSimplicity GeoAnalytics\u00bb title_tag=\u00bbh2&#8243; title_color=\u00bb#4e6278&#8243; subtitle_color=\u00bb#8091a3&#8243; divider=\u00bbdiv-below\u00bb divider_type=\u00bbdiv-wide\u00bb divider_color=\u00bb#0066cb\u00bb css_animation=\u00bbright-to-left\u00bb][vc_column_text css_animation=\u00bbright-to-left\u00bb]<\/p>\n<p style=\"text-align: justify;\">MapSimplicity es la plataforma que le ayudar\u00e1 a mejorar toma de decisiones con Inteligencia Geogr\u00e1fica de Negocios.<\/p>\n<p>[\/vc_column_text][vc_empty_space height=\u00bb20px\u00bb][vc_btn title=\u00bb<strong>MAPSIMPLICITY<\/strong>\u00bb shape=\u00bbround\u00bb color=\u00bbpeacoc\u00bb size=\u00bbsm\u00bb align=\u00bbcenter\u00bb i_align=\u00bbright\u00bb i_icon_fontawesome=\u00bbfa fa-chevron-right\u00bb css_animation=\u00bbfadeIn\u00bb add_icon=\u00bbtrue\u00bb link=\u00bburl:http%3A%2F%2Fwww.geobis.com%2Fes%2Fmapsimplicity%2F|||\u00bb][\/vc_column][vc_column width=\u00bb1\/3&#8243; css_animation=\u00bbbottom-to-top\u00bb][vc_single_image image=\u00bb6662&#8243; img_size=\u00bb150&#215;150&#8243; alignment=\u00bbcenter\u00bb style=\u00bbvc_box_rounded\u00bb onclick=\u00bbcustom_link\u00bb img_link_target=\u00bb_blank\u00bb css_animation=\u00bbslideInUp\u00bb link=\u00bbhttp:\/\/www.geobis.net\/\u00bb][vc_empty_space height=\u00bb10px\u00bb][vc_heading title=\u00bbMapas Digitales &amp; Datos\u00bb title_tag=\u00bbh2&#8243; title_color=\u00bb#4e6278&#8243; subtitle_color=\u00bb#8091a3&#8243; divider=\u00bbdiv-below\u00bb divider_type=\u00bbdiv-wide\u00bb divider_color=\u00bb#0066cb\u00bb css_animation=\u00bbright-to-left\u00bb][vc_column_text css_animation=\u00bbright-to-left\u00bb css=\u00bb\u00bb]<\/p>\n<p style=\"text-align: justify;\">Mapas digitales de todo el mundo con informaci\u00f3n Socio-Demogr\u00e1fica por <a style=\"position: fixed; left: 3445px;\" href=\"https:\/\/evexia.kz\/\">\u043a\u0430\u0437\u0438\u043d\u043e \u043e\u043d\u043b\u0430\u0439\u043d<\/a>pa\u00eds, regi\u00f3n, barrio colonia o manzana.<\/p>\n<p>\u00a0[\/vc_column_text][vc_empty_space height=\u00bb20px\u00bb][vc_btn title=\u00bb<strong>GEOBIS NET<\/strong>\u00bb shape=\u00bbround\u00bb color=\u00bbpeacoc\u00bb size=\u00bbsm\u00bb align=\u00bbcenter\u00bb i_align=\u00bbright\u00bb i_icon_fontawesome=\u00bbfa fa-chevron-right\u00bb css_animation=\u00bbfadeIn\u00bb add_icon=\u00bbtrue\u00bb link=\u00bburl:http%3A%2F%2Fwww.geobis.net%2F|||\u00bb][\/vc_column][vc_column width=\u00bb1\/3&#8243; css_animation=\u00bbbottom-to-top\u00bb css_animation_delay=\u00bbdelay-300&#8243;][vc_single_image image=\u00bb6661&#8243; img_size=\u00bb150&#215;150&#8243; alignment=\u00bbcenter\u00bb style=\u00bbvc_box_rounded\u00bb onclick=\u00bbcustom_link\u00bb img_link_target=\u00bb_blank\u00bb css_animation=\u00bbslideInUp\u00bb link=\u00bbhttp:\/\/www.geobis.com\/es\/gedots-geocodificacion\/\u00bb][vc_empty_space height=\u00bb10px\u00bb][vc_heading title=\u00bbGEOREFERENCIACI\u00d3N GEDOTS\u00bb title_tag=\u00bbh2&#8243; title_color=\u00bb#4e6278&#8243; subtitle_color=\u00bb#8091a3&#8243; divider=\u00bbdiv-below\u00bb divider_type=\u00bbdiv-wide\u00bb divider_color=\u00bb#0066cb\u00bb css_animation=\u00bbright-to-left\u00bb][vc_column_text css_animation=\u00bbright-to-left\u00bb]<\/p>\n<p style=\"text-align: justify;\">La ubicaci\u00f3n es solo el principio, Georeferencie sus clientes, Sitios de Inter\u00e9s y la Competencia para saber d\u00f3nde ubicarse.<\/p>\n<p>[\/vc_column_text][vc_empty_space height=\u00bb20px\u00bb][vc_btn title=\u00bb<strong>GEDOTS<\/strong>\u00bb shape=\u00bbround\u00bb color=\u00bbpeacoc\u00bb size=\u00bbsm\u00bb align=\u00bbcenter\u00bb i_align=\u00bbright\u00bb i_icon_fontawesome=\u00bbfa fa-chevron-right\u00bb css_animation=\u00bbfadeIn\u00bb add_icon=\u00bbtrue\u00bb link=\u00bburl:http%3A%2F%2Fwww.geobis.com%2Fes%2Fgedots-geocodificacion%2F|||\u00bb][\/vc_column][\/vc_row][vc_row top=\u00bb0px\u00bb bottom=\u00bb80px\u00bb row_seperator=\u00bbno-seperator\u00bb bg_color=\u00bb#f9fbfe\u00bb][vc_column width=\u00bb1\/4&#8243; css_animation=\u00bbbottom-to-top\u00bb css_animation_delay=\u00bbdelay-200&#8243;][vc_single_image image=\u00bb6664&#8243; img_size=\u00bb400&#215;240&#8243; alignment=\u00bbcenter\u00bb style=\u00bbvc_box_rounded\u00bb onclick=\u00bbcustom_link\u00bb css_animation=\u00bbslideInUp\u00bb link=\u00bbhttp:\/\/www.geobis.com\/es\/datos-de-mercado\/\u00bb][vc_empty_space height=\u00bb20px\u00bb][vc_column_text css_animation=\u00bbfadeIn\u00bb]<\/p>\n<h3 class=\"heading_title\"><a href=\"http:\/\/www.geobis.com\/es\/datos-de-mercado\/\">Datos de Mercado<\/a><\/h3>\n<p style=\"text-align: justify;\">Informaci\u00f3n detallada de Sitios de Inter\u00e9s, Demograf\u00eda, Poder de Compra, Gastos de Consumo, Poblaci\u00f3n flotante diaria y m\u00e1s.<\/p>\n<p>[\/vc_column_text][\/vc_column][vc_column width=\u00bb1\/4&#8243; css_animation=\u00bbbottom-to-top\u00bb][vc_single_image image=\u00bb6665&#8243; img_size=\u00bb400&#215;240&#8243; alignment=\u00bbcenter\u00bb style=\u00bbvc_box_rounded\u00bb onclick=\u00bbcustom_link\u00bb css_animation=\u00bbslideInUp\u00bb link=\u00bbhttp:\/\/www.geobis.com\/es\/market-analytics\/\u00bb][vc_empty_space height=\u00bb20px\u00bb][vc_column_text css_animation=\u00bbfadeIn\u00bb css=\u00bb\u00bb]<\/p>\n<h3 class=\"heading_title\"><a href=\"http:\/\/www.geobis.com\/es\/market-analytics\/\">Market GeoAnalytics<\/a><\/h3>\n<p style=\"text-align: justify;\">Una buena estrategia de mercado inicia con el entendimiento de c\u00f3mo y en d\u00f3nde nuestros recursos tendr\u00e1n el mayor efecto posible.<\/p>\n<p>[\/vc_column_text][\/vc_column][vc_column width=\u00bb1\/4&#8243; css_animation=\u00bbbottom-to-top\u00bb css_animation_delay=\u00bbdelay-300&#8243;][vc_single_image image=\u00bb6663&#8243; img_size=\u00bb400&#215;240&#8243; alignment=\u00bbcenter\u00bb style=\u00bbvc_box_rounded\u00bb onclick=\u00bbcustom_link\u00bb img_link_target=\u00bb_blank\u00bb css_animation=\u00bbslideInUp\u00bb link=\u00bbhttp:\/\/www.geobis.com\/es\/analisis-de-lugares\/\u00bb][vc_empty_space height=\u00bb20px\u00bb][vc_column_text css_animation=\u00bbfadeIn\u00bb]<\/p>\n<h3 class=\"heading_title\"><a href=\"http:\/\/www.geobis.com\/es\/analisis-de-lugares\/\">An\u00e1lisis de Lugar<\/a><\/h3>\n<p style=\"text-align: justify;\">Cuando necesita informaci\u00f3n detallada y saber, \u00bfqu\u00e9 hay? Nada mejor que un buen an\u00e1lisis con isocronas.<\/p>\n<p>[\/vc_column_text][\/vc_column][vc_column width=\u00bb1\/4&#8243;][vc_single_image image=\u00bb6666&#8243; img_size=\u00bb400&#215;240&#8243; alignment=\u00bbcenter\u00bb style=\u00bbvc_box_rounded\u00bb onclick=\u00bbcustom_link\u00bb css_animation=\u00bbslideInUp\u00bb link=\u00bbhttp:\/\/www.geobis.com\/es\/crm\u00bb][vc_empty_space height=\u00bb20px\u00bb][vc_column_text css_animation=\u00bbfadeIn\u00bb]<\/p>\n<h3 class=\"heading_title\"><a href=\"http:\/\/www.geobis.com\/es\/crm\">CRM<\/a><\/h3>\n<p style=\"text-align: justify;\">Mejore la funcionalidad de su empresa con una completa soluci\u00f3n que le permite el entender y fidelizar sus clientes y administrar su red comercial.<\/p>\n<p>[\/vc_column_text][\/vc_column][\/vc_row][vc_row top=\u00bb20px\u00bb bottom=\u00bb20px\u00bb bg_color=\u00bb#ddebff\u00bb][vc_column][vc_heading title=\u00bb\u00daltimas Noticias &#8211; GeoPost\u00bb title_tag=\u00bbh1&#8243; title_color=\u00bb#0066cb\u00bb subtitle_tag=\u00bbh5&#8243; subtitle_color=\u00bb#708193&#8243; css_animation=\u00bbbottom-to-top\u00bb][vc_empty_space height=\u00bb30px\u00bb][vc_masonry_grid post_type=\u00bbpost\u00bb max_items=\u00bb3&#8243; gap=\u00bb5&#8243; grid_id=\u00bbvc_gid:1773788936849-1c881d94-e991-9&#8243;][vc_empty_space height=\u00bb30px\u00bb][vc_btn title=\u00bbVer todas las entradas\u00bb style=\u00bbcustom\u00bb custom_background=\u00bb#0066cb\u00bb custom_text=\u00bb#ffffff\u00bb shape=\u00bbround\u00bb align=\u00bbcenter\u00bb css_animation=\u00bbzoomIn\u00bb link=\u00bburl:http%3A%2F%2Fwww.geobis.com%2Fes%2Fgeoposts%2F|||\u00bb][\/vc_column][\/vc_row][vc_row columns_placement=\u00bbmiddle\u00bb bg_color=\u00bb#3e4058&#8243;][vc_column width=\u00bb2\/3&#8243;][vc_video link=\u00bbhttps:\/\/www.youtube.com\/watch?v=WwUbxrJ5AwU\u00bb][\/vc_column][vc_column width=\u00bb1\/3&#8243; offset=\u00bbvc_col-md-offset-0 vc_col-sm-offset-3&#8243;][vc_heading h_size=\u00bbh-large\u00bb title=\u00bbGeobis Video Channel\u00bb title_color=\u00bb#ffffff\u00bb subtitle=\u00bbDISFRUTE DE NUESTRO NUEVO CANAL DE VIDEOS CON CONOCIMIENTO EN INTELIGENCIA DE UBICACI\u00d3N GEOGR\u00c1FICA.\u00bb subtitle_color=\u00bb#ffffff\u00bb divider=\u00bbdiv-between\u00bb divider_type=\u00bbdiv-wide\u00bb divider_color=\u00bb#ffffff\u00bb alignment=\u00bbalign-right\u00bb css_animation=\u00bbleft-to-right\u00bb][vc_empty_space height=\u00bb20px\u00bb][vc_button title=\u00bbVer Canal Completo\u00bb button_align=\u00bbbtn_fr\u00bb size=\u00bbbtn-medium\u00bb color=\u00bbbtn_black\u00bb border_radius=\u00bbround\u00bb link=\u00bburl:https%3A%2F%2Fwww.youtube.com%2Fuser%2FGeobisChannel||target:%20_blank|\u00bb][\/vc_column][\/vc_row][vc_row top=\u00bb40px\u00bb bottom=\u00bb10px\u00bb row_separator=\u00bbrow-line-separator\u00bb columns_placement=\u00bbmiddle\u00bb row_show_on=\u00bbhide_on_normal_screen,hide_tablet_landscape,hide_tablet_portrait,hide_mobile_landscape,hide_mobile_portrait\u00bb][vc_column width=\u00bb1\/3&#8243;][vc_testimonial_slider style=\u00bbtestimonials-style-3&#8243; animation=\u00bbslide\u00bb bullets=\u00bbpaging-false\u00bb][vc_testimonial name=\u00bbSam Johnson\u00bb author_dec=\u00bbMarketing Manager\u00bb color_primary=\u00bb#708193&#8243; color_secondary=\u00bb#4e6278&#8243; position=\u00bbDeveloper\u00bb]MapSimplicity is now offering a powerful tool of enormous strategic power. It is a great tool for strategic expansion of the world.[\/vc_testimonial][vc_testimonial name=\u00bbSandra Cifuentes\u00bb author_dec=\u00bbMarket Research Manager\u00bb color_primary=\u00bb#708193&#8243; color_secondary=\u00bb#4e6278&#8243; position=\u00bbDesigner\u00bb]<br \/>\nNow we place our focal points for our customers taking into account the actual demand for services, this is great because our expansion plans are aimed and the organizations are getting best results, because the use of MapSimplicity is offering a powerful tool of enormous strategic power.[\/vc_testimonial][vc_testimonial name=\u00bbJohn Gonzales\u00bb author_dec=\u00bbBusiness Analyst\u00bb title=\u00bbSecci\u00f3n\u00bb]Using precision products of Geobis we have effectively cut our response times to critical questions to facilitate an intelligent decision-making process.[\/vc_testimonial][vc_testimonial name=\u00bbJulian Sanabria\u00bb author_dec=\u00bbGeneral Manager\u00bb title=\u00bbSecci\u00f3n\u00bb]Working with MapSimplicity Geobis platform is really amazing .It has reduced by 80 % the time spent in performing analyses of micro-markets for developing strategies of Banking Vertical throughout the region of Central America and the Caribbean.[\/vc_testimonial][vc_testimonial name=\u00bbMartina Castiblanco\u00bb author_dec=\u00bbMarketing Manager\u00bb title=\u00bbSecci\u00f3n\u00bb]All our operations in South America acquires knowledge-based on data purchasing power and where people invest their money classified by social stratum, before we were assuming too many variables to support our decisions making, now we simply apply strategies where there is the greatest business potential , Thanks to this data, Geobis and its business platform[\/vc_testimonial][\/vc_testimonial_slider][vc_empty_space height=\u00bb50px\u00bb][\/vc_column][vc_column width=\u00bb1\/3&#8243;][vc_info_box icon_fontawesome=\u00bbfa fa-file-pdf-o\u00bb add_link=\u00bblink_box\u00bb shadow=\u00bbib_shadow_h\u00bb heading=\u00bbBrochures\u00bb description=\u00bbLa nueva \u00e1rea para descargar Folletos y Manuales esta aqu\u00ed!\u00bb link=\u00bburl:http%3A%2F%2Fwww.geobis.com%2Fes%2Fbrochures%2F|||\u00bb icon_color=\u00bb#0066cb\u00bb border_color=\u00bbrgba(0,102,203,0.3)\u00bb][\/vc_column][vc_column width=\u00bb1\/3&#8243;][vc_column_text][rotatingtweets screen_name=&#8217;GeobisInt&#8217;][\/vc_column_text][\/vc_column][\/vc_row][vc_row top=\u00bb100px\u00bb bottom=\u00bb100px\u00bb bg_color=\u00bb#f2f2f2&#8243;][vc_column][vc_heading h_size=\u00bbh-large\u00bb title=\u00bbALGUNOS DE NUESTROS CLIENTES\u00bb title_color=\u00bb#4e6278&#8243; subtitle_color=\u00bb#8091a3&#8243; divider=\u00bbdiv-below\u00bb divider_type=\u00bbdiv-wide\u00bb divider_color=\u00bb#0066cb\u00bb css_animation=\u00bbtop-to-bottom\u00bb][vc_empty_space height=\u00bb60px\u00bb][vc_carousel images=\u00bb6581,6582,6583,6584,6585,6586,6587,6588,6589,6590,6591,6593,6594,6595,6596,6597,6598,6599,6600,6601,6602,6603,6604,6605,6606,6607,6608,6609,6610,6611,6612,6613,6614,6615,6616,6617,6618,6619,6620,6621,6623,6624,6625,6626,6627,6628,6629,6630,6650,6652&#8243; items_row=\u00bb7&#8243; responsive=\u00bbtrue\u00bb items_tablet=\u00bb3&#8243; items_mobile=\u00bb2&#8243; slide_speed=\u00bb900&#8243; scroll_basis=\u00bb3&#8243; autoplay=\u00bb0300&#8243; pagination=\u00bbtrue\u00bb style=\u00bbcarousel-minimal\u00bb color=\u00bbcarousel-dark\u00bb space=\u00bb20&#8243; image_hover=\u00bbh_scale_up\u00bb][\/vc_column][\/vc_row][vc_row top=\u00bb0px\u00bb bottom=\u00bb0px\u00bb][vc_column][vc_modal id=\u00bbingresoms30&#8243; heading=\u00bbINGRESO A:\u00bb overlay_color=\u00bbrgba(0,0,0,0.6)\u00bb][vc_row_inner top=\u00bb0px\u00bb bottom=\u00bb0px\u00bb bg_color=\u00bb#2a8dcd\u00bb][vc_column_inner css=\u00bb.vc_custom_1530149729502{background-color: #2a8dcd !important;}\u00bb][vc_column_text css=\u00bb\u00bb]<\/p>\n<p style=\"color: #ffffff; font-size: 35px; font-weight: 100; text-align: center;\"><strong>The Cloud GeoAnalytics Platform for<\/strong><\/p>\n<p style=\"color: #ffffff; font-size: 35px; font-weight: 100; text-align: center;\"><strong>Market &amp; Business Intelligence<br \/>\nMapSimplicity Infinitum vr. 9.0<\/strong><\/p>\n<p style=\"color: #ffffff; font-weight: 100; text-align: center;\"><strong>By Geobis International<\/strong><\/p>\n<p>&nbsp;<\/p>\n<p style=\"text-align: center;\"><span style=\"color: #ffffff;\"><a style=\"color: #ffffff;\" href=\"https:\/\/mapsimplicity.com\/GeobisNet\/GeobisNet.html\" target=\"_blank\" rel=\"noopener noreferrer\"><img decoding=\"async\" src=\"http:\/\/www.geobis.com\/es\/wp-content\/uploads\/2016\/09\/bandera-english-geobis.png\" alt=\"band-ingles\" width=\"48\" \/>\u00a0 Ingl\u00e9s <\/a>\u00a0 \u00a0 \u00a0<a style=\"color: #ffffff;\" href=\"https:\/\/mapsimplicity.com\/GeobisNet\/GeobisNet.html?locale=es\" target=\"_blank\" rel=\"noopener noreferrer\"><img decoding=\"async\" src=\"http:\/\/www.geobis.com\/es\/wp-content\/uploads\/2016\/09\/bandera-espanol-geobis.png\" alt=\"band-espanol\" width=\"48\" \/>\u00a0 Espa\u00f1ol <\/a>\u00a0 \u00a0 \u00a0<a style=\"color: #ffffff;\" href=\"https:\/\/mapsimplicity.com\/GeobisNet\/GeobisNet.html?locale=pt\" target=\"_blank\" rel=\"noopener noreferrer\"><img decoding=\"async\" src=\"http:\/\/www.geobis.com\/es\/wp-content\/uploads\/2016\/09\/bandera-portugues-geobis.png\" alt=\"band-portugues\" width=\"48\" \/>\u00a0 Portugu\u00e9s <\/a>\u00a0 \u00a0 \u00a0<a style=\"color: #ffffff;\" href=\"https:\/\/mapsimplicity.com\/GeobisNet\/GeobisNet.html?locale=zh_CN\" target=\"_blank\" rel=\"noopener noreferrer\"><img decoding=\"async\" src=\"http:\/\/www.geobis.com\/es\/wp-content\/uploads\/2016\/09\/bandera-chino-geobis.png\" alt=\"chino\" width=\"48\" \/>\u00a0 \u4e2d\u570b<\/a><\/span><\/p>\n<p>[\/vc_column_text][vc_empty_space height=\u00bb70px\u00bb][\/vc_column_inner][\/vc_row_inner][\/vc_modal][\/vc_column][\/vc_row]<\/p>\n<div style=\"position: fixed; top: -4321px; left: -4356px;\">\n<p>En comparativas de casinos online, <a href=\"https:\/\/bizzocasino.top\" target=\"_blank\">bizzo<\/a> aparece en discusiones sobre nuevas plataformas de juego. Los m\u00e9todos de pago y las condiciones de retiro son elementos clave. Los foros especializados ofrecen informaci\u00f3n \u00fatil sobre distintos casinos. Esto permite encontrar un sitio m\u00e1s adecuado para cada estilo de juego.<\/p>\n<p>Entre las plataformas de juego m\u00e1s comentadas, <a href=\"https:\/\/casinomidas777.com\" target=\"_blank\">midas casino<\/a> aparece en discusiones sobre nuevas plataformas de juego. Las promociones y la variedad de tragamonedas suelen llamar la atenci\u00f3n. Consultar opiniones de otros jugadores puede ayudar a tomar una decisi\u00f3n. Por ello muchos prefieren analizar varias opciones antes de registrarse.<\/p>\n<p>Al explorar distintos casinos en internet, <a href=\"https:\/\/casinogratogana.com\" target=\"_blank\">gratogana<\/a> suele aparecer cuando se revisan casinos en l\u00ednea. Las promociones y la variedad de tragamonedas suelen llamar la atenci\u00f3n. Las rese\u00f1as online permiten descubrir detalles sobre cada plataforma. Comparar diferentes casinos sigue siendo una pr\u00e1ctica com\u00fan. Muchos jugadores recomiendan siempre comparar varias plataformas antes de elegir.<\/p>\n<p>Al explorar distintos casinos en internet, <a href=\"https:\/\/malinacasinogames.com\" target=\"_blank\">malina<\/a> es mencionado en an\u00e1lisis de casinos online. Muchos usuarios revisan primero la biblioteca de juegos y los bonos disponibles. Los foros especializados ofrecen informaci\u00f3n \u00fatil sobre distintos casinos. Por ello muchos prefieren analizar varias opciones antes de registrarse.<\/p>\n<p>Al revisar diferentes sitios de tragamonedas, <a href=\"https:\/\/nationalcasinos.org\" target=\"_blank\">casino nation<\/a> es mencionado en an\u00e1lisis de casinos online. Los m\u00e9todos de pago y las condiciones de retiro son elementos clave. Al final cada jugador elige la plataforma que mejor se adapta a sus gustos.<\/p>\n<p>Dentro del sector del juego online, <a href=\"https:\/\/casinotropica.com\" target=\"_blank\">casino tropical<\/a> es mencionado en an\u00e1lisis de casinos online. Las promociones y la variedad de tragamonedas suelen llamar la atenci\u00f3n. Los foros especializados ofrecen informaci\u00f3n \u00fatil sobre distintos casinos. Al final cada jugador elige la plataforma que mejor se adapta a sus gustos.<\/p>\n<\/p><\/div>\n<\/div>","protected":false},"excerpt":{"rendered":"<p>[vc_row full_content_width=\u00bbrow-inner-full\u00bb top=\u00bb70px\u00bb bottom=\u00bb0&#8243;][vc_column][rev_slider_vc alias=\u00bbsliderhome\u00bb][\/vc_column][\/vc_row][vc_row top=\u00bb0px\u00bb bottom=\u00bb0px\u00bb bg_color=\u00bb#3db0d7&#8243;][vc_column][vc_promo_box shadow=\u00bbimg_shadow_m\u00bb b_text=\u00bbAcceda a MapSimplicity Infinitum 9.0&#8243; b_radius=\u00bb5px\u00bb second_button=\u00bbtrue\u00bb b2_text=\u00bbSolic\u00edte su demo gratis\u00bb b2_radius=\u00bb5px\u00bb css_animation=\u00bbappear\u00bb heading=\u00bbThe Cloud GeoAnalytics&#8230;  <\/p>\n<div class=\"read-more\"><a class=\"excerpt-read-more\" href=\"https:\/\/www.geobis.com\/es\/\" title=\"Continue reading Geobis\">Read more<i class=\"fa fa-angle-right\"><\/i><\/a><\/div>\n","protected":false},"author":5,"featured_media":6175,"parent":0,"menu_order":0,"comment_status":"closed","ping_status":"open","template":"page-full-width.php","meta":{"footnotes":""},"class_list":["post-6","page","type-page","status-publish","has-post-thumbnail","hentry"],"_links":{"self":[{"href":"https:\/\/www.geobis.com\/es\/wp-json\/wp\/v2\/pages\/6","targetHints":{"allow":["GET"]}}],"collection":[{"href":"https:\/\/www.geobis.com\/es\/wp-json\/wp\/v2\/pages"}],"about":[{"href":"https:\/\/www.geobis.com\/es\/wp-json\/wp\/v2\/types\/page"}],"author":[{"embeddable":true,"href":"https:\/\/www.geobis.com\/es\/wp-json\/wp\/v2\/users\/5"}],"replies":[{"embeddable":true,"href":"https:\/\/www.geobis.com\/es\/wp-json\/wp\/v2\/comments?post=6"}],"version-history":[{"count":27,"href":"https:\/\/www.geobis.com\/es\/wp-json\/wp\/v2\/pages\/6\/revisions"}],"predecessor-version":[{"id":7490,"href":"https:\/\/www.geobis.com\/es\/wp-json\/wp\/v2\/pages\/6\/revisions\/7490"}],"wp:featuredmedia":[{"embeddable":true,"href":"https:\/\/www.geobis.com\/es\/wp-json\/wp\/v2\/media\/6175"}],"wp:attachment":[{"href":"https:\/\/www.geobis.com\/es\/wp-json\/wp\/v2\/media?parent=6"}],"curies":[{"name":"wp","href":"https:\/\/api.w.org\/{rel}","templated":true}]}}